{"id":25276,"date":"2019-06-27T01:27:38","date_gmt":"2019-06-26T23:27:38","guid":{"rendered":"https:\/\/www.ignitech.ma\/careers-at-ignitech\/"},"modified":"2023-10-04T18:09:40","modified_gmt":"2023-10-04T16:09:40","slug":"karriere-bei-ignitech","status":"publish","type":"page","link":"https:\/\/www.ignitech.ma\/de\/karriere-bei-ignitech\/","title":{"rendered":"Karriere bei Ignitech"},"content":{"rendered":"\t\t<div data-elementor-type=\"wp-page\" data-elementor-id=\"25276\" class=\"elementor elementor-25276 elementor-2257\" data-elementor-post-type=\"page\">\n\t\t\t\t\t\t<section data-particle_enable=\"false\" data-particle-mobile-disabled=\"false\" class=\"elementor-section elementor-top-section elementor-element elementor-element-6b63f1b elementor-section-boxed elementor-section-height-default elementor-section-height-default\" data-id=\"6b63f1b\" data-element_type=\"section\">\n\t\t\t\t\t\t<div class=\"elementor-container elementor-column-gap-default\">\n\t\t\t\t\t<div class=\"elementor-column elementor-col-100 elementor-top-column elementor-element elementor-element-8e4b986\" data-id=\"8e4b986\" data-element_type=\"column\">\n\t\t\t<div class=\"elementor-widget-wrap elementor-element-populated\">\n\t\t\t\t\t\t<div class=\"elementor-element elementor-element-98a5f01 elementor-widget elementor-widget-spacer\" data-id=\"98a5f01\" data-element_type=\"widget\" data-widget_type=\"spacer.default\">\n\t\t\t\t\t\t\t<div class=\"elementor-spacer\">\n\t\t\t<div class=\"elementor-spacer-inner\"><\/div>\n\t\t<\/div>\n\t\t\t\t\t\t<\/div>\n\t\t\t\t<div class=\"elementor-element elementor-element-d133f7e elementor-widget elementor-widget-spacer\" data-id=\"d133f7e\" data-element_type=\"widget\" data-widget_type=\"spacer.default\">\n\t\t\t\t\t\t\t<div class=\"elementor-spacer\">\n\t\t\t<div class=\"elementor-spacer-inner\"><\/div>\n\t\t<\/div>\n\t\t\t\t\t\t<\/div>\n\t\t\t\t<div class=\"elementor-element elementor-element-ec1f770 elementor-widget elementor-widget-text-editor\" data-id=\"ec1f770\" data-element_type=\"widget\" data-widget_type=\"text-editor.default\">\n\t\t\t\t\t\t\t\t\t<div class=\"wpb_text_column wpb_content_element \">\n<div class=\"wpb_wrapper\">\n<p>Schlie\u00dfen Sie sich unserer Mission bei IGNITECH an, die f\u00fchrenden digitalen Marketingdienstleistungen zu entwickeln, und werden Sie Teil eines Teams, das Unternehmen auf der ganzen Welt dabei hilft, ihr volles Potenzial auszusch\u00f6pfen. Wir bieten spannende M\u00f6glichkeiten f\u00fcr pers\u00f6nliches Wachstum und berufliche Entwicklung, die es Ihnen erm\u00f6glichen, Ihr Wissen und Ihre F\u00e4higkeiten zu erweitern und gleichzeitig etwas zu bewirken. Entdecken Sie die M\u00f6glichkeiten und beginnen Sie eine lohnende Karriere bei IGNITECH<\/p>\n<\/div>\n<\/div>\n\t\t\t\t\t\t\t\t<\/div>\n\t\t\t\t\t<\/div>\n\t\t<\/div>\n\t\t\t\t\t<\/div>\n\t\t<\/section>\n\t\t\t\t<section data-particle_enable=\"false\" data-particle-mobile-disabled=\"false\" class=\"elementor-section elementor-top-section elementor-element elementor-element-b11612a elementor-section-boxed elementor-section-height-default elementor-section-height-default\" data-id=\"b11612a\" data-element_type=\"section\">\n\t\t\t\t\t\t<div class=\"elementor-container elementor-column-gap-default\">\n\t\t\t\t\t<div class=\"elementor-column elementor-col-50 elementor-top-column elementor-element elementor-element-5b8010c\" data-id=\"5b8010c\" data-element_type=\"column\">\n\t\t\t<div class=\"elementor-widget-wrap elementor-element-populated\">\n\t\t\t\t\t\t<div class=\"elementor-element elementor-element-42bd5cb elementor-widget elementor-widget-heading\" data-id=\"42bd5cb\" data-element_type=\"widget\" data-widget_type=\"heading.default\">\n\t\t\t\t\t<h2 class=\"elementor-heading-title elementor-size-large\">Social-Media-Marketing<\/h2>\t\t\t\t<\/div>\n\t\t\t\t<div class=\"elementor-element elementor-element-b598e28 elementor-widget elementor-widget-text-editor\" data-id=\"b598e28\" data-element_type=\"widget\" data-widget_type=\"text-editor.default\">\n\t\t\t\t\t\t\t\t\t<ul>\n<li>Junior-Community-Manager<\/li>\n<\/ul>\n\t\t\t\t\t\t\t\t<\/div>\n\t\t\t\t<div class=\"elementor-element elementor-element-1e0d213 elementor-widget elementor-widget-heading\" data-id=\"1e0d213\" data-element_type=\"widget\" data-widget_type=\"heading.default\">\n\t\t\t\t\t<h2 class=\"elementor-heading-title elementor-size-large\">Internet-Marketing  <\/h2>\t\t\t\t<\/div>\n\t\t\t\t<div class=\"elementor-element elementor-element-8a6576f elementor-widget elementor-widget-text-editor\" data-id=\"8a6576f\" data-element_type=\"widget\" data-widget_type=\"text-editor.default\">\n\t\t\t\t\t\t\t\t\t<ul>\n<li>Junior-Spezialist f\u00fcr digitales Marketing<\/li>\n<li>Digital Marketing Account Manager Praktikum<\/li>\n<\/ul>\n\t\t\t\t\t\t\t\t<\/div>\n\t\t\t\t\t<\/div>\n\t\t<\/div>\n\t\t\t\t<div class=\"elementor-column elementor-col-50 elementor-top-column elementor-element elementor-element-dc8db66\" data-id=\"dc8db66\" data-element_type=\"column\">\n\t\t\t<div class=\"elementor-widget-wrap elementor-element-populated\">\n\t\t\t\t\t\t<div class=\"elementor-element elementor-element-44a760a elementor-widget elementor-widget-heading\" data-id=\"44a760a\" data-element_type=\"widget\" data-widget_type=\"heading.default\">\n\t\t\t\t\t<h2 class=\"elementor-heading-title elementor-size-large\">Medieneink\u00e4ufer<\/h2>\t\t\t\t<\/div>\n\t\t\t\t<div class=\"elementor-element elementor-element-f21e9b8 elementor-widget elementor-widget-text-editor\" data-id=\"f21e9b8\" data-element_type=\"widget\" data-widget_type=\"text-editor.default\">\n\t\t\t\t\t\t\t\t\t<ul>\n<li>Google Ads-Medienk\u00e4ufer<\/li>\n<li>Medienk\u00e4ufer f\u00fcr Facebook-Anzeigen<\/li>\n<\/ul>\n\t\t\t\t\t\t\t\t<\/div>\n\t\t\t\t<div class=\"elementor-element elementor-element-45f5a69 elementor-widget elementor-widget-heading\" data-id=\"45f5a69\" data-element_type=\"widget\" data-widget_type=\"heading.default\">\n\t\t\t\t\t<h2 class=\"elementor-heading-title elementor-size-large\">Content-Marketing<\/h2>\t\t\t\t<\/div>\n\t\t\t\t<div class=\"elementor-element elementor-element-044d6cf elementor-widget elementor-widget-text-editor\" data-id=\"044d6cf\" data-element_type=\"widget\" data-widget_type=\"text-editor.default\">\n\t\t\t\t\t\t\t\t\t<ul style=\"overflow-wrap: break-word; font-family: 'Nunito Sans'; font-weight: 400; font-style: normal; font-size: 16px;\">\n<li style=\"font-size: 16px; margin-bottom: 0px;\">Remote-Texter und Redakteur (freiberuflicher Vertrag)<\/li>\n<\/ul>\n\t\t\t\t\t\t\t\t<\/div>\n\t\t\t\t\t<\/div>\n\t\t<\/div>\n\t\t\t\t\t<\/div>\n\t\t<\/section>\n\t\t\t\t<section data-particle_enable=\"false\" data-particle-mobile-disabled=\"false\" class=\"elementor-section elementor-top-section elementor-element elementor-element-0346a3b elementor-section-boxed elementor-section-height-default elementor-section-height-default\" data-id=\"0346a3b\" data-element_type=\"section\">\n\t\t\t\t\t\t<div class=\"elementor-container elementor-column-gap-default\">\n\t\t\t\t\t<div class=\"elementor-column elementor-col-100 elementor-top-column elementor-element elementor-element-913d15f\" data-id=\"913d15f\" data-element_type=\"column\">\n\t\t\t<div class=\"elementor-widget-wrap elementor-element-populated\">\n\t\t\t\t\t\t<div class=\"elementor-element elementor-element-b7c63c4 elementor-widget elementor-widget-text-editor\" data-id=\"b7c63c4\" data-element_type=\"widget\" data-widget_type=\"text-editor.default\">\n\t\t\t\t\t\t\t\t\t<div class=\"wpb_text_column wpb_content_element \">\n<div class=\"wpb_wrapper\">\n<p><span>Senden Sie uns Ihren Lebenslauf an <\/span><span>Careers@ignitech.ma<\/span><\/p>\n<\/div>\n<\/div>\n\t\t\t\t\t\t\t\t<\/div>\n\t\t\t\t<div class=\"elementor-element elementor-element-3aaa6af elementor-widget elementor-widget-text-editor\" data-id=\"3aaa6af\" data-element_type=\"widget\" data-widget_type=\"text-editor.default\">\n\t\t\t\t\t\t\t\t\t<p>Karrieren bei IGNITECH bieten spannende Perspektiven f\u00fcr Talente wie Sie. Wenn Sie sich f\u00fcr digitales Marketing begeistern und eine lohnende Karrierem\u00f6glichkeit suchen, laden wir Sie ein, unserem Team beizutreten. Als Social Media Manager, Media Buyer, Video Editor, Designer oder Content Marketer hast du die M\u00f6glichkeit, deine F\u00e4higkeiten unter Beweis zu stellen und zu unserem dynamischen Arbeitsumfeld beizutragen. Bei IGNITECH legen wir Wert auf Kreativit\u00e4t, Innovation und Zusammenarbeit und bieten Ihnen eine Plattform, auf der Sie sich auszeichnen und wachsen k\u00f6nnen. Machen Sie den n\u00e4chsten Schritt auf Ihrer Karrierereise und erkunden Sie die grenzenlosen M\u00f6glichkeiten mit Karrieren bei IGNITECH.<\/p>\n<p>Als Social Media Manager sind Sie f\u00fcr die Entwicklung und Umsetzung von Social-Media-Strategien, die Verwaltung von Social-Media-Konten und die Analyse der Kampagnenleistung verantwortlich. Sie haben die M\u00f6glichkeit, mit einer Vielzahl von Kunden und Branchen zusammenzuarbeiten, ansprechende Inhalte zu erstellen und wirkungsvolle Social-Media-Kampagnen voranzutreiben.<\/p>\n<p>Wenn Sie ein scharfes Auge f\u00fcr Design und Kreativit\u00e4t haben, k\u00f6nnte unsere Designerrolle genau das Richtige f\u00fcr Sie sein. Du arbeitest mit unserem Team zusammen, um visuell beeindruckende Grafiken, Website-Designs und Marketingmaterialien zu erstellen, die mit dem Branding und den Zielen unserer Kunden \u00fcbereinstimmen.<\/p>\n<p>Als Media Buyer spielen Sie eine entscheidende Rolle bei der Planung und Durchf\u00fchrung effektiver Werbekampagnen auf verschiedenen digitalen Plattformen. Sie haben die M\u00f6glichkeit, Ihre analytischen F\u00e4higkeiten zu nutzen, um die Kampagnenleistung zu optimieren, Zielgruppen zu erreichen und Conversions zu steigern.<\/p>\n<p>F\u00fcr diejenigen, die ein H\u00e4ndchen f\u00fcr Storytelling und die Erstellung von Inhalten haben, bietet unsere Position als Content Marketer die M\u00f6glichkeit, \u00fcberzeugende Erz\u00e4hlungen zu erstellen, ansprechende Blogbeitr\u00e4ge und Artikel zu entwickeln und den organischen Traffic durch Content-Marketing-Strategien zu steigern.<\/p>\n<p>Bei IGNITECH legen wir Wert auf Kreativit\u00e4t, Innovation und einen kollaborativen Geist. Wir f\u00f6rdern eine unterst\u00fctzende und integrative Unternehmenskultur, die berufliches Wachstum und Entwicklung f\u00f6rdert. Wenn Sie bereit sind, Ihre Karriere im digitalen Marketing auf die n\u00e4chste Stufe zu heben, reichen Sie Ihren Lebenslauf \u00fcber unsere Karriereseite ein oder verbinden Sie sich mit uns auf <a href=\"https:\/\/www.linkedin.com\/company\/ignitech-ma\/\" target=\"_blank\" rel=\"noopener\">LinkedIn<\/a>.<\/p>\n<p>Werden Sie Teil unseres Teams bei IGNITECH und begeben Sie sich mit Careers at IGNITECH auf eine lohnende Reise und werden Sie Teil unserer Mission, unseren Kunden au\u00dfergew\u00f6hnliche digitale Marketingl\u00f6sungen zu bieten. Wir freuen uns darauf, von Ihnen zu h\u00f6ren und die spannenden Karrierem\u00f6glichkeiten zu erkunden, die Sie bei IGNITECH erwarten.<\/p>\n<p>Lesen Sie hier mehr \u00fcber die lohnenden Karrieren bei IGNITECH und die au\u00dfergew\u00f6hnlichen Dienstleistungen, die wir unseren wertvollen Kunden bieten:&nbsp;<\/p>\n<ul>\n<li><a href=\"https:\/\/www.ignitech.ma\/de\/social-media-marketing\/\">Digital- und Social-Media-Marketing<\/a>;<\/li>\n<li><a href=\"https:\/\/www.ignitech.ma\/de\/suchmaschinen-optimierung\/\">Suchmaschinenoptimierung<\/a>;<\/li>\n<li><a href=\"https:\/\/www.ignitech.ma\/de\/webdesign-und-entwicklung\/\">Website-Design und -Entwicklung<\/a>;<\/li>\n<li><a href=\"https:\/\/www.ignitech.ma\/de\/marketing-automatisierung\/\">Marketing-Automatisierung<\/a>;<\/li>\n<\/ul>\t\t\t\t\t\t\t\t<\/div>\n\t\t\t\t<div class=\"elementor-element elementor-element-bd31dd8 elementor-widget elementor-widget-image\" data-id=\"bd31dd8\" data-element_type=\"widget\" data-widget_type=\"image.default\">\n\t\t\t\t\t\t\t\t\t\t\t\t\t\t\t<img fetchpriority=\"high\" decoding=\"async\" width=\"768\" height=\"426\" src=\"https:\/\/cdn.ignitech.ma\/wp-content\/uploads\/2023\/05\/Jobs-at-ignitech-768x426.jpg\" class=\"attachment-medium_large size-medium_large wp-image-25277\" alt=\"\" srcset=\"https:\/\/cdn.ignitech.ma\/wp-content\/uploads\/2023\/05\/Jobs-at-ignitech-768x426.jpg 768w, https:\/\/cdn.ignitech.ma\/wp-content\/uploads\/2023\/05\/Jobs-at-ignitech-300x166.jpg 300w, https:\/\/cdn.ignitech.ma\/wp-content\/uploads\/2023\/05\/Jobs-at-ignitech-600x333.jpg 600w, https:\/\/cdn.ignitech.ma\/wp-content\/uploads\/2023\/05\/Jobs-at-ignitech.jpg 920w\" sizes=\"(max-width: 768px) 100vw, 768px\" title=\"\">\t\t\t\t\t\t\t\t\t\t\t\t\t\t\t<\/div>\n\t\t\t\t<div class=\"elementor-element elementor-element-afc0c5b elementor-widget elementor-widget-heading\" data-id=\"afc0c5b\" data-element_type=\"widget\" data-widget_type=\"heading.default\">\n\t\t\t\t\t<h2 class=\"elementor-heading-title elementor-size-large\">Karriere bei IGNITECH - Warum sollten Sie mit uns zusammenarbeiten?<\/h2>\t\t\t\t<\/div>\n\t\t\t\t<div class=\"elementor-element elementor-element-27532d6 elementor-widget elementor-widget-text-editor\" data-id=\"27532d6\" data-element_type=\"widget\" data-widget_type=\"text-editor.default\">\n\t\t\t\t\t\t\t\t\t<div class=\"group w-full text-gray-800 dark:text-gray-100 border-b border-black\/10 dark:border-gray-900\/50 bg-gray-50 dark:bg-[#444654]\">\n<div class=\"flex p-4 gap-4 text-base md:gap-6 md:max-w-2xl lg:max-w-xl xl:max-w-3xl md:py-6 lg:px-0 m-auto\">\n<div class=\"relative flex w-[calc(100%-50px)] flex-col gap-1 md:gap-3 lg:w-[calc(100%-115px)]\">\n<div class=\"flex flex-grow flex-col gap-3\">\n<div class=\"min-h-[20px] flex flex-col items-start gap-4 whitespace-pre-wrap break-words\">\n<div class=\"markdown prose w-full break-words dark:prose-invert light\">\n<p>Es gibt mehrere \u00fcberzeugende Gr\u00fcnde, warum sich talentierte Menschen f\u00fcr eine Zusammenarbeit mit uns bei IGNITECH entscheiden sollten. Hier sind einige wichtige Punkte, die uns zu einem attraktiven und lohnenden Ort f\u00fcr den Aufbau Ihrer Karriere machen:<\/p>\n<ol>\n<li>\n<p>Innovatives und dynamisches Umfeld: Bei IGNITECH f\u00f6rdern wir ein innovatives und dynamisches Arbeitsumfeld, das Kreativit\u00e4t, Zusammenarbeit und unkonventionelles Denken f\u00f6rdert. Wir stehen an der Spitze der digitalen Marketingbranche, verschieben st\u00e4ndig Grenzen und setzen neue Technologien und Strategien ein.<\/p>\n<\/li>\n<li>\n<p>Spannender und vielf\u00e4ltiger Kundenkreis: Mit uns zu arbeiten bedeutet, die M\u00f6glichkeit zu haben, mit einer Vielzahl von Kunden aus <a href=\"https:\/\/www.ignitech.ma\/de\/industrien\/\">verschiedenen Branchen<\/a> zusammenzuarbeiten. Karrieren bei IGNITECH bieten Ihnen die M\u00f6glichkeit, wertvolle Erfahrungen zu sammeln und Ihr Wissen in verschiedenen Bereichen zu erweitern, was jeden Arbeitstag spannend und herausfordernd macht.<\/p>\n<\/li>\n<li>\n<p>Berufliches Wachstum und Entwicklung: Wir priorisieren das Wachstum und die Entwicklung unserer Teammitglieder. Wir bieten Zugang zu kontinuierlichen Lern- und Schulungsm\u00f6glichkeiten, sowohl intern als auch durch externe Ressourcen. Sie haben die M\u00f6glichkeit, Ihre F\u00e4higkeiten zu erweitern, \u00fcber Branchentrends auf dem Laufenden zu bleiben und Ihre Karriere innerhalb des Unternehmens voranzutreiben.<\/p>\n<\/li>\n<li>\n<p>Zusammenarbeit und Teamwork: Wir glauben an die Kraft der Zusammenarbeit und Teamarbeit. Sie werden Teil eines unterst\u00fctzenden und talentierten Teams, das Wert auf offene Kommunikation, gegenseitigen Respekt und gemeinsamen Erfolg legt. Gemeinsam nutzen wir die St\u00e4rken des anderen, um au\u00dfergew\u00f6hnliche Ergebnisse f\u00fcr unsere Kunden zu erzielen.<\/p>\n<\/li>\n<li>\n<p>Wirkungsvolle Arbeit: Bei IGNITECH hat Ihre Arbeit einen direkten Einfluss auf das Gesch\u00e4ft unserer Kunden. Karrieren bei IGNITECH geben Ihnen die M\u00f6glichkeit, zu ihrem Erfolg beizutragen, indem Sie effektive digitale Marketingstrategien umsetzen, das Wachstum vorantreiben und messbare Ergebnisse erzielen. Ihre Beitr\u00e4ge werden anerkannt und wertgesch\u00e4tzt.<\/p>\n<\/li>\n<li>\n<p>Unternehmenskultur: Wir sind stolz auf unsere positive und integrative Unternehmenskultur. Wir sch\u00e4tzen Vielfalt, f\u00f6rdern eine gesunde Work-Life-Balance und stellen das Wohlbefinden unserer Mitarbeiter in den Vordergrund. Wir organisieren Teambuilding-Aktivit\u00e4ten, gesellschaftliche Veranstaltungen und bieten ein unterst\u00fctzendes und freundliches Arbeitsumfeld, in dem jede Stimme geh\u00f6rt wird.<\/p>\n<\/li>\n<li>\n<p>Wettbewerbsf\u00e4hige Verg\u00fctung und Zusatzleistungen: Wir bieten wettbewerbsf\u00e4hige Verg\u00fctungspakete und attraktive Sozialleistungen, um sicherzustellen, dass sich unsere Teammitglieder f\u00fcr ihre harte Arbeit wertgesch\u00e4tzt und belohnt f\u00fchlen. Ihr Engagement und Ihre Beitr\u00e4ge werden durch eine faire Verg\u00fctung und Wachstumsm\u00f6glichkeiten gew\u00fcrdigt.<\/p>\n<\/li>\n<\/ol>\n<p>Zu IGNITECH zu kommen bedeutet, Teil eines talentierten und leidenschaftlichen Teams zu sein, das sich der Bereitstellung au\u00dfergew\u00f6hnlicher digitaler Marketingl\u00f6sungen verschrieben hat. Wenn Sie auf der Suche nach herausfordernden Karrieren bei IGNITECH und dennoch lohnenden Karrierem\u00f6glichkeiten sind, laden wir Sie ein, sich uns anzuschlie\u00dfen und einen bedeutenden Einfluss auf die Welt des digitalen Marketings zu nehmen.<\/p>\n<\/div>\n<\/div>\n<\/div>\n<\/div>\n<\/div>\n<\/div>\n\t\t\t\t\t\t\t\t<\/div>\n\t\t\t\t\t<\/div>\n\t\t<\/div>\n\t\t\t\t\t<\/div>\n\t\t<\/section>\n\t\t\t\t<\/div>\n\t\t","protected":false},"excerpt":{"rendered":"<p>Schlie\u00dfen Sie sich unserer Mission bei IGNITECH an, die f\u00fchrenden digitalen Marketingdienstleistungen zu entwickeln, und werden Sie Teil eines Teams, das Unternehmen auf der ganzen Welt dabei hilft, ihr volles Potenzial auszusch\u00f6pfen. Wir bieten spannende M\u00f6glichkeiten f\u00fcr pers\u00f6nliches Wachstum und berufliche Entwicklung, die es Ihnen erm\u00f6glichen, Ihr Wissen und Ihre F\u00e4higkeiten zu erweitern und gleichzeitig [&hellip;]<\/p>\n","protected":false},"author":1,"featured_media":0,"parent":0,"menu_order":0,"comment_status":"closed","ping_status":"closed","template":"","meta":{"_monsterinsights_skip_tracking":false,"_monsterinsights_sitenote_active":false,"_monsterinsights_sitenote_note":"","_monsterinsights_sitenote_category":0,"footnotes":""},"class_list":["post-25276","page","type-page","status-publish","hentry"],"_links":{"self":[{"href":"https:\/\/www.ignitech.ma\/de\/wp-json\/wp\/v2\/pages\/25276","targetHints":{"allow":["GET"]}}],"collection":[{"href":"https:\/\/www.ignitech.ma\/de\/wp-json\/wp\/v2\/pages"}],"about":[{"href":"https:\/\/www.ignitech.ma\/de\/wp-json\/wp\/v2\/types\/page"}],"author":[{"embeddable":true,"href":"https:\/\/www.ignitech.ma\/de\/wp-json\/wp\/v2\/users\/1"}],"replies":[{"embeddable":true,"href":"https:\/\/www.ignitech.ma\/de\/wp-json\/wp\/v2\/comments?post=25276"}],"version-history":[{"count":0,"href":"https:\/\/www.ignitech.ma\/de\/wp-json\/wp\/v2\/pages\/25276\/revisions"}],"wp:attachment":[{"href":"https:\/\/www.ignitech.ma\/de\/wp-json\/wp\/v2\/media?parent=25276"}],"curies":[{"name":"wp","href":"https:\/\/api.w.org\/{rel}","templated":true}]}}