{"id":25299,"date":"2018-11-20T15:33:45","date_gmt":"2018-11-20T14:33:45","guid":{"rendered":"https:\/\/www.ignitech.ma\/coming-soon\/"},"modified":"2023-10-04T18:09:34","modified_gmt":"2023-10-04T16:09:34","slug":"demnaechst","status":"publish","type":"page","link":"https:\/\/www.ignitech.ma\/de\/demnaechst\/","title":{"rendered":"Demn\u00e4chst"},"content":{"rendered":"\t\t<div data-elementor-type=\"wp-page\" data-elementor-id=\"25299\" class=\"elementor elementor-25299 elementor-494\" data-elementor-post-type=\"page\">\n\t\t\t\t\t\t<section data-particle_enable=\"false\" data-particle-mobile-disabled=\"false\" class=\"elementor-section elementor-top-section elementor-element elementor-element-25544dd1 elementor-reverse-mobile elementor-section-boxed elementor-section-height-default elementor-section-height-default\" data-id=\"25544dd1\" data-element_type=\"section\">\n\t\t\t\t\t\t<div class=\"elementor-container elementor-column-gap-default\">\n\t\t\t\t\t<div class=\"elementor-column elementor-col-50 elementor-top-column elementor-element elementor-element-7331f730\" data-id=\"7331f730\" data-element_type=\"column\">\n\t\t\t<div class=\"elementor-widget-wrap elementor-element-populated\">\n\t\t\t\t\t\t<div class=\"elementor-element elementor-element-2d016805 elementor-widget elementor-widget-heading\" data-id=\"2d016805\" data-element_type=\"widget\" data-widget_type=\"heading.default\">\n\t\t\t\t\t<h1 class=\"elementor-heading-title elementor-size-default\">Demn\u00e4chst!<\/h1>\t\t\t\t<\/div>\n\t\t\t\t<div class=\"elementor-element elementor-element-3ba5696e elementor-widget elementor-widget-heading\" data-id=\"3ba5696e\" data-element_type=\"widget\" data-widget_type=\"heading.default\">\n\t\t\t\t\t<h4 class=\"elementor-heading-title elementor-size-default\">Bitte versuchen Sie es sp\u00e4ter noch einmal<\/h4>\t\t\t\t<\/div>\n\t\t\t\t<div class=\"elementor-element elementor-element-3bcb2170 elementor-widget elementor-widget-text-editor\" data-id=\"3bcb2170\" data-element_type=\"widget\" data-widget_type=\"text-editor.default\">\n\t\t\t\t\t\t\t\t\t<p>Sie k\u00f6nnen auf die Schaltfl\u00e4che unten klicken, um zur Startseite zur\u00fcckzukehren!<\/p>\n\t\t\t\t\t\t\t\t<\/div>\n\t\t\t\t<div class=\"elementor-element elementor-element-456035a2 elementor-widget elementor-widget-button\" data-id=\"456035a2\" data-element_type=\"widget\" data-widget_type=\"button.default\">\n\t\t\t\t\t\t\t\t\t\t<a class=\"elementor-button elementor-button-link elementor-size-sm\" href=\"https:\/\/www.ignitech.ma\/de\/\">\n\t\t\t\t\t\t<span class=\"elementor-button-content-wrapper\">\n\t\t\t\t\t\t\t\t\t<span class=\"elementor-button-text\">Zur\u00fcck zur Startseite<\/span>\n\t\t\t\t\t<\/span>\n\t\t\t\t\t<\/a>\n\t\t\t\t\t\t\t\t<\/div>\n\t\t\t\t\t<\/div>\n\t\t<\/div>\n\t\t\t\t<div class=\"elementor-column elementor-col-50 elementor-top-column elementor-element elementor-element-59b065a0\" data-id=\"59b065a0\" data-element_type=\"column\">\n\t\t\t<div class=\"elementor-widget-wrap elementor-element-populated\">\n\t\t\t\t\t\t<div class=\"elementor-element elementor-element-0187b80 elementor-align-center elementor-widget elementor-widget-lottie\" data-id=\"0187b80\" data-element_type=\"widget\" data-settings=\"{&quot;source_json&quot;:{&quot;url&quot;:&quot;https:\\\/\\\/assets2.lottiefiles.com\\\/packages\\\/lf20_prtzp5wh.json&quot;,&quot;id&quot;:&quot;&quot;,&quot;size&quot;:&quot;&quot;,&quot;source&quot;:&quot;url&quot;},&quot;source&quot;:&quot;media_file&quot;,&quot;caption_source&quot;:&quot;none&quot;,&quot;link_to&quot;:&quot;none&quot;,&quot;trigger&quot;:&quot;arriving_to_viewport&quot;,&quot;viewport&quot;:{&quot;unit&quot;:&quot;%&quot;,&quot;size&quot;:&quot;&quot;,&quot;sizes&quot;:{&quot;start&quot;:0,&quot;end&quot;:100}},&quot;play_speed&quot;:{&quot;unit&quot;:&quot;px&quot;,&quot;size&quot;:1,&quot;sizes&quot;:[]},&quot;start_point&quot;:{&quot;unit&quot;:&quot;%&quot;,&quot;size&quot;:0,&quot;sizes&quot;:[]},&quot;end_point&quot;:{&quot;unit&quot;:&quot;%&quot;,&quot;size&quot;:100,&quot;sizes&quot;:[]},&quot;renderer&quot;:&quot;svg&quot;}\" data-widget_type=\"lottie.default\">\n\t\t\t\t\t<div class=\"e-lottie__container\"><div class=\"e-lottie__animation\"><\/div><\/div>\t\t\t\t<\/div>\n\t\t\t\t\t<\/div>\n\t\t<\/div>\n\t\t\t\t\t<\/div>\n\t\t<\/section>\n\t\t\t\t<\/div>\n\t\t","protected":false},"excerpt":{"rendered":"<p>Demn\u00e4chst! Bitte versuchen Sie es sp\u00e4ter noch einmal Sie k\u00f6nnen auf die Schaltfl\u00e4che unten klicken, um zur Startseite zur\u00fcckzukehren! Zur\u00fcck zur Startseite<\/p>\n","protected":false},"author":1,"featured_media":0,"parent":0,"menu_order":0,"comment_status":"closed","ping_status":"closed","template":"","meta":{"_monsterinsights_skip_tracking":false,"_monsterinsights_sitenote_active":false,"_monsterinsights_sitenote_note":"","_monsterinsights_sitenote_category":0,"footnotes":""},"class_list":["post-25299","page","type-page","status-publish","hentry"],"_links":{"self":[{"href":"https:\/\/www.ignitech.ma\/de\/wp-json\/wp\/v2\/pages\/25299","targetHints":{"allow":["GET"]}}],"collection":[{"href":"https:\/\/www.ignitech.ma\/de\/wp-json\/wp\/v2\/pages"}],"about":[{"href":"https:\/\/www.ignitech.ma\/de\/wp-json\/wp\/v2\/types\/page"}],"author":[{"embeddable":true,"href":"https:\/\/www.ignitech.ma\/de\/wp-json\/wp\/v2\/users\/1"}],"replies":[{"embeddable":true,"href":"https:\/\/www.ignitech.ma\/de\/wp-json\/wp\/v2\/comments?post=25299"}],"version-history":[{"count":0,"href":"https:\/\/www.ignitech.ma\/de\/wp-json\/wp\/v2\/pages\/25299\/revisions"}],"wp:attachment":[{"href":"https:\/\/www.ignitech.ma\/de\/wp-json\/wp\/v2\/media?parent=25299"}],"curies":[{"name":"wp","href":"https:\/\/api.w.org\/{rel}","templated":true}]}}