{"id":25308,"date":"2018-11-20T13:27:59","date_gmt":"2018-11-20T12:27:59","guid":{"rendered":"https:\/\/www.ignitech.ma\/contact-us\/"},"modified":"2023-10-04T18:09:25","modified_gmt":"2023-10-04T16:09:25","slug":"kontaktieren-sie-uns","status":"publish","type":"page","link":"https:\/\/www.ignitech.ma\/de\/kontaktieren-sie-uns\/","title":{"rendered":"Kontaktieren Sie uns"},"content":{"rendered":"\t\t<div data-elementor-type=\"wp-page\" data-elementor-id=\"25308\" class=\"elementor elementor-25308 elementor-450\" data-elementor-post-type=\"page\">\n\t\t\t\t\t\t<section data-particle_enable=\"false\" data-particle-mobile-disabled=\"false\" class=\"elementor-section elementor-top-section elementor-element elementor-element-b32042f elementor-section-boxed elementor-section-height-default elementor-section-height-default\" data-id=\"b32042f\" data-element_type=\"section\">\n\t\t\t\t\t\t<div class=\"elementor-container elementor-column-gap-default\">\n\t\t\t\t\t<div class=\"elementor-column elementor-col-100 elementor-top-column elementor-element elementor-element-da33026\" data-id=\"da33026\" data-element_type=\"column\">\n\t\t\t<div class=\"elementor-widget-wrap elementor-element-populated\">\n\t\t\t\t\t\t<div class=\"elementor-element elementor-element-b9d254c elementor-widget elementor-widget-spacer\" data-id=\"b9d254c\" data-element_type=\"widget\" data-widget_type=\"spacer.default\">\n\t\t\t\t\t\t\t<div class=\"elementor-spacer\">\n\t\t\t<div class=\"elementor-spacer-inner\"><\/div>\n\t\t<\/div>\n\t\t\t\t\t\t<\/div>\n\t\t\t\t\t<\/div>\n\t\t<\/div>\n\t\t\t\t\t<\/div>\n\t\t<\/section>\n\t\t\t\t<section data-particle_enable=\"false\" data-particle-mobile-disabled=\"false\" class=\"elementor-section elementor-top-section elementor-element elementor-element-64f1ff5 elementor-section-boxed elementor-section-height-default elementor-section-height-default\" data-id=\"64f1ff5\" data-element_type=\"section\">\n\t\t\t\t\t\t<div class=\"elementor-container elementor-column-gap-default\">\n\t\t\t\t\t<div class=\"elementor-column elementor-col-100 elementor-top-column elementor-element elementor-element-d0cd9d4\" data-id=\"d0cd9d4\" data-element_type=\"column\">\n\t\t\t<div class=\"elementor-widget-wrap elementor-element-populated\">\n\t\t\t\t\t\t<div class=\"elementor-element elementor-element-91708ed elementor-widget elementor-widget-heading\" data-id=\"91708ed\" data-element_type=\"widget\" data-widget_type=\"heading.default\">\n\t\t\t\t\t<h1 class=\"elementor-heading-title elementor-size-default\">Kontaktieren Sie uns noch heute!<\/h1>\t\t\t\t<\/div>\n\t\t\t\t<div class=\"elementor-element elementor-element-e5993ee elementor-widget elementor-widget-heading\" data-id=\"e5993ee\" data-element_type=\"widget\" data-widget_type=\"heading.default\">\n\t\t\t\t\t<h2 class=\"elementor-heading-title elementor-size-large\">Erleben Sie die Leistungsf\u00e4higkeit personalisierter Unterst\u00fctzung<\/h2>\t\t\t\t<\/div>\n\t\t\t\t\t<\/div>\n\t\t<\/div>\n\t\t\t\t\t<\/div>\n\t\t<\/section>\n\t\t\t\t<section data-particle_enable=\"false\" data-particle-mobile-disabled=\"false\" class=\"elementor-section elementor-top-section elementor-element elementor-element-ab69fa7 elementor-section-boxed elementor-section-height-default elementor-section-height-default\" data-id=\"ab69fa7\" data-element_type=\"section\">\n\t\t\t\t\t\t<div class=\"elementor-container elementor-column-gap-default\">\n\t\t\t\t\t<div class=\"elementor-column elementor-col-50 elementor-top-column elementor-element elementor-element-4433ba8\" data-id=\"4433ba8\" data-element_type=\"column\">\n\t\t\t<div class=\"elementor-widget-wrap elementor-element-populated\">\n\t\t\t\t\t\t<div class=\"elementor-element elementor-element-ffd46c5 elementor-widget elementor-widget-text-editor\" data-id=\"ffd46c5\" data-element_type=\"widget\" data-widget_type=\"text-editor.default\">\n\t\t\t\t\t\t\t\t\t<p>Ignitech ist eine Agentur f\u00fcr Social Media Marketing. Wir liefern Social-Media- und digitale Marketingstrategien f\u00fcr Unternehmen weltweit.<\/p>\n<p>Kontaktieren Sie uns noch heute, um herauszufinden, wie wir Ihnen helfen k\u00f6nnen.<\/p>\n\t\t\t\t\t\t\t\t<\/div>\n\t\t\t\t<div class=\"elementor-element elementor-element-174be13 elementor-view-framed elementor-shape-square elementor-position-inline-start elementor-mobile-position-block-start elementor-widget elementor-widget-icon-box\" data-id=\"174be13\" data-element_type=\"widget\" data-widget_type=\"icon-box.default\">\n\t\t\t\t\t\t\t<div class=\"elementor-icon-box-wrapper\">\n\n\t\t\t\t\t\t<div class=\"elementor-icon-box-icon\">\n\t\t\t\t<span  class=\"elementor-icon\">\n\t\t\t\t<svg aria-hidden=\"true\" class=\"e-font-icon-svg e-fas-location-arrow\" viewBox=\"0 0 512 512\" xmlns=\"http:\/\/www.w3.org\/2000\/svg\"><path d=\"M444.52 3.52L28.74 195.42c-47.97 22.39-31.98 92.75 19.19 92.75h175.91v175.91c0 51.17 70.36 67.17 92.75 19.19l191.9-415.78c15.99-38.39-25.59-79.97-63.97-63.97z\"><\/path><\/svg>\t\t\t\t<\/span>\n\t\t\t<\/div>\n\t\t\t\n\t\t\t\t\t\t<div class=\"elementor-icon-box-content\">\n\n\t\t\t\t\t\t\t\t\t<h3 class=\"elementor-icon-box-title\">\n\t\t\t\t\t\t<span  >\n\t\t\t\t\t\t\tBesuchen Sie uns:\t\t\t\t\t\t<\/span>\n\t\t\t\t\t<\/h3>\n\t\t\t\t\n\t\t\t\t\t\t\t\t\t<p class=\"elementor-icon-box-description\">\n\t\t\t\t\t\t13, RUE AHMED EL MAJJATI RES. LES ALPES 1er ETAGE N\u00b0 8 QUARTIER MAARIF CASABLANCA\/ANFA\t\t\t\t\t<\/p>\n\t\t\t\t\n\t\t\t<\/div>\n\t\t\t\n\t\t<\/div>\n\t\t\t\t\t\t<\/div>\n\t\t\t\t<div class=\"elementor-element elementor-element-6945d36 elementor-view-framed elementor-shape-square elementor-position-inline-start elementor-mobile-position-block-start elementor-widget elementor-widget-icon-box\" data-id=\"6945d36\" data-element_type=\"widget\" data-widget_type=\"icon-box.default\">\n\t\t\t\t\t\t\t<div class=\"elementor-icon-box-wrapper\">\n\n\t\t\t\t\t\t<div class=\"elementor-icon-box-icon\">\n\t\t\t\t<span  class=\"elementor-icon\">\n\t\t\t\t<svg aria-hidden=\"true\" class=\"e-font-icon-svg e-fas-at\" viewBox=\"0 0 512 512\" xmlns=\"http:\/\/www.w3.org\/2000\/svg\"><path d=\"M256 8C118.941 8 8 118.919 8 256c0 137.059 110.919 248 248 248 48.154 0 95.342-14.14 135.408-40.223 12.005-7.815 14.625-24.288 5.552-35.372l-10.177-12.433c-7.671-9.371-21.179-11.667-31.373-5.129C325.92 429.757 291.314 440 256 440c-101.458 0-184-82.542-184-184S154.542 72 256 72c100.139 0 184 57.619 184 160 0 38.786-21.093 79.742-58.17 83.693-17.349-.454-16.91-12.857-13.476-30.024l23.433-121.11C394.653 149.75 383.308 136 368.225 136h-44.981a13.518 13.518 0 0 0-13.432 11.993l-.01.092c-14.697-17.901-40.448-21.775-59.971-21.775-74.58 0-137.831 62.234-137.831 151.46 0 65.303 36.785 105.87 96 105.87 26.984 0 57.369-15.637 74.991-38.333 9.522 34.104 40.613 34.103 70.71 34.103C462.609 379.41 504 307.798 504 232 504 95.653 394.023 8 256 8zm-21.68 304.43c-22.249 0-36.07-15.623-36.07-40.771 0-44.993 30.779-72.729 58.63-72.729 22.292 0 35.601 15.241 35.601 40.77 0 45.061-33.875 72.73-58.161 72.73z\"><\/path><\/svg>\t\t\t\t<\/span>\n\t\t\t<\/div>\n\t\t\t\n\t\t\t\t\t\t<div class=\"elementor-icon-box-content\">\n\n\t\t\t\t\t\t\t\t\t<h3 class=\"elementor-icon-box-title\">\n\t\t\t\t\t\t<span  >\n\t\t\t\t\t\t\tSenden Sie uns eine E-Mail:\t\t\t\t\t\t<\/span>\n\t\t\t\t\t<\/h3>\n\t\t\t\t\n\t\t\t\t\t\t\t\t\t<p class=\"elementor-icon-box-description\">\n\t\t\t\t\t\tsupport@ignitech.ma\t\t\t\t\t<\/p>\n\t\t\t\t\n\t\t\t<\/div>\n\t\t\t\n\t\t<\/div>\n\t\t\t\t\t\t<\/div>\n\t\t\t\t<div class=\"elementor-element elementor-element-aca0cfd elementor-widget elementor-widget-heading\" data-id=\"aca0cfd\" data-element_type=\"widget\" data-widget_type=\"heading.default\">\n\t\t\t\t\t<h2 class=\"elementor-heading-title elementor-size-xl\">Kontaktieren Sie uns<\/h2>\t\t\t\t<\/div>\n\t\t\t\t<div class=\"elementor-element elementor-element-184acee elementor-button-align-stretch elementor-widget elementor-widget-form\" data-id=\"184acee\" data-element_type=\"widget\" data-settings=\"{&quot;step_next_label&quot;:&quot;N\\u00e4chster&quot;,&quot;step_previous_label&quot;:&quot;Vorhergehend&quot;,&quot;button_width&quot;:&quot;100&quot;,&quot;step_type&quot;:&quot;number_text&quot;,&quot;step_icon_shape&quot;:&quot;circle&quot;}\" data-widget_type=\"form.default\">\n\t\t\t\t\t\t\t<form class=\"elementor-form\" method=\"post\" id=\"ContactUsFormIGNITECH\" name=\"Kontaktformular\">\n\t\t\t<input type=\"hidden\" name=\"post_id\" value=\"25308\"\/>\n\t\t\t<input type=\"hidden\" name=\"form_id\" value=\"184acee\"\/>\n\t\t\t<input type=\"hidden\" name=\"referer_title\" value=\"\" \/>\n\n\t\t\t\n\t\t\t<div class=\"elementor-form-fields-wrapper elementor-labels-above\">\n\t\t\t\t\t\t\t\t<div class=\"elementor-field-type-text elementor-field-group elementor-column elementor-field-group-name elementor-col-100\">\n\t\t\t\t\t\t\t\t\t\t\t\t<label for=\"form-field-name\" class=\"elementor-field-label\">\n\t\t\t\t\t\t\t\tVollst\u00e4ndiger Name\t\t\t\t\t\t\t<\/label>\n\t\t\t\t\t\t\t\t\t\t\t\t\t\t<input size=\"1\" type=\"text\" name=\"form_fields[name]\" id=\"form-field-name\" class=\"elementor-field elementor-size-md  elementor-field-textual\" placeholder=\"Vollst\u00e4ndiger Name\">\n\t\t\t\t\t\t\t\t\t\t\t<\/div>\n\t\t\t\t\t\t\t\t<div class=\"elementor-field-type-email elementor-field-group elementor-column elementor-field-group-email elementor-col-100 elementor-field-required elementor-mark-required\">\n\t\t\t\t\t\t\t\t\t\t\t\t<label for=\"form-field-email\" class=\"elementor-field-label\">\n\t\t\t\t\t\t\t\tE-Mail\t\t\t\t\t\t\t<\/label>\n\t\t\t\t\t\t\t\t\t\t\t\t\t\t<input size=\"1\" type=\"email\" name=\"form_fields[email]\" id=\"form-field-email\" class=\"elementor-field elementor-size-md  elementor-field-textual\" placeholder=\"E-Mail\" required=\"required\">\n\t\t\t\t\t\t\t\t\t\t\t<\/div>\n\t\t\t\t\t\t\t\t<div class=\"elementor-field-type-textarea elementor-field-group elementor-column elementor-field-group-message elementor-col-100\">\n\t\t\t\t\t\t\t\t\t\t\t\t<label for=\"form-field-message\" class=\"elementor-field-label\">\n\t\t\t\t\t\t\t\tNachricht\t\t\t\t\t\t\t<\/label>\n\t\t\t\t\t\t<textarea class=\"elementor-field-textual elementor-field  elementor-size-md\" name=\"form_fields[message]\" id=\"form-field-message\" rows=\"4\" placeholder=\"Nachricht\"><\/textarea>\t\t\t\t<\/div>\n\t\t\t\t\t\t\t\t<div class=\"elementor-field-group elementor-column elementor-field-type-submit elementor-col-100 e-form__buttons\">\n\t\t\t\t\t<button class=\"elementor-button elementor-size-sm\" type=\"submit\">\n\t\t\t\t\t\t<span class=\"elementor-button-content-wrapper\">\n\t\t\t\t\t\t\t\t\t\t\t\t\t\t\t\t\t\t\t\t\t\t<span class=\"elementor-button-text\">Senden<\/span>\n\t\t\t\t\t\t\t\t\t\t\t\t\t<\/span>\n\t\t\t\t\t<\/button>\n\t\t\t\t<\/div>\n\t\t\t<\/div>\n\t\t<\/form>\n\t\t\t\t\t\t<\/div>\n\t\t\t\t\t<\/div>\n\t\t<\/div>\n\t\t\t\t<div class=\"elementor-column elementor-col-50 elementor-top-column elementor-element elementor-element-8c969cc\" data-id=\"8c969cc\" data-element_type=\"column\">\n\t\t\t<div class=\"elementor-widget-wrap elementor-element-populated\">\n\t\t\t\t\t\t<div class=\"elementor-element elementor-element-34200c2 elementor-widget elementor-widget-image\" data-id=\"34200c2\" data-element_type=\"widget\" data-widget_type=\"image.default\">\n\t\t\t\t\t\t\t\t\t\t\t\t\t\t\t<img fetchpriority=\"high\" decoding=\"async\" width=\"800\" height=\"503\" src=\"https:\/\/cdn.ignitech.ma\/wp-content\/uploads\/2023\/05\/Contact-us.jpg\" class=\"attachment-large size-large wp-image-26183\" alt=\"\" srcset=\"https:\/\/cdn.ignitech.ma\/wp-content\/uploads\/2023\/05\/Contact-us.jpg 846w, https:\/\/cdn.ignitech.ma\/wp-content\/uploads\/2023\/05\/Contact-us-300x189.jpg 300w, https:\/\/cdn.ignitech.ma\/wp-content\/uploads\/2023\/05\/Contact-us-768x483.jpg 768w, https:\/\/cdn.ignitech.ma\/wp-content\/uploads\/2023\/05\/Contact-us-600x377.jpg 600w\" sizes=\"(max-width: 800px) 100vw, 800px\" title=\"\">\t\t\t\t\t\t\t\t\t\t\t\t\t\t\t<\/div>\n\t\t\t\t\t<\/div>\n\t\t<\/div>\n\t\t\t\t\t<\/div>\n\t\t<\/section>\n\t\t\t\t<section data-particle_enable=\"false\" data-particle-mobile-disabled=\"false\" class=\"elementor-section elementor-top-section elementor-element elementor-element-2ee1666 elementor-section-boxed elementor-section-height-default elementor-section-height-default\" data-id=\"2ee1666\" data-element_type=\"section\">\n\t\t\t\t\t\t<div class=\"elementor-container elementor-column-gap-default\">\n\t\t\t\t\t<div class=\"elementor-column elementor-col-100 elementor-top-column elementor-element elementor-element-10ed643\" data-id=\"10ed643\" data-element_type=\"column\">\n\t\t\t<div class=\"elementor-widget-wrap elementor-element-populated\">\n\t\t\t\t\t\t<div class=\"elementor-element elementor-element-38e3ffc elementor-widget__width-initial elementor-widget elementor-widget-text-editor\" data-id=\"38e3ffc\" data-element_type=\"widget\" data-widget_type=\"text-editor.default\">\n\t\t\t\t\t\t\t\t\t<p>Bei IGNITECH DSMMA bieten wir umfassende digitale und <a href=\"https:\/\/www.ignitech.ma\/de\/social-media-marketing\/\">Social-Media-Marketing-Services<\/a> , um Unternehmen dabei zu helfen, in der Online-Welt erfolgreich zu sein. Unser Expertenteam ist bestrebt, au\u00dfergew\u00f6hnliche Ergebnisse zu erzielen und unseren Kunden dabei zu helfen, ihre Marketingziele zu erreichen.<\/p>\n<p>Wir wissen, wie wichtig es ist, die Nutzungsbedingungen und den <a href=\"https:\/\/www.ignitech.ma\/de\/datenschutzerklaerung\/\">Datenschutz<\/a> unserer Kunden und deren Kunden zu respektieren. Wir halten uns an strenge ethische Standards und stellen sicher, dass alle mit uns geteilten Daten und Informationen mit gr\u00f6\u00dfter Sorgfalt und Vertraulichkeit behandelt werden. Wir legen gro\u00dfen Wert auf Datenschutz und Datensicherheit, um Vertrauen aufzubauen und langfristige Beziehungen zu unseren Kunden zu pflegen.<\/p>\n<p>Die Einhaltung der Nutzungsbedingungen ist ein grundlegender Aspekt unserer Gesch\u00e4ftst\u00e4tigkeit. Wir stellen sicher, dass alle unsere digitalen Marketingstrategien, Inhalte und Kampagnen den Bedingungen der verschiedenen Plattformen und Kan\u00e4le entsprechen. Indem wir uns an diese Richtlinien halten, bewahren wir einen positiven Ruf, wahren die Integrit\u00e4t der Marken unserer Kunden und sorgen f\u00fcr eine nahtlose Benutzererfahrung f\u00fcr ihre Zielgruppen.<\/p>\n<p>Datenschutz ist in der heutigen digitalen Welt ein wichtiges Anliegen, und wir nehmen den Datenschutz ernst. Unser Team befolgt strenge Datenschutzprotokolle, um alle sensiblen Informationen, die mit uns geteilt werden, zu sch\u00fctzen. Wir verpflichten uns uneingeschr\u00e4nkt zur Einhaltung der geltenden Datenschutzgesetze und -vorschriften und stellen sicher, dass personenbezogene Daten sicher erhoben, verarbeitet und gespeichert werden. Die Achtung der Datenschutzrechte ist f\u00fcr uns nicht nur eine ethische Verpflichtung, sondern auch eine M\u00f6glichkeit, Vertrauen bei unseren Kunden und deren Kunden aufzubauen.<\/p>\n<p>Wir sind stolz darauf, ein spezielles <a href=\"https:\/\/support.ignitech.ma\/\" target=\"_blank\" rel=\"noopener\">Kundensupport-Center<\/a> anbieten zu k\u00f6nnen, um alle Anfragen oder Bedenken unserer Kunden zu beantworten. Unser reaktionsschnelles und sachkundiges Support-Team ist immer bereit, Ihnen zu helfen und zeitnahe L\u00f6sungen bereitzustellen.<\/p>\n<p>Die Zufriedenheit unserer Kunden hat f\u00fcr uns oberste Priorit\u00e4t, und wir erstellen klare Kundenvertr\u00e4ge, in denen der Umfang der Dienstleistungen, Verantwortlichkeiten und Erwartungen festgelegt sind. Diese Vertr\u00e4ge tragen dazu bei, eine solide Grundlage f\u00fcr die Zusammenarbeit zu schaffen und Transparenz w\u00e4hrend des gesamten Engagements zu gew\u00e4hrleisten.<\/p>\n<p>Um eine effiziente Kommunikation und Zusammenarbeit zu erm\u00f6glichen, stellen wir unseren Kunden den Zugang zu einem <a href=\"https:\/\/manager.ignitech.ma\/\" target=\"_blank\" rel=\"noopener\">Kunden- und Managerportal<\/a> zur Verf\u00fcgung. Dieses Portal dient als zentrale Drehscheibe, \u00fcber die Kunden bequem auf Projektaktualisierungen, Berichte und andere relevante Informationen zugreifen k\u00f6nnen.<\/p>\n<p>Kundenvertr\u00e4ge sind ein wesentlicher Bestandteil unserer Zusammenarbeit. Wir wissen, wie wichtig klare Erwartungen und gegenseitiges Verst\u00e4ndnis zwischen unserer Agentur und unseren Kunden sind. Unsere Kundenvertr\u00e4ge beschreiben den Umfang der Dienstleistungen, die zu erbringenden Leistungen, die Fristen und alle spezifischen Bedingungen, um Transparenz und Rechenschaftspflicht zu gew\u00e4hrleisten. Diese Vertr\u00e4ge sch\u00fctzen die Interessen beider Parteien und bilden ein solides Fundament f\u00fcr eine erfolgreiche Partnerschaft.<\/p>\n<p>Um eine effektive Kommunikation und Zusammenarbeit zu erm\u00f6glichen, bieten wir unseren Kunden Zugang zu einem sicheren Kunden- und Managerportal. Dieses Portal dient als zentrale Plattform, auf der Kunden bequem mit ihren dedizierten Kundenbetreuern kommunizieren, auf projektbezogene Dokumente zugreifen, Fortschrittsberichte \u00fcberpr\u00fcfen und Feedback geben k\u00f6nnen. Wir glauben an die F\u00f6rderung von Transparenz, Effizienz und nahtloser Zusammenarbeit durch optimierte Kommunikationskan\u00e4le.<\/p>\n<p>F\u00fcr den Fall von Streitigkeiten oder Meinungsverschiedenheiten verf\u00fcgen wir \u00fcber ein strukturiertes <a href=\"https:\/\/www.ignitech.ma\/de\/refund_returns\/\">Streitbeilegungsverfahren<\/a> . Unser Ziel ist es, Probleme fair und zeitnah anzugehen und zu l\u00f6sen und dabei die positiven Beziehungen zu unseren Kunden zu erhalten. Wir legen Wert auf offene Kommunikation, aktives Zuh\u00f6ren und die Suche nach f\u00fcr beide Seiten vorteilhaften L\u00f6sungen, um die Zufriedenheit aller Beteiligten zu gew\u00e4hrleisten.<\/p>\n<p>Die Einhaltung von Werbegesetzen und -vorschriften ist ein Kernprinzip unserer Agentur. Wir halten uns \u00fcber die sich st\u00e4ndig weiterentwickelnden Werbevorschriften auf dem Laufenden, um sicherzustellen, dass unsere Marketingkampagnen in voller \u00dcbereinstimmung mit den geltenden Gesetzen und Richtlinien stehen. Durch die Einhaltung von Werbevorschriften mindern wir Risiken, sch\u00fctzen den Ruf unserer Kunden und stellen sicher, dass ihre Marketingbem\u00fchungen nachhaltige und langfristige Ergebnisse liefern.<\/p>\n<p>Als verantwortungsbewusste Digital- und Social-Media-Marketing-Agentur verpflichten wir uns zur Einhaltung der Werbegesetze und -vorschriften. Wir halten uns \u00fcber Branchenrichtlinien und Best Practices auf dem Laufenden, um sicherzustellen, dass unsere Marketingkampagnen ethisch, transparent und konform sind.<\/p>\n<p>Bitte beachten Sie, dass die auf dieser Seite bereitgestellten Informationen nur zu Informationszwecken dienen und zum Zeitpunkt des Lesens m\u00f6glicherweise nicht korrekt oder aktuell sind. Es ist ratsam, sich an einen Steueranwalt, einen Handelsanwalt, einen Wirtschaftsanwalt oder einen internationalen Anwalt zu wenden, um die aktuelle G\u00fcltigkeit der Informationen zu \u00fcberpr\u00fcfen.<\/p>\n<p>Kontaktieren Sie uns noch heute, um Ihre Anforderungen an digitales Marketing zu besprechen und zu erfahren, wie IGNITECH DSMMA Ihnen helfen kann, online erfolgreich zu sein.<\/p>\n\t\t\t\t\t\t\t\t<\/div>\n\t\t\t\t<div class=\"elementor-element elementor-element-6b6c4f2 elementor-widget elementor-widget-spacer\" data-id=\"6b6c4f2\" data-element_type=\"widget\" data-widget_type=\"spacer.default\">\n\t\t\t\t\t\t\t<div class=\"elementor-spacer\">\n\t\t\t<div class=\"elementor-spacer-inner\"><\/div>\n\t\t<\/div>\n\t\t\t\t\t\t<\/div>\n\t\t\t\t\t<\/div>\n\t\t<\/div>\n\t\t\t\t\t<\/div>\n\t\t<\/section>\n\t\t\t\t<\/div>\n\t\t","protected":false},"excerpt":{"rendered":"<p>Kontaktieren Sie uns noch heute! Erleben Sie die Leistungsf\u00e4higkeit personalisierter Unterst\u00fctzung Ignitech ist eine Agentur f\u00fcr Social Media Marketing. Wir liefern Social-Media- und digitale Marketingstrategien f\u00fcr Unternehmen weltweit. Kontaktieren Sie uns noch heute, um herauszufinden, wie wir Ihnen helfen k\u00f6nnen. Besuchen Sie uns: 13, RUE AHMED EL MAJJATI RES. LES ALPES 1er ETAGE N\u00b0 8 [&hellip;]<\/p>\n","protected":false},"author":1,"featured_media":0,"parent":0,"menu_order":0,"comment_status":"closed","ping_status":"closed","template":"","meta":{"_monsterinsights_skip_tracking":false,"_monsterinsights_sitenote_active":false,"_monsterinsights_sitenote_note":"","_monsterinsights_sitenote_category":0,"footnotes":""},"class_list":["post-25308","page","type-page","status-publish","hentry"],"_links":{"self":[{"href":"https:\/\/www.ignitech.ma\/de\/wp-json\/wp\/v2\/pages\/25308","targetHints":{"allow":["GET"]}}],"collection":[{"href":"https:\/\/www.ignitech.ma\/de\/wp-json\/wp\/v2\/pages"}],"about":[{"href":"https:\/\/www.ignitech.ma\/de\/wp-json\/wp\/v2\/types\/page"}],"author":[{"embeddable":true,"href":"https:\/\/www.ignitech.ma\/de\/wp-json\/wp\/v2\/users\/1"}],"replies":[{"embeddable":true,"href":"https:\/\/www.ignitech.ma\/de\/wp-json\/wp\/v2\/comments?post=25308"}],"version-history":[{"count":0,"href":"https:\/\/www.ignitech.ma\/de\/wp-json\/wp\/v2\/pages\/25308\/revisions"}],"wp:attachment":[{"href":"https:\/\/www.ignitech.ma\/de\/wp-json\/wp\/v2\/media?parent=25308"}],"curies":[{"name":"wp","href":"https:\/\/api.w.org\/{rel}","templated":true}]}}