{"id":25537,"date":"2019-04-22T13:35:02","date_gmt":"2019-04-22T11:35:02","guid":{"rendered":"https:\/\/www.ignitech.ma\/privacy-policy\/"},"modified":"2023-10-04T18:35:46","modified_gmt":"2023-10-04T16:35:46","slug":"datenschutzerklaerung","status":"publish","type":"page","link":"https:\/\/www.ignitech.ma\/de\/datenschutzerklaerung\/","title":{"rendered":"Datenschutzerkl\u00e4rung"},"content":{"rendered":"<p>Zuletzt aktualisiert: 22. April 2019<\/p>\n<p>Ignitech (&#8222;uns&#8220;, &#8222;wir&#8220; oder &#8222;unser&#8220;) betreibt die https:\/\/www.ignitech.ma Website (der &#8222;Dienst&#8220;).<\/p>\n<p>Diese Seite informiert Sie \u00fcber unsere Richtlinien in Bezug auf die Erfassung, Verwendung und Offenlegung personenbezogener Daten, wenn Sie unseren Dienst nutzen.<\/p>\n<p>Wir werden Ihre Daten nicht verwenden oder an Dritte weitergeben, es sei denn, dies ist in dieser Datenschutzrichtlinie beschrieben.<\/p>\n<p>Wir verwenden Ihre personenbezogenen Daten zur Bereitstellung und Verbesserung des Dienstes. Durch die Nutzung des Dienstes erkl\u00e4ren Sie sich mit der Erfassung und Verwendung von Informationen in \u00dcbereinstimmung mit dieser Richtlinie einverstanden. Sofern in dieser Datenschutzrichtlinie nicht anders definiert, haben die in dieser Datenschutzrichtlinie verwendeten Begriffe die gleiche Bedeutung wie in unseren Allgemeinen Gesch\u00e4ftsbedingungen, die unter https:\/\/www.ignitech.ma zug\u00e4nglich sind.<\/p>\n<h2><strong>Datenschutzerkl\u00e4rung &#8211; Erfassung und Verwendung von Informationen<\/strong><\/h2>\n<p>W\u00e4hrend der Nutzung unseres Dienstes k\u00f6nnen wir Sie bitten, uns bestimmte personenbezogene Daten zur Verf\u00fcgung zu stellen, die verwendet werden k\u00f6nnen, um Sie zu kontaktieren oder zu identifizieren. Personenbezogene Daten k\u00f6nnen unter anderem Ihre E-Mail-Adresse, Ihren Namen, Ihre Telefonnummer und andere Informationen (&#8222;personenbezogene Daten&#8220;) umfassen.<\/p>\n<p>Wir erfassen diese Informationen, um den Dienst bereitzustellen, Sie zu identifizieren und mit Ihnen zu kommunizieren, auf Ihre Anfragen\/Anfragen zu antworten, Ihre Bestellungen zu bearbeiten und unsere Dienste zu verbessern.<\/p>\n<h2><strong>Datenschutzerkl\u00e4rung &#8211; Log-Daten<\/strong><\/h2>\n<p>Wir k\u00f6nnen auch Informationen sammeln, die Ihr Browser sendet, wenn Sie unseren Dienst besuchen (&#8222;Protokolldaten&#8220;). Diese Protokolldaten k\u00f6nnen Informationen wie die IP-Adresse Ihres Computers, den Browsertyp, die Browserversion, die von Ihnen besuchten Seiten unseres Dienstes, die Uhrzeit und das Datum Ihres Besuchs, die auf diesen Seiten verbrachte Zeit und andere Statistiken enthalten.<\/p>\n<p>Dar\u00fcber hinaus k\u00f6nnen wir Dienste von Drittanbietern wie Google Analytics verwenden, die diese Art von Informationen sammeln, \u00fcberwachen und analysieren, um die Funktionalit\u00e4t unseres Dienstes zu verbessern. Diese Drittanbieter haben ihre eigenen Datenschutzrichtlinien, die regeln, wie sie solche Informationen verwenden.<\/p>\n<h2><strong>Datenschutzerkl\u00e4rung &#8211; Cookies<\/strong><\/h2>\n<p>Cookies sind Dateien mit einer kleinen Datenmenge, die eine anonyme eindeutige Kennung enthalten kann. Cookies werden von einer Website an Ihren Browser gesendet und auf Ihr Ger\u00e4t \u00fcbertragen. Wir verwenden Cookies, um Informationen zu sammeln, um unsere Dienstleistungen f\u00fcr Sie zu verbessern.<\/p>\n<p>Sie k\u00f6nnen Ihren Browser anweisen, alle Cookies abzulehnen oder anzuzeigen, wenn ein Cookie gesendet wird. Die Hilfefunktion der meisten Browser enth\u00e4lt Informationen dar\u00fcber, wie Sie Cookies akzeptieren, deaktivieren oder Sie benachrichtigen k\u00f6nnen, wenn Sie ein neues Cookie erhalten.<\/p>\n<p>Wenn Sie keine Cookies akzeptieren, k\u00f6nnen Sie m\u00f6glicherweise einige Funktionen unseres Dienstes nicht nutzen, und wir empfehlen Ihnen, diese eingeschaltet zu lassen.<\/p>\n<h2><strong>Datenschutzerkl\u00e4rung &#8211; Dienstleister<\/strong><\/h2>\n<p>Wir k\u00f6nnen Drittunternehmen und Einzelpersonen beauftragen, unseren Dienst zu erleichtern, den Dienst in unserem Namen bereitzustellen, dienstbezogene Dienste zu erbringen und\/oder uns bei der Analyse der Nutzung unseres Dienstes zu unterst\u00fctzen, wie z. B. <a href=\"https:\/\/analytics.google.com\/\" target=\"_blank\" rel=\"noopener\">Google Analytics<\/a> und <a href=\"https:\/\/developers.facebook.com\/docs\/meta-pixel\/\" target=\"_blank\" rel=\"noopener\">Facebook Pixel<\/a>.<\/p>\n<p>Diese Dritten haben nur Zugriff auf Ihre personenbezogenen Daten, um bestimmte Aufgaben in unserem Namen auszuf\u00fchren, und sind verpflichtet, Ihre Daten nicht f\u00fcr andere Zwecke offenzulegen oder zu verwenden.<\/p>\n<h2><strong>Datenschutzerkl\u00e4rung &#8211; Kommunikation<\/strong><\/h2>\n<p>Wir k\u00f6nnen Ihre personenbezogenen Daten verwenden, um Sie mit Newslettern und anderen Informationen zu kontaktieren, die f\u00fcr Sie von Interesse sein k\u00f6nnten. Sie k\u00f6nnen den Erhalt einiger oder aller dieser Mitteilungen von uns abbestellen, indem Sie dem Abmeldelink oder den Anweisungen in jeder von uns gesendeten E-Mail folgen.<\/p>\n<h2><strong>Datenschutzerkl\u00e4rung &#8211; Einhaltung von Gesetzen<\/strong><\/h2>\n<p>Wir werden Ihre personenbezogenen Daten offenlegen, wenn dies gesetzlich oder per Vorladung erforderlich ist oder wenn wir der Ansicht sind, dass eine solche Ma\u00dfnahme erforderlich ist, um das Gesetz und die angemessenen Anfragen der Strafverfolgungsbeh\u00f6rden einzuhalten oder die Sicherheit oder Integrit\u00e4t unseres Dienstes zu sch\u00fctzen.<\/p>\n<h2><strong>Datenschutzerkl\u00e4rung &#8211; Sicherheit<\/strong><\/h2>\n<p>Die Sicherheit Ihrer personenbezogenen Daten ist uns wichtig, und wir bem\u00fchen uns, angemessene, kommerziell akzeptable Sicherheitsverfahren und -praktiken zu implementieren und aufrechtzuerhalten, die der Art der von uns gespeicherten Daten angemessen sind, um sie vor unbefugtem Zugriff, Zerst\u00f6rung, Verwendung, \u00c4nderung oder Offenlegung zu sch\u00fctzen.<\/p>\n<p>Bitte beachten Sie jedoch, dass keine Methode der \u00dcbertragung \u00fcber das Internet oder der elektronischen Speicherung zu 100 % sicher ist und wir nicht in der Lage sind, die absolute Sicherheit der personenbezogenen Daten, die wir von Ihnen erhoben haben, zu garantieren.<\/p>\n<h2><strong>Datenschutzerkl\u00e4rung &#8211; Links zu anderen Websites<\/strong><\/h2>\n<p>Unser Service kann Links zu anderen Websites enthalten, die nicht von uns betrieben werden. Wenn Sie auf einen Link eines Drittanbieters klicken, werden Sie auf die Website dieses Drittanbieters weitergeleitet. Wir empfehlen Ihnen dringend, die Datenschutzrichtlinien jeder Website, die Sie besuchen, zu lesen.<\/p>\n<p>Wir haben keine Kontrolle \u00fcber und \u00fcbernehmen keine Verantwortung f\u00fcr den Inhalt, die Datenschutzrichtlinien oder die Praktiken von Websites oder Diensten Dritter.<\/p>\n<h2><strong>\u00c4nderungen an dieser Datenschutzerkl\u00e4rung<\/strong><\/h2>\n<p>Diese Datenschutzrichtlinie gilt ab dem oben genannten Datum und bleibt in Kraft, au\u00dfer in Bezug auf zuk\u00fcnftige \u00c4nderungen ihrer Bestimmungen, die unmittelbar nach der Ver\u00f6ffentlichung auf dieser Seite in Kraft treten.<\/p>\n<p>Wir behalten uns das Recht vor, unsere Datenschutzerkl\u00e4rung jederzeit zu aktualisieren oder zu \u00e4ndern, und Sie sollten diese Datenschutzerkl\u00e4rung regelm\u00e4\u00dfig \u00fcberpr\u00fcfen. Wenn Sie den Dienst weiterhin nutzen, nachdem wir \u00c4nderungen an der Datenschutzrichtlinie auf dieser Seite ver\u00f6ffentlicht haben, erkl\u00e4ren Sie sich mit den \u00c4nderungen einverstanden und erkl\u00e4ren sich damit einverstanden, die ge\u00e4nderte Datenschutzrichtlinie einzuhalten und an sie gebunden zu sein.<\/p>\n<p>Wenn wir wesentliche \u00c4nderungen an dieser Datenschutzrichtlinie vornehmen, werden wir Sie entweder \u00fcber die von Ihnen angegebene E-Mail-Adresse oder durch einen auff\u00e4lligen Hinweis auf unserer Website benachrichtigen.<\/p>\n<h2><strong>Kontaktieren Sie uns<\/strong><\/h2>\n<p>Wenn Sie Fragen zu dieser Datenschutzerkl\u00e4rung haben, besuchen Sie bitte unsere <a href=\"https:\/\/www.ignitech.ma\/de\/haeufig-gestellte-fragen\/\">FAQ<\/a> oder <strong><br \/>\n  <a href=\"https:\/\/www.ignitech.ma\/de\/kontaktieren-sie-uns\/\">kontaktieren Sie uns<\/a><br \/>\n<\/strong><a href=\"https:\/\/www.ignitech.ma\/de\/kontaktieren-sie-uns\/\">.<\/a><\/p>\n<p>\t\t\t\t\t\t\t\t\t\t\t\t\t\t\t<img loading=\"lazy\" decoding=\"async\" width=\"300\" height=\"291\" src=\"https:\/\/www.ignitech.ma\/wp-content\/uploads\/2023\/05\/Privacy-policy-IGNITECH-DSMMA-300x291.png\" alt=\"Privacy Policy - IGNITECH DSMMA\" loading=\"lazy\" srcset=\"https:\/\/www.ignitech.ma\/wp-content\/uploads\/2023\/05\/Privacy-policy-IGNITECH-DSMMA-300x291.png 300w, https:\/\/www.ignitech.ma\/wp-content\/uploads\/2023\/05\/Privacy-policy-IGNITECH-DSMMA-768x746.png 768w, https:\/\/www.ignitech.ma\/wp-content\/uploads\/2023\/05\/Privacy-policy-IGNITECH-DSMMA-600x583.png 600w, https:\/\/www.ignitech.ma\/wp-content\/uploads\/2023\/05\/Privacy-policy-IGNITECH-DSMMA.png 806w\" sizes=\"auto, (max-width: 300px) 100vw, 300px\" title=\"\"><\/p>\n","protected":false},"excerpt":{"rendered":"<p>Zuletzt aktualisiert: 22. April 2019 Ignitech (&#8222;uns&#8220;, &#8222;wir&#8220; oder &#8222;unser&#8220;) betreibt die https:\/\/www.ignitech.ma Website (der &#8222;Dienst&#8220;). Diese Seite informiert Sie \u00fcber unsere Richtlinien in Bezug auf die Erfassung, Verwendung und Offenlegung personenbezogener Daten, wenn Sie unseren Dienst nutzen. Wir werden Ihre Daten nicht verwenden oder an Dritte weitergeben, es sei denn, dies ist in dieser [&hellip;]<\/p>\n","protected":false},"author":1,"featured_media":0,"parent":0,"menu_order":0,"comment_status":"closed","ping_status":"closed","template":"","meta":{"_monsterinsights_skip_tracking":false,"_monsterinsights_sitenote_active":false,"_monsterinsights_sitenote_note":"","_monsterinsights_sitenote_category":0,"footnotes":""},"class_list":["post-25537","page","type-page","status-publish","hentry"],"_links":{"self":[{"href":"https:\/\/www.ignitech.ma\/de\/wp-json\/wp\/v2\/pages\/25537","targetHints":{"allow":["GET"]}}],"collection":[{"href":"https:\/\/www.ignitech.ma\/de\/wp-json\/wp\/v2\/pages"}],"about":[{"href":"https:\/\/www.ignitech.ma\/de\/wp-json\/wp\/v2\/types\/page"}],"author":[{"embeddable":true,"href":"https:\/\/www.ignitech.ma\/de\/wp-json\/wp\/v2\/users\/1"}],"replies":[{"embeddable":true,"href":"https:\/\/www.ignitech.ma\/de\/wp-json\/wp\/v2\/comments?post=25537"}],"version-history":[{"count":0,"href":"https:\/\/www.ignitech.ma\/de\/wp-json\/wp\/v2\/pages\/25537\/revisions"}],"wp:attachment":[{"href":"https:\/\/www.ignitech.ma\/de\/wp-json\/wp\/v2\/media?parent=25537"}],"curies":[{"name":"wp","href":"https:\/\/api.w.org\/{rel}","templated":true}]}}