{"id":25658,"date":"2019-04-22T14:05:33","date_gmt":"2019-04-22T12:05:33","guid":{"rendered":"https:\/\/www.ignitech.ma\/terms-of-use-conditions\/"},"modified":"2023-10-04T18:36:40","modified_gmt":"2023-10-04T16:36:40","slug":"nutzungsbedingungen","status":"publish","type":"page","link":"https:\/\/www.ignitech.ma\/de\/nutzungsbedingungen\/","title":{"rendered":"Nutzungsbedingungen"},"content":{"rendered":"\t\t<div data-elementor-type=\"wp-page\" data-elementor-id=\"25658\" class=\"elementor elementor-25658 elementor-1530\" data-elementor-post-type=\"page\">\n\t\t\t\t\t\t<section data-particle_enable=\"false\" data-particle-mobile-disabled=\"false\" class=\"elementor-section elementor-top-section elementor-element elementor-element-28dd6d8c elementor-section-boxed elementor-section-height-default elementor-section-height-default\" data-id=\"28dd6d8c\" data-element_type=\"section\">\n\t\t\t\t\t\t<div class=\"elementor-container elementor-column-gap-default\">\n\t\t\t\t\t<div class=\"elementor-column elementor-col-100 elementor-top-column elementor-element elementor-element-3599643d\" data-id=\"3599643d\" data-element_type=\"column\">\n\t\t\t<div class=\"elementor-widget-wrap elementor-element-populated\">\n\t\t\t\t\t\t<div class=\"elementor-element elementor-element-de418c2 elementor-widget elementor-widget-spacer\" data-id=\"de418c2\" data-element_type=\"widget\" data-widget_type=\"spacer.default\">\n\t\t\t\t\t\t\t<div class=\"elementor-spacer\">\n\t\t\t<div class=\"elementor-spacer-inner\"><\/div>\n\t\t<\/div>\n\t\t\t\t\t\t<\/div>\n\t\t\t\t<div class=\"elementor-element elementor-element-f36e6e6 elementor-widget elementor-widget-spacer\" data-id=\"f36e6e6\" data-element_type=\"widget\" data-widget_type=\"spacer.default\">\n\t\t\t\t\t\t\t<div class=\"elementor-spacer\">\n\t\t\t<div class=\"elementor-spacer-inner\"><\/div>\n\t\t<\/div>\n\t\t\t\t\t\t<\/div>\n\t\t\t\t<div class=\"elementor-element elementor-element-1ae7c39d elementor-widget elementor-widget-text-editor\" data-id=\"1ae7c39d\" data-element_type=\"widget\" data-widget_type=\"text-editor.default\">\n\t\t\t\t\t\t\t\t\t<p>Diese Allgemeinen Gesch\u00e4ftsbedingungen beschreiben die Regeln und Vorschriften f\u00fcr die Nutzung der Website von ignitech.<br \/>IGNITECH befindet sich in: 13, RUE AHMED EL MAJJATI RES. LES ALPES 1\u00e9r ETAGE N\u00b08 QUARTIER MAARIF Casablanca 20370 &#8211; Casablanca , Marokko.<\/p>\n<p>Durch den Zugriff auf die Website von IGNITECH wird davon ausgegangen, dass Sie diese Allgemeinen Gesch\u00e4ftsbedingungen vollst\u00e4ndig akzeptiert haben. Wenn Sie nicht mit allen auf dieser Seite aufgef\u00fchrten Bedingungen einverstanden sind, sehen Sie bitte von der Nutzung unserer Website ab.<\/p>\n<p>Die folgende Terminologie gilt f\u00fcr diese Nutzungsbedingungen und -bedingungen, die Datenschutzerkl\u00e4rung, den Haftungsausschluss und alle Vereinbarungen: &#8222;Kunde&#8220;, &#8222;Sie&#8220; und &#8222;Ihr&#8220; beziehen sich auf Sie, die Person, die auf diese Website zugreift und die Allgemeinen Gesch\u00e4ftsbedingungen akzeptiert. &#8222;Das Unternehmen&#8220;, &#8222;Wir selbst&#8220;, &#8222;Wir&#8220;, &#8222;Unser&#8220; und &#8222;Uns&#8220; beziehen sich auf unser Unternehmen. &#8222;Partei&#8220;, &#8222;Parteien&#8220; oder &#8222;uns&#8220; beziehen sich sowohl auf den Kunden als auch auf uns selbst oder entweder auf den Kunden oder auf uns selbst.<\/p>\n<p>Alle Bedingungen beziehen sich auf das Angebot, die Annahme und die Ber\u00fccksichtigung der Zahlung, die erforderlich sind, um den Prozess der Unterst\u00fctzung des Kunden in der am besten geeigneten Weise durchzuf\u00fchren, sei es durch formelle Treffen oder auf andere Weise, mit dem ausdr\u00fccklichen Zweck, die Bed\u00fcrfnisse des Kunden in Bezug auf unsere Dienstleistungen und Produkte in \u00dcbereinstimmung mit den geltenden Gesetzen zu erf\u00fcllen.<\/p>\n<p>Wir verwenden Cookies. Durch die Nutzung der Website von IGNITECH erkennen Sie die Verwendung von Cookies in \u00dcbereinstimmung mit den Nutzungsbedingungen und der Datenschutzrichtlinie von IGNITECH an und stimmen dieser zu. Die meisten modernen interaktiven Websites verwenden Cookies, um Benutzerdaten f\u00fcr jeden Besuch abzurufen. Cookies werden in bestimmten Bereichen unserer Website verwendet, um die Funktionalit\u00e4t zu erm\u00f6glichen und die Benutzererfahrung zu verbessern. Einige unserer Affiliate- und Werbepartner k\u00f6nnen ebenfalls Cookies verwenden.<\/p>\n<p>Sofern nicht anders angegeben, besitzen IGNITECH und\/oder seine Lizenzgeber die geistigen Eigentumsrechte f\u00fcr alle Materialien auf IGNITECH. Alle geistigen Eigentumsrechte sind vorbehalten. Sie k\u00f6nnen Seiten unserer Website (<a href=\"https:\/\/www.ignitech.ma\/de\/\" target=\"_new\">https:\/\/www.ignitech.ma<\/a>) f\u00fcr den pers\u00f6nlichen Gebrauch anzeigen und\/oder ausdrucken, vorbehaltlich der in diesen Allgemeinen Gesch\u00e4ftsbedingungen festgelegten Einschr\u00e4nkungen. Sie d\u00fcrfen Material von unserer Website nicht erneut ver\u00f6ffentlichen, verkaufen, vermieten, unterlizenzieren, reproduzieren, duplizieren oder kopieren. Die Weiterverbreitung von Inhalten von IGNITECH ist untersagt, es sei denn, bestimmte Inhalte sind f\u00fcr die Weiterverbreitung bestimmt.<\/p>\n<h3><strong>Richtlinien und Nutzungsbedingungen f\u00fcr Benutzerkommentare<\/strong><\/h3>\n<p>Diese Vereinbarung beginnt mit dem Datum dieser Vereinbarung.<\/p>\n<p><span style=\"color: var( --e-global-color-text );\">Bestimmte Teile dieser Website bieten den Nutzern die M\u00f6glichkeit, Meinungen, Informationen, <\/span>Materialien und Daten (&#8222;Kommentare&#8220;) in Bereichen der Website zu ver\u00f6ffentlichen und auszutauschen. IGNITECH pr\u00fcft, bearbeitet, ver\u00f6ffentlicht nicht<br \/>oder Kommentare vor ihrem Erscheinen auf der Website zu \u00fcberpr\u00fcfen und Kommentare spiegeln nicht die Ansichten oder Meinungen von IGNITECH, seinen Vertretern oder verbundenen Unternehmen wider. Kommentare spiegeln die Ansicht und Meinung der Person wider, die eine solche Ansicht oder Meinung ver\u00f6ffentlicht. Soweit dies nach geltendem Recht zul\u00e4ssig ist, ist IGNITECH nicht verantwortlich oder haftbar f\u00fcr die Kommentare oder f\u00fcr Verluste, Kosten, Haftungen, Sch\u00e4den oder Ausgaben, die durch die Nutzung und\/oder Ver\u00f6ffentlichung und\/oder das Erscheinen der Kommentare auf dieser Website verursacht und\/oder erlitten werden.<\/p>\n<p>IGNITECH beh\u00e4lt sich das Recht vor, alle Kommentare zu \u00fcberwachen und alle Kommentare zu entfernen, die nach eigenem Ermessen als unangemessen, beleidigend oder anderweitig gegen diese Allgemeinen Gesch\u00e4ftsbedingungen versto\u00dfend erachtet werden.<br \/>Sie garantieren und versichern, dass:<br \/>Sie sind berechtigt, die Kommentare auf unserer Website zu ver\u00f6ffentlichen und verf\u00fcgen \u00fcber alle erforderlichen Lizenzen und Zustimmungen, um dies zu tun;<br \/>Die Kommentare verletzen keine geistigen Eigentumsrechte, einschlie\u00dflich, aber nicht beschr\u00e4nkt auf Urheberrechte, Patente oder Marken oder andere Eigentumsrechte Dritter;<\/p>\n<p>Die Kommentare enthalten kein diffamierendes, verleumderisches, beleidigendes, unanst\u00e4ndiges oder anderweitig rechtswidriges Material oder Material, das eine Verletzung der Privatsph\u00e4re darstellt<br \/>Die Kommentare werden nicht verwendet, um Gesch\u00e4fte oder Br\u00e4uche zu bewerben oder zu f\u00f6rdern oder kommerzielle Aktivit\u00e4ten oder rechtswidrige Aktivit\u00e4ten darzustellen.<\/p>\n<p>Durch das Einreichen Ihrer Kommentare gew\u00e4hren Sie IGNITECH hiermit eine nicht-exklusive, geb\u00fchrenfreie Lizenz zur Nutzung, Vervielf\u00e4ltigung, Bearbeitung und Autorisierung anderer zur Nutzung, Vervielf\u00e4ltigung und Bearbeitung Ihrer Kommentare in allen Formen, Formaten oder Medien, wie in unseren Nutzungsbedingungen angegeben.<\/p>\n<h3><strong>Nutzungsbedingungen f\u00fcr Hyperlinks zu unseren Inhalten<\/strong><\/h3>\n<p>Die folgenden Organisationen k\u00f6nnen ohne vorherige schriftliche Genehmigung auf unsere Website verlinken:<\/p>\n<p>Regierungsbeh\u00f6rden;<br \/>Suchmaschinen;<br \/>Nachrichtenorganisationen;<br \/>Online-Verzeichnisverteiler, die uns in das Verzeichnis aufnehmen, k\u00f6nnen auf unsere Website verlinken.<br \/>Art und Weise, wie sie Hyperlinks zu den Websites anderer b\u00f6rsennotierter Unternehmen setzen; und<br \/>Systemweit akkreditierte Unternehmen, mit Ausnahme von gemeinn\u00fctzigen Organisationen, Wohlt\u00e4tigkeits-Einkaufszentren,<br \/>und Wohlt\u00e4tigkeitsorganisationen, die keinen Hyperlink zu unserer Website setzen d\u00fcrfen.<\/p>\n<p>Diese Organisationen k\u00f6nnen Links zu unserer Homepage, zu Ver\u00f6ffentlichungen oder zu anderen Website-Informationen erstellen, solange der Link: (a) in keiner Weise irref\u00fchrend ist; (b) nicht f\u00e4lschlicherweise ein Sponsoring, eine Billigung oder eine Genehmigung der verlinkenden Partei und ihrer Produkte oder Dienstleistungen impliziert; und (c) in den Kontext der Verlinkung passt<br \/>Seite der Partei.<\/p>\n<p>Wir k\u00f6nnen nach eigenem Ermessen andere Linkanfragen von den folgenden Arten von Organisationen pr\u00fcfen und genehmigen:<\/p>\n<p>allgemein bekannte Informationsquellen f\u00fcr Verbraucher und\/oder Unternehmen, wie z. B. Handelskammern wie <a href=\"https:\/\/www.uschamber.com\/\" target=\"_blank\" rel=\"noopener\">USchamber<\/a>, American<br \/>Automobilverband, AARP und Verbrauchergewerkschaft <a href=\"https:\/\/www.aarp.org\" target=\"_blank\" rel=\"noopener\">Aarp.org<\/a>;<\/p>\n<p>dot.com Community-Sites;<br \/>Verb\u00e4nde oder andere Gruppen, die Wohlt\u00e4tigkeitsorganisationen vertreten, einschlie\u00dflich Websites f\u00fcr wohlt\u00e4tige Zwecke,<br \/>Verteiler von Online-Verzeichnissen;<br \/>Internetportale;<br \/>Wirtschaftspr\u00fcfungs-, Rechts- und Beratungsunternehmen, deren Hauptkunden Unternehmen sind; und<br \/>Bildungseinrichtungen und Wirtschaftsverb\u00e4nden.<\/p>\n<p>Wir sch\u00e4tzen die M\u00f6glichkeit, Linkanfragen von Organisationen zu erhalten, die mit der Art unserer Website \u00fcbereinstimmen. Unsere Entscheidung, solche Anfragen zu pr\u00fcfen und zu genehmigen, basiert auf unserem Ermessen und in \u00dcbereinstimmung mit unseren Nutzungsbedingungen. Unsere prim\u00e4re \u00dcberlegung ist, ob der Link f\u00fcr unsere Nutzer und unsere Website von Vorteil ist.<\/p>\n<p>Bei der Beurteilung der Eignung eines angeforderten Links ber\u00fccksichtigen wir mehrere Faktoren. Erstens stellen wir sicher, dass der Link kein ung\u00fcnstiges Licht auf uns oder unsere akkreditierten Unternehmen wirft. Zum Beispiel erlauben wir keine Links von Organisationen, die von Natur aus verd\u00e4chtige Arten von Gesch\u00e4ften vertreten, wie z. B. M\u00f6glichkeiten f\u00fcr die Arbeit von zu Hause aus. Zweitens \u00fcberpr\u00fcfen wir mit uns die Bilanz der Organisation und stellen sicher, dass sie keine unbefriedigende Erfolgsbilanz hat.<\/p>\n<p>Dar\u00fcber hinaus bewerten wir den Gesamtnutzen f\u00fcr uns aus der mit dem Hyperlink verbundenen Sichtbarkeit. Wir pr\u00fcfen, ob die Vorteile der Aufnahme des Links die potenziellen Nachteile oder das Fehlen von Vorteilen \u00fcberwiegen. Schlie\u00dflich beurteilen wir den Kontext des Links. Wenn der Link in Form von allgemeinen Ressourceninformationen vorliegt oder wenn er mit dem redaktionellen Inhalt eines Newsletters oder eines \u00e4hnlichen Produkts \u00fcbereinstimmt, das die Mission der Organisation f\u00f6rdert, ist es wahrscheinlicher, dass er f\u00fcr eine Genehmigung in Betracht gezogen wird.<\/p>\n<p>Bitte beachten Sie, dass unsere Entscheidung, Linkanfragen zu genehmigen oder abzulehnen, von Fall zu Fall getroffen wird, unter Ber\u00fccksichtigung dieser Kriterien und unseres Engagements, unseren Nutzern eine wertvolle und vertrauensw\u00fcrdige Erfahrung zu bieten.<\/p>\n<p>Diese Organisationen k\u00f6nnen Links zu unserer Homepage, zu Ver\u00f6ffentlichungen oder zu anderen Website-Informationen erstellen, solange der Link: (a) in keiner Weise irref\u00fchrend ist; (b) nicht f\u00e4lschlicherweise ein Sponsoring, eine Billigung oder eine Genehmigung der verlinkenden Partei und ihrer Produkte oder Dienstleistungen impliziert; und (c) in den Kontext der Website der verlinkenden Partei passt.<\/p>\n<p>Wenn Sie zu den in Absatz 2 genannten Organisationen geh\u00f6ren und an einer Verlinkung zu unserer Website interessiert sind, m\u00fcssen Sie uns dies per E-Mail an support@ignitech.ma mitteilen.<\/p>\n<p>Bitte geben Sie Ihren Namen, den Namen Ihrer Organisation, Kontaktinformationen (z. B. eine Telefonnummer und\/oder E-Mail-Adresse) sowie die URL Ihrer Website, eine Liste aller URLs, von denen aus Sie auf unsere Website verlinken m\u00f6chten, und eine Liste der URL(s) auf unserer Website an, auf die Sie verlinken m\u00f6chten. Rechnen Sie mit 2-3 Wochen f\u00fcr eine Antwort.<\/p>\n<p>Zugelassene Organisationen k\u00f6nnen wie folgt auf unsere Website verlinken:<\/p>\n<p>Durch die Verwendung unseres Firmennamens; oder<br \/>Durch die Verwendung des Uniform Resource Locator (Webadresse), auf den verlinkt wird; oder<br \/>Durch die Verwendung einer anderen Beschreibung unserer Website oder des verlinkten Materials, die innerhalb der<br \/>Kontext und Format des Inhalts auf der Website der verlinkenden Partei.<\/p>\n<p>Die Verwendung des IGNITECH-Logos oder anderer Grafiken f\u00fcr die Verlinkung ist ohne Markenlizenz nicht gestattet<br \/>Vereinbarung.<\/p>\n<h3>iframes: Nutzungsbedingungen und Richtlinien<\/h3>\n<p>Ohne vorherige Genehmigung und ausdr\u00fcckliche schriftliche Genehmigung ist es Ihnen untersagt, Frames um unsere Webseiten herum zu erstellen oder andere Techniken zu verwenden, die die visuelle Darstellung oder das Erscheinungsbild unserer Website in irgendeiner Weise ver\u00e4ndern, gem\u00e4\u00df unseren Nutzungsbedingungen.<\/p>\n<h3>Vorbehalt von Rechten: Nutzungsbedingungen und Richtlinien<\/h3>\n<p>Wir behalten uns das Recht vor, jederzeit und nach eigenem Ermessen die Entfernung aller Links oder eines bestimmten Links zu unserer Website zu verlangen, wie in unseren Nutzungsbedingungen beschrieben. Sie erkl\u00e4ren sich damit einverstanden, alle Links zu unserer Website unverz\u00fcglich zu entfernen, sobald Sie eine solche Anfrage erhalten. Dar\u00fcber hinaus behalten wir uns das Recht vor, diese Allgemeinen Gesch\u00e4ftsbedingungen sowie unsere Verlinkungsrichtlinie jederzeit zu \u00e4ndern. Indem Sie weiterhin auf unsere Website verlinken, erkennen Sie diese Verlinkungsbedingungen an und erkl\u00e4ren sich damit einverstanden, an diese gebunden zu sein, wie in unseren Nutzungsbedingungen angegeben.<\/p>\n<h3><strong>Entfernung von Links von unserer Website<\/strong><\/h3>\n<p>Wenn Sie einen Link auf unserer Website oder eine verlinkte Website aus irgendeinem Grund als anst\u00f6\u00dfig empfinden, k\u00f6nnen Sie sich diesbez\u00fcglich an uns wenden. Wir erkennen an, dass wir gem\u00e4\u00df unseren Nutzungsbedingungen Antr\u00e4ge auf Entfernung von Links pr\u00fcfen werden; Wir sind jedoch nicht verpflichtet, dies zu tun oder Ihnen eine direkte Antwort zu geben. Obwohl wir uns bem\u00fchen, die Richtigkeit und Vollst\u00e4ndigkeit der Informationen auf dieser Website zu gew\u00e4hrleisten, \u00fcbernehmen wir keine Gew\u00e4hr f\u00fcr deren Vollst\u00e4ndigkeit oder Richtigkeit in \u00dcbereinstimmung mit unseren Nutzungsbedingungen. Obwohl wir uns bem\u00fchen, sicherzustellen, dass die Informationen auf dieser Website korrekt sind, \u00fcbernehmen wir keine Gew\u00e4hr f\u00fcr deren Vollst\u00e4ndigkeit oder Richtigkeit. Wir verpflichten uns auch nicht, daf\u00fcr zu sorgen, dass die Website verf\u00fcgbar bleibt oder dass das Material auf der Website auf dem neuesten Stand gehalten wird.<\/p>\n<h3>Haftung f\u00fcr Inhalte: Nutzungsbedingungen und Verantwortlichkeiten<\/h3>\n<p>Wir \u00fcbernehmen keine Verantwortung oder Haftung f\u00fcr Inhalte, die auf Ihrer Website erscheinen. Sie erkl\u00e4ren sich damit einverstanden, uns von allen Anspr\u00fcchen freizustellen und zu verteidigen, die sich aus Ihrer Website ergeben oder darauf basieren. Auf keiner Seite Ihrer Website oder in irgendeinem Kontext d\u00fcrfen Links erscheinen, die Inhalte oder Materialien enthalten, die als verleumderisch, obsz\u00f6n oder kriminell interpretiert werden k\u00f6nnen oder die Rechte Dritter verletzen, anderweitig verletzen oder deren Verletzung oder sonstige Verletzung bef\u00fcrworten.<\/p>\n<h3><strong>Verzichtserkl\u00e4rung<\/strong><\/h3>\n<p>Soweit dies nach geltendem Recht zul\u00e4ssig ist, schlie\u00dfen wir alle Zusicherungen, Gew\u00e4hrleistungen und Bedingungen in Bezug auf unsere Website und die Nutzung dieser Website aus, wie in unseren Nutzungsbedingungen dargelegt. Dazu geh\u00f6ren unter anderem alle gesetzlich implizierten Garantien in Bezug auf zufriedenstellende Qualit\u00e4t, Eignung f\u00fcr einen bestimmten Zweck und die Anwendung angemessener Sorgfalt und Sachkenntnis. Nichts in diesem Haftungsausschluss ber\u00fchrt die Rechte oder Pflichten, die in unseren Nutzungsbedingungen festgelegt sind.<\/p>\n<p>unsere oder Ihre Haftung f\u00fcr Tod oder K\u00f6rperverletzung aufgrund von Fahrl\u00e4ssigkeit einschr\u00e4nken oder ausschlie\u00dfen;<br \/>unsere oder Ihre Haftung f\u00fcr Betrug oder betr\u00fcgerische Falschdarstellung einzuschr\u00e4nken oder auszuschlie\u00dfen;<br \/>unsere oder Ihre Verbindlichkeiten in einer Weise einschr\u00e4nken, die nach geltendem Recht nicht zul\u00e4ssig ist; oder<br \/>unsere oder Ihre Verbindlichkeiten ausschlie\u00dfen, die nach geltendem Recht nicht ausgeschlossen werden k\u00f6nnen.<\/p>\n<p>Die in diesem Abschnitt und an anderer Stelle in diesem Haftungsausschluss dargelegten Haftungsbeschr\u00e4nkungen und -ausschl\u00fcsse: (a)<br \/>unterliegen dem vorstehenden Absatz und (b) regeln alle Verbindlichkeiten, die sich aus dem Haftungsausschluss ergeben oder<br \/>in Bezug auf den Gegenstand dieses Haftungsausschlusses, einschlie\u00dflich Verbindlichkeiten aus Vertrag, unerlaubter Handlung (einschlie\u00dflich Fahrl\u00e4ssigkeit) und Verletzung gesetzlicher Pflichten.<\/p>\n<p>Soweit die Website und die Informationen und Dienstleistungen auf der Website unentgeltlich zur Verf\u00fcgung gestellt werden,<br \/>Wir haften nicht f\u00fcr Verluste oder Sch\u00e4den jeglicher Art.<\/p>\n<h3><strong>Kontaktinformationen<\/strong><\/h3>\n<p>Wenn Sie Fragen zu unseren Bedingungen haben, <a href=\"https:\/\/www.ignitech.ma\/de\/kontaktieren-sie-uns\/\">kontaktieren Sie uns<\/a> bitte.<\/p>\n\t\t\t\t\t\t\t\t<\/div>\n\t\t\t\t<div class=\"elementor-element elementor-element-35e6e8d elementor-widget elementor-widget-image\" data-id=\"35e6e8d\" data-element_type=\"widget\" data-widget_type=\"image.default\">\n\t\t\t\t\t\t\t\t\t\t\t\t\t\t\t<img fetchpriority=\"high\" decoding=\"async\" width=\"300\" height=\"300\" src=\"https:\/\/cdn.ignitech.ma\/wp-content\/uploads\/2023\/05\/Terms-of-use-IGNITECH-DSMMA-300x300.jpg\" class=\"attachment-medium size-medium wp-image-25659\" alt=\"\" srcset=\"https:\/\/cdn.ignitech.ma\/wp-content\/uploads\/2023\/05\/Terms-of-use-IGNITECH-DSMMA-300x300.jpg 300w, https:\/\/cdn.ignitech.ma\/wp-content\/uploads\/2023\/05\/Terms-of-use-IGNITECH-DSMMA-1024x1024.jpg 1024w, https:\/\/cdn.ignitech.ma\/wp-content\/uploads\/2023\/05\/Terms-of-use-IGNITECH-DSMMA-150x150.jpg 150w, https:\/\/cdn.ignitech.ma\/wp-content\/uploads\/2023\/05\/Terms-of-use-IGNITECH-DSMMA-768x768.jpg 768w, https:\/\/cdn.ignitech.ma\/wp-content\/uploads\/2023\/05\/Terms-of-use-IGNITECH-DSMMA-1536x1536.jpg 1536w, https:\/\/cdn.ignitech.ma\/wp-content\/uploads\/2023\/05\/Terms-of-use-IGNITECH-DSMMA-600x600.jpg 600w, https:\/\/cdn.ignitech.ma\/wp-content\/uploads\/2023\/05\/Terms-of-use-IGNITECH-DSMMA-100x100.jpg 100w, https:\/\/cdn.ignitech.ma\/wp-content\/uploads\/2023\/05\/Terms-of-use-IGNITECH-DSMMA.jpg 2000w\" sizes=\"(max-width: 300px) 100vw, 300px\" title=\"\">\t\t\t\t\t\t\t\t\t\t\t\t\t\t\t<\/div>\n\t\t\t\t<div class=\"elementor-element elementor-element-96cd72f elementor-widget elementor-widget-spacer\" data-id=\"96cd72f\" data-element_type=\"widget\" data-widget_type=\"spacer.default\">\n\t\t\t\t\t\t\t<div class=\"elementor-spacer\">\n\t\t\t<div class=\"elementor-spacer-inner\"><\/div>\n\t\t<\/div>\n\t\t\t\t\t\t<\/div>\n\t\t\t\t\t<\/div>\n\t\t<\/div>\n\t\t\t\t\t<\/div>\n\t\t<\/section>\n\t\t\t\t<\/div>\n\t\t","protected":false},"excerpt":{"rendered":"<p>Diese Allgemeinen Gesch\u00e4ftsbedingungen beschreiben die Regeln und Vorschriften f\u00fcr die Nutzung der Website von ignitech.IGNITECH befindet sich in: 13, RUE AHMED EL MAJJATI RES. LES ALPES 1\u00e9r ETAGE N\u00b08 QUARTIER MAARIF Casablanca 20370 &#8211; Casablanca , Marokko. Durch den Zugriff auf die Website von IGNITECH wird davon ausgegangen, dass Sie diese Allgemeinen Gesch\u00e4ftsbedingungen vollst\u00e4ndig akzeptiert [&hellip;]<\/p>\n","protected":false},"author":1,"featured_media":0,"parent":0,"menu_order":0,"comment_status":"closed","ping_status":"closed","template":"","meta":{"_monsterinsights_skip_tracking":false,"_monsterinsights_sitenote_active":false,"_monsterinsights_sitenote_note":"","_monsterinsights_sitenote_category":0,"footnotes":""},"class_list":["post-25658","page","type-page","status-publish","hentry"],"_links":{"self":[{"href":"https:\/\/www.ignitech.ma\/de\/wp-json\/wp\/v2\/pages\/25658","targetHints":{"allow":["GET"]}}],"collection":[{"href":"https:\/\/www.ignitech.ma\/de\/wp-json\/wp\/v2\/pages"}],"about":[{"href":"https:\/\/www.ignitech.ma\/de\/wp-json\/wp\/v2\/types\/page"}],"author":[{"embeddable":true,"href":"https:\/\/www.ignitech.ma\/de\/wp-json\/wp\/v2\/users\/1"}],"replies":[{"embeddable":true,"href":"https:\/\/www.ignitech.ma\/de\/wp-json\/wp\/v2\/comments?post=25658"}],"version-history":[{"count":0,"href":"https:\/\/www.ignitech.ma\/de\/wp-json\/wp\/v2\/pages\/25658\/revisions"}],"wp:attachment":[{"href":"https:\/\/www.ignitech.ma\/de\/wp-json\/wp\/v2\/media?parent=25658"}],"curies":[{"name":"wp","href":"https:\/\/api.w.org\/{rel}","templated":true}]}}