{"id":25280,"date":"2019-06-27T01:27:38","date_gmt":"2019-06-26T23:27:38","guid":{"rendered":"https:\/\/www.ignitech.ma\/careers-at-ignitech\/"},"modified":"2023-10-04T18:09:48","modified_gmt":"2023-10-04T16:09:48","slug":"carreras-en-ignitech","status":"publish","type":"page","link":"https:\/\/www.ignitech.ma\/es\/carreras-en-ignitech\/","title":{"rendered":"Carreras en Ignitech"},"content":{"rendered":"\t\t<div data-elementor-type=\"wp-page\" data-elementor-id=\"25280\" class=\"elementor elementor-25280 elementor-2257\" data-elementor-post-type=\"page\">\n\t\t\t\t\t\t<section data-particle_enable=\"false\" data-particle-mobile-disabled=\"false\" class=\"elementor-section elementor-top-section elementor-element elementor-element-6b63f1b elementor-section-boxed elementor-section-height-default elementor-section-height-default\" data-id=\"6b63f1b\" data-element_type=\"section\">\n\t\t\t\t\t\t<div class=\"elementor-container elementor-column-gap-default\">\n\t\t\t\t\t<div class=\"elementor-column elementor-col-100 elementor-top-column elementor-element elementor-element-8e4b986\" data-id=\"8e4b986\" data-element_type=\"column\">\n\t\t\t<div class=\"elementor-widget-wrap elementor-element-populated\">\n\t\t\t\t\t\t<div class=\"elementor-element elementor-element-98a5f01 elementor-widget elementor-widget-spacer\" data-id=\"98a5f01\" data-element_type=\"widget\" data-widget_type=\"spacer.default\">\n\t\t\t\t\t\t\t<div class=\"elementor-spacer\">\n\t\t\t<div class=\"elementor-spacer-inner\"><\/div>\n\t\t<\/div>\n\t\t\t\t\t\t<\/div>\n\t\t\t\t<div class=\"elementor-element elementor-element-d133f7e elementor-widget elementor-widget-spacer\" data-id=\"d133f7e\" data-element_type=\"widget\" data-widget_type=\"spacer.default\">\n\t\t\t\t\t\t\t<div class=\"elementor-spacer\">\n\t\t\t<div class=\"elementor-spacer-inner\"><\/div>\n\t\t<\/div>\n\t\t\t\t\t\t<\/div>\n\t\t\t\t<div class=\"elementor-element elementor-element-ec1f770 elementor-widget elementor-widget-text-editor\" data-id=\"ec1f770\" data-element_type=\"widget\" data-widget_type=\"text-editor.default\">\n\t\t\t\t\t\t\t\t\t<div class=\"wpb_text_column wpb_content_element \">\n<div class=\"wpb_wrapper\">\n<p>\u00danase a nuestra misi\u00f3n en IGNITECH para crear los servicios de marketing digital l\u00edderes y ser parte de un equipo que ayuda a las empresas de todo el mundo a liberar todo su potencial. Ofrecemos oportunidades emocionantes para el crecimiento personal y el desarrollo profesional, lo que le permite ampliar sus conocimientos y habilidades mientras tiene un impacto real. Descubre las posibilidades y emb\u00e1rcate en una carrera gratificante en IGNITECH<\/p>\n<\/div>\n<\/div>\n\t\t\t\t\t\t\t\t<\/div>\n\t\t\t\t\t<\/div>\n\t\t<\/div>\n\t\t\t\t\t<\/div>\n\t\t<\/section>\n\t\t\t\t<section data-particle_enable=\"false\" data-particle-mobile-disabled=\"false\" class=\"elementor-section elementor-top-section elementor-element elementor-element-b11612a elementor-section-boxed elementor-section-height-default elementor-section-height-default\" data-id=\"b11612a\" data-element_type=\"section\">\n\t\t\t\t\t\t<div class=\"elementor-container elementor-column-gap-default\">\n\t\t\t\t\t<div class=\"elementor-column elementor-col-50 elementor-top-column elementor-element elementor-element-5b8010c\" data-id=\"5b8010c\" data-element_type=\"column\">\n\t\t\t<div class=\"elementor-widget-wrap elementor-element-populated\">\n\t\t\t\t\t\t<div class=\"elementor-element elementor-element-42bd5cb elementor-widget elementor-widget-heading\" data-id=\"42bd5cb\" data-element_type=\"widget\" data-widget_type=\"heading.default\">\n\t\t\t\t\t<h2 class=\"elementor-heading-title elementor-size-large\">Marketing en Redes Sociales<\/h2>\t\t\t\t<\/div>\n\t\t\t\t<div class=\"elementor-element elementor-element-b598e28 elementor-widget elementor-widget-text-editor\" data-id=\"b598e28\" data-element_type=\"widget\" data-widget_type=\"text-editor.default\">\n\t\t\t\t\t\t\t\t\t<ul>\n<li>Junior Community Manager<\/li>\n<\/ul>\n\t\t\t\t\t\t\t\t<\/div>\n\t\t\t\t<div class=\"elementor-element elementor-element-1e0d213 elementor-widget elementor-widget-heading\" data-id=\"1e0d213\" data-element_type=\"widget\" data-widget_type=\"heading.default\">\n\t\t\t\t\t<h2 class=\"elementor-heading-title elementor-size-large\">Mercadeo en Internet  <\/h2>\t\t\t\t<\/div>\n\t\t\t\t<div class=\"elementor-element elementor-element-8a6576f elementor-widget elementor-widget-text-editor\" data-id=\"8a6576f\" data-element_type=\"widget\" data-widget_type=\"text-editor.default\">\n\t\t\t\t\t\t\t\t\t<ul>\n<li>Especialista Junior en Marketing Digital<\/li>\n<li>Pasant\u00eda de Gerente de Cuentas de Marketing Digital<\/li>\n<\/ul>\n\t\t\t\t\t\t\t\t<\/div>\n\t\t\t\t\t<\/div>\n\t\t<\/div>\n\t\t\t\t<div class=\"elementor-column elementor-col-50 elementor-top-column elementor-element elementor-element-dc8db66\" data-id=\"dc8db66\" data-element_type=\"column\">\n\t\t\t<div class=\"elementor-widget-wrap elementor-element-populated\">\n\t\t\t\t\t\t<div class=\"elementor-element elementor-element-44a760a elementor-widget elementor-widget-heading\" data-id=\"44a760a\" data-element_type=\"widget\" data-widget_type=\"heading.default\">\n\t\t\t\t\t<h2 class=\"elementor-heading-title elementor-size-large\">Compradores de medios<\/h2>\t\t\t\t<\/div>\n\t\t\t\t<div class=\"elementor-element elementor-element-f21e9b8 elementor-widget elementor-widget-text-editor\" data-id=\"f21e9b8\" data-element_type=\"widget\" data-widget_type=\"text-editor.default\">\n\t\t\t\t\t\t\t\t\t<ul>\n<li>Compradores de medios de Google Ads<\/li>\n<li>Compradores de medios de anuncios de Facebook<\/li>\n<\/ul>\n\t\t\t\t\t\t\t\t<\/div>\n\t\t\t\t<div class=\"elementor-element elementor-element-45f5a69 elementor-widget elementor-widget-heading\" data-id=\"45f5a69\" data-element_type=\"widget\" data-widget_type=\"heading.default\">\n\t\t\t\t\t<h2 class=\"elementor-heading-title elementor-size-large\">Marketing de contenidos<\/h2>\t\t\t\t<\/div>\n\t\t\t\t<div class=\"elementor-element elementor-element-044d6cf elementor-widget elementor-widget-text-editor\" data-id=\"044d6cf\" data-element_type=\"widget\" data-widget_type=\"text-editor.default\">\n\t\t\t\t\t\t\t\t\t<ul style=\"overflow-wrap: break-word; font-family: 'Nunito Sans'; font-weight: 400; font-style: normal; font-size: 16px;\">\n<li style=\"font-size: 16px; margin-bottom: 0px;\">Redactora y editora remota (contrato independiente)<\/li>\n<\/ul>\n\t\t\t\t\t\t\t\t<\/div>\n\t\t\t\t\t<\/div>\n\t\t<\/div>\n\t\t\t\t\t<\/div>\n\t\t<\/section>\n\t\t\t\t<section data-particle_enable=\"false\" data-particle-mobile-disabled=\"false\" class=\"elementor-section elementor-top-section elementor-element elementor-element-0346a3b elementor-section-boxed elementor-section-height-default elementor-section-height-default\" data-id=\"0346a3b\" data-element_type=\"section\">\n\t\t\t\t\t\t<div class=\"elementor-container elementor-column-gap-default\">\n\t\t\t\t\t<div class=\"elementor-column elementor-col-100 elementor-top-column elementor-element elementor-element-913d15f\" data-id=\"913d15f\" data-element_type=\"column\">\n\t\t\t<div class=\"elementor-widget-wrap elementor-element-populated\">\n\t\t\t\t\t\t<div class=\"elementor-element elementor-element-b7c63c4 elementor-widget elementor-widget-text-editor\" data-id=\"b7c63c4\" data-element_type=\"widget\" data-widget_type=\"text-editor.default\">\n\t\t\t\t\t\t\t\t\t<div class=\"wpb_text_column wpb_content_element \">\n<div class=\"wpb_wrapper\">\n<p><span>Env\u00edanos tu curr\u00edculum a <\/span><span>Careers@ignitech.ma<\/span><\/p>\n<\/div>\n<\/div>\n\t\t\t\t\t\t\t\t<\/div>\n\t\t\t\t<div class=\"elementor-element elementor-element-3aaa6af elementor-widget elementor-widget-text-editor\" data-id=\"3aaa6af\" data-element_type=\"widget\" data-widget_type=\"text-editor.default\">\n\t\t\t\t\t\t\t\t\t<p>Las carreras en IGNITECH ofrecen perspectivas emocionantes para personas talentosas como usted. Si te apasiona el marketing digital y buscas una oportunidad profesional gratificante, te invitamos a unirte a nuestro equipo. Como administrador de redes sociales, comprador de medios, editor de video, dise\u00f1ador o comercializador de contenido, tendr\u00e1 la oportunidad de mostrar sus habilidades y contribuir a nuestro entorno de trabajo din\u00e1mico. En IGNITECH, valoramos la creatividad, la innovaci\u00f3n y la colaboraci\u00f3n, proporcionando una plataforma para que sobresalga y crezca. D\u00e9 el siguiente paso en su trayectoria profesional y explore las posibilidades ilimitadas con Carreras en IGNITECH.<\/p>\n<p>Como administrador de redes sociales, ser\u00e1 responsable de desarrollar y ejecutar estrategias de redes sociales, administrar cuentas de redes sociales y analizar el rendimiento de la campa\u00f1a. Tendr\u00e1 la oportunidad de trabajar con una variedad de clientes e industrias, creando contenido atractivo e impulsando campa\u00f1as impactantes en las redes sociales.<\/p>\n<p>Si tiene un buen ojo para el dise\u00f1o y la creatividad, nuestro rol de dise\u00f1ador podr\u00eda ser el ajuste perfecto para usted. Colaborar\u00e1 con nuestro equipo para crear gr\u00e1ficos visualmente impresionantes, dise\u00f1os de sitios web y materiales de marketing que se alineen con la marca y los objetivos de nuestros clientes.<\/p>\n<p>Como comprador de medios, desempe\u00f1ar\u00e1 un papel crucial en la planificaci\u00f3n y ejecuci\u00f3n de campa\u00f1as publicitarias efectivas en varias plataformas digitales. Tendr\u00e1 la oportunidad de aprovechar sus habilidades anal\u00edticas para optimizar el rendimiento de la campa\u00f1a, llegar al p\u00fablico objetivo e impulsar las conversiones.<\/p>\n<p>Para aquellos con una habilidad especial para contar historias y crear contenido, nuestra posici\u00f3n de Content Marketer ofrece la oportunidad de crear narrativas convincentes, desarrollar publicaciones y art\u00edculos de blog atractivos e impulsar el tr\u00e1fico org\u00e1nico a trav\u00e9s de estrategias de marketing de contenido.<\/p>\n<p>En IGNITECH, valoramos la creatividad, la innovaci\u00f3n y el esp\u00edritu colaborativo. Fomentamos una cultura empresarial solidaria e inclusiva que fomenta el crecimiento y el desarrollo profesional. Si est\u00e1 listo para llevar su carrera en marketing digital al siguiente nivel, env\u00ede su CV o curr\u00edculum a trav\u00e9s de nuestra p\u00e1gina de Carreras o con\u00e9ctese con nosotros en <a href=\"https:\/\/www.linkedin.com\/company\/ignitech-ma\/\" target=\"_blank\" rel=\"noopener\">LinkedIn<\/a>.<\/p>\n<p>\u00danase a nuestro equipo en IGNITECH y emb\u00e1rquese en un viaje gratificante con Carreras en IGNITECH y sea parte de nuestra misi\u00f3n de ofrecer soluciones excepcionales de marketing digital a nuestros clientes. Esperamos tener noticias suyas y explorar las emocionantes oportunidades profesionales que le esperan en IGNITECH.<\/p>\n<p>Lea m\u00e1s sobre las gratificantes carreras en IGNITECH y los servicios excepcionales que brindamos a nuestros valiosos clientes aqu\u00ed:&nbsp;<\/p>\n<ul>\n<li><a href=\"https:\/\/www.ignitech.ma\/es\/mercadeo-en-redes-sociales\/\">Marketing Digital y Social Media<\/a>;<\/li>\n<li><a href=\"https:\/\/www.ignitech.ma\/es\/optimizacion-de-motores-de-busqueda\/\">Optimizaci\u00f3n de motores de b\u00fasqueda<\/a>;<\/li>\n<li><a href=\"https:\/\/www.ignitech.ma\/es\/diseno-y-desarrollo-web\/\">Dise\u00f1o y Desarrollo de Sitios Web<\/a>;<\/li>\n<li><a href=\"https:\/\/www.ignitech.ma\/es\/automatizacion-de-marketing\/\">Automatizaci\u00f3n de Marketing<\/a>;<\/li>\n<\/ul>\t\t\t\t\t\t\t\t<\/div>\n\t\t\t\t<div class=\"elementor-element elementor-element-bd31dd8 elementor-widget elementor-widget-image\" data-id=\"bd31dd8\" data-element_type=\"widget\" data-widget_type=\"image.default\">\n\t\t\t\t\t\t\t\t\t\t\t\t\t\t\t<img fetchpriority=\"high\" decoding=\"async\" width=\"768\" height=\"426\" src=\"https:\/\/cdn.ignitech.ma\/wp-content\/uploads\/2023\/05\/Jobs-at-ignitech-768x426.jpg\" class=\"attachment-medium_large size-medium_large wp-image-25281\" alt=\"\" srcset=\"https:\/\/cdn.ignitech.ma\/wp-content\/uploads\/2023\/05\/Jobs-at-ignitech-768x426.jpg 768w, https:\/\/cdn.ignitech.ma\/wp-content\/uploads\/2023\/05\/Jobs-at-ignitech-300x166.jpg 300w, https:\/\/cdn.ignitech.ma\/wp-content\/uploads\/2023\/05\/Jobs-at-ignitech-600x333.jpg 600w, https:\/\/cdn.ignitech.ma\/wp-content\/uploads\/2023\/05\/Jobs-at-ignitech.jpg 920w\" sizes=\"(max-width: 768px) 100vw, 768px\" title=\"\">\t\t\t\t\t\t\t\t\t\t\t\t\t\t\t<\/div>\n\t\t\t\t<div class=\"elementor-element elementor-element-afc0c5b elementor-widget elementor-widget-heading\" data-id=\"afc0c5b\" data-element_type=\"widget\" data-widget_type=\"heading.default\">\n\t\t\t\t\t<h2 class=\"elementor-heading-title elementor-size-large\">Carreras en IGNITECH - \u00bfPor qu\u00e9 deber\u00eda trabajar con nosotros?<\/h2>\t\t\t\t<\/div>\n\t\t\t\t<div class=\"elementor-element elementor-element-27532d6 elementor-widget elementor-widget-text-editor\" data-id=\"27532d6\" data-element_type=\"widget\" data-widget_type=\"text-editor.default\">\n\t\t\t\t\t\t\t\t\t<div class=\"group w-full text-gray-800 dark:text-gray-100 border-b border-black\/10 dark:border-gray-900\/50 bg-gray-50 dark:bg-[#444654]\">\n<div class=\"flex p-4 gap-4 text-base md:gap-6 md:max-w-2xl lg:max-w-xl xl:max-w-3xl md:py-6 lg:px-0 m-auto\">\n<div class=\"relative flex w-[calc(100%-50px)] flex-col gap-1 md:gap-3 lg:w-[calc(100%-115px)]\">\n<div class=\"flex flex-grow flex-col gap-3\">\n<div class=\"min-h-[20px] flex flex-col items-start gap-4 whitespace-pre-wrap break-words\">\n<div class=\"markdown prose w-full break-words dark:prose-invert light\">\n<p>Hay varias razones convincentes por las que las personas con talento deben elegir trabajar con nosotros en IGNITECH. Aqu\u00ed hay algunos puntos clave que nos convierten en un lugar atractivo y gratificante para construir su carrera:<\/p>\n<ol>\n<li>\n<p>Entorno innovador y din\u00e1mico: En IGNITECH, fomentamos un entorno de trabajo innovador y din\u00e1mico que fomenta la creatividad, la colaboraci\u00f3n y el pensamiento innovador. Estamos a la vanguardia de la industria del marketing digital, constantemente empujando los l\u00edmites y adoptando nuevas tecnolog\u00edas y estrategias.<\/p>\n<\/li>\n<li>\n<p>Clientela emocionante y diversa: Trabajar con nosotros significa tener la oportunidad de trabajar con una amplia gama de clientes en <a href=\"https:\/\/www.ignitech.ma\/es\/industrias\/\">diversas industrias<\/a>. Las carreras en IGNITECH dan exposici\u00f3n y le permiten obtener una valiosa experiencia y ampliar sus conocimientos en diferentes sectores, haciendo que cada d\u00eda en el trabajo sea emocionante y desafiante.<\/p>\n<\/li>\n<li>\n<p>Crecimiento y desarrollo profesional: Priorizamos el crecimiento y desarrollo de los miembros de nuestro equipo. Brindamos acceso a oportunidades de aprendizaje y capacitaci\u00f3n continuas, tanto internamente como a trav\u00e9s de recursos externos. Tendr\u00e1 la oportunidad de mejorar sus habilidades, mantenerse actualizado con las tendencias de la industria y avanzar en su carrera dentro de la empresa.<\/p>\n<\/li>\n<li>\n<p>Colaboraci\u00f3n y trabajo en equipo: Creemos en el poder de la colaboraci\u00f3n y el trabajo en equipo. Ser\u00e1s parte de un equipo de apoyo y talento que valora la comunicaci\u00f3n abierta, el respeto mutuo y el \u00e9xito compartido. Trabajando juntos, aprovechamos las fortalezas de cada uno para ofrecer resultados excepcionales para nuestros clientes.<\/p>\n<\/li>\n<li>\n<p>Trabajo impactante: En IGNITECH, su trabajo tendr\u00e1 un impacto directo en los negocios de nuestros clientes. Las carreras en IGNITECH le brindan la oportunidad de contribuir a su \u00e9xito mediante la implementaci\u00f3n de estrategias efectivas de marketing digital, impulsando el crecimiento y logrando resultados medibles. Sus contribuciones ser\u00e1n reconocidas y valoradas.<\/p>\n<\/li>\n<li>\n<p>Cultura de la empresa: Nos enorgullecemos de nuestra cultura empresarial positiva e inclusiva. Celebramos la diversidad, fomentamos un equilibrio saludable entre el trabajo y la vida personal y priorizamos el bienestar de los empleados. Organizamos actividades de formaci\u00f3n de equipos, eventos sociales y proporcionamos un ambiente de trabajo amigable y de apoyo donde se escucha la voz de todos.<\/p>\n<\/li>\n<li>\n<p>Compensaci\u00f3n y beneficios competitivos: Ofrecemos paquetes de compensaci\u00f3n competitivos y beneficios atractivos para garantizar que los miembros de nuestro equipo se sientan valorados y recompensados por su arduo trabajo. Su dedicaci\u00f3n y contribuciones ser\u00e1n reconocidas a trav\u00e9s de una compensaci\u00f3n justa y oportunidades de crecimiento.<\/p>\n<\/li>\n<\/ol>\n<p>Unirse a IGNITECH significa ser parte de un equipo talentoso y apasionado que se dedica a ofrecer soluciones excepcionales de marketing digital. Si est\u00e1 buscando carreras desafiantes en IGNITECH y, sin embargo, oportunidades de carrera gratificantes, lo invitamos a unirse a nosotros y tener un impacto significativo en el mundo del marketing digital.<\/p>\n<\/div>\n<\/div>\n<\/div>\n<\/div>\n<\/div>\n<\/div>\n\t\t\t\t\t\t\t\t<\/div>\n\t\t\t\t\t<\/div>\n\t\t<\/div>\n\t\t\t\t\t<\/div>\n\t\t<\/section>\n\t\t\t\t<\/div>\n\t\t","protected":false},"excerpt":{"rendered":"<p>\u00danase a nuestra misi\u00f3n en IGNITECH para crear los servicios de marketing digital l\u00edderes y ser parte de un equipo que ayuda a las empresas de todo el mundo a liberar todo su potencial. Ofrecemos oportunidades emocionantes para el crecimiento personal y el desarrollo profesional, lo que le permite ampliar sus conocimientos y habilidades mientras [&hellip;]<\/p>\n","protected":false},"author":1,"featured_media":0,"parent":0,"menu_order":0,"comment_status":"closed","ping_status":"closed","template":"","meta":{"_monsterinsights_skip_tracking":false,"_monsterinsights_sitenote_active":false,"_monsterinsights_sitenote_note":"","_monsterinsights_sitenote_category":0,"footnotes":""},"class_list":["post-25280","page","type-page","status-publish","hentry"],"_links":{"self":[{"href":"https:\/\/www.ignitech.ma\/es\/wp-json\/wp\/v2\/pages\/25280","targetHints":{"allow":["GET"]}}],"collection":[{"href":"https:\/\/www.ignitech.ma\/es\/wp-json\/wp\/v2\/pages"}],"about":[{"href":"https:\/\/www.ignitech.ma\/es\/wp-json\/wp\/v2\/types\/page"}],"author":[{"embeddable":true,"href":"https:\/\/www.ignitech.ma\/es\/wp-json\/wp\/v2\/users\/1"}],"replies":[{"embeddable":true,"href":"https:\/\/www.ignitech.ma\/es\/wp-json\/wp\/v2\/comments?post=25280"}],"version-history":[{"count":0,"href":"https:\/\/www.ignitech.ma\/es\/wp-json\/wp\/v2\/pages\/25280\/revisions"}],"wp:attachment":[{"href":"https:\/\/www.ignitech.ma\/es\/wp-json\/wp\/v2\/media?parent=25280"}],"curies":[{"name":"wp","href":"https:\/\/api.w.org\/{rel}","templated":true}]}}