{"id":25312,"date":"2018-11-20T13:27:59","date_gmt":"2018-11-20T12:27:59","guid":{"rendered":"https:\/\/www.ignitech.ma\/contact-us\/"},"modified":"2023-10-04T18:09:30","modified_gmt":"2023-10-04T16:09:30","slug":"contactanos","status":"publish","type":"page","link":"https:\/\/www.ignitech.ma\/es\/contactanos\/","title":{"rendered":"Cont\u00e1ctenos"},"content":{"rendered":"\t\t<div data-elementor-type=\"wp-page\" data-elementor-id=\"25312\" class=\"elementor elementor-25312 elementor-450\" data-elementor-post-type=\"page\">\n\t\t\t\t\t\t<section data-particle_enable=\"false\" data-particle-mobile-disabled=\"false\" class=\"elementor-section elementor-top-section elementor-element elementor-element-b32042f elementor-section-boxed elementor-section-height-default elementor-section-height-default\" data-id=\"b32042f\" data-element_type=\"section\">\n\t\t\t\t\t\t<div class=\"elementor-container elementor-column-gap-default\">\n\t\t\t\t\t<div class=\"elementor-column elementor-col-100 elementor-top-column elementor-element elementor-element-da33026\" data-id=\"da33026\" data-element_type=\"column\">\n\t\t\t<div class=\"elementor-widget-wrap elementor-element-populated\">\n\t\t\t\t\t\t<div class=\"elementor-element elementor-element-b9d254c elementor-widget elementor-widget-spacer\" data-id=\"b9d254c\" data-element_type=\"widget\" data-widget_type=\"spacer.default\">\n\t\t\t\t\t\t\t<div class=\"elementor-spacer\">\n\t\t\t<div class=\"elementor-spacer-inner\"><\/div>\n\t\t<\/div>\n\t\t\t\t\t\t<\/div>\n\t\t\t\t\t<\/div>\n\t\t<\/div>\n\t\t\t\t\t<\/div>\n\t\t<\/section>\n\t\t\t\t<section data-particle_enable=\"false\" data-particle-mobile-disabled=\"false\" class=\"elementor-section elementor-top-section elementor-element elementor-element-64f1ff5 elementor-section-boxed elementor-section-height-default elementor-section-height-default\" data-id=\"64f1ff5\" data-element_type=\"section\">\n\t\t\t\t\t\t<div class=\"elementor-container elementor-column-gap-default\">\n\t\t\t\t\t<div class=\"elementor-column elementor-col-100 elementor-top-column elementor-element elementor-element-d0cd9d4\" data-id=\"d0cd9d4\" data-element_type=\"column\">\n\t\t\t<div class=\"elementor-widget-wrap elementor-element-populated\">\n\t\t\t\t\t\t<div class=\"elementor-element elementor-element-91708ed elementor-widget elementor-widget-heading\" data-id=\"91708ed\" data-element_type=\"widget\" data-widget_type=\"heading.default\">\n\t\t\t\t\t<h1 class=\"elementor-heading-title elementor-size-default\">\u00a1Cont\u00e1ctenos hoy!<\/h1>\t\t\t\t<\/div>\n\t\t\t\t<div class=\"elementor-element elementor-element-e5993ee elementor-widget elementor-widget-heading\" data-id=\"e5993ee\" data-element_type=\"widget\" data-widget_type=\"heading.default\">\n\t\t\t\t\t<h2 class=\"elementor-heading-title elementor-size-large\">Experimente el poder de la asistencia personalizada<\/h2>\t\t\t\t<\/div>\n\t\t\t\t\t<\/div>\n\t\t<\/div>\n\t\t\t\t\t<\/div>\n\t\t<\/section>\n\t\t\t\t<section data-particle_enable=\"false\" data-particle-mobile-disabled=\"false\" class=\"elementor-section elementor-top-section elementor-element elementor-element-ab69fa7 elementor-section-boxed elementor-section-height-default elementor-section-height-default\" data-id=\"ab69fa7\" data-element_type=\"section\">\n\t\t\t\t\t\t<div class=\"elementor-container elementor-column-gap-default\">\n\t\t\t\t\t<div class=\"elementor-column elementor-col-50 elementor-top-column elementor-element elementor-element-4433ba8\" data-id=\"4433ba8\" data-element_type=\"column\">\n\t\t\t<div class=\"elementor-widget-wrap elementor-element-populated\">\n\t\t\t\t\t\t<div class=\"elementor-element elementor-element-ffd46c5 elementor-widget elementor-widget-text-editor\" data-id=\"ffd46c5\" data-element_type=\"widget\" data-widget_type=\"text-editor.default\">\n\t\t\t\t\t\t\t\t\t<p>Ignitech es una agencia de marketing en redes sociales. Ofrecemos redes sociales y estrategias de marketing digital para empresas de todo el mundo.<\/p>\n<p>Por lo tanto, cont\u00e1ctenos hoy para averiguar c\u00f3mo podemos ayudarlo.<\/p>\n\t\t\t\t\t\t\t\t<\/div>\n\t\t\t\t<div class=\"elementor-element elementor-element-174be13 elementor-view-framed elementor-shape-square elementor-position-inline-start elementor-mobile-position-block-start elementor-widget elementor-widget-icon-box\" data-id=\"174be13\" data-element_type=\"widget\" data-widget_type=\"icon-box.default\">\n\t\t\t\t\t\t\t<div class=\"elementor-icon-box-wrapper\">\n\n\t\t\t\t\t\t<div class=\"elementor-icon-box-icon\">\n\t\t\t\t<span  class=\"elementor-icon\">\n\t\t\t\t<svg aria-hidden=\"true\" class=\"e-font-icon-svg e-fas-location-arrow\" viewBox=\"0 0 512 512\" xmlns=\"http:\/\/www.w3.org\/2000\/svg\"><path d=\"M444.52 3.52L28.74 195.42c-47.97 22.39-31.98 92.75 19.19 92.75h175.91v175.91c0 51.17 70.36 67.17 92.75 19.19l191.9-415.78c15.99-38.39-25.59-79.97-63.97-63.97z\"><\/path><\/svg>\t\t\t\t<\/span>\n\t\t\t<\/div>\n\t\t\t\n\t\t\t\t\t\t<div class=\"elementor-icon-box-content\">\n\n\t\t\t\t\t\t\t\t\t<h3 class=\"elementor-icon-box-title\">\n\t\t\t\t\t\t<span  >\n\t\t\t\t\t\t\tVis\u00edtanos:\t\t\t\t\t\t<\/span>\n\t\t\t\t\t<\/h3>\n\t\t\t\t\n\t\t\t\t\t\t\t\t\t<p class=\"elementor-icon-box-description\">\n\t\t\t\t\t\t13, RUE AHMED EL MAJJATI RES. LES ALPES 1er ETAGE N\u00b0 8 QUARTIER MAARIF CASABLANCA\/ANFA\t\t\t\t\t<\/p>\n\t\t\t\t\n\t\t\t<\/div>\n\t\t\t\n\t\t<\/div>\n\t\t\t\t\t\t<\/div>\n\t\t\t\t<div class=\"elementor-element elementor-element-6945d36 elementor-view-framed elementor-shape-square elementor-position-inline-start elementor-mobile-position-block-start elementor-widget elementor-widget-icon-box\" data-id=\"6945d36\" data-element_type=\"widget\" data-widget_type=\"icon-box.default\">\n\t\t\t\t\t\t\t<div class=\"elementor-icon-box-wrapper\">\n\n\t\t\t\t\t\t<div class=\"elementor-icon-box-icon\">\n\t\t\t\t<span  class=\"elementor-icon\">\n\t\t\t\t<svg aria-hidden=\"true\" class=\"e-font-icon-svg e-fas-at\" viewBox=\"0 0 512 512\" xmlns=\"http:\/\/www.w3.org\/2000\/svg\"><path d=\"M256 8C118.941 8 8 118.919 8 256c0 137.059 110.919 248 248 248 48.154 0 95.342-14.14 135.408-40.223 12.005-7.815 14.625-24.288 5.552-35.372l-10.177-12.433c-7.671-9.371-21.179-11.667-31.373-5.129C325.92 429.757 291.314 440 256 440c-101.458 0-184-82.542-184-184S154.542 72 256 72c100.139 0 184 57.619 184 160 0 38.786-21.093 79.742-58.17 83.693-17.349-.454-16.91-12.857-13.476-30.024l23.433-121.11C394.653 149.75 383.308 136 368.225 136h-44.981a13.518 13.518 0 0 0-13.432 11.993l-.01.092c-14.697-17.901-40.448-21.775-59.971-21.775-74.58 0-137.831 62.234-137.831 151.46 0 65.303 36.785 105.87 96 105.87 26.984 0 57.369-15.637 74.991-38.333 9.522 34.104 40.613 34.103 70.71 34.103C462.609 379.41 504 307.798 504 232 504 95.653 394.023 8 256 8zm-21.68 304.43c-22.249 0-36.07-15.623-36.07-40.771 0-44.993 30.779-72.729 58.63-72.729 22.292 0 35.601 15.241 35.601 40.77 0 45.061-33.875 72.73-58.161 72.73z\"><\/path><\/svg>\t\t\t\t<\/span>\n\t\t\t<\/div>\n\t\t\t\n\t\t\t\t\t\t<div class=\"elementor-icon-box-content\">\n\n\t\t\t\t\t\t\t\t\t<h3 class=\"elementor-icon-box-title\">\n\t\t\t\t\t\t<span  >\n\t\t\t\t\t\t\tEnv\u00edenos un correo electr\u00f3nico:\t\t\t\t\t\t<\/span>\n\t\t\t\t\t<\/h3>\n\t\t\t\t\n\t\t\t\t\t\t\t\t\t<p class=\"elementor-icon-box-description\">\n\t\t\t\t\t\tsupport@ignitech.ma\t\t\t\t\t<\/p>\n\t\t\t\t\n\t\t\t<\/div>\n\t\t\t\n\t\t<\/div>\n\t\t\t\t\t\t<\/div>\n\t\t\t\t<div class=\"elementor-element elementor-element-aca0cfd elementor-widget elementor-widget-heading\" data-id=\"aca0cfd\" data-element_type=\"widget\" data-widget_type=\"heading.default\">\n\t\t\t\t\t<h2 class=\"elementor-heading-title elementor-size-xl\">Cont\u00e1ctenos<\/h2>\t\t\t\t<\/div>\n\t\t\t\t<div class=\"elementor-element elementor-element-184acee elementor-button-align-stretch elementor-widget elementor-widget-form\" data-id=\"184acee\" data-element_type=\"widget\" data-settings=\"{&quot;step_next_label&quot;:&quot;Pr\\u00f3ximo&quot;,&quot;step_previous_label&quot;:&quot;Anterior&quot;,&quot;button_width&quot;:&quot;100&quot;,&quot;step_type&quot;:&quot;number_text&quot;,&quot;step_icon_shape&quot;:&quot;circle&quot;}\" data-widget_type=\"form.default\">\n\t\t\t\t\t\t\t<form class=\"elementor-form\" method=\"post\" id=\"ContactUsFormIGNITECH\" name=\"Formulario de contacto\">\n\t\t\t<input type=\"hidden\" name=\"post_id\" value=\"25312\"\/>\n\t\t\t<input type=\"hidden\" name=\"form_id\" value=\"184acee\"\/>\n\t\t\t<input type=\"hidden\" name=\"referer_title\" value=\"\" \/>\n\n\t\t\t\n\t\t\t<div class=\"elementor-form-fields-wrapper elementor-labels-above\">\n\t\t\t\t\t\t\t\t<div class=\"elementor-field-type-text elementor-field-group elementor-column elementor-field-group-name elementor-col-100\">\n\t\t\t\t\t\t\t\t\t\t\t\t<label for=\"form-field-name\" class=\"elementor-field-label\">\n\t\t\t\t\t\t\t\tNombre completo\t\t\t\t\t\t\t<\/label>\n\t\t\t\t\t\t\t\t\t\t\t\t\t\t<input size=\"1\" type=\"text\" name=\"form_fields[name]\" id=\"form-field-name\" class=\"elementor-field elementor-size-md  elementor-field-textual\" placeholder=\"Nombre completo\">\n\t\t\t\t\t\t\t\t\t\t\t<\/div>\n\t\t\t\t\t\t\t\t<div class=\"elementor-field-type-email elementor-field-group elementor-column elementor-field-group-email elementor-col-100 elementor-field-required elementor-mark-required\">\n\t\t\t\t\t\t\t\t\t\t\t\t<label for=\"form-field-email\" class=\"elementor-field-label\">\n\t\t\t\t\t\t\t\tCorreo electr\u00f3nico\t\t\t\t\t\t\t<\/label>\n\t\t\t\t\t\t\t\t\t\t\t\t\t\t<input size=\"1\" type=\"email\" name=\"form_fields[email]\" id=\"form-field-email\" class=\"elementor-field elementor-size-md  elementor-field-textual\" placeholder=\"Correo electr\u00f3nico\" required=\"required\">\n\t\t\t\t\t\t\t\t\t\t\t<\/div>\n\t\t\t\t\t\t\t\t<div class=\"elementor-field-type-textarea elementor-field-group elementor-column elementor-field-group-message elementor-col-100\">\n\t\t\t\t\t\t\t\t\t\t\t\t<label for=\"form-field-message\" class=\"elementor-field-label\">\n\t\t\t\t\t\t\t\tMensaje\t\t\t\t\t\t\t<\/label>\n\t\t\t\t\t\t<textarea class=\"elementor-field-textual elementor-field  elementor-size-md\" name=\"form_fields[message]\" id=\"form-field-message\" rows=\"4\" placeholder=\"Mensaje\"><\/textarea>\t\t\t\t<\/div>\n\t\t\t\t\t\t\t\t<div class=\"elementor-field-group elementor-column elementor-field-type-submit elementor-col-100 e-form__buttons\">\n\t\t\t\t\t<button class=\"elementor-button elementor-size-sm\" type=\"submit\">\n\t\t\t\t\t\t<span class=\"elementor-button-content-wrapper\">\n\t\t\t\t\t\t\t\t\t\t\t\t\t\t\t\t\t\t\t\t\t\t<span class=\"elementor-button-text\">Enviar<\/span>\n\t\t\t\t\t\t\t\t\t\t\t\t\t<\/span>\n\t\t\t\t\t<\/button>\n\t\t\t\t<\/div>\n\t\t\t<\/div>\n\t\t<\/form>\n\t\t\t\t\t\t<\/div>\n\t\t\t\t\t<\/div>\n\t\t<\/div>\n\t\t\t\t<div class=\"elementor-column elementor-col-50 elementor-top-column elementor-element elementor-element-8c969cc\" data-id=\"8c969cc\" data-element_type=\"column\">\n\t\t\t<div class=\"elementor-widget-wrap elementor-element-populated\">\n\t\t\t\t\t\t<div class=\"elementor-element elementor-element-34200c2 elementor-widget elementor-widget-image\" data-id=\"34200c2\" data-element_type=\"widget\" data-widget_type=\"image.default\">\n\t\t\t\t\t\t\t\t\t\t\t\t\t\t\t<img fetchpriority=\"high\" decoding=\"async\" width=\"800\" height=\"503\" src=\"https:\/\/cdn.ignitech.ma\/wp-content\/uploads\/2023\/05\/Contact-us.jpg\" class=\"attachment-large size-large wp-image-26146\" alt=\"\" srcset=\"https:\/\/cdn.ignitech.ma\/wp-content\/uploads\/2023\/05\/Contact-us.jpg 846w, https:\/\/cdn.ignitech.ma\/wp-content\/uploads\/2023\/05\/Contact-us-300x189.jpg 300w, https:\/\/cdn.ignitech.ma\/wp-content\/uploads\/2023\/05\/Contact-us-768x483.jpg 768w, https:\/\/cdn.ignitech.ma\/wp-content\/uploads\/2023\/05\/Contact-us-600x377.jpg 600w\" sizes=\"(max-width: 800px) 100vw, 800px\" title=\"\">\t\t\t\t\t\t\t\t\t\t\t\t\t\t\t<\/div>\n\t\t\t\t\t<\/div>\n\t\t<\/div>\n\t\t\t\t\t<\/div>\n\t\t<\/section>\n\t\t\t\t<section data-particle_enable=\"false\" data-particle-mobile-disabled=\"false\" class=\"elementor-section elementor-top-section elementor-element elementor-element-2ee1666 elementor-section-boxed elementor-section-height-default elementor-section-height-default\" data-id=\"2ee1666\" data-element_type=\"section\">\n\t\t\t\t\t\t<div class=\"elementor-container elementor-column-gap-default\">\n\t\t\t\t\t<div class=\"elementor-column elementor-col-100 elementor-top-column elementor-element elementor-element-10ed643\" data-id=\"10ed643\" data-element_type=\"column\">\n\t\t\t<div class=\"elementor-widget-wrap elementor-element-populated\">\n\t\t\t\t\t\t<div class=\"elementor-element elementor-element-38e3ffc elementor-widget__width-initial elementor-widget elementor-widget-text-editor\" data-id=\"38e3ffc\" data-element_type=\"widget\" data-widget_type=\"text-editor.default\">\n\t\t\t\t\t\t\t\t\t<p>En IGNITECH DSMMA, ofrecemos <a href=\"https:\/\/www.ignitech.ma\/es\/mercadeo-en-redes-sociales\/\">servicios integrales de marketing digital y en redes sociales<\/a> para ayudar a las empresas a prosperar en el mundo en l\u00ednea. Nuestro equipo de expertos est\u00e1 dedicado a ofrecer resultados excepcionales y ayudar a nuestros clientes a alcanzar sus objetivos de marketing.<\/p>\n<p>Entendemos la importancia de respetar los T\u00e9rminos de Uso y <a href=\"https:\/\/www.ignitech.ma\/es\/politica-de-privacidad\/\">Privacidad<\/a> de nuestros clientes y sus clientes. Nos adherimos a estrictos est\u00e1ndares \u00e9ticos y nos aseguramos de que todos los datos e informaci\u00f3n compartidos con nosotros se manejen con el m\u00e1ximo cuidado y confidencialidad. Priorizamos la privacidad y seguridad de los datos para generar confianza y mantener relaciones duraderas con nuestros clientes.<\/p>\n<p>Respetar los T\u00e9rminos de Uso es un aspecto fundamental de nuestras operaciones. Nos aseguramos de que todas nuestras estrategias, contenido y campa\u00f1as de marketing digital se adhieran a los t\u00e9rminos y condiciones establecidos por varias plataformas y canales. Al cumplir con estas pautas, mantenemos una reputaci\u00f3n positiva, defendemos la integridad de las marcas de nuestros clientes y garantizamos una experiencia de usuario perfecta para sus audiencias.<\/p>\n<p>La privacidad es una preocupaci\u00f3n cr\u00edtica en el mundo digital actual, y nos tomamos muy en serio la protecci\u00f3n de datos. Nuestro equipo sigue estrictos protocolos de privacidad para salvaguardar cualquier informaci\u00f3n confidencial compartida con nosotros. Estamos totalmente comprometidos a cumplir con las leyes y regulaciones de protecci\u00f3n de datos aplicables, asegurando que los datos personales se recopilen, procesen y almacenen de forma segura. Respetar los derechos de privacidad no es solo una obligaci\u00f3n \u00e9tica para nosotros, sino tambi\u00e9n una forma de generar confianza con nuestros clientes y sus clientes.<\/p>\n<p>Nos enorgullecemos de ofrecer un <a href=\"https:\/\/support.ignitech.ma\/\" target=\"_blank\" rel=\"noopener\">Centro de Atenci\u00f3n al Cliente<\/a> dedicado para atender cualquier consulta o inquietud que nuestros clientes puedan tener. Nuestro equipo de soporte receptivo y experto siempre est\u00e1 listo para ayudar y proporcionar soluciones oportunas.<\/p>\n<p>La satisfacci\u00f3n del cliente es nuestra principal prioridad, y establecemos contratos claros con los clientes para delinear el alcance de los servicios, las responsabilidades y las expectativas. Estos contratos ayudan a crear una base s\u00f3lida para la colaboraci\u00f3n y garantizan la transparencia durante todo el compromiso.<\/p>\n<p>Para facilitar una comunicaci\u00f3n y colaboraci\u00f3n eficientes, proporcionamos a nuestros clientes acceso a un <a href=\"https:\/\/manager.ignitech.ma\/\" target=\"_blank\" rel=\"noopener\">Portal de Clientes y Administradores<\/a>. Este portal sirve como un centro centralizado donde los clientes pueden acceder convenientemente a actualizaciones de proyectos, informes y otra informaci\u00f3n relevante.<\/p>\n<p>Los contratos con los clientes son un componente esencial de nuestra colaboraci\u00f3n. Entendemos la importancia de las expectativas claras y el entendimiento mutuo entre nuestra agencia y nuestros clientes. Nuestros contratos con clientes describen el alcance de los servicios, los entregables, los plazos y los t\u00e9rminos o condiciones espec\u00edficos para garantizar la transparencia y la responsabilidad. Estos contratos protegen los intereses de ambas partes y proporcionan una base s\u00f3lida para una asociaci\u00f3n exitosa.<\/p>\n<p>Para facilitar la comunicaci\u00f3n y colaboraci\u00f3n efectivas, ofrecemos a nuestros clientes acceso a un portal seguro de clientes y administradores. Este portal sirve como una plataforma centralizada donde los clientes pueden comunicarse convenientemente con sus gerentes de cuentas dedicados, acceder a documentos relacionados con el proyecto, revisar informes de progreso y proporcionar comentarios. Creemos en fomentar la transparencia, la eficiencia y la colaboraci\u00f3n fluida a trav\u00e9s de canales de comunicaci\u00f3n optimizados.<\/p>\n<p>En caso de disputas o desacuerdos, contamos con un proceso estructurado de <a href=\"https:\/\/www.ignitech.ma\/es\/refund_returns\/\">Resoluci\u00f3n de Disputas<\/a> . Nuestro objetivo es abordar y resolver los problemas de manera justa y oportuna, preservando las relaciones positivas que tenemos con nuestros clientes. Valoramos la comunicaci\u00f3n abierta, la escucha activa y la b\u00fasqueda de soluciones mutuamente beneficiosas para garantizar la satisfacci\u00f3n de todas las partes involucradas.<\/p>\n<p>El cumplimiento de las leyes y regulaciones de publicidad es un principio fundamental de nuestra agencia. Nos mantenemos informados y actualizados sobre el panorama en constante evoluci\u00f3n de las regulaciones publicitarias para garantizar que nuestras campa\u00f1as de marketing cumplan plenamente con las leyes y pautas aplicables. Al adherirnos a las regulaciones publicitarias, mitigamos los riesgos, protegemos la reputaci\u00f3n de nuestros clientes y nos aseguramos de que sus esfuerzos de marketing produzcan resultados sostenibles y a largo plazo.<\/p>\n<p>Como agencia responsable de marketing digital y de redes sociales, nos comprometemos a cumplir con las leyes y regulaciones publicitarias. Nos mantenemos actualizados con las pautas de la industria y las mejores pr\u00e1cticas para garantizar que nuestras campa\u00f1as de marketing sean \u00e9ticas, transparentes y conformes.<\/p>\n<p>Tenga en cuenta que la informaci\u00f3n proporcionada en esta p\u00e1gina es solo para fines informativos y puede no ser precisa o estar actualizada en el momento de la lectura. Es recomendable consultar con un abogado fiscal, abogado comercial, abogado de negocios o abogado internacional para verificar la validez actual de la informaci\u00f3n.<\/p>\n<p>Cont\u00e1ctenos hoy para discutir sus necesidades de marketing digital y descubrir c\u00f3mo IGNITECH DSMMA puede ayudarlo a lograr el \u00e9xito en l\u00ednea.<\/p>\n\t\t\t\t\t\t\t\t<\/div>\n\t\t\t\t<div class=\"elementor-element elementor-element-6b6c4f2 elementor-widget elementor-widget-spacer\" data-id=\"6b6c4f2\" data-element_type=\"widget\" data-widget_type=\"spacer.default\">\n\t\t\t\t\t\t\t<div class=\"elementor-spacer\">\n\t\t\t<div class=\"elementor-spacer-inner\"><\/div>\n\t\t<\/div>\n\t\t\t\t\t\t<\/div>\n\t\t\t\t\t<\/div>\n\t\t<\/div>\n\t\t\t\t\t<\/div>\n\t\t<\/section>\n\t\t\t\t<\/div>\n\t\t","protected":false},"excerpt":{"rendered":"<p>\u00a1Cont\u00e1ctenos hoy! Experimente el poder de la asistencia personalizada Ignitech es una agencia de marketing en redes sociales. Ofrecemos redes sociales y estrategias de marketing digital para empresas de todo el mundo. Por lo tanto, cont\u00e1ctenos hoy para averiguar c\u00f3mo podemos ayudarlo. Vis\u00edtanos: 13, RUE AHMED EL MAJJATI RES. LES ALPES 1er ETAGE N\u00b0 8 [&hellip;]<\/p>\n","protected":false},"author":1,"featured_media":0,"parent":0,"menu_order":0,"comment_status":"closed","ping_status":"closed","template":"","meta":{"_monsterinsights_skip_tracking":false,"_monsterinsights_sitenote_active":false,"_monsterinsights_sitenote_note":"","_monsterinsights_sitenote_category":0,"footnotes":""},"class_list":["post-25312","page","type-page","status-publish","hentry"],"_links":{"self":[{"href":"https:\/\/www.ignitech.ma\/es\/wp-json\/wp\/v2\/pages\/25312","targetHints":{"allow":["GET"]}}],"collection":[{"href":"https:\/\/www.ignitech.ma\/es\/wp-json\/wp\/v2\/pages"}],"about":[{"href":"https:\/\/www.ignitech.ma\/es\/wp-json\/wp\/v2\/types\/page"}],"author":[{"embeddable":true,"href":"https:\/\/www.ignitech.ma\/es\/wp-json\/wp\/v2\/users\/1"}],"replies":[{"embeddable":true,"href":"https:\/\/www.ignitech.ma\/es\/wp-json\/wp\/v2\/comments?post=25312"}],"version-history":[{"count":0,"href":"https:\/\/www.ignitech.ma\/es\/wp-json\/wp\/v2\/pages\/25312\/revisions"}],"wp:attachment":[{"href":"https:\/\/www.ignitech.ma\/es\/wp-json\/wp\/v2\/media?parent=25312"}],"curies":[{"name":"wp","href":"https:\/\/api.w.org\/{rel}","templated":true}]}}