{"id":25339,"date":"2019-04-24T16:31:04","date_gmt":"2019-04-24T14:31:04","guid":{"rendered":"https:\/\/www.ignitech.ma\/gdpr\/"},"modified":"2023-10-05T11:59:28","modified_gmt":"2023-10-05T09:59:28","slug":"gdpr","status":"publish","type":"page","link":"https:\/\/www.ignitech.ma\/es\/gdpr\/","title":{"rendered":"RGPD"},"content":{"rendered":"\t\t<div data-elementor-type=\"wp-page\" data-elementor-id=\"25339\" class=\"elementor elementor-25339 elementor-1566\" data-elementor-post-type=\"page\">\n\t\t\t\t\t\t<section data-particle_enable=\"false\" data-particle-mobile-disabled=\"false\" class=\"elementor-section elementor-top-section elementor-element elementor-element-16ed8e4 elementor-section-boxed elementor-section-height-default elementor-section-height-default\" data-id=\"16ed8e4\" data-element_type=\"section\">\n\t\t\t\t\t\t<div class=\"elementor-container elementor-column-gap-default\">\n\t\t\t\t\t<div class=\"elementor-column elementor-col-100 elementor-top-column elementor-element elementor-element-94c71c7\" data-id=\"94c71c7\" data-element_type=\"column\">\n\t\t\t<div class=\"elementor-widget-wrap elementor-element-populated\">\n\t\t\t\t\t\t<div class=\"elementor-element elementor-element-92118bc elementor-widget elementor-widget-spacer\" data-id=\"92118bc\" data-element_type=\"widget\" data-widget_type=\"spacer.default\">\n\t\t\t\t\t\t\t<div class=\"elementor-spacer\">\n\t\t\t<div class=\"elementor-spacer-inner\"><\/div>\n\t\t<\/div>\n\t\t\t\t\t\t<\/div>\n\t\t\t\t<div class=\"elementor-element elementor-element-24cdd6d elementor-widget elementor-widget-spacer\" data-id=\"24cdd6d\" data-element_type=\"widget\" data-widget_type=\"spacer.default\">\n\t\t\t\t\t\t\t<div class=\"elementor-spacer\">\n\t\t\t<div class=\"elementor-spacer-inner\"><\/div>\n\t\t<\/div>\n\t\t\t\t\t\t<\/div>\n\t\t\t\t\t<\/div>\n\t\t<\/div>\n\t\t\t\t\t<\/div>\n\t\t<\/section>\n\t\t\t\t<section data-particle_enable=\"false\" data-particle-mobile-disabled=\"false\" class=\"elementor-section elementor-top-section elementor-element elementor-element-3769c50a elementor-section-boxed elementor-section-height-default elementor-section-height-default\" data-id=\"3769c50a\" data-element_type=\"section\">\n\t\t\t\t\t\t<div class=\"elementor-container elementor-column-gap-default\">\n\t\t\t\t\t<div class=\"elementor-column elementor-col-100 elementor-top-column elementor-element elementor-element-6958cc49\" data-id=\"6958cc49\" data-element_type=\"column\">\n\t\t\t<div class=\"elementor-widget-wrap elementor-element-populated\">\n\t\t\t\t\t\t<div class=\"elementor-element elementor-element-6e46f441 elementor-widget elementor-widget-text-editor\" data-id=\"6e46f441\" data-element_type=\"widget\" data-widget_type=\"text-editor.default\">\n\t\t\t\t\t\t\t\t\t<p>El Reglamento General de Protecci\u00f3n de Datos de la UE entr\u00f3 en vigor el 25 de mayo de 2018. Por una cuesti\u00f3n de transparencia, encontrar\u00e1 a continuaci\u00f3n la hoja de ruta que IGNITECH sigui\u00f3 para cumplir.<\/p>\n<h2><strong>Registro de las operaciones de tratamiento<\/strong><\/h2>\n<p><span style=\"color: var( --e-global-color-text );\">IGNITECH<\/span><span style=\"color: var( --e-global-color-text );\"> <\/span>reuni\u00f3 a l\u00edderes y partes interesadas para auditar todos los datos personales procesados para su actividad.<\/p>\n<p>El resultado del trabajo es un mapeo de datos personales, con cada dato personal, de la siguiente informaci\u00f3n:<\/p>\n<ul>\n<li>\u00bfQui\u00e9n? \u00bfQui\u00e9n es el controlador de datos y el procesador de datos?<\/li>\n<li>\u00bfD\u00f3nde? \u00bfD\u00f3nde se almacenan los datos?<\/li>\n<li>\u00bfPor qu\u00e9? \u00bfCu\u00e1l es el prop\u00f3sito del proceso?<\/li>\n<li>\u00bfQu\u00e9 fundamento jur\u00eddico? \u00bfCu\u00e1l es la base legal para el procesamiento?<\/li>\n<li>\u00bfCuando? \u00bfCu\u00e1ndo se almacenan los datos?<\/li>\n<\/ul>\n<p>Despu\u00e9s de esta reuni\u00f3n, se han llevado a cabo las siguientes conclusiones por dominio, como se indica a continuaci\u00f3n:<\/p>\n<h3><strong>Reglamento de privacidad electr\u00f3nica del RGPD<\/strong><\/h3>\n<p>IGNITECH estar\u00e1 esperando la versi\u00f3n final del reglamento ePrivacy (especialmente para todo lo que concierne a datos de navegaci\u00f3n web).<\/p>\n<h3><strong>Recopilaci\u00f3n y uso de informaci\u00f3n de acuerdo con GDPR<\/strong><\/h3>\n<p>Recopilamos varios tipos diferentes de informaci\u00f3n para diversos fines para proporcionar y mejorar nuestro Servicio.<\/p>\n<h3><strong>Tipos de datos recopilados<\/strong><\/h3>\n<p>Datos personales <span style=\"font-size: 16px;\">Al utilizar nuestro Servicio, podemos pedirle que nos proporcione cierta <\/span><span style=\"font-size: 16px;\">informaci\u00f3n de identificaci\u00f3n personal que puede usarse para contactarlo o identificarlo. <\/span> <span style=\"font-size: 16px;\">(\u00abDatos personales\u00bb). La informaci\u00f3n de identificaci\u00f3n personal puede incluir,<\/span><\/p>\n<p>pero no se limita a:<\/p>\n<ul>\n<li>Direcci\u00f3n de correo electr\u00f3nico<\/li>\n<li>Nombre y apellidos<\/li>\n<li>N\u00famero de tel\u00e9fono<\/li>\n<li>Direcci\u00f3n, Estado, Provincia, C\u00f3digo postal, Ciudad<\/li>\n<li>Cookies y datos de uso<\/li>\n<\/ul>\n<p>Datos de uso  <\/p>\n<p><span style=\"font-size: 16px;\">Tambi\u00e9n podemos recopilar informaci\u00f3n sobre c\u00f3mo se accede y utiliza el Servicio.  <\/span><span style=\"font-size: 16px;\">(\u00abDatos de uso\u00bb). Estos Datos de uso pueden incluir informaci\u00f3n como su  <\/span>la direcci\u00f3n de Protocolo de Internet de la <span style=\"font-size: 16px;\">computadora (por ejemplo, direcci\u00f3n IP), <\/span> tipo de navegador, versi\u00f3n del navegador, las p\u00e1ginas de <span style=\"font-size: 16px;\">nuestro Servicio que visita, la hora y fecha de su visita<\/span>, <span style=\"font-size: 16px;\">el tiempo dedicado a esas p\u00e1ginas, identificadores \u00fanicos de dispositivos y otros datos de diagn\u00f3stico<\/span><span style=\"font-size: 16px;\">.<\/span><\/p>\n<p>Datos de seguimiento y cookies<\/p>\n<p>Utilizamos cookies y tecnolog\u00edas de seguimiento similares para rastrear la actividad en nuestro Servicio y mantener cierta informaci\u00f3n.<\/p>\n<p>Las cookies son archivos con una peque\u00f1a cantidad de datos que pueden incluir un identificador \u00fanico an\u00f3nimo. Las cookies se env\u00edan a su navegador desde un sitio web y se almacenan<br \/>en su dispositivo. Las tecnolog\u00edas de seguimiento tambi\u00e9n utilizadas son balizas, etiquetas y scripts para recopilar y rastrear informaci\u00f3n y para mejorar y analizar nuestro Servicio.<\/p>\n<p>Puede indicar a su navegador que rechace todas las cookies o que indique cu\u00e1ndo se env\u00eda una cookie. Sin embargo, si no acepta las cookies, es posible que no sea<br \/>capaz de utilizar algunas partes de nuestro Servicio. Puede obtener m\u00e1s informaci\u00f3n sobre c\u00f3mo administrar las cookies en la <a href=\"https:\/\/privacypolicies.com\/blog\/how-to-delete-cookies\/\" target=\"_blank\" rel=\"noopener\">Gu\u00eda de cookies del navegador<\/a>.<\/p>\n<p>Ejemplos de cookies que utilizamos:<\/p>\n<ul>\n<li><strong>Cookies de sesi\u00f3n.<\/strong>  Utilizamos cookies de sesi\u00f3n para operar nuestro Servicio.<\/li>\n<li><strong>Cookies de preferencia.<\/strong>  Utilizamos cookies de preferencias para recordar sus preferencias y diversas configuraciones.<\/li>\n<li><strong>Cookies de seguridad.<\/strong>  Utilizamos cookies de seguridad por motivos de seguridad.<\/li>\n<\/ul>\n<p><strong> <\/strong><\/p>\n<h3><strong>Uso de datos con respecto al RGPD<\/strong><\/h3>\n<p><span style=\"color: var( --e-global-color-text );\">IGNITECH<\/span><span style=\"color: var( --e-global-color-text );\"> <\/span>utiliza los datos recopilados para diversos fines:<\/p>\n<ul>\n<li>Para proporcionar y mantener el Servicio<\/li>\n<li>Para notificarle sobre cambios en nuestro Servicio<\/li>\n<li>Para permitirle participar en funciones interactivas de nuestro Servicio cuando elija hacerlo<\/li>\n<li>Para proporcionar atenci\u00f3n y soporte al cliente<\/li>\n<li>Para proporcionar an\u00e1lisis o informaci\u00f3n valiosa para que podamos mejorar el Servicio<\/li>\n<li>Para monitorear el uso del Servicio<\/li>\n<li>Para detectar, prevenir y abordar problemas t\u00e9cnicos<\/li>\n<\/ul>\n<p><strong> <\/strong><\/p>\n<h3><strong>Transferencia de datos<\/strong><\/h3>\n<p>Su informaci\u00f3n, incluidos los Datos personales, puede transferirse y mantenerse en computadoras ubicadas fuera de su estado, provincia, pa\u00eds o<br \/>otra jurisdicci\u00f3n gubernamental donde las leyes de protecci\u00f3n de datos pueden diferir de las de su jurisdicci\u00f3n.<\/p>\n<p>Si se encuentra fuera de Marruecos y decide proporcionarnos informaci\u00f3n, tenga en cuenta que transferimos los datos, incluidos los Datos personales, a Marruecos y<br \/>procesarlo all\u00ed.  <\/p>\n<p><span style=\"font-size: 16px;\">Su consentimiento a esta Pol\u00edtica de privacidad seguido de su env\u00edo de dicha <\/span><span style=\"font-size: 16px;\">informaci\u00f3n representa su aceptaci\u00f3n de esa transferencia.<\/span><\/p>\n<p><span style=\"color: var( --e-global-color-text );\">IGNITECH<\/span><span style=\"color: var( --e-global-color-text );\"> <\/span>tomar\u00e1 todas las medidas razonablemente necesarias para garantizar que sus datos se traten de forma segura y de acuerdo con esta Pol\u00edtica de privacidad y no se transfieran.<br \/>de sus Datos personales se llevar\u00e1 a cabo en una organizaci\u00f3n o un pa\u00eds, a menos que existan controles adecuados, incluida la seguridad de sus datos y<br \/>Otra informaci\u00f3n personal.<\/p>\n<h3><strong>Divulgaci\u00f3n de datos<\/strong><\/h3>\n<h3><strong>Requisitos legales<\/strong><\/h3>\n<p><span style=\"color: var( --e-global-color-text );\">IGNITECH<\/span><span style=\"color: var( --e-global-color-text );\"> <\/span>puede divulgar sus Datos Personales en la creencia de buena fe de que dicha acci\u00f3n es necesaria para:<\/p>\n<ul>\n<li>Para cumplir con una obligaci\u00f3n legal<\/li>\n<li>Para proteger y defender los derechos o propiedad de IGNITECH  <\/li>\n<li>Para prevenir o investigar posibles irregularidades en relaci\u00f3n con el Servicio<\/li>\n<li>Para proteger la seguridad personal de los usuarios del Servicio o del p\u00fablico<\/li>\n<li>Para protegerse contra la responsabilidad legal<\/li>\n<\/ul>\n<p><strong> <\/strong><\/p>\n<h3><strong>Seguridad de los datos<\/strong><\/h3>\n<p>La seguridad de sus datos es importante para nosotros, y estamos comprometidos con el cumplimiento de GDPR. Sin embargo, es esencial recordar que ning\u00fan m\u00e9todo de transmisi\u00f3n a trav\u00e9s de Internet o almacenamiento electr\u00f3nico es 100% seguro. Si bien nos esforzamos diligentemente por utilizar medios comercialmente aceptables para proteger sus Datos personales de acuerdo con las regulaciones de GDPR, no podemos garantizar su seguridad absoluta.<\/p>\n<h3><strong>Proveedores de servicios<\/strong><\/h3>\n<p>Podemos contratar a empresas e individuos de terceros, conocidos como proveedores de servicios, para apoyar y mejorar nuestro Servicio. Estos proveedores de servicios nos ayudan a proporcionar el Servicio, realizar tareas relacionadas con el servicio y analizar el uso de nuestro Servicio. Tenga la seguridad de que estos terceros tienen acceso a sus Datos personales \u00fanicamente con el fin de cumplir con estas tareas en nuestro nombre, y est\u00e1n obligados a mantener la confidencialidad y no divulgarlos ni utilizarlos para ning\u00fan otro prop\u00f3sito, de conformidad con las regulaciones de GDPR.<\/p>\n<h3><strong>Anal\u00edtica<\/strong><\/h3>\n<p>Podemos utilizar proveedores de servicios externos para monitorear y analizar el uso de nuestro Servicio.<\/p>\n<ul>\n<li><strong>Google Analytics<\/strong><\/li>\n<\/ul>\n<p>Google Analytics es un servicio de an\u00e1lisis web. Lea la Pol\u00edtica de privacidad de Clicky aqu\u00ed: <a href=\"https:\/\/www.google.com\/analytics\/terms\/us.html\" target=\"_blank\" rel=\"noopener\">https:\/\/www.google.com\/analytics\/terms\/us.html<\/a><\/p>\n<h3><strong>Sensibilizaci\u00f3n y formaci\u00f3n<\/strong><\/h3>\n<p>IGNITECH est\u00e1 desarrollando activamente cursos de capacitaci\u00f3n a trav\u00e9s de su herramienta interna dedicada para mejorar el conocimiento y la conciencia de su equipo con respecto a GDPR. Estos cursos de capacitaci\u00f3n se ampliar\u00e1n continuamente con el tiempo y tambi\u00e9n pueden estar disponibles en nuestro canal de YouTube para uso p\u00fablico. Priorizamos el mantenimiento del cumplimiento de GDPR a trav\u00e9s del desarrollo y difusi\u00f3n de estos recursos educativos.<\/p>\n<p>Adem\u00e1s, revisamos algunos procedimientos internos para asegurarnos de que todos los datos personales se procesan con la confidencialidad requerida.<\/p>\n<p>Finalmente, revisamos nuestro reglamento interno.<\/p>\n<h3><strong>Relaciones con los socios<\/strong><\/h3>\n<p><span style=\"color: var( --e-global-color-text );\">IGNITECH<\/span><span style=\"color: var( --e-global-color-text );\"> <\/span>ha actualizado sus T\u00e9rminos y Condiciones para Editores y Anunciantes a la luz de GDPR.<\/p>\n<p><span style=\"color: var( --e-global-color-text );\">IGNITECH<\/span><span style=\"color: var( --e-global-color-text );\"> <\/span>dise\u00f1\u00f3 un Anexo de Protecci\u00f3n de Datos (DPA) para nuestros anunciantes, en particular, para llamar su atenci\u00f3n sobre su rol de Controlador de Datos.<\/p>\n<p><span style=\"color: var( --e-global-color-text );\">IGNITECH<\/span><span style=\"color: var( --e-global-color-text );\"> <\/span>tambi\u00e9n ha puesto a disposici\u00f3n del p\u00fablico para sus socios los siguientes documentos: Registro de operaciones de procesamiento, Inventario de cookies, Pol\u00edtica de seguridad,<br \/>Pol\u00edtica de privacidad, t\u00e9rminos y condiciones de marketing por correo electr\u00f3nico, etc.<\/p>\n<p>IGNITECH nomin\u00f3 a un DPO, puede comunicarse con \u00e9l en: <a href=\"mailto:GDPR@Ignitech.com\">GDPR@Ignitech.com<\/a><\/p>\n<h3><strong>Enlaces a otros sitios<\/strong><\/h3>\n<p>Nuestro Servicio puede contener enlaces a otros sitios que no operamos. Si hace clic en un enlace de terceros, se le dirigir\u00e1 a la<br \/>sitio. Le recomendamos encarecidamente que revise la Pol\u00edtica de privacidad de cada sitio que visite.<\/p>\n<p>No tenemos control ni asumimos ninguna responsabilidad por el contenido, las pol\u00edticas de privacidad o las pr\u00e1cticas de los sitios o servicios de terceros.<\/p>\n<h3><strong>Documentaci\u00f3n del RGPD  <\/strong><\/h3>\n<ul>\n<li>Pol\u00edtica de seguridad: &gt;&gt; <a href=\"https:\/\/www.ignitech.ma\/wp-content\/uploads\/storage\/IGNITECH-Security-Policy-GDPR.pdf\" target=\"_blank\" rel=\"noreferrer noopener\" aria-label=\"Download it here (s\u2019ouvre dans un nouvel onglet)\">Desc\u00e1rgala aqu\u00ed<\/a><\/li>\n<li>Inventario de cookies de IGNITECH: &gt;&gt; <a href=\"https:\/\/www.ignitech.ma\/wp-content\/uploads\/storage\/IGNITECH-Cookie-Inventory.pdf\">Desc\u00e1rgalo aqu\u00ed<\/a><\/li>\n<\/ul>\n<p><strong> <\/strong><\/p>\n<h3><strong>Cont\u00e1ctenos<\/strong><\/h3>\n<p>Si tiene alguna pregunta sobre esta Pol\u00edtica de privacidad, <a href=\"https:\/\/www.ignitech.ma\/es\/contactanos\/contact-us\/\">p\u00f3ngase en contacto con nosotros<\/a>.<\/p>\n\t\t\t\t\t\t\t\t<\/div>\n\t\t\t\t<div class=\"elementor-element elementor-element-360ad67 elementor-widget elementor-widget-image\" data-id=\"360ad67\" data-element_type=\"widget\" data-widget_type=\"image.default\">\n\t\t\t\t\t\t\t\t\t\t\t\t\t\t\t<img fetchpriority=\"high\" decoding=\"async\" width=\"768\" height=\"512\" src=\"https:\/\/cdn.ignitech.ma\/wp-content\/uploads\/2023\/05\/GDPR-IGNITECH-DSMMA-1-768x512.jpg\" class=\"attachment-medium_large size-medium_large wp-image-25343\" alt=\"\" srcset=\"https:\/\/cdn.ignitech.ma\/wp-content\/uploads\/2023\/05\/GDPR-IGNITECH-DSMMA-1-768x512.jpg 768w, https:\/\/cdn.ignitech.ma\/wp-content\/uploads\/2023\/05\/GDPR-IGNITECH-DSMMA-1-300x200.jpg 300w, https:\/\/cdn.ignitech.ma\/wp-content\/uploads\/2023\/05\/GDPR-IGNITECH-DSMMA-1-1024x683.jpg 1024w, https:\/\/cdn.ignitech.ma\/wp-content\/uploads\/2023\/05\/GDPR-IGNITECH-DSMMA-1-1536x1024.jpg 1536w, https:\/\/cdn.ignitech.ma\/wp-content\/uploads\/2023\/05\/GDPR-IGNITECH-DSMMA-1-2048x1365.jpg 2048w, https:\/\/cdn.ignitech.ma\/wp-content\/uploads\/2023\/05\/GDPR-IGNITECH-DSMMA-1-600x400.jpg 600w\" sizes=\"(max-width: 768px) 100vw, 768px\" title=\"\">\t\t\t\t\t\t\t\t\t\t\t\t\t\t\t<\/div>\n\t\t\t\t<div class=\"elementor-element elementor-element-8e37f32 elementor-widget elementor-widget-spacer\" data-id=\"8e37f32\" data-element_type=\"widget\" data-widget_type=\"spacer.default\">\n\t\t\t\t\t\t\t<div class=\"elementor-spacer\">\n\t\t\t<div class=\"elementor-spacer-inner\"><\/div>\n\t\t<\/div>\n\t\t\t\t\t\t<\/div>\n\t\t\t\t\t<\/div>\n\t\t<\/div>\n\t\t\t\t\t<\/div>\n\t\t<\/section>\n\t\t\t\t<\/div>\n\t\t","protected":false},"excerpt":{"rendered":"<p>El Reglamento General de Protecci\u00f3n de Datos de la UE entr\u00f3 en vigor el 25 de mayo de 2018. Por una cuesti\u00f3n de transparencia, encontrar\u00e1 a continuaci\u00f3n la hoja de ruta que IGNITECH sigui\u00f3 para cumplir. Registro de las operaciones de tratamiento IGNITECH reuni\u00f3 a l\u00edderes y partes interesadas para auditar todos los datos personales [&hellip;]<\/p>\n","protected":false},"author":1,"featured_media":0,"parent":0,"menu_order":0,"comment_status":"closed","ping_status":"closed","template":"","meta":{"_monsterinsights_skip_tracking":false,"_monsterinsights_sitenote_active":false,"_monsterinsights_sitenote_note":"","_monsterinsights_sitenote_category":0,"footnotes":""},"class_list":["post-25339","page","type-page","status-publish","hentry"],"_links":{"self":[{"href":"https:\/\/www.ignitech.ma\/es\/wp-json\/wp\/v2\/pages\/25339","targetHints":{"allow":["GET"]}}],"collection":[{"href":"https:\/\/www.ignitech.ma\/es\/wp-json\/wp\/v2\/pages"}],"about":[{"href":"https:\/\/www.ignitech.ma\/es\/wp-json\/wp\/v2\/types\/page"}],"author":[{"embeddable":true,"href":"https:\/\/www.ignitech.ma\/es\/wp-json\/wp\/v2\/users\/1"}],"replies":[{"embeddable":true,"href":"https:\/\/www.ignitech.ma\/es\/wp-json\/wp\/v2\/comments?post=25339"}],"version-history":[{"count":0,"href":"https:\/\/www.ignitech.ma\/es\/wp-json\/wp\/v2\/pages\/25339\/revisions"}],"wp:attachment":[{"href":"https:\/\/www.ignitech.ma\/es\/wp-json\/wp\/v2\/media?parent=25339"}],"curies":[{"name":"wp","href":"https:\/\/api.w.org\/{rel}","templated":true}]}}