{"id":25541,"date":"2019-04-22T13:35:02","date_gmt":"2019-04-22T11:35:02","guid":{"rendered":"https:\/\/www.ignitech.ma\/privacy-policy\/"},"modified":"2023-10-04T18:35:49","modified_gmt":"2023-10-04T16:35:49","slug":"politica-de-privacidad","status":"publish","type":"page","link":"https:\/\/www.ignitech.ma\/es\/politica-de-privacidad\/","title":{"rendered":"Pol\u00edtica de privacidad"},"content":{"rendered":"<p>\u00daltima actualizaci\u00f3n: 22 de abril de 2019<\/p>\n<p>Ignitech (\u00abnosotros\u00bb, \u00abnosotros\u00bb o \u00abnuestro\u00bb) opera el sitio web https:\/\/www.ignitech.ma (el \u00abServicio\u00bb).<\/p>\n<p>Esta p\u00e1gina le informa de nuestras pol\u00edticas con respecto a la recopilaci\u00f3n, uso y divulgaci\u00f3n de informaci\u00f3n personal cuando utiliza nuestro Servicio.<\/p>\n<p>No usaremos ni compartiremos su informaci\u00f3n con nadie, excepto como se describe en esta Pol\u00edtica de privacidad.<\/p>\n<p>Utilizamos su informaci\u00f3n personal para proporcionar y mejorar el Servicio. Al utilizar el Servicio, usted acepta la recopilaci\u00f3n y el uso de informaci\u00f3n de acuerdo con esta pol\u00edtica. A menos que se defina lo contrario en esta Pol\u00edtica de privacidad, los t\u00e9rminos utilizados en esta Pol\u00edtica de privacidad tienen los mismos significados que en nuestros T\u00e9rminos y condiciones, accesibles en https:\/\/www.ignitech.ma.<\/p>\n<h2><strong>Pol\u00edtica de privacidad &#8211; Recopilaci\u00f3n y uso de informaci\u00f3n<\/strong><\/h2>\n<p>Al utilizar nuestro Servicio, podemos pedirle que nos proporcione cierta informaci\u00f3n de identificaci\u00f3n personal que se puede utilizar para contactarlo o identificarlo. La informaci\u00f3n de identificaci\u00f3n personal puede incluir, pero no se limita a, su direcci\u00f3n de correo electr\u00f3nico, nombre, n\u00famero de tel\u00e9fono y otra informaci\u00f3n (\u00abInformaci\u00f3n personal\u00bb).<\/p>\n<p>Recopilamos esta informaci\u00f3n con el fin de proporcionar el Servicio, identificarlo y comunicarnos con usted, responder a sus solicitudes \/ consultas, atender sus \u00f3rdenes de compra y mejorar nuestros servicios.<\/p>\n<h2><strong>Pol\u00edtica de privacidad &#8211; Datos de registro<\/strong><\/h2>\n<p>Tambi\u00e9n podemos recopilar informaci\u00f3n que su navegador env\u00eda cada vez que visita nuestro Servicio (\u00abDatos de registro\u00bb). Estos Datos de registro pueden incluir informaci\u00f3n como la direcci\u00f3n de Protocolo de Internet (\u00abIP\u00bb) de su computadora, el tipo de navegador, la versi\u00f3n del navegador, las p\u00e1ginas de nuestro Servicio que visita, la hora y la fecha de su visita, el tiempo dedicado a esas p\u00e1ginas y otras estad\u00edsticas.<\/p>\n<p>Adem\u00e1s, podemos utilizar servicios de terceros como Google Analytics que recopilan, monitorean y analizan este tipo de informaci\u00f3n para aumentar la funcionalidad de nuestro Servicio. Estos proveedores de servicios externos tienen sus propias pol\u00edticas de privacidad que abordan c\u00f3mo usan dicha informaci\u00f3n.<\/p>\n<h2><strong>Pol\u00edtica de privacidad &#8211; Cookies<\/strong><\/h2>\n<p>Las cookies son archivos con una peque\u00f1a cantidad de datos, que pueden incluir un identificador \u00fanico an\u00f3nimo. Las cookies se env\u00edan a su navegador desde un sitio web y se transfieren a su dispositivo. Utilizamos cookies para recopilar informaci\u00f3n con el fin de mejorar nuestros servicios para usted.<\/p>\n<p>Puede indicar a su navegador que rechace todas las cookies o que indique cu\u00e1ndo se env\u00eda una cookie. La funci\u00f3n de Ayuda en la mayor\u00eda de los navegadores proporciona informaci\u00f3n sobre c\u00f3mo aceptar cookies, deshabilitarlas o notificarle cuando recibe una nueva cookie.<\/p>\n<p>Si no acepta las cookies, es posible que no pueda utilizar algunas funciones de nuestro Servicio y le recomendamos que las deje activadas.<\/p>\n<h2><strong>Pol\u00edtica de privacidad &#8211; Proveedores de servicios<\/strong><\/h2>\n<p>Podemos emplear empresas e individuos de terceros para facilitar nuestro Servicio, para proporcionar el Servicio en nuestro nombre, para realizar servicios relacionados con el Servicio y \/ o para ayudarnos a analizar c\u00f3mo se utiliza nuestro Servicio, como <a href=\"https:\/\/analytics.google.com\/\" target=\"_blank\" rel=\"noopener\">Google Analytics<\/a> y <a href=\"https:\/\/developers.facebook.com\/docs\/meta-pixel\/\" target=\"_blank\" rel=\"noopener\">Facebook Pixel<\/a>.<\/p>\n<p>Estos terceros tienen acceso a su informaci\u00f3n personal solo para realizar tareas espec\u00edficas en nuestro nombre y est\u00e1n obligados a no divulgar ni utilizar su informaci\u00f3n para ning\u00fan otro prop\u00f3sito.<\/p>\n<h2><strong>Pol\u00edtica de privacidad &#8211; Comunicaciones<\/strong><\/h2>\n<p>Podemos utilizar su informaci\u00f3n personal para ponernos en contacto con usted con boletines informativos y otra informaci\u00f3n que pueda ser de su inter\u00e9s. Puede optar por no recibir ninguna o todas estas comunicaciones de nosotros siguiendo el enlace para darse de baja o las instrucciones proporcionadas en cualquier correo electr\u00f3nico que enviemos.<\/p>\n<h2><strong>Pol\u00edtica de privacidad &#8211; Cumplimiento de las leyes<\/strong><\/h2>\n<p>Divulgaremos su informaci\u00f3n personal cuando as\u00ed lo exija la ley o una citaci\u00f3n o si creemos que dicha acci\u00f3n es necesaria para cumplir con la ley y las solicitudes razonables de las fuerzas del orden o para proteger la seguridad o integridad de nuestro Servicio.<\/p>\n<h2><strong>Pol\u00edtica de privacidad &#8211; Seguridad<\/strong><\/h2>\n<p>La seguridad de su informaci\u00f3n personal es importante para nosotros, y nos esforzamos por implementar y mantener procedimientos y pr\u00e1cticas de seguridad razonables y comercialmente aceptables apropiados para la naturaleza de la informaci\u00f3n que almacenamos, con el fin de protegerla del acceso, destrucci\u00f3n, uso, modificaci\u00f3n o divulgaci\u00f3n no autorizados.<\/p>\n<p>Sin embargo, tenga en cuenta que ning\u00fan m\u00e9todo de transmisi\u00f3n a trav\u00e9s de Internet o m\u00e9todo de almacenamiento electr\u00f3nico es 100% seguro y no podemos garantizar la seguridad absoluta de la informaci\u00f3n personal que hemos recopilado de usted.<\/p>\n<h2><strong>Pol\u00edtica de privacidad &#8211; Enlaces a otros sitios<\/strong><\/h2>\n<p>Nuestro Servicio puede contener enlaces a otros sitios que no son operados por nosotros. Si hace clic en un enlace de terceros, se le dirigir\u00e1 al sitio de ese tercero. Le recomendamos encarecidamente que revise la Pol\u00edtica de privacidad de cada sitio que visite.<\/p>\n<p>No tenemos control ni asumimos ninguna responsabilidad por el contenido, las pol\u00edticas de privacidad o las pr\u00e1cticas de los sitios o servicios de terceros.<\/p>\n<h2><strong>Cambios a esta Pol\u00edtica de Privacidad<\/strong><\/h2>\n<p>Esta Pol\u00edtica de privacidad es efectiva a partir de la fecha anterior y permanecer\u00e1 vigente excepto con respecto a cualquier cambio en sus disposiciones en el futuro, que entrar\u00e1 en vigencia inmediatamente despu\u00e9s de ser publicada en esta p\u00e1gina.<\/p>\n<p>Nos reservamos el derecho de actualizar o cambiar nuestra Pol\u00edtica de privacidad en cualquier momento y usted debe revisar esta Pol\u00edtica de privacidad peri\u00f3dicamente. Su uso continuado del Servicio despu\u00e9s de que publiquemos cualquier modificaci\u00f3n a la Pol\u00edtica de privacidad en esta p\u00e1gina constituir\u00e1 su reconocimiento de las modificaciones y su consentimiento para cumplir y estar sujeto a la Pol\u00edtica de privacidad modificada.<\/p>\n<p>Si realizamos alg\u00fan cambio material en esta Pol\u00edtica de privacidad, se lo notificaremos a trav\u00e9s de la direcci\u00f3n de correo electr\u00f3nico que nos haya proporcionado o colocando un aviso destacado en nuestro sitio web.<\/p>\n<h2><strong>Cont\u00e1ctenos<\/strong><\/h2>\n<p>Si tiene alguna pregunta sobre esta Pol\u00edtica de privacidad, visite nuestras <a href=\"https:\/\/www.ignitech.ma\/es\/preguntas-mas-frecuentes\/\">preguntas frecuentes<\/a> o <strong><br \/>\n  <a href=\"https:\/\/www.ignitech.ma\/es\/contactanos\/contact-us\/\">cont\u00e1ctenos<\/a><br \/>\n<\/strong><a href=\"https:\/\/www.ignitech.ma\/es\/contactanos\/contact-us\/\">.<\/a><\/p>\n<p>\t\t\t\t\t\t\t\t\t\t\t\t\t\t\t<img loading=\"lazy\" decoding=\"async\" width=\"300\" height=\"291\" src=\"https:\/\/www.ignitech.ma\/wp-content\/uploads\/2023\/05\/Privacy-policy-IGNITECH-DSMMA-300x291.png\" alt=\"Privacy Policy - IGNITECH DSMMA\" loading=\"lazy\" srcset=\"https:\/\/www.ignitech.ma\/wp-content\/uploads\/2023\/05\/Privacy-policy-IGNITECH-DSMMA-300x291.png 300w, https:\/\/www.ignitech.ma\/wp-content\/uploads\/2023\/05\/Privacy-policy-IGNITECH-DSMMA-768x746.png 768w, https:\/\/www.ignitech.ma\/wp-content\/uploads\/2023\/05\/Privacy-policy-IGNITECH-DSMMA-600x583.png 600w, https:\/\/www.ignitech.ma\/wp-content\/uploads\/2023\/05\/Privacy-policy-IGNITECH-DSMMA.png 806w\" sizes=\"auto, (max-width: 300px) 100vw, 300px\" title=\"\"><\/p>\n","protected":false},"excerpt":{"rendered":"<p>\u00daltima actualizaci\u00f3n: 22 de abril de 2019 Ignitech (\u00abnosotros\u00bb, \u00abnosotros\u00bb o \u00abnuestro\u00bb) opera el sitio web https:\/\/www.ignitech.ma (el \u00abServicio\u00bb). Esta p\u00e1gina le informa de nuestras pol\u00edticas con respecto a la recopilaci\u00f3n, uso y divulgaci\u00f3n de informaci\u00f3n personal cuando utiliza nuestro Servicio. No usaremos ni compartiremos su informaci\u00f3n con nadie, excepto como se describe en esta [&hellip;]<\/p>\n","protected":false},"author":1,"featured_media":0,"parent":0,"menu_order":0,"comment_status":"closed","ping_status":"closed","template":"","meta":{"_monsterinsights_skip_tracking":false,"_monsterinsights_sitenote_active":false,"_monsterinsights_sitenote_note":"","_monsterinsights_sitenote_category":0,"footnotes":""},"class_list":["post-25541","page","type-page","status-publish","hentry"],"_links":{"self":[{"href":"https:\/\/www.ignitech.ma\/es\/wp-json\/wp\/v2\/pages\/25541","targetHints":{"allow":["GET"]}}],"collection":[{"href":"https:\/\/www.ignitech.ma\/es\/wp-json\/wp\/v2\/pages"}],"about":[{"href":"https:\/\/www.ignitech.ma\/es\/wp-json\/wp\/v2\/types\/page"}],"author":[{"embeddable":true,"href":"https:\/\/www.ignitech.ma\/es\/wp-json\/wp\/v2\/users\/1"}],"replies":[{"embeddable":true,"href":"https:\/\/www.ignitech.ma\/es\/wp-json\/wp\/v2\/comments?post=25541"}],"version-history":[{"count":0,"href":"https:\/\/www.ignitech.ma\/es\/wp-json\/wp\/v2\/pages\/25541\/revisions"}],"wp:attachment":[{"href":"https:\/\/www.ignitech.ma\/es\/wp-json\/wp\/v2\/media?parent=25541"}],"curies":[{"name":"wp","href":"https:\/\/api.w.org\/{rel}","templated":true}]}}