{"id":25663,"date":"2019-04-22T14:05:33","date_gmt":"2019-04-22T12:05:33","guid":{"rendered":"https:\/\/www.ignitech.ma\/terms-of-use-conditions\/"},"modified":"2023-10-04T18:36:42","modified_gmt":"2023-10-04T16:36:42","slug":"terminos-de-uso","status":"publish","type":"page","link":"https:\/\/www.ignitech.ma\/es\/terminos-de-uso\/","title":{"rendered":"T\u00e9rminos de uso"},"content":{"rendered":"\t\t<div data-elementor-type=\"wp-page\" data-elementor-id=\"25663\" class=\"elementor elementor-25663 elementor-1530\" data-elementor-post-type=\"page\">\n\t\t\t\t\t\t<section data-particle_enable=\"false\" data-particle-mobile-disabled=\"false\" class=\"elementor-section elementor-top-section elementor-element elementor-element-28dd6d8c elementor-section-boxed elementor-section-height-default elementor-section-height-default\" data-id=\"28dd6d8c\" data-element_type=\"section\">\n\t\t\t\t\t\t<div class=\"elementor-container elementor-column-gap-default\">\n\t\t\t\t\t<div class=\"elementor-column elementor-col-100 elementor-top-column elementor-element elementor-element-3599643d\" data-id=\"3599643d\" data-element_type=\"column\">\n\t\t\t<div class=\"elementor-widget-wrap elementor-element-populated\">\n\t\t\t\t\t\t<div class=\"elementor-element elementor-element-de418c2 elementor-widget elementor-widget-spacer\" data-id=\"de418c2\" data-element_type=\"widget\" data-widget_type=\"spacer.default\">\n\t\t\t\t\t\t\t<div class=\"elementor-spacer\">\n\t\t\t<div class=\"elementor-spacer-inner\"><\/div>\n\t\t<\/div>\n\t\t\t\t\t\t<\/div>\n\t\t\t\t<div class=\"elementor-element elementor-element-f36e6e6 elementor-widget elementor-widget-spacer\" data-id=\"f36e6e6\" data-element_type=\"widget\" data-widget_type=\"spacer.default\">\n\t\t\t\t\t\t\t<div class=\"elementor-spacer\">\n\t\t\t<div class=\"elementor-spacer-inner\"><\/div>\n\t\t<\/div>\n\t\t\t\t\t\t<\/div>\n\t\t\t\t<div class=\"elementor-element elementor-element-1ae7c39d elementor-widget elementor-widget-text-editor\" data-id=\"1ae7c39d\" data-element_type=\"widget\" data-widget_type=\"text-editor.default\">\n\t\t\t\t\t\t\t\t\t<p>Estos t\u00e9rminos y condiciones describen las reglas y regulaciones para el uso del sitio web de ignitech.<br \/>IGNITECH se encuentra en: 13, RUE AHMED EL MAJJATI RES. LES ALPES 1\u00e9r ETAGE N\u00b08 QUARTIER MAARIF Casablanca 20370 &#8211; Casablanca , Marruecos.<\/p>\n<p>Al acceder al sitio web de IGNITECH, se considera que ha aceptado estos t\u00e9rminos y condiciones en su totalidad. Si no est\u00e1 de acuerdo con todos los t\u00e9rminos y condiciones establecidos en esta p\u00e1gina, abst\u00e9ngase de utilizar nuestro sitio web.<\/p>\n<p>La siguiente terminolog\u00eda se aplica a estos T\u00e9rminos de uso y condiciones, Declaraci\u00f3n de privacidad, Aviso de exenci\u00f3n de responsabilidad y cualquier Acuerdo: \u00abCliente\u00bb, \u00abUsted\u00bb y \u00abSu\u00bb se refieren a usted, la persona que accede a este sitio web y acepta los t\u00e9rminos y condiciones. \u00abLa Compa\u00f1\u00eda\u00bb, \u00abNosotros mismos\u00bb, \u00abNosotros\u00bb, \u00abNuestro\u00bb y \u00abNos\u00bb se refieren a nuestra Compa\u00f1\u00eda. \u00abParte\u00bb, \u00abPartes\u00bb o \u00abNosotros\u00bb se refieren tanto al Cliente como a nosotros mismos, o al Cliente o a nosotros mismos.<\/p>\n<p>Todos los t\u00e9rminos se refieren a la oferta, aceptaci\u00f3n y consideraci\u00f3n del pago necesario para llevar a cabo el proceso de prestaci\u00f3n de asistencia al Cliente de la manera m\u00e1s adecuada, ya sea a trav\u00e9s de reuniones formales o cualquier otro medio, con el prop\u00f3sito expreso de satisfacer las necesidades del Cliente con respecto a nuestros servicios y productos, de acuerdo con las leyes vigentes.<\/p>\n<p>Empleamos el uso de cookies. Al utilizar el sitio web de IGNITECH, usted reconoce y acepta el uso de cookies de acuerdo con los T\u00e9rminos de uso y la Pol\u00edtica de privacidad de IGNITECH. La mayor\u00eda de los sitios web interactivos modernos utilizan cookies para recuperar los detalles del usuario para cada visita. Las cookies se utilizan en \u00e1reas espec\u00edficas de nuestro sitio para permitir la funcionalidad y mejorar la experiencia del usuario. Algunos de nuestros socios afiliados y publicitarios tambi\u00e9n pueden usar cookies.<\/p>\n<p>A menos que se indique lo contrario, IGNITECH y\/o sus licenciantes poseen los derechos de propiedad intelectual de todo el material de IGNITECH. Todos los derechos de propiedad intelectual est\u00e1n reservados. Puede ver y\/o imprimir p\u00e1ginas de nuestro sitio web (<a href=\"https:\/\/www.ignitech.ma\/es\/\" target=\"_new\">https:\/\/www.ignitech.ma<\/a>) para uso personal, sujeto a las restricciones establecidas en estos t\u00e9rminos y condiciones. No debe volver a publicar, vender, alquilar, sublicenciar, reproducir, duplicar o copiar material de nuestro sitio web. La redistribuci\u00f3n de contenido de IGNITECH est\u00e1 prohibida a menos que el contenido espec\u00edfico est\u00e9 destinado a la redistribuci\u00f3n.<\/p>\n<h3><strong>Directrices y condiciones de uso para los comentarios de los usuarios<\/strong><\/h3>\n<p>Este Acuerdo comenzar\u00e1 en la fecha del mismo.<\/p>\n<p><span style=\"color: var( --e-global-color-text );\">Ciertas partes de este sitio web ofrecen a los usuarios la oportunidad de publicar e intercambiar opiniones, informaci\u00f3n, <\/span>material y datos (\u00abComentarios\u00bb) en \u00e1reas del sitio web. IGNITECH no filtra, edita, publica<br \/>o revisar los Comentarios antes de su aparici\u00f3n en el sitio web y los Comentarios no reflejan los puntos de vista u opiniones de IGNITECH, sus agentes o afiliados. Los comentarios reflejan el punto de vista y la opini\u00f3n de la persona que publica dicho punto de vista u opini\u00f3n. En la medida permitida por las leyes aplicables, IGNITECH no ser\u00e1 responsable de los Comentarios ni de ning\u00fan costo de p\u00e9rdida, responsabilidad, da\u00f1os o gastos causados o sufridos como resultado de cualquier uso y \/ o publicaci\u00f3n y \/ o aparici\u00f3n de los Comentarios en este sitio web.<\/p>\n<p>IGNITECH se reserva el derecho de monitorear todos los Comentarios y eliminar cualquier Comentario que considere, a su absoluta discreci\u00f3n, inapropiado, ofensivo o que infrinja estos T\u00e9rminos y Condiciones.<br \/>Usted garantiza y declara que:<br \/>Tiene derecho a publicar los Comentarios en nuestro sitio web y tiene todas las licencias y consentimientos necesarios para hacerlo;<br \/>Los Comentarios no infringen ning\u00fan derecho de propiedad intelectual, incluidos, entre otros, los derechos de autor, patentes o marcas comerciales, u otros derechos de propiedad de terceros;<\/p>\n<p>Los Comentarios no contienen ning\u00fan material difamatorio, calumnioso, ofensivo, indecente o ilegal o material que sea una invasi\u00f3n de la privacidad.<br \/>Los Comentarios no se utilizar\u00e1n para solicitar o promover negocios o costumbres o presentar actividades comerciales o actividades ilegales.<\/p>\n<p>Al enviar sus comentarios, usted otorga a IGNITECH una licencia no exclusiva y libre de regal\u00edas para usar, reproducir, editar y autorizar a otros a usar, reproducir y editar sus comentarios en todas y cada una de las formas, formatos o medios, como se indica en nuestros T\u00e9rminos de uso.<\/p>\n<h3><strong>T\u00e9rminos de uso para hiperv\u00ednculos a nuestro contenido<\/strong><\/h3>\n<p>Las siguientes organizaciones pueden enlazar a nuestro sitio web sin aprobaci\u00f3n previa por escrito:<\/p>\n<p>Agencias gubernamentales;<br \/>Buscadores;<br \/>Organizaciones de noticias;<br \/>Los distribuidores de directorios en l\u00ednea cuando nos incluyen en el directorio pueden vincularse a nuestro sitio web en el mismo<br \/>la manera en que se vinculan a los sitios web de otras empresas enumeradas; y<br \/>Empresas acreditadas en todo el sistema, excepto organizaciones sin fines de lucro que solicitan, centros comerciales de caridad,<br \/>y grupos de recaudaci\u00f3n de fondos de caridad que no pueden hacer hiperv\u00ednculos a nuestro sitio web.<\/p>\n<p>Estas organizaciones pueden enlazar a nuestra p\u00e1gina de inicio, a publicaciones o a otra informaci\u00f3n del sitio web siempre y cuando el enlace: a) no induzca a error alguno; (b) no implica falsamente patrocinio, respaldo o aprobaci\u00f3n de la parte enlazante y sus productos o servicios; y c) se inscribe en el contexto de la vinculaci\u00f3n<br \/>Sitio del partido.<\/p>\n<p>Podemos considerar y aprobar, a nuestra entera discreci\u00f3n, otras solicitudes de enlaces de los siguientes tipos de organizaciones:<\/p>\n<p>fuentes de informaci\u00f3n de consumidores y \/ o negocios com\u00fanmente conocidas, como las C\u00e1maras de Comercio como <a href=\"https:\/\/www.uschamber.com\/\" target=\"_blank\" rel=\"noopener\">USchamber<\/a>, American<br \/>Asociaci\u00f3n de Autom\u00f3viles, AARP y Uni\u00f3n de Consumidores <a href=\"https:\/\/www.aarp.org\" target=\"_blank\" rel=\"noopener\">Aarp.org<\/a>;<\/p>\n<p>dot.com sitios comunitarios;<br \/>asociaciones u otros grupos que representen a organizaciones ben\u00e9ficas, incluidos los sitios de donaciones de caridad,<br \/>distribuidores de directorios en l\u00ednea;<br \/>Institutes;<br \/>firmas de contabilidad, derecho y consultor\u00eda cuyos clientes principales son empresas; y<br \/>instituciones educativas y asociaciones comerciales.<\/p>\n<p>Valoramos la oportunidad de recibir solicitudes de enlaces de organizaciones que se alinean con la naturaleza de nuestro sitio web. Nuestra decisi\u00f3n de revisar y aprobar dichas solicitudes se basa en nuestra discreci\u00f3n y de acuerdo con nuestros T\u00e9rminos de uso. Nuestra consideraci\u00f3n principal es si el enlace ser\u00e1 beneficioso para nuestros usuarios y sitio web.<\/p>\n<p>Al evaluar la idoneidad de un enlace solicitado, tenemos en cuenta varios factores. En primer lugar, nos aseguramos de que el enlace no se refleje desfavorablemente en nosotros o en nuestras empresas acreditadas. Por ejemplo, no permitimos enlaces de organizaciones que representan tipos de negocios inherentemente sospechosos, como oportunidades de trabajo en casa. En segundo lugar, verificamos el historial de la organizaci\u00f3n con nosotros y verificamos que no tenga un historial insatisfactorio.<\/p>\n<p>Adem\u00e1s, evaluamos el beneficio general para nosotros de la visibilidad asociada con el hiperv\u00ednculo. Consideramos si las ventajas de incluir el enlace superan cualquier inconveniente potencial o ausencia de beneficios. Finalmente, evaluamos el contexto del enlace. Si el enlace est\u00e1 en forma de informaci\u00f3n general de recursos o si se alinea con el contenido editorial de un bolet\u00edn informativo o producto similar que promueve la misi\u00f3n de la organizaci\u00f3n, es m\u00e1s probable que se considere para su aprobaci\u00f3n.<\/p>\n<p>Tenga en cuenta que nuestra decisi\u00f3n de aprobar o denegar las solicitudes de enlaces se toma caso por caso, teniendo en cuenta estos criterios y nuestro compromiso de proporcionar una experiencia valiosa y confiable a nuestros usuarios.<\/p>\n<p>Estas organizaciones pueden enlazar a nuestra p\u00e1gina de inicio, a publicaciones o a otra informaci\u00f3n del sitio web siempre y cuando el enlace: a) no induzca a error alguno; (b) no implica falsamente patrocinio, respaldo o aprobaci\u00f3n de la parte enlazante y sus productos o servicios; y (c) se ajuste al contexto del sitio de la parte enlazante.<\/p>\n<p>Si se encuentra entre las organizaciones enumeradas en el p\u00e1rrafo 2 anterior y est\u00e1 interesado en vincularse a nuestro sitio web, debe notificarnos enviando un correo electr\u00f3nico a support@ignitech.ma.<\/p>\n<p>Incluya su nombre, el nombre de su organizaci\u00f3n, informaci\u00f3n de contacto (como un n\u00famero de tel\u00e9fono y \/ o direcci\u00f3n de correo electr\u00f3nico), as\u00ed como la URL de su sitio, una lista de las URL desde las que desea vincularse a nuestro sitio web y una lista de las URL de nuestro sitio a las que le gustar\u00eda vincularse. Espere de 2 a 3 semanas para una respuesta.<\/p>\n<p>Las organizaciones aprobadas pueden hacer hiperv\u00ednculos a nuestro sitio web de la siguiente manera:<\/p>\n<p>Mediante el uso de nuestro nombre corporativo; o<br \/>Mediante el uso del localizador uniforme de recursos (direcci\u00f3n web) vinculado a; o<br \/>Mediante el uso de cualquier otra descripci\u00f3n de nuestro sitio web o material vinculado que tenga sentido dentro de la<br \/>contexto y formato del contenido en el sitio de la parte enlazante.<\/p>\n<p>No se permitir\u00e1 el uso del logotipo de IGNITECH u otras ilustraciones para vincular sin una licencia de marca registrada.<br \/>acuerdo.<\/p>\n<h3>Iframes: T\u00e9rminos de uso y directrices<\/h3>\n<p>Sin aprobaci\u00f3n previa y permiso expreso por escrito, se le proh\u00edbe crear marcos alrededor de nuestras p\u00e1ginas web o utilizar cualquier otra t\u00e9cnica que altere la presentaci\u00f3n visual o la apariencia de nuestro sitio web de cualquier manera, seg\u00fan nuestros T\u00e9rminos de uso.<\/p>\n<h3>Reserva de derechos: T\u00e9rminos de uso y pol\u00edticas<\/h3>\n<p>Nos reservamos el derecho, en cualquier momento y a nuestra entera discreci\u00f3n, de solicitar la eliminaci\u00f3n de todos los enlaces o cualquier enlace espec\u00edfico a nuestro sitio web como se describe en nuestros T\u00e9rminos de uso. Usted acepta eliminar de inmediato todos los enlaces a nuestro sitio web al recibir dicha solicitud. Adem\u00e1s, nos reservamos el derecho de modificar estos t\u00e9rminos y condiciones, as\u00ed como nuestra pol\u00edtica de enlaces, en cualquier momento. Al continuar enlazando a nuestro sitio web, usted reconoce y acepta estar sujeto a estos t\u00e9rminos y condiciones de enlace como se indica en nuestros T\u00e9rminos de uso.<\/p>\n<h3><strong>Eliminaci\u00f3n de enlaces de nuestro sitio web<\/strong><\/h3>\n<p>Si encuentra alg\u00fan enlace en nuestro sitio web o cualquier sitio web vinculado objetable por cualquier motivo, puede contactarnos con respecto a este asunto. Reconocemos que, seg\u00fan nuestros T\u00e9rminos de uso, revisaremos las solicitudes para eliminar enlaces; Sin embargo, no tenemos ninguna obligaci\u00f3n de hacerlo o de proporcionarle una respuesta directa. Si bien nos esforzamos por garantizar la exactitud e integridad de la informaci\u00f3n en este sitio web, no garantizamos su integridad o exactitud de acuerdo con nuestros T\u00e9rminos de uso. Si bien nos esforzamos por garantizar que la informaci\u00f3n en este sitio web sea correcta, no garantizamos su integridad o exactitud; Tampoco nos comprometemos a garantizar que el sitio web permanezca disponible o que el material en el sitio web se mantenga actualizado.<\/p>\n<h3>Responsabilidad por contenido: T\u00e9rminos de uso y responsabilidades<\/h3>\n<p>No tendremos ninguna responsabilidad u obligaci\u00f3n por cualquier contenido que aparezca en su sitio web. Usted acepta indemnizarnos y defendernos contra todas las reclamaciones que surjan de o se basen en su sitio web. Ning\u00fan enlace (s) puede aparecer en ninguna p\u00e1gina de su sitio web o dentro de cualquier contexto que contenga contenido o materiales que puedan interpretarse como difamatorios, obscenos o criminales, o que infrinjan, violen o defiendan la infracci\u00f3n u otra violaci\u00f3n de los derechos de terceros.<\/p>\n<h3><strong>Renuncia<\/strong><\/h3>\n<p>En la medida m\u00e1xima permitida por la ley aplicable, excluimos todas las representaciones, garant\u00edas y condiciones relacionadas con nuestro sitio web y el uso de este sitio web, como se describe en nuestros T\u00e9rminos de uso. Esto incluye, pero no se limita a, cualquier garant\u00eda impl\u00edcita por ley con respecto a la calidad satisfactoria, la idoneidad para un prop\u00f3sito particular y el uso de cuidado y habilidad razonables. Nada en este descargo de responsabilidad afectar\u00e1 los derechos u obligaciones establecidos en nuestros T\u00e9rminos de uso.<\/p>\n<p>limitar o excluir nuestra o su responsabilidad por muerte o lesiones personales resultantes de negligencia;<br \/>limitar o excluir nuestra o su responsabilidad por fraude o tergiversaci\u00f3n fraudulenta;<br \/>limitar cualquiera de nuestras responsabilidades o las suyas de cualquier manera que no est\u00e9 permitida por la ley aplicable; o<br \/>excluir cualquiera de nuestras responsabilidades o las suyas que no puedan ser excluidas bajo la ley aplicable.<\/p>\n<p>Las limitaciones y exclusiones de responsabilidad establecidas en esta Secci\u00f3n y en otras partes de este descargo de responsabilidad: (a)<br \/>est\u00e1n sujetos al p\u00e1rrafo anterior, y (b) rigen todas las responsabilidades derivadas de la exenci\u00f3n de responsabilidad o<br \/>en relaci\u00f3n con el objeto de este descargo de responsabilidad, incluidas las responsabilidades derivadas del contrato, agravio (incluida la negligencia) e incumplimiento del deber legal.<\/p>\n<p>En la medida en que el sitio web y la informaci\u00f3n y los servicios en el sitio web se proporcionan de forma gratuita,<br \/>No seremos responsables de ninguna p\u00e9rdida o da\u00f1o de ninguna naturaleza.<\/p>\n<h3><strong>Informaci\u00f3n de contacto<\/strong><\/h3>\n<p>Si tiene alguna pregunta sobre cualquiera de nuestros t\u00e9rminos, <a href=\"https:\/\/www.ignitech.ma\/es\/contactanos\/contact-us\/\">cont\u00e1ctenos<\/a>.<\/p>\n\t\t\t\t\t\t\t\t<\/div>\n\t\t\t\t<div class=\"elementor-element elementor-element-35e6e8d elementor-widget elementor-widget-image\" data-id=\"35e6e8d\" data-element_type=\"widget\" data-widget_type=\"image.default\">\n\t\t\t\t\t\t\t\t\t\t\t\t\t\t\t<img fetchpriority=\"high\" decoding=\"async\" width=\"300\" height=\"300\" src=\"https:\/\/cdn.ignitech.ma\/wp-content\/uploads\/2023\/05\/Terms-of-use-IGNITECH-DSMMA-300x300.jpg\" class=\"attachment-medium size-medium wp-image-25664\" alt=\"\" srcset=\"https:\/\/cdn.ignitech.ma\/wp-content\/uploads\/2023\/05\/Terms-of-use-IGNITECH-DSMMA-300x300.jpg 300w, https:\/\/cdn.ignitech.ma\/wp-content\/uploads\/2023\/05\/Terms-of-use-IGNITECH-DSMMA-1024x1024.jpg 1024w, https:\/\/cdn.ignitech.ma\/wp-content\/uploads\/2023\/05\/Terms-of-use-IGNITECH-DSMMA-150x150.jpg 150w, https:\/\/cdn.ignitech.ma\/wp-content\/uploads\/2023\/05\/Terms-of-use-IGNITECH-DSMMA-768x768.jpg 768w, https:\/\/cdn.ignitech.ma\/wp-content\/uploads\/2023\/05\/Terms-of-use-IGNITECH-DSMMA-1536x1536.jpg 1536w, https:\/\/cdn.ignitech.ma\/wp-content\/uploads\/2023\/05\/Terms-of-use-IGNITECH-DSMMA-600x600.jpg 600w, https:\/\/cdn.ignitech.ma\/wp-content\/uploads\/2023\/05\/Terms-of-use-IGNITECH-DSMMA-100x100.jpg 100w, https:\/\/cdn.ignitech.ma\/wp-content\/uploads\/2023\/05\/Terms-of-use-IGNITECH-DSMMA.jpg 2000w\" sizes=\"(max-width: 300px) 100vw, 300px\" title=\"\">\t\t\t\t\t\t\t\t\t\t\t\t\t\t\t<\/div>\n\t\t\t\t<div class=\"elementor-element elementor-element-96cd72f elementor-widget elementor-widget-spacer\" data-id=\"96cd72f\" data-element_type=\"widget\" data-widget_type=\"spacer.default\">\n\t\t\t\t\t\t\t<div class=\"elementor-spacer\">\n\t\t\t<div class=\"elementor-spacer-inner\"><\/div>\n\t\t<\/div>\n\t\t\t\t\t\t<\/div>\n\t\t\t\t\t<\/div>\n\t\t<\/div>\n\t\t\t\t\t<\/div>\n\t\t<\/section>\n\t\t\t\t<\/div>\n\t\t","protected":false},"excerpt":{"rendered":"<p>Estos t\u00e9rminos y condiciones describen las reglas y regulaciones para el uso del sitio web de ignitech.IGNITECH se encuentra en: 13, RUE AHMED EL MAJJATI RES. LES ALPES 1\u00e9r ETAGE N\u00b08 QUARTIER MAARIF Casablanca 20370 &#8211; Casablanca , Marruecos. Al acceder al sitio web de IGNITECH, se considera que ha aceptado estos t\u00e9rminos y condiciones [&hellip;]<\/p>\n","protected":false},"author":1,"featured_media":0,"parent":0,"menu_order":0,"comment_status":"closed","ping_status":"closed","template":"","meta":{"_monsterinsights_skip_tracking":false,"_monsterinsights_sitenote_active":false,"_monsterinsights_sitenote_note":"","_monsterinsights_sitenote_category":0,"footnotes":""},"class_list":["post-25663","page","type-page","status-publish","hentry"],"_links":{"self":[{"href":"https:\/\/www.ignitech.ma\/es\/wp-json\/wp\/v2\/pages\/25663","targetHints":{"allow":["GET"]}}],"collection":[{"href":"https:\/\/www.ignitech.ma\/es\/wp-json\/wp\/v2\/pages"}],"about":[{"href":"https:\/\/www.ignitech.ma\/es\/wp-json\/wp\/v2\/types\/page"}],"author":[{"embeddable":true,"href":"https:\/\/www.ignitech.ma\/es\/wp-json\/wp\/v2\/users\/1"}],"replies":[{"embeddable":true,"href":"https:\/\/www.ignitech.ma\/es\/wp-json\/wp\/v2\/comments?post=25663"}],"version-history":[{"count":0,"href":"https:\/\/www.ignitech.ma\/es\/wp-json\/wp\/v2\/pages\/25663\/revisions"}],"wp:attachment":[{"href":"https:\/\/www.ignitech.ma\/es\/wp-json\/wp\/v2\/media?parent=25663"}],"curies":[{"name":"wp","href":"https:\/\/api.w.org\/{rel}","templated":true}]}}