{"id":7253,"date":"2019-06-27T01:27:38","date_gmt":"2019-06-26T23:27:38","guid":{"rendered":"https:\/\/www.ignitech.ma\/careers-at-ignitech\/"},"modified":"2023-10-03T11:24:50","modified_gmt":"2023-10-03T09:24:50","slug":"carrieres-chez-ignitech","status":"publish","type":"page","link":"https:\/\/www.ignitech.ma\/fr\/carrieres-chez-ignitech\/","title":{"rendered":"Carri\u00e8res chez IGNITECH"},"content":{"rendered":"\t\t<div data-elementor-type=\"wp-page\" data-elementor-id=\"7253\" class=\"elementor elementor-7253 elementor-2257\" data-elementor-post-type=\"page\">\n\t\t\t\t\t\t<section data-particle_enable=\"false\" data-particle-mobile-disabled=\"false\" class=\"elementor-section elementor-top-section elementor-element elementor-element-6b63f1b elementor-section-boxed elementor-section-height-default elementor-section-height-default\" data-id=\"6b63f1b\" data-element_type=\"section\">\n\t\t\t\t\t\t<div class=\"elementor-container elementor-column-gap-default\">\n\t\t\t\t\t<div class=\"elementor-column elementor-col-100 elementor-top-column elementor-element elementor-element-8e4b986\" data-id=\"8e4b986\" data-element_type=\"column\">\n\t\t\t<div class=\"elementor-widget-wrap elementor-element-populated\">\n\t\t\t\t\t\t<div class=\"elementor-element elementor-element-98a5f01 elementor-widget elementor-widget-spacer\" data-id=\"98a5f01\" data-element_type=\"widget\" data-widget_type=\"spacer.default\">\n\t\t\t\t\t\t\t<div class=\"elementor-spacer\">\n\t\t\t<div class=\"elementor-spacer-inner\"><\/div>\n\t\t<\/div>\n\t\t\t\t\t\t<\/div>\n\t\t\t\t<div class=\"elementor-element elementor-element-c7cfa09 elementor-widget elementor-widget-heading\" data-id=\"c7cfa09\" data-element_type=\"widget\" data-widget_type=\"heading.default\">\n\t\t\t\t\t<h1 class=\"elementor-heading-title elementor-size-default\">Carri\u00e8res chez IGNITECH<\/h1>\t\t\t\t<\/div>\n\t\t\t\t<div class=\"elementor-element elementor-element-ec1f770 elementor-widget elementor-widget-text-editor\" data-id=\"ec1f770\" data-element_type=\"widget\" data-widget_type=\"text-editor.default\">\n\t\t\t\t\t\t\t\t\t<div class=\"wpb_text_column wpb_content_element \"><div class=\"wpb_wrapper\"><p>Rejoignez notre mission qui consiste \u00e0 cr\u00e9er les meilleurs services de marketing num\u00e9rique pour aider les entreprises du monde entier \u00e0 lib\u00e9rer tout leur potentiel &#8211; tout en d\u00e9veloppant vos connaissances et en vous \u00e9panouissant en tant qu&rsquo;individu.<\/p><\/div><\/div>\t\t\t\t\t\t\t\t<\/div>\n\t\t\t\t\t<\/div>\n\t\t<\/div>\n\t\t\t\t\t<\/div>\n\t\t<\/section>\n\t\t\t\t<section data-particle_enable=\"false\" data-particle-mobile-disabled=\"false\" class=\"elementor-section elementor-top-section elementor-element elementor-element-b11612a elementor-section-boxed elementor-section-height-default elementor-section-height-default\" data-id=\"b11612a\" data-element_type=\"section\">\n\t\t\t\t\t\t<div class=\"elementor-container elementor-column-gap-default\">\n\t\t\t\t\t<div class=\"elementor-column elementor-col-50 elementor-top-column elementor-element elementor-element-5b8010c\" data-id=\"5b8010c\" data-element_type=\"column\">\n\t\t\t<div class=\"elementor-widget-wrap elementor-element-populated\">\n\t\t\t\t\t\t<div class=\"elementor-element elementor-element-42bd5cb elementor-widget elementor-widget-heading\" data-id=\"42bd5cb\" data-element_type=\"widget\" data-widget_type=\"heading.default\">\n\t\t\t\t\t<h2 class=\"elementor-heading-title elementor-size-default\">Poste de responsable du marketing des m\u00e9dias sociaux<\/h2>\t\t\t\t<\/div>\n\t\t\t\t<div class=\"elementor-element elementor-element-b598e28 elementor-widget elementor-widget-text-editor\" data-id=\"b598e28\" data-element_type=\"widget\" data-widget_type=\"text-editor.default\">\n\t\t\t\t\t\t\t\t\t<ul><li>Community Manager junior<\/li><\/ul>\t\t\t\t\t\t\t\t<\/div>\n\t\t\t\t<div class=\"elementor-element elementor-element-1e0d213 elementor-widget elementor-widget-heading\" data-id=\"1e0d213\" data-element_type=\"widget\" data-widget_type=\"heading.default\">\n\t\t\t\t\t<h2 class=\"elementor-heading-title elementor-size-default\">Poste deResponsable Marketing <\/h2>\t\t\t\t<\/div>\n\t\t\t\t<div class=\"elementor-element elementor-element-8a6576f elementor-widget elementor-widget-text-editor\" data-id=\"8a6576f\" data-element_type=\"widget\" data-widget_type=\"text-editor.default\">\n\t\t\t\t\t\t\t\t\t<ul><li>Sp\u00e9cialiste junior du marketing num\u00e9rique<\/li><li>Stage de gestionnaire de compte en marketing num\u00e9rique<\/li><\/ul>\t\t\t\t\t\t\t\t<\/div>\n\t\t\t\t\t<\/div>\n\t\t<\/div>\n\t\t\t\t<div class=\"elementor-column elementor-col-50 elementor-top-column elementor-element elementor-element-dc8db66\" data-id=\"dc8db66\" data-element_type=\"column\">\n\t\t\t<div class=\"elementor-widget-wrap elementor-element-populated\">\n\t\t\t\t\t\t<div class=\"elementor-element elementor-element-44a760a elementor-widget elementor-widget-heading\" data-id=\"44a760a\" data-element_type=\"widget\" data-widget_type=\"heading.default\">\n\t\t\t\t\t<h2 class=\"elementor-heading-title elementor-size-default\">Responsable des acquisitions de m\u00e9dias<\/h2>\t\t\t\t<\/div>\n\t\t\t\t<div class=\"elementor-element elementor-element-f21e9b8 elementor-widget elementor-widget-text-editor\" data-id=\"f21e9b8\" data-element_type=\"widget\" data-widget_type=\"text-editor.default\">\n\t\t\t\t\t\t\t\t\t<ul><li>Google Ads Media Buyers<\/li><li>Facebook Ads Media Buyers<\/li><\/ul>\t\t\t\t\t\t\t\t<\/div>\n\t\t\t\t<div class=\"elementor-element elementor-element-45f5a69 elementor-widget elementor-widget-heading\" data-id=\"45f5a69\" data-element_type=\"widget\" data-widget_type=\"heading.default\">\n\t\t\t\t\t<h2 class=\"elementor-heading-title elementor-size-default\">Responsable du marketing de contenu<\/h2>\t\t\t\t<\/div>\n\t\t\t\t<div class=\"elementor-element elementor-element-044d6cf elementor-widget elementor-widget-text-editor\" data-id=\"044d6cf\" data-element_type=\"widget\" data-widget_type=\"text-editor.default\">\n\t\t\t\t\t\t\t\t\t<ul style=\"overflow-wrap: break-word; font-family: 'Nunito Sans'; font-weight: 400; font-style: normal; font-size: 16px;\"><li style=\"font-size: 16px; margin-bottom: 0px;\">R\u00e9dacteur et \u00e9diteur \u00e0 distance (contrat freelance)<\/li><\/ul>\t\t\t\t\t\t\t\t<\/div>\n\t\t\t\t\t<\/div>\n\t\t<\/div>\n\t\t\t\t\t<\/div>\n\t\t<\/section>\n\t\t\t\t<section data-particle_enable=\"false\" data-particle-mobile-disabled=\"false\" class=\"elementor-section elementor-top-section elementor-element elementor-element-0346a3b elementor-section-boxed elementor-section-height-default elementor-section-height-default\" data-id=\"0346a3b\" data-element_type=\"section\">\n\t\t\t\t\t\t<div class=\"elementor-container elementor-column-gap-default\">\n\t\t\t\t\t<div class=\"elementor-column elementor-col-100 elementor-top-column elementor-element elementor-element-913d15f\" data-id=\"913d15f\" data-element_type=\"column\">\n\t\t\t<div class=\"elementor-widget-wrap elementor-element-populated\">\n\t\t\t\t\t\t<div class=\"elementor-element elementor-element-b7c63c4 elementor-widget elementor-widget-text-editor\" data-id=\"b7c63c4\" data-element_type=\"widget\" data-widget_type=\"text-editor.default\">\n\t\t\t\t\t\t\t\t\t<div class=\"wpb_text_column wpb_content_element \"><div class=\"wpb_wrapper\"><p>Envoyez-nous votre curriculum vitae \u00e0 l&rsquo;adresse suivante : Careers@ignitech.ma<\/p><\/div><\/div>\t\t\t\t\t\t\t\t<\/div>\n\t\t\t\t<div class=\"elementor-element elementor-element-28f61c9 elementor-widget elementor-widget-text-editor\" data-id=\"28f61c9\" data-element_type=\"widget\" data-widget_type=\"text-editor.default\">\n\t\t\t\t\t\t\t\t\t<div>\n<div>\n<p>Les carri\u00e8res chez IGNITECH offrent des perspectives passionnantes aux personnes talentueuses comme vous. Si vous \u00eates passionn\u00e9 par le marketing num\u00e9rique et que vous recherchez une opportunit\u00e9 de carri\u00e8re enrichissante, nous vous invitons \u00e0 rejoindre notre \u00e9quipe. En tant que Social Media Manager, Media Buyer, Video Editor, Designer, ou Content Marketer, vous aurez la possibilit\u00e9 de mettre en avant vos comp\u00e9tences et de contribuer \u00e0 notre environnement de travail dynamique. Chez IGNITECH, nous valorisons la cr\u00e9ativit\u00e9, l&rsquo;innovation et la collaboration, en vous offrant une plateforme pour exceller et vous d\u00e9velopper. Passez \u00e0 l&rsquo;\u00e9tape suivante de votre parcours professionnel et explorez les possibilit\u00e9s illimit\u00e9es qu&rsquo;offrent les carri\u00e8res chez IGNITECH.<\/p>\n<p>En tant que Social Media Manager, vous serez responsable du d\u00e9veloppement et de l&rsquo;ex\u00e9cution des strat\u00e9gies de m\u00e9dias sociaux, de la gestion des comptes de m\u00e9dias sociaux et de l&rsquo;analyse des performances des campagnes. Vous aurez l&rsquo;occasion de travailler avec une vari\u00e9t\u00e9 de clients et d&rsquo;industries, en cr\u00e9ant du contenu attrayant et en menant des campagnes de m\u00e9dias sociaux percutantes.<\/p>\n<p>Si vous avez un sens aigu de la conception et de la cr\u00e9ativit\u00e9, notre poste de concepteur pourrait vous convenir parfaitement. Vous collaborerez avec notre \u00e9quipe pour cr\u00e9er des graphiques, des conceptions de sites web et des supports marketing visuellement \u00e9tonnants qui s&rsquo;alignent sur l&rsquo;image de marque et les objectifs de nos clients.<\/p>\n<p>En tant que Media Buying manager, vous jouerez un r\u00f4le crucial dans la planification et l&rsquo;ex\u00e9cution de campagnes publicitaires efficaces sur diverses plateformes num\u00e9riques. Vous aurez l&rsquo;occasion de mettre \u00e0 profit vos comp\u00e9tences analytiques pour optimiser les performances des campagnes, atteindre les publics cibles et g\u00e9n\u00e9rer des conversions.<\/p>\n<p>Pour ceux qui ont un don pour la narration et la cr\u00e9ation de contenu, notre poste de sp\u00e9cialiste du marketing de contenu offre la possibilit\u00e9 d&rsquo;\u00e9laborer des r\u00e9cits convaincants, de d\u00e9velopper des billets de blog et des articles attrayants, et de g\u00e9n\u00e9rer du trafic organique par le biais de strat\u00e9gies de marketing de contenu.<\/p>\n<p>Chez IGNITECH, nous valorisons la cr\u00e9ativit\u00e9, l&rsquo;innovation et l&rsquo;esprit de collaboration. Nous favorisons une culture d&rsquo;entreprise positive et inclusive qui encourage la croissance et le d\u00e9veloppement professionnels. Si vous \u00eates pr\u00eat \u00e0 faire \u00e9voluer votre carri\u00e8re dans le domaine du marketing num\u00e9rique, soumettez votre CV sur notre page Carri\u00e8res ou connectez-vous avec nous sur <a href=\"https:\/\/www.linkedin.com\/company\/ignitech-ma\/\" target=\"_blank\" rel=\"noopener\">LinkedIn<\/a>.<\/p>\n<p>Rejoignez notre \u00e9quipe chez IGNITECH et embarquez pour un voyage enrichissant avec Careers at IGNITECH et participez \u00e0 notre mission de fournir des solutions de marketing num\u00e9rique exceptionnelles \u00e0 nos clients. Nous sommes impatients de vous entendre et d&rsquo;explorer les opportunit\u00e9s de Carri\u00e8res chez IGNITECH passionnantes qui vous attendent.<\/p>\n<\/div>\n<\/div>\t\t\t\t\t\t\t\t<\/div>\n\t\t\t\t<section data-particle_enable=\"false\" data-particle-mobile-disabled=\"false\" class=\"elementor-section elementor-inner-section elementor-element elementor-element-e84d08f elementor-section-boxed elementor-section-height-default elementor-section-height-default\" data-id=\"e84d08f\" data-element_type=\"section\">\n\t\t\t\t\t\t<div class=\"elementor-container elementor-column-gap-default\">\n\t\t\t\t\t<div class=\"elementor-column elementor-col-50 elementor-inner-column elementor-element elementor-element-ff84a3d\" data-id=\"ff84a3d\" data-element_type=\"column\">\n\t\t\t<div class=\"elementor-widget-wrap elementor-element-populated\">\n\t\t\t\t\t\t<div class=\"elementor-element elementor-element-0aca16d elementor-widget elementor-widget-image\" data-id=\"0aca16d\" data-element_type=\"widget\" data-widget_type=\"image.default\">\n\t\t\t\t\t\t\t\t\t\t\t\t\t\t\t<img decoding=\"async\" width=\"300\" height=\"166\" src=\"https:\/\/cdn.ignitech.ma\/wp-content\/uploads\/2023\/05\/Jobs-at-ignitech-300x166.jpg\" class=\"attachment-medium size-medium wp-image-13463\" alt=\"Carri\u00e8res chez IGNITECH - Obtenez votre emploi ici\" srcset=\"https:\/\/cdn.ignitech.ma\/wp-content\/uploads\/2023\/05\/Jobs-at-ignitech-300x166.jpg 300w, https:\/\/cdn.ignitech.ma\/wp-content\/uploads\/2023\/05\/Jobs-at-ignitech-768x426.jpg 768w, https:\/\/cdn.ignitech.ma\/wp-content\/uploads\/2023\/05\/Jobs-at-ignitech-600x333.jpg 600w, https:\/\/cdn.ignitech.ma\/wp-content\/uploads\/2023\/05\/Jobs-at-ignitech.jpg 920w\" sizes=\"(max-width: 300px) 100vw, 300px\" title=\"\">\t\t\t\t\t\t\t\t\t\t\t\t\t\t\t<\/div>\n\t\t\t\t\t<\/div>\n\t\t<\/div>\n\t\t\t\t<div class=\"elementor-column elementor-col-50 elementor-inner-column elementor-element elementor-element-10bf859\" data-id=\"10bf859\" data-element_type=\"column\">\n\t\t\t<div class=\"elementor-widget-wrap elementor-element-populated\">\n\t\t\t\t\t\t<div class=\"elementor-element elementor-element-2e88b32 elementor-widget elementor-widget-text-editor\" data-id=\"2e88b32\" data-element_type=\"widget\" data-widget_type=\"text-editor.default\">\n\t\t\t\t\t\t\t\t\t<p>Pour en savoir plus sur les Carri\u00e8res chez IGNITECH et les services exceptionnels que nous fournissons \u00e0 nos pr\u00e9cieux clients, cliquez ici :<\/p><ul><li><a href=\"https:\/\/www.ignitech.ma\/fr\/marketing-sur-les-reseaux-sociaux\/\">Marketing num\u00e9rique et des m\u00e9dias sociaux ;<\/a><\/li><li><a href=\"https:\/\/www.ignitech.ma\/fr\/referencement-sur-les-moteurs-de-recherche\/\">Optimisation des moteurs de recherche ;<\/a><\/li><li><a href=\"https:\/\/www.ignitech.ma\/fr\/developpement-des-sites-web\/\">Conception et d\u00e9veloppement de sites web ;<\/a><\/li><li><a href=\"https:\/\/www.ignitech.ma\/fr\/automatisation-du-marketing\/\">Automatisation du marketing ;<\/a><\/li><\/ul>\t\t\t\t\t\t\t\t<\/div>\n\t\t\t\t\t<\/div>\n\t\t<\/div>\n\t\t\t\t\t<\/div>\n\t\t<\/section>\n\t\t\t\t<div class=\"elementor-element elementor-element-af4e775 elementor-widget elementor-widget-text-editor\" data-id=\"af4e775\" data-element_type=\"widget\" data-widget_type=\"text-editor.default\">\n\t\t\t\t\t\t\t\t\t<div data-id=\"afc0c5b\" data-element_type=\"widget\" data-widget_type=\"heading.default\"><div><h2>Carri\u00e8res Chez IGNITECH &#8211; Pourquoi travailler avec nous ?<\/h2><\/div><\/div><div data-id=\"27532d6\" data-element_type=\"widget\" data-widget_type=\"text-editor.default\"><div><div><div><div><div><div><div><p>Il y a plusieurs raisons convaincantes pour lesquelles les personnes talentueuses devraient choisir de travailler avec nous \u00e0 IGNITECH. Voici quelques points cl\u00e9s qui font de nous un endroit attrayant et gratifiant pour construire votre carri\u00e8re :<\/p><ol><li><p>Un environnement innovant et dynamique : Nous favorisons un environnement de travail innovant et dynamique qui encourage la cr\u00e9ativit\u00e9, la collaboration et les id\u00e9es novatrices. Nous sommes \u00e0 l&rsquo;avant-garde de l&rsquo;industrie du marketing num\u00e9rique, repoussant constamment les limites et adoptant de nouvelles technologies et strat\u00e9gies.<\/p><\/li><li><p>Une client\u00e8le diversifi\u00e9e et prometteuse : Travailler avec nous, c&rsquo;est avoir l&rsquo;occasion de travailler avec une gamme vari\u00e9e de clients issus de divers secteurs d&rsquo;activit\u00e9. Les carri\u00e8res chez IGNITECH vous permettent d&rsquo;acqu\u00e9rir une exp\u00e9rience pr\u00e9cieuse et d&rsquo;\u00e9largir vos connaissances dans diff\u00e9rents secteurs, ce qui rend chaque journ\u00e9e de travail passionnante et stimulante.<\/p><\/li><li><p>Croissance et d\u00e9veloppement professionnels : Nous accordons la priorit\u00e9 \u00e0 la croissance et au d\u00e9veloppement des membres de notre \u00e9quipe. Nous leur donnons acc\u00e8s \u00e0 des possibilit\u00e9s d&rsquo;apprentissage et de formation continus, tant en interne que par l&rsquo;interm\u00e9diaire de ressources externes. Vous aurez la possibilit\u00e9 d&rsquo;am\u00e9liorer vos comp\u00e9tences, de vous tenir au courant des tendances du secteur et de faire progresser votre carri\u00e8re au sein de l&rsquo;entreprise.<\/p><\/li><li><p>Collaboration et travail d&rsquo;\u00e9quipe : Nous croyons au pouvoir de la collaboration et du travail d&rsquo;\u00e9quipe. Vous ferez partie d&rsquo;une \u00e9quipe solidaire et talentueuse qui valorise la communication ouverte, le respect mutuel et le succ\u00e8s partag\u00e9. En travaillant ensemble, nous tirons parti des forces de chacun afin d&rsquo;obtenir des r\u00e9sultats exceptionnels pour nos clients.<\/p><\/li><li><p>Un travail qui a de l&rsquo;impact : Votre travail aura un impact direct sur les activit\u00e9s de nos clients. Les carri\u00e8res chez IGNITECH vous donnent l&rsquo;opportunit\u00e9 de contribuer \u00e0 leur succ\u00e8s en mettant en \u0153uvre des strat\u00e9gies de marketing num\u00e9rique efficaces, en stimulant la croissance et en obtenant des r\u00e9sultats mesurables. Vos contributions seront reconnues et valoris\u00e9es.<\/p><\/li><li><p>Culture d&rsquo;entreprise : Nous sommes fiers de notre culture d&rsquo;entreprise positive et inclusive. Nous c\u00e9l\u00e9brons la diversit\u00e9, favorisons l&rsquo;\u00e9quilibre entre vie professionnelle et vie priv\u00e9e et accordons la priorit\u00e9 au bien-\u00eatre des employ\u00e9s. Nous organisons des activit\u00e9s de renforcement de l&rsquo;esprit d&rsquo;\u00e9quipe et des \u00e9v\u00e9nements sociaux, et nous offrons un environnement de travail favorable et amical o\u00f9 la voix de chacun est entendue.<\/p><\/li><li><p>Une r\u00e9mun\u00e9ration et des avantages comp\u00e9titifs : Nous proposons des r\u00e9mun\u00e9rations comp\u00e9titives et des avantages sociaux attrayants afin que les membres de notre \u00e9quipe se sentent valoris\u00e9s et r\u00e9compens\u00e9s pour leur travail acharn\u00e9. Votre d\u00e9vouement et vos contributions seront reconnus par une r\u00e9mun\u00e9ration \u00e9quitable et des possibilit\u00e9s d&rsquo;\u00e9volution.<\/p><\/li><\/ol><p>Rejoindre IGNITECH, c&rsquo;est faire partie d&rsquo;une \u00e9quipe talentueuse et passionn\u00e9e qui se consacre \u00e0 fournir des solutions de marketing num\u00e9rique exceptionnelles. Si vous \u00eates \u00e0 la recherche d&#8217;emploi Consulter r\u00e9guli\u00e8rement la page Carri\u00e8res chez IGNITECH pour trouver l&rsquo;opportunit\u00e9 qui vous convient le plus.<\/p><p>Ainsi, nous vous invitons \u00e0 nous rejoindre et \u00e0 avoir un impact significatif dans le monde du marketing num\u00e9rique.<\/p><\/div><\/div><\/div><\/div><\/div><\/div><\/div><\/div>\t\t\t\t\t\t\t\t<\/div>\n\t\t\t\t\t<\/div>\n\t\t<\/div>\n\t\t\t\t\t<\/div>\n\t\t<\/section>\n\t\t\t\t<\/div>\n\t\t","protected":false},"excerpt":{"rendered":"<p>Carri\u00e8res chez IGNITECH Rejoignez notre mission qui consiste \u00e0 cr\u00e9er les meilleurs services de marketing num\u00e9rique pour aider les entreprises du monde entier \u00e0 lib\u00e9rer tout leur potentiel &#8211; tout en d\u00e9veloppant vos connaissances et en vous \u00e9panouissant en tant qu&rsquo;individu. Poste de responsable du marketing des m\u00e9dias sociaux Community Manager junior Poste deResponsable Marketing [&hellip;]<\/p>\n","protected":false},"author":1,"featured_media":0,"parent":0,"menu_order":0,"comment_status":"closed","ping_status":"closed","template":"","meta":{"_monsterinsights_skip_tracking":false,"_monsterinsights_sitenote_active":false,"_monsterinsights_sitenote_note":"","_monsterinsights_sitenote_category":0,"footnotes":""},"class_list":["post-7253","page","type-page","status-publish","hentry"],"_links":{"self":[{"href":"https:\/\/www.ignitech.ma\/fr\/wp-json\/wp\/v2\/pages\/7253","targetHints":{"allow":["GET"]}}],"collection":[{"href":"https:\/\/www.ignitech.ma\/fr\/wp-json\/wp\/v2\/pages"}],"about":[{"href":"https:\/\/www.ignitech.ma\/fr\/wp-json\/wp\/v2\/types\/page"}],"author":[{"embeddable":true,"href":"https:\/\/www.ignitech.ma\/fr\/wp-json\/wp\/v2\/users\/1"}],"replies":[{"embeddable":true,"href":"https:\/\/www.ignitech.ma\/fr\/wp-json\/wp\/v2\/comments?post=7253"}],"version-history":[{"count":0,"href":"https:\/\/www.ignitech.ma\/fr\/wp-json\/wp\/v2\/pages\/7253\/revisions"}],"wp:attachment":[{"href":"https:\/\/www.ignitech.ma\/fr\/wp-json\/wp\/v2\/media?parent=7253"}],"curies":[{"name":"wp","href":"https:\/\/api.w.org\/{rel}","templated":true}]}}