{"id":7266,"date":"2019-04-24T16:31:04","date_gmt":"2019-04-24T14:31:04","guid":{"rendered":"https:\/\/www.ignitech.ma\/gdpr\/"},"modified":"2023-08-18T14:31:43","modified_gmt":"2023-08-18T12:31:43","slug":"rgpd","status":"publish","type":"page","link":"https:\/\/www.ignitech.ma\/fr\/rgpd\/","title":{"rendered":"GDPR"},"content":{"rendered":"\t\t<div data-elementor-type=\"wp-page\" data-elementor-id=\"7266\" class=\"elementor elementor-7266 elementor-1566\" data-elementor-post-type=\"page\">\n\t\t\t\t\t\t<section data-particle_enable=\"false\" data-particle-mobile-disabled=\"false\" class=\"elementor-section elementor-top-section elementor-element elementor-element-16ed8e4 elementor-section-boxed elementor-section-height-default elementor-section-height-default\" data-id=\"16ed8e4\" data-element_type=\"section\">\n\t\t\t\t\t\t<div class=\"elementor-container elementor-column-gap-default\">\n\t\t\t\t\t<div class=\"elementor-column elementor-col-100 elementor-top-column elementor-element elementor-element-94c71c7\" data-id=\"94c71c7\" data-element_type=\"column\">\n\t\t\t<div class=\"elementor-widget-wrap elementor-element-populated\">\n\t\t\t\t\t\t<div class=\"elementor-element elementor-element-92118bc elementor-widget elementor-widget-spacer\" data-id=\"92118bc\" data-element_type=\"widget\" data-widget_type=\"spacer.default\">\n\t\t\t\t\t\t\t<div class=\"elementor-spacer\">\n\t\t\t<div class=\"elementor-spacer-inner\"><\/div>\n\t\t<\/div>\n\t\t\t\t\t\t<\/div>\n\t\t\t\t<div class=\"elementor-element elementor-element-fd834cd elementor-widget elementor-widget-heading\" data-id=\"fd834cd\" data-element_type=\"widget\" data-widget_type=\"heading.default\">\n\t\t\t\t\t<h1 class=\"elementor-heading-title elementor-size-default\">RGPD - R\u00e8glement g\u00e9n\u00e9ral sur la protection des donn\u00e9es<\/h1>\t\t\t\t<\/div>\n\t\t\t\t\t<\/div>\n\t\t<\/div>\n\t\t\t\t\t<\/div>\n\t\t<\/section>\n\t\t\t\t<section data-particle_enable=\"false\" data-particle-mobile-disabled=\"false\" class=\"elementor-section elementor-top-section elementor-element elementor-element-3769c50a elementor-section-boxed elementor-section-height-default elementor-section-height-default\" data-id=\"3769c50a\" data-element_type=\"section\">\n\t\t\t\t\t\t<div class=\"elementor-container elementor-column-gap-default\">\n\t\t\t\t\t<div class=\"elementor-column elementor-col-100 elementor-top-column elementor-element elementor-element-6958cc49\" data-id=\"6958cc49\" data-element_type=\"column\">\n\t\t\t<div class=\"elementor-widget-wrap elementor-element-populated\">\n\t\t\t\t\t\t<div class=\"elementor-element elementor-element-6e46f441 elementor-widget elementor-widget-text-editor\" data-id=\"6e46f441\" data-element_type=\"widget\" data-widget_type=\"text-editor.default\">\n\t\t\t\t\t\t\t\t\t<p>Le r\u00e8glement g\u00e9n\u00e9ral sur la protection des donn\u00e9es de l&rsquo;Union europ\u00e9enne est entr\u00e9 en vigueur le 25 mai 2018. Dans un souci de transparence, vous trouverez ci-dessous la<br \/>feuille de route suivie par Ignitech pour se mettre en conformit\u00e9.<\/p><h2><strong>Enregistrement des op\u00e9rations de traitement<\/strong><\/h2><p>Ignitech a r\u00e9uni les dirigeants et les takeholders pour auditer l&rsquo;ensemble des donn\u00e9es personnelles trait\u00e9es dans le cadre de son activit\u00e9.<\/p><p>Le r\u00e9sultat de ce travail est une cartographie des donn\u00e9es personnelles, avec pour chaque donn\u00e9e personnelle, les informations suivantes :<\/p><p>Qui ? Qui est le contr\u00f4leur des donn\u00e9es et le responsable du traitement des donn\u00e9es ?<br \/>O\u00f9 sont stock\u00e9es les donn\u00e9es ? O\u00f9 sont stock\u00e9es les donn\u00e9es ?<br \/>Pourquoi les donn\u00e9es sont-elles stock\u00e9es ? Quelle est la finalit\u00e9 du traitement ?<br \/>Quelle est la base juridique ? Quelle est la base juridique du traitement ?<br \/>Jusqu&rsquo;\u00e0 quand ? Jusqu&rsquo;\u00e0 quand les donn\u00e9es sont-elles conserv\u00e9es ?<\/p><p>Suite \u00e0 cette r\u00e9union, les conclusions suivantes ont \u00e9t\u00e9 men\u00e9es par domaine comme indiqu\u00e9 ci-dessous :<\/p><h2><strong>R\u00e8glement sur la vie priv\u00e9e et les communications \u00e9lectroniques<\/strong><\/h2><p>Ignitech attendra la version finale du r\u00e8glement sur la vie priv\u00e9e et les communications \u00e9lectroniques (en particulier pour tout ce qui concerne les donn\u00e9es de navigation sur le web).<\/p><h2><strong>Collecte et utilisation des informations<\/strong><\/h2><p>Nous collectons plusieurs types d&rsquo;informations \u00e0 des fins diverses afin de vous fournir et d&rsquo;am\u00e9liorer notre service.<\/p><p>Types de donn\u00e9es collect\u00e9es<\/p><p>Donn\u00e9es personnelles Lorsque vous utilisez notre service, nous pouvons vous demander de nous fournir certaines informations personnellement identifiables qui peuvent \u00eatre utilis\u00e9es pour vous contacter ou vous identifier (\u00ab\u00a0donn\u00e9es personnelles\u00a0\u00bb). Les informations personnelles identifiables peuvent inclure,<\/p><p>mais ne sont pas limit\u00e9es \u00e0 :<\/p><ul><li>l&rsquo;adresse \u00e9lectronique<\/li><li>le pr\u00e9nom et le nom de famille<\/li><li>le num\u00e9ro de t\u00e9l\u00e9phone<\/li><li>Adresse, \u00c9tat, province, code postal, ville<\/li><li>Cookies et donn\u00e9es d&rsquo;utilisation<\/li><\/ul><h2><strong>Donn\u00e9es d&rsquo;utilisation<\/strong><\/h2><p>Nous pouvons \u00e9galement collecter des informations sur la mani\u00e8re dont le service est consult\u00e9 et utilis\u00e9 (\u00ab\u00a0donn\u00e9es d&rsquo;utilisation\u00a0\u00bb). Ces donn\u00e9es d&rsquo;utilisation peuvent inclure des informations telles que l&rsquo;adresse IP de votre ordinateur, le type et la version de votre navigateur, les pages de notre service que vous visitez, l&rsquo;heure et la date de votre visite, le temps pass\u00e9 sur ces pages, les identifiants uniques de votre appareil et d&rsquo;autres donn\u00e9es de diagnostic.<\/p><h2><strong>Donn\u00e9es de suivi et cookies<\/strong><\/h2><p>Nous utilisons des cookies et des technologies de suivi similaires pour suivre l&rsquo;activit\u00e9 sur notre service et conserver certaines informations.<\/p><p>Les cookies sont des fichiers contenant une petite quantit\u00e9 de donn\u00e9es qui peuvent inclure un identifiant unique anonyme. Les cookies sont envoy\u00e9s \u00e0 votre navigateur par un site web et stock\u00e9s sur votre appareil.<br \/>sur votre appareil. Les technologies de suivi sont \u00e9galement utilis\u00e9es sous forme de balises, de tags et de scripts pour collecter et suivre les informations et pour am\u00e9liorer et analyser notre service.<\/p><p>Vous pouvez demander \u00e0 votre navigateur de refuser tous les cookies ou de vous indiquer quand un cookie est envoy\u00e9. Toutefois, si vous n&rsquo;acceptez pas les cookies, il se peut que vous ne puissiez pas utiliser certaines parties de notre service.<br \/>ne pourrez pas utiliser certaines parties de notre service. Pour en savoir plus sur la gestion des cookies, consultez le <a href=\"https:\/\/privacypolicies.com\/blog\/how-to-delete-cookies\/\" target=\"_blank\" rel=\"noopener\">Guide des cookies du navigateur.<\/a><\/p><p>Examples of Cookies we use:<\/p><ul><li><strong>Session Cookies.<\/strong>\u00a0We use Session<br \/>Cookies to operate our Service.<\/li><li><strong>Preference Cookies.<\/strong>\u00a0We use<br \/>Preference Cookies to remember your preferences and various settings.<\/li><li><strong>Security Cookies.<\/strong>\u00a0We use Security<br \/>Cookies for security purposes.<\/li><\/ul><h2><strong>Utilisation des donn\u00e9es<\/strong><\/h2><p>Ignitech utilise les donn\u00e9es collect\u00e9es \u00e0 diverses fins :<\/p><p>Fournir et maintenir le service<br \/>Pour vous informer des changements apport\u00e9s \u00e0 notre service<br \/>Pour vous permettre de participer aux fonctions interactives de notre service lorsque vous le souhaitez<br \/>Fournir un service d&rsquo;assistance \u00e0 la client\u00e8le<br \/>fournir des analyses ou des informations pr\u00e9cieuses afin d&rsquo;am\u00e9liorer le service<br \/>contr\u00f4ler l&rsquo;utilisation du service<br \/>d\u00e9tecter, pr\u00e9venir et r\u00e9soudre les probl\u00e8mes techniques.<\/p><h2><strong>Transfert de donn\u00e9es<\/strong><\/h2><p>Vos informations, y compris les donn\u00e9es personnelles, peuvent \u00eatre transf\u00e9r\u00e9es et conserv\u00e9es sur des ordinateurs situ\u00e9s en dehors de votre \u00c9tat, province, pays ou autre juridiction gouvernementale o\u00f9 les lois sur la protection des donn\u00e9es peuvent diff\u00e9rer de celles de votre juridiction. autre juridiction gouvernementale o\u00f9 les lois sur la protection des donn\u00e9es peuvent diff\u00e9rer de celles de votre juridiction.<\/p><p>Si vous \u00eates situ\u00e9 en dehors du Maroc et que vous choisissez de nous fournir des informations, veuillez noter que nous transf\u00e9rons les donn\u00e9es, y compris les Donn\u00e9es Personnelles, au Maroc et que nous les traitons dans ce pays.<br \/>au Maroc et les y traitons.<\/p><p>Votre consentement \u00e0 la pr\u00e9sente politique de confidentialit\u00e9, suivi de la soumission de ces informations, repr\u00e9sente votre accord \u00e0 ce transfert.<\/p><p>Ignitech prendra toutes les mesures raisonnablement n\u00e9cessaires pour s&rsquo;assurer que vos donn\u00e9es sont trait\u00e9es en toute s\u00e9curit\u00e9 et conform\u00e9ment \u00e0 la pr\u00e9sente politique de confidentialit\u00e9 et aucun transfert de vos donn\u00e9es personnelles n&rsquo;aura lieu vers un autre pays.<br \/>Aucun transfert de vos donn\u00e9es personnelles n&rsquo;aura lieu vers une organisation ou un pays \u00e0 moins qu&rsquo;il n&rsquo;y ait des contr\u00f4les ad\u00e9quats en place, y compris la s\u00e9curit\u00e9 de vos donn\u00e9es et d&rsquo;autres informations personnelles.<br \/>autres informations personnelles.<\/p><h2><strong>Divulgation des donn\u00e9es<\/strong><\/h2><h3><strong>Exigences l\u00e9gales<\/strong><\/h3><p>Ignitech peut divulguer vos donn\u00e9es personnelles en croyant de bonne foi qu&rsquo;une telle action est n\u00e9cessaire pour :<\/p><p>se conformer \u00e0 une obligation l\u00e9gale<br \/>prot\u00e9ger et d\u00e9fendre les droits ou la propri\u00e9t\u00e9 d&rsquo;Ignitech<br \/>Pr\u00e9venir ou enqu\u00eater sur d&rsquo;\u00e9ventuels actes r\u00e9pr\u00e9hensibles en rapport avec le Service<br \/>prot\u00e9ger la s\u00e9curit\u00e9 personnelle des utilisateurs du service ou du public<br \/>pour se prot\u00e9ger contre la responsabilit\u00e9 l\u00e9gale<\/p><h3><strong>S\u00e9curit\u00e9 des donn\u00e9es<\/strong><\/h3><p>La s\u00e9curit\u00e9 de vos donn\u00e9es est importante pour nous, mais n&rsquo;oubliez pas qu&rsquo;aucune m\u00e9thode de transmission sur Internet ou de stockage \u00e9lectronique n&rsquo;est s\u00fbre \u00e0 100 %.<br \/>n&rsquo;est s\u00fbre \u00e0 100 %. Bien que nous nous efforcions d&rsquo;utiliser des moyens commercialement acceptables pour prot\u00e9ger vos donn\u00e9es personnelles, nous ne pouvons pas garantir leur s\u00e9curit\u00e9 absolue.<\/p><h3><strong>Prestataires de services<\/strong><\/h3><p>Nous pouvons employer des soci\u00e9t\u00e9s et des personnes tierces pour faciliter notre service (\u00ab\u00a0fournisseurs de services\u00a0\u00bb), pour fournir le service en notre nom,<br \/>pour fournir des services li\u00e9s au service ou pour nous aider \u00e0 analyser la mani\u00e8re dont notre service est utilis\u00e9.<\/p><p>Ces tiers n&rsquo;ont acc\u00e8s \u00e0 vos donn\u00e9es personnelles que pour effectuer ces t\u00e2ches en notre nom et sont tenus de ne pas les divulguer ou les utiliser \u00e0 d&rsquo;autres fins.<\/p><h2><strong>Analyses<\/strong><\/h2><p>Nous pouvons faire appel \u00e0 des fournisseurs de services tiers pour contr\u00f4ler et analyser l&rsquo;utilisation de notre service.<\/p><h3><strong>Google Analytics<\/strong><\/h3><p>Google Analytics est un service d&rsquo;analyse web. Lisez la politique de confidentialit\u00e9 de Clicky ici : <a href=\"https:\/\/www.google.com\/analytics\/terms\/us.html\" target=\"_blank\" rel=\"noopener\">https:\/\/www.google.com\/analytics\/terms\/us.html<\/a><\/p><h3><strong>Sensibilisation et formation<\/strong><\/h3><p>Ignitech met en place des formations via son outil interne d\u00e9di\u00e9 afin de sensibiliser son \u00e9quipe sur le sujet. Les cours de formation seront<br \/>\u00e9tendues au fil du temps et pourraient \u00eatre publi\u00e9es sur sa cha\u00eene Youtube pour un usage public \u00e9galement.<\/p><p>En outre, nous avons revu certaines proc\u00e9dures internes afin de nous assurer que toutes les donn\u00e9es personnelles sont trait\u00e9es avec la confidentialit\u00e9 requise.<\/p><p>Enfin, nous avons revu notre r\u00e8glement interne.<\/p><h2><strong>Relations avec les partenaires<\/strong><\/h2><p>Ignitech a mis \u00e0 jour ses conditions g\u00e9n\u00e9rales pour les \u00e9diteurs et les annonceurs \u00e0 la lumi\u00e8re du RGPD.<\/p><p>Ignitech a con\u00e7u un addendum sur la protection des donn\u00e9es (DPA) pour nos annonceurs, en particulier, afin d&rsquo;attirer leur attention sur leur r\u00f4le de contr\u00f4leur des donn\u00e9es.<\/p><p>Ignitech a \u00e9galement mis \u00e0 la disposition de ses partenaires les documents suivants : Registre des op\u00e9rations de traitement, Inventaire des cookies, Politique de s\u00e9curit\u00e9,<br \/>Politique de confidentialit\u00e9, Conditions g\u00e9n\u00e9rales de marketing par courriel, etc.<\/p><p>Ignitech a nomm\u00e9 un DPD, que vous pouvez joindre \u00e0 l&rsquo;adresse suivante <a href=\"mailto:GDPR@Ignitech.com\" target=\"_blank\" rel=\"noopener\">RGPD@Ignitech.com<\/a><\/p><h2><strong>Liens vers d&rsquo;autres sites<\/strong><\/h2><p>Notre service peut contenir des liens vers d&rsquo;autres sites qui ne sont pas exploit\u00e9s par nous. Si vous cliquez sur le lien d&rsquo;un tiers, vous serez dirig\u00e9 vers le site de ce tiers.<br \/>de ce tiers. Nous vous conseillons vivement de consulter la politique de confidentialit\u00e9 de chaque site que vous visitez.<\/p><p>Nous n&rsquo;avons aucun contr\u00f4le et n&rsquo;assumons aucune responsabilit\u00e9 quant au contenu, aux politiques de confidentialit\u00e9 ou aux pratiques des sites ou services tiers.<\/p>\t\t\t\t\t\t\t\t<\/div>\n\t\t\t\t<section data-particle_enable=\"false\" data-particle-mobile-disabled=\"false\" class=\"elementor-section elementor-inner-section elementor-element elementor-element-30a2685 elementor-section-boxed elementor-section-height-default elementor-section-height-default\" data-id=\"30a2685\" data-element_type=\"section\">\n\t\t\t\t\t\t<div class=\"elementor-container elementor-column-gap-default\">\n\t\t\t\t\t<div class=\"elementor-column elementor-col-50 elementor-inner-column elementor-element elementor-element-d68d937\" data-id=\"d68d937\" data-element_type=\"column\">\n\t\t\t<div class=\"elementor-widget-wrap elementor-element-populated\">\n\t\t\t\t\t\t<div class=\"elementor-element elementor-element-abe73c2 elementor-widget elementor-widget-image\" data-id=\"abe73c2\" data-element_type=\"widget\" data-widget_type=\"image.default\">\n\t\t\t\t\t\t\t\t\t\t\t\t\t\t\t<img fetchpriority=\"high\" decoding=\"async\" width=\"768\" height=\"512\" src=\"https:\/\/cdn.ignitech.ma\/wp-content\/uploads\/2023\/05\/GDPR-IGNITECH-DSMMA-1-768x512.jpg\" class=\"attachment-medium_large size-medium_large wp-image-13271\" alt=\"IGNITECH DSMMA | Protection des Donn\u00e9es Personnelles - Conformit\u00e9 RGPD chez IGNITECH\" srcset=\"https:\/\/cdn.ignitech.ma\/wp-content\/uploads\/2023\/05\/GDPR-IGNITECH-DSMMA-1-768x512.jpg 768w, https:\/\/cdn.ignitech.ma\/wp-content\/uploads\/2023\/05\/GDPR-IGNITECH-DSMMA-1-300x200.jpg 300w, https:\/\/cdn.ignitech.ma\/wp-content\/uploads\/2023\/05\/GDPR-IGNITECH-DSMMA-1-1024x683.jpg 1024w, https:\/\/cdn.ignitech.ma\/wp-content\/uploads\/2023\/05\/GDPR-IGNITECH-DSMMA-1-1536x1024.jpg 1536w, https:\/\/cdn.ignitech.ma\/wp-content\/uploads\/2023\/05\/GDPR-IGNITECH-DSMMA-1-2048x1365.jpg 2048w, https:\/\/cdn.ignitech.ma\/wp-content\/uploads\/2023\/05\/GDPR-IGNITECH-DSMMA-1-600x400.jpg 600w\" sizes=\"(max-width: 768px) 100vw, 768px\" title=\"\">\t\t\t\t\t\t\t\t\t\t\t\t\t\t\t<\/div>\n\t\t\t\t\t<\/div>\n\t\t<\/div>\n\t\t\t\t<div class=\"elementor-column elementor-col-50 elementor-inner-column elementor-element elementor-element-b355967\" data-id=\"b355967\" data-element_type=\"column\">\n\t\t\t<div class=\"elementor-widget-wrap elementor-element-populated\">\n\t\t\t\t\t\t<div class=\"elementor-element elementor-element-7977479 elementor-widget elementor-widget-spacer\" data-id=\"7977479\" data-element_type=\"widget\" data-widget_type=\"spacer.default\">\n\t\t\t\t\t\t\t<div class=\"elementor-spacer\">\n\t\t\t<div class=\"elementor-spacer-inner\"><\/div>\n\t\t<\/div>\n\t\t\t\t\t\t<\/div>\n\t\t\t\t<div class=\"elementor-element elementor-element-7a3caeb elementor-widget elementor-widget-text-editor\" data-id=\"7a3caeb\" data-element_type=\"widget\" data-widget_type=\"text-editor.default\">\n\t\t\t\t\t\t\t\t\t<h2><strong>Documentation RGPD<\/strong><\/h2><ul><li>Politique de s\u00e9curit\u00e9 de l&rsquo;information : &gt;&gt; <a href=\"https:\/\/www.ignitech.ma\/wp-content\/uploads\/storage\/IGNITECH-Security-Policy-GDPR.pdf\" target=\"_blank\" rel=\"noreferrer noopener\" aria-label=\"Download it here (s\u2019ouvre dans un nouvel onglet)\">T\u00e9l\u00e9charger ici.<\/a><\/li><li>Inventaire des cookies IGNITECH :\u00a0 &gt;&gt; <a href=\"https:\/\/www.ignitech.ma\/wp-content\/uploads\/storage\/IGNITECH-Cookie-Inventory.pdf\">T\u00e9l\u00e9charger ici.<\/a><\/li><\/ul><h2><strong>Nous contacter<\/strong><\/h2><p>Si vous avez des questions concernant la pr\u00e9sente politique de confidentialit\u00e9, veuillez <a href=\"https:\/\/www.ignitech.ma\/fr\/contact-us\/\">nous contacter<\/a>.<\/p>\t\t\t\t\t\t\t\t<\/div>\n\t\t\t\t\t<\/div>\n\t\t<\/div>\n\t\t\t\t\t<\/div>\n\t\t<\/section>\n\t\t\t\t<div class=\"elementor-element elementor-element-8e37f32 elementor-widget elementor-widget-spacer\" data-id=\"8e37f32\" data-element_type=\"widget\" data-widget_type=\"spacer.default\">\n\t\t\t\t\t\t\t<div class=\"elementor-spacer\">\n\t\t\t<div class=\"elementor-spacer-inner\"><\/div>\n\t\t<\/div>\n\t\t\t\t\t\t<\/div>\n\t\t\t\t\t<\/div>\n\t\t<\/div>\n\t\t\t\t\t<\/div>\n\t\t<\/section>\n\t\t\t\t<\/div>\n\t\t","protected":false},"excerpt":{"rendered":"<p>RGPD &#8211; R\u00e8glement g\u00e9n\u00e9ral sur la protection des donn\u00e9es Le r\u00e8glement g\u00e9n\u00e9ral sur la protection des donn\u00e9es de l&rsquo;Union europ\u00e9enne est entr\u00e9 en vigueur le 25 mai 2018. Dans un souci de transparence, vous trouverez ci-dessous lafeuille de route suivie par Ignitech pour se mettre en conformit\u00e9. Enregistrement des op\u00e9rations de traitement Ignitech a r\u00e9uni [&hellip;]<\/p>\n","protected":false},"author":1,"featured_media":0,"parent":0,"menu_order":0,"comment_status":"closed","ping_status":"closed","template":"","meta":{"_monsterinsights_skip_tracking":false,"_monsterinsights_sitenote_active":false,"_monsterinsights_sitenote_note":"","_monsterinsights_sitenote_category":0,"footnotes":""},"class_list":["post-7266","page","type-page","status-publish","hentry"],"_links":{"self":[{"href":"https:\/\/www.ignitech.ma\/fr\/wp-json\/wp\/v2\/pages\/7266","targetHints":{"allow":["GET"]}}],"collection":[{"href":"https:\/\/www.ignitech.ma\/fr\/wp-json\/wp\/v2\/pages"}],"about":[{"href":"https:\/\/www.ignitech.ma\/fr\/wp-json\/wp\/v2\/types\/page"}],"author":[{"embeddable":true,"href":"https:\/\/www.ignitech.ma\/fr\/wp-json\/wp\/v2\/users\/1"}],"replies":[{"embeddable":true,"href":"https:\/\/www.ignitech.ma\/fr\/wp-json\/wp\/v2\/comments?post=7266"}],"version-history":[{"count":0,"href":"https:\/\/www.ignitech.ma\/fr\/wp-json\/wp\/v2\/pages\/7266\/revisions"}],"wp:attachment":[{"href":"https:\/\/www.ignitech.ma\/fr\/wp-json\/wp\/v2\/media?parent=7266"}],"curies":[{"name":"wp","href":"https:\/\/api.w.org\/{rel}","templated":true}]}}