{"id":7279,"date":"2019-04-22T14:05:33","date_gmt":"2019-04-22T12:05:33","guid":{"rendered":"https:\/\/www.ignitech.ma\/terms-of-use-conditions\/"},"modified":"2023-08-18T14:35:35","modified_gmt":"2023-08-18T12:35:35","slug":"conditions-generales-d-utilisation","status":"publish","type":"page","link":"https:\/\/www.ignitech.ma\/fr\/conditions-generales-d-utilisation\/","title":{"rendered":"Conditions g\u00e9n\u00e9rales d&rsquo;utilisation"},"content":{"rendered":"\t\t<div data-elementor-type=\"wp-page\" data-elementor-id=\"7279\" class=\"elementor elementor-7279 elementor-1530\" data-elementor-post-type=\"page\">\n\t\t\t\t\t\t<section data-particle_enable=\"false\" data-particle-mobile-disabled=\"false\" class=\"elementor-section elementor-top-section elementor-element elementor-element-28dd6d8c elementor-section-boxed elementor-section-height-default elementor-section-height-default\" data-id=\"28dd6d8c\" data-element_type=\"section\">\n\t\t\t\t\t\t<div class=\"elementor-container elementor-column-gap-default\">\n\t\t\t\t\t<div class=\"elementor-column elementor-col-100 elementor-top-column elementor-element elementor-element-3599643d\" data-id=\"3599643d\" data-element_type=\"column\">\n\t\t\t<div class=\"elementor-widget-wrap elementor-element-populated\">\n\t\t\t\t\t\t<div class=\"elementor-element elementor-element-de418c2 elementor-widget elementor-widget-spacer\" data-id=\"de418c2\" data-element_type=\"widget\" data-widget_type=\"spacer.default\">\n\t\t\t\t\t\t\t<div class=\"elementor-spacer\">\n\t\t\t<div class=\"elementor-spacer-inner\"><\/div>\n\t\t<\/div>\n\t\t\t\t\t\t<\/div>\n\t\t\t\t<div class=\"elementor-element elementor-element-c61be86 elementor-widget elementor-widget-heading\" data-id=\"c61be86\" data-element_type=\"widget\" data-widget_type=\"heading.default\">\n\t\t\t\t\t<h1 class=\"elementor-heading-title elementor-size-default\">Conditions g\u00e9n\u00e9rales d'utilisation<\/h1>\t\t\t\t<\/div>\n\t\t\t\t<div class=\"elementor-element elementor-element-1ae7c39d elementor-widget elementor-widget-text-editor\" data-id=\"1ae7c39d\" data-element_type=\"widget\" data-widget_type=\"text-editor.default\">\n\t\t\t\t\t\t\t\t\t<p>Les pr\u00e9sentes Conditions g\u00e9n\u00e9rales d&rsquo;utilisation d\u00e9finissent les r\u00e8gles d&rsquo;utilisation du site Web d&rsquo;ignitech.<br \/>IGNITECH est situ\u00e9 \u00e0 : 13, RUE AHMED EL MAJJATI RES. LES ALPES 1\u00e9r ETAGE N\u00b08 QUARTIER MAARIF Casablanca 20370 &#8211; Casablanca , Maroc<\/p><p>En acc\u00e9dant \u00e0 ce site web, nous supposons que vous acceptez ces termes et Conditions g\u00e9n\u00e9rales d&rsquo;utilisation dans leur int\u00e9gralit\u00e9. Ne continuez pas \u00e0 utiliser le site web d&rsquo;ignitech si vous n&rsquo;acceptez pas tous les termes et conditions g\u00e9n\u00e9rales d&rsquo;utilisation \u00e9nonc\u00e9s sur cette page. La terminologie suivante s&rsquo;applique aux pr\u00e9sentes conditions g\u00e9n\u00e9rales, \u00e0 la d\u00e9claration de confidentialit\u00e9 et \u00e0 l&rsquo;avis de non-responsabilit\u00e9, ainsi qu&rsquo;\u00e0 tous les accords : \u00ab\u00a0Client\u00a0\u00bb, \u00ab\u00a0Vous\u00a0\u00bb et \u00ab\u00a0Votre\u00a0\u00bb se r\u00e9f\u00e8rent \u00e0 vous, la personne qui acc\u00e8de \u00e0 ce site web et qui accepte les termes et conditions g\u00e9n\u00e9rales d&rsquo;utilisation de la Soci\u00e9t\u00e9. \u00ab\u00a0La Soci\u00e9t\u00e9\u00a0\u00bb, \u00ab\u00a0nous-m\u00eames\u00a0\u00bb, \u00ab\u00a0nous\u00a0\u00bb, \u00ab\u00a0notre\u00a0\u00bb et \u00ab\u00a0nos\u00a0\u00bb se r\u00e9f\u00e8re \u00e0 notre Soci\u00e9t\u00e9. Les termes \u00ab\u00a0partie\u00a0\u00bb, \u00ab\u00a0parties\u00a0\u00bb ou \u00ab\u00a0nous\u00a0\u00bb d\u00e9signent \u00e0 la fois le client et nous-m\u00eames, ou le client ou nous-m\u00eames. Tous les termes se r\u00e9f\u00e8rent \u00e0 l&rsquo;offre, \u00e0 l&rsquo;acceptation et \u00e0 la consid\u00e9ration du paiement n\u00e9cessaire pour entreprendre le processus de notre assistance au Client de la mani\u00e8re la plus appropri\u00e9e, que ce soit par des r\u00e9unions formelles d&rsquo;une dur\u00e9e d\u00e9termin\u00e9e, ou par tout autre moyen, dans le but expr\u00e8s de r\u00e9pondre aux besoins du Client en ce qui concerne la fourniture des services\/produits d\u00e9clar\u00e9s de la Soci\u00e9t\u00e9, conform\u00e9ment et sous r\u00e9serve de la loi en vigueur au Maroc.<\/p><p>Toute utilisation de la terminologie ci-dessus ou d&rsquo;autres mots au singulier, au pluriel, avec une majuscule et\/ou il\/elle ou ils\/elles, est consid\u00e9r\u00e9e comme interchangeable et se r\u00e9f\u00e8re donc \u00e0 la m\u00eame chose.Cookies Nous utilisons des cookies. En utilisant le site web d&rsquo;ignitech, vous consentez \u00e0 l&rsquo;utilisation de cookies conform\u00e9ment \u00e0 la politique de confidentialit\u00e9 d&rsquo;ignitech. La plupart des sites web interactifs modernes utilisent des cookies pour nous permettre de r\u00e9cup\u00e9rer les d\u00e9tails de l&rsquo;utilisateur \u00e0 chaque visite. Les cookies sont utilis\u00e9s dans certaines zones de notre site pour permettre la fonctionnalit\u00e9 de cette zone et la facilit\u00e9 d&rsquo;utilisation pour les personnes qui la visitent. Sauf indication contraire, ignitech et\/ou ses conc\u00e9dants de licence d\u00e9tiennent les droits de propri\u00e9t\u00e9 intellectuelle pour tout ce qui se trouve sur ignitech. Tous les droits de propri\u00e9t\u00e9 intellectuelle sont r\u00e9serv\u00e9s. Vous pouvez visualiser et\/ou imprimer des pages de https:\/\/www.ignitech.ma pour votre usage personnel, sous r\u00e9serve des restrictions \u00e9nonc\u00e9es dans les pr\u00e9sentes conditions g\u00e9n\u00e9rales d&rsquo;utilisation. Vous ne devez pas Republier le contenu de https:\/\/www.ignitech.ma Vendre, louer ou donner en sous-licence le contenu de https:\/\/www.ignitech.ma Reproduire, dupliquer ou copier le contenu de https:\/\/www.ignitech.ma Redistribuer le contenu d&rsquo;ignitech (sauf si le contenu est sp\u00e9cifiquement con\u00e7u pour \u00eatre redistribu\u00e9).<\/p><h2>Remarques pour utilisateurs<\/h2><pre><code>    Le pr\u00e9sent accord entre en vigueur \u00e0 compter de sa date d'entr\u00e9e en vigueur. Certaines parties de ce site Web offrent aux utilisateurs la possibilit\u00e9 de publier et d'\u00e9changer des opinions, des informations, du mat\u00e9riel et des donn\u00e9es (\"Commentaires\") dans des zones du site Web. IGNITECH ne filtre pas, n'\u00e9dite pas, ne publie pas ou ne r\u00e9vise pas les commentaires avant leur apparition sur le site web et les commentaires ne refl\u00e8tent pas les points de vue ou les opinions d'IGNITECH, de ses agents ou de ses affili\u00e9s. Les commentaires refl\u00e8tent le point de vue et l'opinion de la personne qui les publie. Dans la mesure permise par les lois applicables, IGNITECH ne sera pas responsable des commentaires ou de toute perte, co\u00fbt, responsabilit\u00e9, dommage ou d\u00e9pense caus\u00e9s ou subis \u00e0 la suite de l'utilisation et\/ou de la publication et\/ou de l'apparition des commentaires sur ce site web. IGNITECH se r\u00e9serve le droit de surveiller tous les commentaires et de supprimer tous les commentaires qu'elle consid\u00e8re, \u00e0 son enti\u00e8re discr\u00e9tion, comme inappropri\u00e9s, offensants ou en violation des pr\u00e9sentes Conditions g\u00e9n\u00e9rales d'utilisation. Vous garantissez et d\u00e9clarez que :\n<\/code><\/pre><p>Vous avez le droit de publier les commentaires sur notre site web et disposez de toutes les licences et autorisations n\u00e9cessaires pour ce faire ;<\/p><p>&#8211; Les commentaires n&rsquo;enfreignent aucun droit de propri\u00e9t\u00e9 intellectuelle, y compris, sans s&rsquo;y limiter, les droits d&rsquo;auteur, les brevets ou les marques, ou tout autre droit de propri\u00e9t\u00e9 d&rsquo;un tiers ;<br \/>&#8211; Les commentaires ne contiennent pas d&rsquo;\u00e9l\u00e9ments diffamatoires, offensants, ind\u00e9cents ou autrement ill\u00e9gaux, ni d&rsquo;\u00e9l\u00e9ments portant atteinte \u00e0 la vie priv\u00e9e.<br \/>&#8211; Les commentaires ne seront pas utilis\u00e9s pour solliciter ou promouvoir des affaires ou des coutumes ou pour pr\u00e9senter des activit\u00e9s commerciales ou des activit\u00e9s ill\u00e9gales.<\/p><p>Par la pr\u00e9sente, vous accordez \u00e0 IGNITECH une licence non exclusive et libre de redevance pour utiliser, reproduire, \u00e9diter et autoriser d&rsquo;autres personnes \u00e0 utiliser, reproduire et \u00e9diter vos commentaires sous toutes les formes, tous les formats et tous les m\u00e9dias.<\/p><h2>Liens hypertextes vers notre contenu<\/h2><p>Les organisations suivantes peuvent \u00e9tablir un lien avec notre site web sans autorisation \u00e9crite pr\u00e9alable :<\/p><p>Agences gouvernementales ;<br \/>les moteurs de recherche<br \/>Organismes de presse ;<br \/>Les distributeurs d&rsquo;annuaires en ligne, lorsqu&rsquo;ils nous inscrivent dans l&rsquo;annuaire, peuvent \u00e9tablir un lien vers notre site Web de la m\u00eame mani\u00e8re qu&rsquo;ils \u00e9tablissent un hyperlien vers les sites Web des autres entreprises inscrites. de la m\u00eame mani\u00e8re qu&rsquo;ils \u00e9tablissent des liens hypertextes avec les sites web d&rsquo;autres entreprises r\u00e9pertori\u00e9es ; et<br \/>les entreprises accr\u00e9dit\u00e9es \u00e0 l&rsquo;\u00e9chelle du syst\u00e8me, \u00e0 l&rsquo;exception des organisations \u00e0 but non lucratif, des centres commerciaux caritatifs et des groupes de collecte de fonds caritatifs, et les groupes de collecte de fonds caritatifs, qui ne peuvent pas \u00e9tablir de lien hypertexte avec notre site web.<\/p><p>Ces organisations peuvent \u00e9tablir un lien vers notre page d&rsquo;accueil, vers des publications ou vers d&rsquo;autres informations du site web, \u00e0 condition que le lien \u00e0 condition que le lien (a) ne soit en aucun cas trompeur ; (b) n&rsquo;implique pas faussement le parrainage, l&rsquo;approbation ou l&rsquo;agr\u00e9ment de la partie qui \u00e9tablit le lien et de ses produits. l&rsquo;approbation de la partie qui \u00e9tablit le lien et de ses produits ou services ; et (c) qu&rsquo;il s&rsquo;inscrive dans le contexte du site de la partie qui \u00e9tablit le lien. du site de la partie qui \u00e9tablit le lien.<\/p><p>Nous pouvons prendre en consid\u00e9ration et approuver, \u00e0 notre seule discr\u00e9tion, d&rsquo;autres demandes de liens \u00e9manant des types d&rsquo;organisations suivants :<\/p><p>des sources d&rsquo;information connues des consommateurs et\/ou des entreprises, telles que les chambres de commerce, l&rsquo;American Automobile Association, l&rsquo;AARP et l&rsquo;Union des consommateurs Automobile Association, <a href=\"https:\/\/www.aarp.org\/\" target=\"_blank\" rel=\"noopener\">AARP<\/a> et Consumers Union ;<br \/>les sites communautaires dot.com associations ou autres groupes repr\u00e9sentant des organisations caritatives, y compris des sites de dons de charit\u00e9, les distributeurs d&rsquo;annuaires en ligne ;<br \/>les portails Internet ; les cabinets comptables, juridiques et de conseil dont les principaux clients sont des entreprises ; et les \u00e9tablissements d&rsquo;enseignement et les associations commerciales.<\/p><p>Nous approuverons les demandes de liens \u00e9manant de ces organisations si nous d\u00e9terminons que (a) le lien n&rsquo;aura pas d&rsquo;effet n\u00e9gatif sur nous ou sur nos entreprises accr\u00e9dit\u00e9es (a) le lien n&rsquo;a pas d&rsquo;incidence n\u00e9gative sur nous ou sur nos entreprises accr\u00e9dit\u00e9es (par exemple, les associations commerciales ou autres organisations repr\u00e9sentant des types d&rsquo;activit\u00e9 intrins\u00e8quement suspects, tels que les opportunit\u00e9s de travail \u00e0 domicile, ne sont pas autoris\u00e9es \u00e0 \u00e9tablir un lien) ; (b) le lien ne peut \u00eatre \u00e9tabli qu&rsquo;avec l&rsquo;aide d&rsquo;un tiers. (b) l&rsquo;organisation n&rsquo;a pas de dossier insatisfaisant avec nous ; (c) l&rsquo;avantage que nous tirons de la visibilit\u00e9 associ\u00e9e \u00e0 l&rsquo;hyperlien en dehors de l&rsquo;Union europ\u00e9enne ne doit pas \u00eatre n\u00e9gligeable.<br \/>de la visibilit\u00e9 associ\u00e9e \u00e0 l&rsquo;hyperlien l&#8217;emporte sur l&rsquo;absence de visibilit\u00e9 ; et (d) lorsque le lien s&rsquo;inscrit dans le cadre d&rsquo;une ressource lien se situe dans le contexte d&rsquo;informations g\u00e9n\u00e9rales ou est coh\u00e9rent avec le contenu \u00e9ditorial d&rsquo;une lettre d&rsquo;information ou d&rsquo;un produit similaire qui promeut l&rsquo;\u00e9galit\u00e9 des chances. d&rsquo;une lettre d&rsquo;information ou d&rsquo;un produit similaire poursuivant la mission de l&rsquo;organisation.<\/p><p>Ces organisations peuvent \u00e9tablir un lien avec notre page d&rsquo;accueil, nos publications ou d&rsquo;autres informations sur le site web, \u00e0 condition que le lien : (a) ne soit en aucun cas trompeur ; (b) n&rsquo;implique pas faussement le parrainage, l&rsquo;approbation ou le soutien de la partie qui \u00e9tablit le lien et de ses produits ou services ; et (c) s&rsquo;inscrive dans le contexte du site de la partie qui \u00e9tablit le lien. de la partie qui \u00e9tablit le lien et de ses produits ou services ; et (c) qu&rsquo;il s&rsquo;inscrive dans le contexte du site de la partie qui \u00e9tablit le lien. du site de la partie qui \u00e9tablit le lien.<\/p><p>Si vous faites partie des organisations \u00e9num\u00e9r\u00e9es au paragraphe 2 ci-dessus et que vous souhaitez cr\u00e9er un lien vers notre site web, vous devez nous en informer en envoyant un courrier \u00e9lectronique \u00e0 l&rsquo;adresse suivante vous devez nous en informer en envoyant un courrier \u00e9lectronique \u00e0 support@ignitech.ma. <br \/>Veuillez indiquer votre nom, le nom de votre organisation, vos coordonn\u00e9es (telles qu&rsquo;un num\u00e9ro de t\u00e9l\u00e9phone et\/ou une adresse \u00e9lectronique) ainsi que l&rsquo;URL de votre site. ) ainsi que l&rsquo;URL de votre site, une liste de tous les URL \u00e0 partir desquels vous avez l&rsquo;intention de cr\u00e9er un lien vers notre site web, et une liste des URL de notre site vers lesquels vous souhaitez \u00e9tablir un lien. Comptez 2 \u00e0 3 semaines pour obtenir une r\u00e9ponse.<\/p><p>Les organisations agr\u00e9\u00e9es peuvent cr\u00e9er un lien hypertexte vers notre site web de la mani\u00e8re suivante :<\/p><p>en utilisant notre raison sociale ; ou<br \/>en utilisant le localisateur de ressources uniformes (adresse Web) vers lequel le lien est \u00e9tabli ; ou<br \/>en utilisant toute autre description de notre site web ou du mat\u00e9riel vers lequel le lien est \u00e9tabli, qui ait un sens dans le contexte et le format du contenu de l&rsquo;hyperlien. dans le contexte et le format du contenu du site de la partie qui \u00e9tablit le lien.<\/p><p>Aucune utilisation du logo d&rsquo;ignitech ou d&rsquo;autres illustrations ne sera autoris\u00e9e pour l&rsquo;\u00e9tablissement de liens en l&rsquo;absence d&rsquo;un accord de licence de marque.<\/p><h2>Iframes<\/h2><p>Sans accord pr\u00e9alable et autorisation \u00e9crite expresse, vous ne pouvez pas cr\u00e9er de cadres autour de nos pages web ou<br \/>utiliser d&rsquo;autres techniques qui modifient de quelque mani\u00e8re que ce soit la pr\u00e9sentation visuelle ou l&rsquo;apparence de notre site web.<\/p><h2><b>R\u00e9servation de droits des conditions g\u00e9n\u00e9rales<\/b><\/h2><p>Nous nous r\u00e9servons le droit, \u00e0 tout moment et \u00e0 notre seule discr\u00e9tion, de vous demander de supprimer tous les liens ou un lien particulier vers notre site web. Vous acceptez de supprimer imm\u00e9diatement tous les liens vers notre site web \u00e0 la suite d&rsquo;une telle demande. Nous nous r\u00e9servons \u00e9galement le droit de modifier \u00e0 tout moment les pr\u00e9sentes\u00a0Conditions G\u00e9n\u00e9rales d&rsquo;Utilisation et notre politique en mati\u00e8re de liens. En continuant \u00e0 \u00e9tablir un lien vers notre site web, vous acceptez d&rsquo;\u00eatre li\u00e9 \u00e0 ces Conditions G\u00e9n\u00e9rales d&rsquo;Utilisation d&rsquo;\u00e9tablissement de liens et de les respecter.<\/p><h2><b>Suppression de liens sur notre site web<\/b><\/h2><p>Si vous estimez qu&rsquo;un lien sur notre site web ou un site web li\u00e9 est r\u00e9pr\u00e9hensible pour quelque raison que ce soit, vous pouvez nous contacter \u00e0 ce sujet. Nous examinerons les demandes de suppression de liens, mais nous ne serons pas oblig\u00e9s de le faire ou de vous r\u00e9pondre directement.<br \/>Bien que nous nous efforcions de veiller \u00e0 ce que les informations figurant sur ce site web soient correctes, nous ne garantissons pas leur exhaustivit\u00e9 ou leur exactitude ; nous ne nous engageons pas non plus \u00e0 veiller \u00e0 ce que le site web reste disponible ou \u00e0 ce que le mat\u00e9riel figurant sur le site web soit tenu \u00e0 jour.<\/p><h2><b>Responsabilit\u00e9 du contenu<\/b><\/h2><p>Nous ne sommes pas responsables du contenu de votre site web. Vous acceptez de nous indemniser et de nous d\u00e9fendre contre toute r\u00e9clamation d\u00e9coulant de votre site web ou fond\u00e9e sur celui-ci. Aucun lien ne peut appara\u00eetre sur une page de votre site web ou dans un contexte contenant un contenu ou des \u00e9l\u00e9ments pouvant \u00eatre interpr\u00e9t\u00e9s comme diffamatoires, obsc\u00e8nes ou criminels, ou qui enfreignent, violent ou pr\u00e9conisent l&rsquo;enfreinte ou la violation des droits d&rsquo;une tierce partie.<\/p><h2><b>Clause de non-responsabilit\u00e9<\/b><\/h2><p>Dans toute la mesure permise par la loi applicable, nous excluons toutes les repr\u00e9sentations, garanties et Conditions G\u00e9n\u00e9rales d&rsquo;Utilisation relatives \u00e0 notre site web et \u00e0 l&rsquo;utilisation de ce site (y compris, sans limitation, toutes les garanties implicites par la loi en ce qui concerne la qualit\u00e9 satisfaisante, l&rsquo;ad\u00e9quation \u00e0 l&rsquo;objectif et\/ou l&rsquo;utilisation d&rsquo;un soin et d&rsquo;une comp\u00e9tence raisonnables). Aucune disposition de la pr\u00e9sente clause de non-responsabilit\u00e9 n&rsquo;est applicable :limiter ou exclure notre ou votre responsabilit\u00e9 en cas de d\u00e9c\u00e8s ou de dommages corporels r\u00e9sultant d&rsquo;une n\u00e9gligence ;<br \/>limiter ou exclure notre ou votre responsabilit\u00e9 en cas de fraude ou de d\u00e9claration frauduleuse ;<br \/>limiter l&rsquo;une quelconque de nos ou de vos responsabilit\u00e9s d&rsquo;une mani\u00e8re qui n&rsquo;est pas autoris\u00e9e par la loi applicable ; ou<br \/>exclure l&rsquo;une quelconque de nos ou de vos responsabilit\u00e9s qui ne peuvent \u00eatre exclues en vertu de la loi applicable.<\/p><p>exclure l&rsquo;une quelconque de nos ou de vos responsabilit\u00e9s qui ne peuvent \u00eatre exclues en vertu de la loi applicable.<\/p><p>Les limitations et exclusions de responsabilit\u00e9 \u00e9nonc\u00e9es dans cette section et ailleurs dans la pr\u00e9sente clause de non-responsabilit\u00e9 : (a) sont soumises au paragraphe pr\u00e9c\u00e9dent ; et (b) r\u00e9gissent toutes les responsabilit\u00e9s d\u00e9coulant de la clause de non-responsabilit\u00e9 ou en rapport avec l&rsquo;objet de la pr\u00e9sente clause de non-responsabilit\u00e9, y compris les responsabilit\u00e9s contractuelles, d\u00e9lictuelles (y compris la n\u00e9gligence) et en cas de manquement \u00e0 une obligation l\u00e9gale.<\/p><p>Dans la mesure o\u00f9 le site web et les informations et services qu&rsquo;il contient sont fournis gratuitement, nous ne serons pas responsables des pertes ou dommages de quelque nature que ce soit.<\/p>\t\t\t\t\t\t\t\t<\/div>\n\t\t\t\t<section data-particle_enable=\"false\" data-particle-mobile-disabled=\"false\" class=\"elementor-section elementor-inner-section elementor-element elementor-element-6a57508 elementor-section-boxed elementor-section-height-default elementor-section-height-default\" data-id=\"6a57508\" data-element_type=\"section\">\n\t\t\t\t\t\t<div class=\"elementor-container elementor-column-gap-default\">\n\t\t\t\t\t<div class=\"elementor-column elementor-col-50 elementor-inner-column elementor-element elementor-element-78364d1\" data-id=\"78364d1\" data-element_type=\"column\">\n\t\t\t<div class=\"elementor-widget-wrap elementor-element-populated\">\n\t\t\t\t\t\t<div class=\"elementor-element elementor-element-90c6c7a elementor-widget elementor-widget-image\" data-id=\"90c6c7a\" data-element_type=\"widget\" data-widget_type=\"image.default\">\n\t\t\t\t\t\t\t\t\t\t\t\t\t\t\t<img fetchpriority=\"high\" decoding=\"async\" width=\"300\" height=\"300\" src=\"https:\/\/cdn.ignitech.ma\/wp-content\/uploads\/2023\/05\/Terms-of-use-IGNITECH-DSMMA-300x300.jpg\" class=\"attachment-medium size-medium wp-image-13277\" alt=\"Conditions G\u00e9n\u00e9rales d&#039;Utilisation | IGNITECH\" srcset=\"https:\/\/cdn.ignitech.ma\/wp-content\/uploads\/2023\/05\/Terms-of-use-IGNITECH-DSMMA-300x300.jpg 300w, https:\/\/cdn.ignitech.ma\/wp-content\/uploads\/2023\/05\/Terms-of-use-IGNITECH-DSMMA-1024x1024.jpg 1024w, https:\/\/cdn.ignitech.ma\/wp-content\/uploads\/2023\/05\/Terms-of-use-IGNITECH-DSMMA-150x150.jpg 150w, https:\/\/cdn.ignitech.ma\/wp-content\/uploads\/2023\/05\/Terms-of-use-IGNITECH-DSMMA-768x768.jpg 768w, https:\/\/cdn.ignitech.ma\/wp-content\/uploads\/2023\/05\/Terms-of-use-IGNITECH-DSMMA-1536x1536.jpg 1536w, https:\/\/cdn.ignitech.ma\/wp-content\/uploads\/2023\/05\/Terms-of-use-IGNITECH-DSMMA-600x600.jpg 600w, https:\/\/cdn.ignitech.ma\/wp-content\/uploads\/2023\/05\/Terms-of-use-IGNITECH-DSMMA-100x100.jpg 100w, https:\/\/cdn.ignitech.ma\/wp-content\/uploads\/2023\/05\/Terms-of-use-IGNITECH-DSMMA.jpg 2000w\" sizes=\"(max-width: 300px) 100vw, 300px\" title=\"\">\t\t\t\t\t\t\t\t\t\t\t\t\t\t\t<\/div>\n\t\t\t\t\t<\/div>\n\t\t<\/div>\n\t\t\t\t<div class=\"elementor-column elementor-col-50 elementor-inner-column elementor-element elementor-element-0e9411e\" data-id=\"0e9411e\" data-element_type=\"column\">\n\t\t\t<div class=\"elementor-widget-wrap elementor-element-populated\">\n\t\t\t\t\t\t<div class=\"elementor-element elementor-element-2f9ade5 elementor-widget elementor-widget-text-editor\" data-id=\"2f9ade5\" data-element_type=\"widget\" data-widget_type=\"text-editor.default\">\n\t\t\t\t\t\t\t\t\t<h2>Informations relatives \u00e0 la prise de contact :<\/h2><p>Si vous avez des questions concernant l&rsquo;une de nos Conditions G\u00e9n\u00e9rales d&rsquo;Utilisation, veuillez <a href=\"https:\/\/www.ignitech.ma\/fr\/contactez-nous\/\">nous contacter<\/a>.<\/p>\t\t\t\t\t\t\t\t<\/div>\n\t\t\t\t\t<\/div>\n\t\t<\/div>\n\t\t\t\t\t<\/div>\n\t\t<\/section>\n\t\t\t\t<div class=\"elementor-element elementor-element-96cd72f elementor-widget elementor-widget-spacer\" data-id=\"96cd72f\" data-element_type=\"widget\" data-widget_type=\"spacer.default\">\n\t\t\t\t\t\t\t<div class=\"elementor-spacer\">\n\t\t\t<div class=\"elementor-spacer-inner\"><\/div>\n\t\t<\/div>\n\t\t\t\t\t\t<\/div>\n\t\t\t\t\t<\/div>\n\t\t<\/div>\n\t\t\t\t\t<\/div>\n\t\t<\/section>\n\t\t\t\t<\/div>\n\t\t","protected":false},"excerpt":{"rendered":"<p>Conditions g\u00e9n\u00e9rales d&rsquo;utilisation Les pr\u00e9sentes Conditions g\u00e9n\u00e9rales d&rsquo;utilisation d\u00e9finissent les r\u00e8gles d&rsquo;utilisation du site Web d&rsquo;ignitech.IGNITECH est situ\u00e9 \u00e0 : 13, RUE AHMED EL MAJJATI RES. LES ALPES 1\u00e9r ETAGE N\u00b08 QUARTIER MAARIF Casablanca 20370 &#8211; Casablanca , Maroc En acc\u00e9dant \u00e0 ce site web, nous supposons que vous acceptez ces termes et Conditions g\u00e9n\u00e9rales [&hellip;]<\/p>\n","protected":false},"author":1,"featured_media":0,"parent":0,"menu_order":0,"comment_status":"closed","ping_status":"closed","template":"","meta":{"_monsterinsights_skip_tracking":false,"_monsterinsights_sitenote_active":false,"_monsterinsights_sitenote_note":"","_monsterinsights_sitenote_category":0,"footnotes":""},"class_list":["post-7279","page","type-page","status-publish","hentry"],"_links":{"self":[{"href":"https:\/\/www.ignitech.ma\/fr\/wp-json\/wp\/v2\/pages\/7279","targetHints":{"allow":["GET"]}}],"collection":[{"href":"https:\/\/www.ignitech.ma\/fr\/wp-json\/wp\/v2\/pages"}],"about":[{"href":"https:\/\/www.ignitech.ma\/fr\/wp-json\/wp\/v2\/types\/page"}],"author":[{"embeddable":true,"href":"https:\/\/www.ignitech.ma\/fr\/wp-json\/wp\/v2\/users\/1"}],"replies":[{"embeddable":true,"href":"https:\/\/www.ignitech.ma\/fr\/wp-json\/wp\/v2\/comments?post=7279"}],"version-history":[{"count":0,"href":"https:\/\/www.ignitech.ma\/fr\/wp-json\/wp\/v2\/pages\/7279\/revisions"}],"wp:attachment":[{"href":"https:\/\/www.ignitech.ma\/fr\/wp-json\/wp\/v2\/media?parent=7279"}],"curies":[{"name":"wp","href":"https:\/\/api.w.org\/{rel}","templated":true}]}}