{"id":7309,"date":"2019-04-22T13:35:02","date_gmt":"2019-04-22T11:35:02","guid":{"rendered":"https:\/\/www.ignitech.ma\/privacy-policy\/"},"modified":"2023-10-03T11:36:44","modified_gmt":"2023-10-03T09:36:44","slug":"privacy-policy","status":"publish","type":"page","link":"https:\/\/www.ignitech.ma\/fr\/privacy-policy\/","title":{"rendered":"Politique de confidentialit\u00e9"},"content":{"rendered":"\t\t<div data-elementor-type=\"wp-page\" data-elementor-id=\"7309\" class=\"elementor elementor-7309 elementor-1524\" data-elementor-post-type=\"page\">\n\t\t\t\t\t\t<section data-particle_enable=\"false\" data-particle-mobile-disabled=\"false\" class=\"elementor-section elementor-top-section elementor-element elementor-element-17a9d95 elementor-section-boxed elementor-section-height-default elementor-section-height-default\" data-id=\"17a9d95\" data-element_type=\"section\">\n\t\t\t\t\t\t<div class=\"elementor-container elementor-column-gap-default\">\n\t\t\t\t\t<div class=\"elementor-column elementor-col-100 elementor-top-column elementor-element elementor-element-2c7a7523\" data-id=\"2c7a7523\" data-element_type=\"column\">\n\t\t\t<div class=\"elementor-widget-wrap elementor-element-populated\">\n\t\t\t\t\t\t<div class=\"elementor-element elementor-element-46b6700 elementor-widget elementor-widget-spacer\" data-id=\"46b6700\" data-element_type=\"widget\" data-widget_type=\"spacer.default\">\n\t\t\t\t\t\t\t<div class=\"elementor-spacer\">\n\t\t\t<div class=\"elementor-spacer-inner\"><\/div>\n\t\t<\/div>\n\t\t\t\t\t\t<\/div>\n\t\t\t\t<div class=\"elementor-element elementor-element-4dd4124 elementor-widget elementor-widget-heading\" data-id=\"4dd4124\" data-element_type=\"widget\" data-widget_type=\"heading.default\">\n\t\t\t\t\t<h1 class=\"elementor-heading-title elementor-size-default\">Politique de Confidentialit\u00e9<\/h1>\t\t\t\t<\/div>\n\t\t\t\t<div class=\"elementor-element elementor-element-5a1145da elementor-widget elementor-widget-text-editor\" data-id=\"5a1145da\" data-element_type=\"widget\" data-widget_type=\"text-editor.default\">\n\t\t\t\t\t\t\t\t\t<p>Derni\u00e8re mise \u00e0 jour : 22 avril 2019<\/p><p>Ignitech (\u00ab\u00a0nous\u00a0\u00bb, \u00ab\u00a0nous\u00a0\u00bb ou \u00ab\u00a0notre\u00a0\u00bb) exploite le site web https:\/\/www.ignitech.ma (le \u00ab\u00a0Service\u00a0\u00bb).<\/p><p>Cette page vous informe de notre politique de confidentialit\u00e9 concernant la collecte, l&rsquo;utilisation et la divulgation des informations personnelles lorsque vous utilisez notre Service.<\/p><p>Nous n&rsquo;utiliserons ni ne partagerons vos informations avec quiconque, sauf dans les cas d\u00e9crits dans la pr\u00e9sente politique de confidentialit\u00e9.<\/p><p>Nous utilisons vos informations personnelles pour fournir et am\u00e9liorer le service. En utilisant le service, vous acceptez la collecte et l&rsquo;utilisation des informations conform\u00e9ment \u00e0 la pr\u00e9sente politique. Sauf d\u00e9finition contraire dans la pr\u00e9sente politique de confidentialit\u00e9, les termes utilis\u00e9s dans la pr\u00e9sente politique de confidentialit\u00e9 ont la m\u00eame signification que dans nos conditions g\u00e9n\u00e9rales, accessibles \u00e0 l&rsquo;adresse https:\/\/www.ignitech.ma.<\/p><h2><strong>Collecte et utilisation des informations<\/strong><\/h2><p>Lors de l&rsquo;utilisation de notre service, nous pouvons vous demander de nous fournir certaines informations personnellement identifiables qui peuvent \u00eatre utilis\u00e9es pour vous contacter ou vous identifier. Les informations personnellement identifiables peuvent inclure, sans s&rsquo;y limiter, votre adresse \u00e9lectronique, votre nom, votre num\u00e9ro de t\u00e9l\u00e9phone et d&rsquo;autres informations (\u00ab\u00a0informations personnelles\u00a0\u00bb).<\/p><p>Nous recueillons ces informations dans le but de fournir le service, de vous identifier et de communiquer avec vous, de r\u00e9pondre \u00e0 vos demandes, de traiter vos commandes et d&rsquo;am\u00e9liorer nos services.<\/p><h2><strong>Donn\u00e9es du journal &#8211; Les Logs\u00a0<\/strong><\/h2><p>Nous pouvons \u00e9galement collecter des informations que votre navigateur envoie chaque fois que vous visitez notre service (\u00ab\u00a0donn\u00e9es de journal\u00a0\u00bb). Ces donn\u00e9es de journal peuvent inclure des informations telles que l&rsquo;adresse de protocole Internet (\u00ab\u00a0IP\u00a0\u00bb) de votre ordinateur, le type de navigateur, la version du navigateur, les pages de notre service que vous visitez, l&rsquo;heure et la date de votre visite, le temps pass\u00e9 sur ces pages et d&rsquo;autres statistiques.<\/p><p>En outre, nous pouvons utiliser des services tiers tels que <a href=\"https:\/\/analytics.google.com\/\" target=\"_blank\" rel=\"noopener\">Google Analytics<\/a> qui collectent, contr\u00f4lent et analysent ce type d&rsquo;informations afin d&rsquo;am\u00e9liorer la fonctionnalit\u00e9 de notre service. Ces fournisseurs de services tiers disposent de leur propre politique de confidentialit\u00e9 concernant l&rsquo;utilisation de ces informations.<\/p><h2><strong>Cookies<\/strong><\/h2><p>Les cookies sont des fichiers contenant une petite quantit\u00e9 de donn\u00e9es, qui peuvent inclure un identifiant unique anonyme. Les cookies sont envoy\u00e9s \u00e0 votre navigateur par un site web et transf\u00e9r\u00e9s sur votre appareil. Nous utilisons les cookies pour collecter des informations afin d&rsquo;am\u00e9liorer nos services.<\/p><p>Vous pouvez demander \u00e0 votre navigateur de refuser tous les cookies ou de vous indiquer quand un cookie est envoy\u00e9. La fonction d&rsquo;aide de la plupart des navigateurs fournit des informations sur la mani\u00e8re d&rsquo;accepter les cookies, de les d\u00e9sactiver ou de vous avertir de la r\u00e9ception d&rsquo;un nouveau cookie.<\/p><p>Si vous n&rsquo;acceptez pas les cookies, il se peut que vous ne puissiez pas utiliser certaines fonctions de notre service et nous vous recommandons de les laisser activ\u00e9s.<\/p><h2><strong>Prestataires de services<\/strong><\/h2><p>Nous pouvons employer des soci\u00e9t\u00e9s et des personnes tierces pour faciliter notre service, pour fournir le service en notre nom, pour effectuer des services li\u00e9s au service et\/ou pour nous aider \u00e0 analyser la mani\u00e8re dont notre service est utilis\u00e9.<\/p><p>Ces tiers n&rsquo;ont acc\u00e8s \u00e0 vos informations personnelles que pour effectuer des t\u00e2ches sp\u00e9cifiques en notre nom et sont tenus de ne pas divulguer ou utiliser vos informations \u00e0 d&rsquo;autres fins.<\/p><h2><strong>Communications<\/strong><\/h2><p>Nous pouvons utiliser vos informations personnelles pour vous contacter et vous envoyer des bulletins d&rsquo;information et d&rsquo;autres informations susceptibles de vous int\u00e9resser. Vous pouvez refuser de recevoir tout ou partie de ces communications de notre part en suivant le lien de d\u00e9sinscription ou les instructions fournies dans les courriers \u00e9lectroniques que nous envoyons.<\/p><h2><strong>Conformit\u00e9 aux lois<\/strong><\/h2><p>Nous divulguerons vos informations personnelles si la loi ou une citation \u00e0 compara\u00eetre l&rsquo;exige ou si nous estimons qu&rsquo;une telle action est n\u00e9cessaire pour se conformer \u00e0 la loi et aux demandes raisonnables des autorit\u00e9s charg\u00e9es de l&rsquo;application de la loi ou pour prot\u00e9ger la s\u00e9curit\u00e9 ou l&rsquo;int\u00e9grit\u00e9 de notre service.<\/p><h2><strong>S\u00e9curit\u00e9<\/strong><\/h2><p>La s\u00e9curit\u00e9 de vos informations personnelles est importante pour nous et nous nous effor\u00e7ons de mettre en \u0153uvre et de maintenir des proc\u00e9dures et des pratiques de s\u00e9curit\u00e9 raisonnables, commercialement acceptables et adapt\u00e9es \u00e0 la nature des informations que nous stockons, afin de les prot\u00e9ger contre tout acc\u00e8s, destruction, utilisation, modification ou divulgation non autoris\u00e9s.<\/p><p>Toutefois, sachez qu&rsquo;aucune m\u00e9thode de transmission sur l&rsquo;internet ou de stockage \u00e9lectronique n&rsquo;est s\u00fbre \u00e0 100 % et que nous ne sommes pas en mesure de garantir la s\u00e9curit\u00e9 absolue des informations personnelles que nous avons collect\u00e9es aupr\u00e8s de vous.<\/p><h2><strong>Liens vers d&rsquo;autres sites<\/strong><\/h2><p>Notre service peut contenir des liens vers d&rsquo;autres sites qui ne sont pas exploit\u00e9s par nous. Si vous cliquez sur le lien d&rsquo;un tiers, vous serez dirig\u00e9 vers le site de ce tiers. Nous vous conseillons vivement de consulter la politique de confidentialit\u00e9 de chaque site que vous visitez.<\/p><p>Nous n&rsquo;avons aucun contr\u00f4le sur le contenu, les politiques de confidentialit\u00e9 ou les pratiques des sites ou services tiers, et nous n&rsquo;en assumons pas la responsabilit\u00e9.<\/p>\t\t\t\t\t\t\t\t<\/div>\n\t\t\t\t<section data-particle_enable=\"false\" data-particle-mobile-disabled=\"false\" class=\"elementor-section elementor-inner-section elementor-element elementor-element-9a0a2e4 elementor-section-boxed elementor-section-height-default elementor-section-height-default\" data-id=\"9a0a2e4\" data-element_type=\"section\">\n\t\t\t\t\t\t<div class=\"elementor-container elementor-column-gap-default\">\n\t\t\t\t\t<div class=\"elementor-column elementor-col-50 elementor-inner-column elementor-element elementor-element-91c6301\" data-id=\"91c6301\" data-element_type=\"column\">\n\t\t\t<div class=\"elementor-widget-wrap elementor-element-populated\">\n\t\t\t\t\t\t<div class=\"elementor-element elementor-element-95a7a68 elementor-widget elementor-widget-image\" data-id=\"95a7a68\" data-element_type=\"widget\" data-widget_type=\"image.default\">\n\t\t\t\t\t\t\t\t\t\t\t\t\t\t\t<img fetchpriority=\"high\" decoding=\"async\" width=\"300\" height=\"291\" src=\"https:\/\/cdn.ignitech.ma\/wp-content\/uploads\/2023\/05\/Privacy-policy-IGNITECH-DSMMA-300x291.png\" class=\"attachment-medium size-medium wp-image-13296\" alt=\"Politique de Confidentialit\u00e9 - IGNITECH\" srcset=\"https:\/\/cdn.ignitech.ma\/wp-content\/uploads\/2023\/05\/Privacy-policy-IGNITECH-DSMMA-300x291.png 300w, https:\/\/cdn.ignitech.ma\/wp-content\/uploads\/2023\/05\/Privacy-policy-IGNITECH-DSMMA-768x746.png 768w, https:\/\/cdn.ignitech.ma\/wp-content\/uploads\/2023\/05\/Privacy-policy-IGNITECH-DSMMA-600x583.png 600w, https:\/\/cdn.ignitech.ma\/wp-content\/uploads\/2023\/05\/Privacy-policy-IGNITECH-DSMMA.png 806w\" sizes=\"(max-width: 300px) 100vw, 300px\" title=\"\">\t\t\t\t\t\t\t\t\t\t\t\t\t\t\t<\/div>\n\t\t\t\t\t<\/div>\n\t\t<\/div>\n\t\t\t\t<div class=\"elementor-column elementor-col-50 elementor-inner-column elementor-element elementor-element-aba53d4\" data-id=\"aba53d4\" data-element_type=\"column\">\n\t\t\t<div class=\"elementor-widget-wrap elementor-element-populated\">\n\t\t\t\t\t\t<div class=\"elementor-element elementor-element-1a939a8 elementor-widget elementor-widget-text-editor\" data-id=\"1a939a8\" data-element_type=\"widget\" data-widget_type=\"text-editor.default\">\n\t\t\t\t\t\t\t\t\t<h3><strong>Modifications de la pr\u00e9sente politique de confidentialit\u00e9<\/strong><\/h3><p>La pr\u00e9sente politique de protection de la vie priv\u00e9e entre en vigueur \u00e0 la date indiqu\u00e9e ci-dessus et le restera, sauf en ce qui concerne les modifications futures de ses dispositions, qui entreront en vigueur imm\u00e9diatement apr\u00e8s leur publication sur cette page.<\/p><p>Nous nous r\u00e9servons le droit de mettre \u00e0 jour ou de modifier notre politique de protection de la vie priv\u00e9e \u00e0 tout moment. En continuant \u00e0 utiliser le service apr\u00e8s la publication de toute modification de la politique de confidentialit\u00e9 sur cette page, vous reconnaissez les modifications et acceptez de vous conformer et d&rsquo;\u00eatre li\u00e9 par la politique de confidentialit\u00e9 modifi\u00e9e.<\/p>\t\t\t\t\t\t\t\t<\/div>\n\t\t\t\t\t<\/div>\n\t\t<\/div>\n\t\t\t\t\t<\/div>\n\t\t<\/section>\n\t\t\t\t<div class=\"elementor-element elementor-element-4a623f9 elementor-widget elementor-widget-text-editor\" data-id=\"4a623f9\" data-element_type=\"widget\" data-widget_type=\"text-editor.default\">\n\t\t\t\t\t\t\t\t\t<p>Si nous apportons des modifications importantes \u00e0 la pr\u00e9sente politique de confidentialit\u00e9, nous vous en informerons soit par l&rsquo;interm\u00e9diaire de l&rsquo;adresse \u00e9lectronique que vous nous avez fournie, soit en pla\u00e7ant un avis bien visible sur notre site web.<\/p><h2><strong>Contactez-nous<\/strong><\/h2><p>Si vous avez des questions concernant cette politique de confidentialit\u00e9, veuillez <a href=\"https:\/\/www.ignitech.ma\/fr\/contactez-nous\/\" target=\"_blank\" rel=\"noopener\">nous contacter<\/a>.<\/p>\t\t\t\t\t\t\t\t<\/div>\n\t\t\t\t<div class=\"elementor-element elementor-element-e519dde elementor-widget elementor-widget-spacer\" data-id=\"e519dde\" data-element_type=\"widget\" data-widget_type=\"spacer.default\">\n\t\t\t\t\t\t\t<div class=\"elementor-spacer\">\n\t\t\t<div class=\"elementor-spacer-inner\"><\/div>\n\t\t<\/div>\n\t\t\t\t\t\t<\/div>\n\t\t\t\t\t<\/div>\n\t\t<\/div>\n\t\t\t\t\t<\/div>\n\t\t<\/section>\n\t\t\t\t<\/div>\n\t\t","protected":false},"excerpt":{"rendered":"<p>Politique de Confidentialit\u00e9 Derni\u00e8re mise \u00e0 jour : 22 avril 2019 Ignitech (\u00ab\u00a0nous\u00a0\u00bb, \u00ab\u00a0nous\u00a0\u00bb ou \u00ab\u00a0notre\u00a0\u00bb) exploite le site web https:\/\/www.ignitech.ma (le \u00ab\u00a0Service\u00a0\u00bb). Cette page vous informe de notre politique de confidentialit\u00e9 concernant la collecte, l&rsquo;utilisation et la divulgation des informations personnelles lorsque vous utilisez notre Service. Nous n&rsquo;utiliserons ni ne partagerons vos informations avec [&hellip;]<\/p>\n","protected":false},"author":1,"featured_media":0,"parent":0,"menu_order":0,"comment_status":"closed","ping_status":"closed","template":"","meta":{"_monsterinsights_skip_tracking":false,"_monsterinsights_sitenote_active":false,"_monsterinsights_sitenote_note":"","_monsterinsights_sitenote_category":0,"footnotes":""},"class_list":["post-7309","page","type-page","status-publish","hentry"],"_links":{"self":[{"href":"https:\/\/www.ignitech.ma\/fr\/wp-json\/wp\/v2\/pages\/7309","targetHints":{"allow":["GET"]}}],"collection":[{"href":"https:\/\/www.ignitech.ma\/fr\/wp-json\/wp\/v2\/pages"}],"about":[{"href":"https:\/\/www.ignitech.ma\/fr\/wp-json\/wp\/v2\/types\/page"}],"author":[{"embeddable":true,"href":"https:\/\/www.ignitech.ma\/fr\/wp-json\/wp\/v2\/users\/1"}],"replies":[{"embeddable":true,"href":"https:\/\/www.ignitech.ma\/fr\/wp-json\/wp\/v2\/comments?post=7309"}],"version-history":[{"count":0,"href":"https:\/\/www.ignitech.ma\/fr\/wp-json\/wp\/v2\/pages\/7309\/revisions"}],"wp:attachment":[{"href":"https:\/\/www.ignitech.ma\/fr\/wp-json\/wp\/v2\/media?parent=7309"}],"curies":[{"name":"wp","href":"https:\/\/api.w.org\/{rel}","templated":true}]}}