{"id":25310,"date":"2018-11-20T13:27:59","date_gmt":"2018-11-20T12:27:59","guid":{"rendered":"https:\/\/www.ignitech.ma\/contact-us\/"},"modified":"2023-10-04T18:09:28","modified_gmt":"2023-10-04T16:09:28","slug":"contattateci","status":"publish","type":"page","link":"https:\/\/www.ignitech.ma\/it\/contattateci\/","title":{"rendered":"Contattaci"},"content":{"rendered":"\t\t<div data-elementor-type=\"wp-page\" data-elementor-id=\"25310\" class=\"elementor elementor-25310 elementor-450\" data-elementor-post-type=\"page\">\n\t\t\t\t\t\t<section data-particle_enable=\"false\" data-particle-mobile-disabled=\"false\" class=\"elementor-section elementor-top-section elementor-element elementor-element-b32042f elementor-section-boxed elementor-section-height-default elementor-section-height-default\" data-id=\"b32042f\" data-element_type=\"section\">\n\t\t\t\t\t\t<div class=\"elementor-container elementor-column-gap-default\">\n\t\t\t\t\t<div class=\"elementor-column elementor-col-100 elementor-top-column elementor-element elementor-element-da33026\" data-id=\"da33026\" data-element_type=\"column\">\n\t\t\t<div class=\"elementor-widget-wrap elementor-element-populated\">\n\t\t\t\t\t\t<div class=\"elementor-element elementor-element-b9d254c elementor-widget elementor-widget-spacer\" data-id=\"b9d254c\" data-element_type=\"widget\" data-widget_type=\"spacer.default\">\n\t\t\t\t\t\t\t<div class=\"elementor-spacer\">\n\t\t\t<div class=\"elementor-spacer-inner\"><\/div>\n\t\t<\/div>\n\t\t\t\t\t\t<\/div>\n\t\t\t\t\t<\/div>\n\t\t<\/div>\n\t\t\t\t\t<\/div>\n\t\t<\/section>\n\t\t\t\t<section data-particle_enable=\"false\" data-particle-mobile-disabled=\"false\" class=\"elementor-section elementor-top-section elementor-element elementor-element-64f1ff5 elementor-section-boxed elementor-section-height-default elementor-section-height-default\" data-id=\"64f1ff5\" data-element_type=\"section\">\n\t\t\t\t\t\t<div class=\"elementor-container elementor-column-gap-default\">\n\t\t\t\t\t<div class=\"elementor-column elementor-col-100 elementor-top-column elementor-element elementor-element-d0cd9d4\" data-id=\"d0cd9d4\" data-element_type=\"column\">\n\t\t\t<div class=\"elementor-widget-wrap elementor-element-populated\">\n\t\t\t\t\t\t<div class=\"elementor-element elementor-element-91708ed elementor-widget elementor-widget-heading\" data-id=\"91708ed\" data-element_type=\"widget\" data-widget_type=\"heading.default\">\n\t\t\t\t\t<h1 class=\"elementor-heading-title elementor-size-default\">Contattaci oggi!<\/h1>\t\t\t\t<\/div>\n\t\t\t\t<div class=\"elementor-element elementor-element-e5993ee elementor-widget elementor-widget-heading\" data-id=\"e5993ee\" data-element_type=\"widget\" data-widget_type=\"heading.default\">\n\t\t\t\t\t<h2 class=\"elementor-heading-title elementor-size-large\">Prova il potere dell'assistenza personalizzata<\/h2>\t\t\t\t<\/div>\n\t\t\t\t\t<\/div>\n\t\t<\/div>\n\t\t\t\t\t<\/div>\n\t\t<\/section>\n\t\t\t\t<section data-particle_enable=\"false\" data-particle-mobile-disabled=\"false\" class=\"elementor-section elementor-top-section elementor-element elementor-element-ab69fa7 elementor-section-boxed elementor-section-height-default elementor-section-height-default\" data-id=\"ab69fa7\" data-element_type=\"section\">\n\t\t\t\t\t\t<div class=\"elementor-container elementor-column-gap-default\">\n\t\t\t\t\t<div class=\"elementor-column elementor-col-50 elementor-top-column elementor-element elementor-element-4433ba8\" data-id=\"4433ba8\" data-element_type=\"column\">\n\t\t\t<div class=\"elementor-widget-wrap elementor-element-populated\">\n\t\t\t\t\t\t<div class=\"elementor-element elementor-element-ffd46c5 elementor-widget elementor-widget-text-editor\" data-id=\"ffd46c5\" data-element_type=\"widget\" data-widget_type=\"text-editor.default\">\n\t\t\t\t\t\t\t\t\t<p>Ignitech \u00e8 un&#8217;agenzia di Social Media Marketing. Forniamo strategie di social media e marketing digitale per aziende di tutto il mondo.<\/p>\n<p>Quindi, contattaci oggi per scoprire come possiamo aiutarti.<\/p>\n\t\t\t\t\t\t\t\t<\/div>\n\t\t\t\t<div class=\"elementor-element elementor-element-174be13 elementor-view-framed elementor-shape-square elementor-position-inline-start elementor-mobile-position-block-start elementor-widget elementor-widget-icon-box\" data-id=\"174be13\" data-element_type=\"widget\" data-widget_type=\"icon-box.default\">\n\t\t\t\t\t\t\t<div class=\"elementor-icon-box-wrapper\">\n\n\t\t\t\t\t\t<div class=\"elementor-icon-box-icon\">\n\t\t\t\t<span  class=\"elementor-icon\">\n\t\t\t\t<svg aria-hidden=\"true\" class=\"e-font-icon-svg e-fas-location-arrow\" viewBox=\"0 0 512 512\" xmlns=\"http:\/\/www.w3.org\/2000\/svg\"><path d=\"M444.52 3.52L28.74 195.42c-47.97 22.39-31.98 92.75 19.19 92.75h175.91v175.91c0 51.17 70.36 67.17 92.75 19.19l191.9-415.78c15.99-38.39-25.59-79.97-63.97-63.97z\"><\/path><\/svg>\t\t\t\t<\/span>\n\t\t\t<\/div>\n\t\t\t\n\t\t\t\t\t\t<div class=\"elementor-icon-box-content\">\n\n\t\t\t\t\t\t\t\t\t<h3 class=\"elementor-icon-box-title\">\n\t\t\t\t\t\t<span  >\n\t\t\t\t\t\t\tVenite a trovarci:\t\t\t\t\t\t<\/span>\n\t\t\t\t\t<\/h3>\n\t\t\t\t\n\t\t\t\t\t\t\t\t\t<p class=\"elementor-icon-box-description\">\n\t\t\t\t\t\t13, RUE AHMED EL MAJJATI RES. LES ALPES 1er ETAGE N\u00b0 8 QUARTIER MAARIF CASABLANCA\/ANFA\t\t\t\t\t<\/p>\n\t\t\t\t\n\t\t\t<\/div>\n\t\t\t\n\t\t<\/div>\n\t\t\t\t\t\t<\/div>\n\t\t\t\t<div class=\"elementor-element elementor-element-6945d36 elementor-view-framed elementor-shape-square elementor-position-inline-start elementor-mobile-position-block-start elementor-widget elementor-widget-icon-box\" data-id=\"6945d36\" data-element_type=\"widget\" data-widget_type=\"icon-box.default\">\n\t\t\t\t\t\t\t<div class=\"elementor-icon-box-wrapper\">\n\n\t\t\t\t\t\t<div class=\"elementor-icon-box-icon\">\n\t\t\t\t<span  class=\"elementor-icon\">\n\t\t\t\t<svg aria-hidden=\"true\" class=\"e-font-icon-svg e-fas-at\" viewBox=\"0 0 512 512\" xmlns=\"http:\/\/www.w3.org\/2000\/svg\"><path d=\"M256 8C118.941 8 8 118.919 8 256c0 137.059 110.919 248 248 248 48.154 0 95.342-14.14 135.408-40.223 12.005-7.815 14.625-24.288 5.552-35.372l-10.177-12.433c-7.671-9.371-21.179-11.667-31.373-5.129C325.92 429.757 291.314 440 256 440c-101.458 0-184-82.542-184-184S154.542 72 256 72c100.139 0 184 57.619 184 160 0 38.786-21.093 79.742-58.17 83.693-17.349-.454-16.91-12.857-13.476-30.024l23.433-121.11C394.653 149.75 383.308 136 368.225 136h-44.981a13.518 13.518 0 0 0-13.432 11.993l-.01.092c-14.697-17.901-40.448-21.775-59.971-21.775-74.58 0-137.831 62.234-137.831 151.46 0 65.303 36.785 105.87 96 105.87 26.984 0 57.369-15.637 74.991-38.333 9.522 34.104 40.613 34.103 70.71 34.103C462.609 379.41 504 307.798 504 232 504 95.653 394.023 8 256 8zm-21.68 304.43c-22.249 0-36.07-15.623-36.07-40.771 0-44.993 30.779-72.729 58.63-72.729 22.292 0 35.601 15.241 35.601 40.77 0 45.061-33.875 72.73-58.161 72.73z\"><\/path><\/svg>\t\t\t\t<\/span>\n\t\t\t<\/div>\n\t\t\t\n\t\t\t\t\t\t<div class=\"elementor-icon-box-content\">\n\n\t\t\t\t\t\t\t\t\t<h3 class=\"elementor-icon-box-title\">\n\t\t\t\t\t\t<span  >\n\t\t\t\t\t\t\tInviaci un'e-mail:\t\t\t\t\t\t<\/span>\n\t\t\t\t\t<\/h3>\n\t\t\t\t\n\t\t\t\t\t\t\t\t\t<p class=\"elementor-icon-box-description\">\n\t\t\t\t\t\tsupport@ignitech.ma\t\t\t\t\t<\/p>\n\t\t\t\t\n\t\t\t<\/div>\n\t\t\t\n\t\t<\/div>\n\t\t\t\t\t\t<\/div>\n\t\t\t\t<div class=\"elementor-element elementor-element-aca0cfd elementor-widget elementor-widget-heading\" data-id=\"aca0cfd\" data-element_type=\"widget\" data-widget_type=\"heading.default\">\n\t\t\t\t\t<h2 class=\"elementor-heading-title elementor-size-xl\">Contattaci<\/h2>\t\t\t\t<\/div>\n\t\t\t\t<div class=\"elementor-element elementor-element-184acee elementor-button-align-stretch elementor-widget elementor-widget-form\" data-id=\"184acee\" data-element_type=\"widget\" data-settings=\"{&quot;step_next_label&quot;:&quot;Prossimo&quot;,&quot;step_previous_label&quot;:&quot;Precedente&quot;,&quot;button_width&quot;:&quot;100&quot;,&quot;step_type&quot;:&quot;number_text&quot;,&quot;step_icon_shape&quot;:&quot;circle&quot;}\" data-widget_type=\"form.default\">\n\t\t\t\t\t\t\t<form class=\"elementor-form\" method=\"post\" id=\"ContactUsFormIGNITECH\" name=\"Modulo Contattaci\">\n\t\t\t<input type=\"hidden\" name=\"post_id\" value=\"25310\"\/>\n\t\t\t<input type=\"hidden\" name=\"form_id\" value=\"184acee\"\/>\n\t\t\t<input type=\"hidden\" name=\"referer_title\" value=\"\" \/>\n\n\t\t\t\n\t\t\t<div class=\"elementor-form-fields-wrapper elementor-labels-above\">\n\t\t\t\t\t\t\t\t<div class=\"elementor-field-type-text elementor-field-group elementor-column elementor-field-group-name elementor-col-100\">\n\t\t\t\t\t\t\t\t\t\t\t\t<label for=\"form-field-name\" class=\"elementor-field-label\">\n\t\t\t\t\t\t\t\tNome e Cognome\t\t\t\t\t\t\t<\/label>\n\t\t\t\t\t\t\t\t\t\t\t\t\t\t<input size=\"1\" type=\"text\" name=\"form_fields[name]\" id=\"form-field-name\" class=\"elementor-field elementor-size-md  elementor-field-textual\" placeholder=\"Nome e Cognome\">\n\t\t\t\t\t\t\t\t\t\t\t<\/div>\n\t\t\t\t\t\t\t\t<div class=\"elementor-field-type-email elementor-field-group elementor-column elementor-field-group-email elementor-col-100 elementor-field-required elementor-mark-required\">\n\t\t\t\t\t\t\t\t\t\t\t\t<label for=\"form-field-email\" class=\"elementor-field-label\">\n\t\t\t\t\t\t\t\tE-mail\t\t\t\t\t\t\t<\/label>\n\t\t\t\t\t\t\t\t\t\t\t\t\t\t<input size=\"1\" type=\"email\" name=\"form_fields[email]\" id=\"form-field-email\" class=\"elementor-field elementor-size-md  elementor-field-textual\" placeholder=\"E-mail\" required=\"required\">\n\t\t\t\t\t\t\t\t\t\t\t<\/div>\n\t\t\t\t\t\t\t\t<div class=\"elementor-field-type-textarea elementor-field-group elementor-column elementor-field-group-message elementor-col-100\">\n\t\t\t\t\t\t\t\t\t\t\t\t<label for=\"form-field-message\" class=\"elementor-field-label\">\n\t\t\t\t\t\t\t\tMessaggio\t\t\t\t\t\t\t<\/label>\n\t\t\t\t\t\t<textarea class=\"elementor-field-textual elementor-field  elementor-size-md\" name=\"form_fields[message]\" id=\"form-field-message\" rows=\"4\" placeholder=\"Messaggio\"><\/textarea>\t\t\t\t<\/div>\n\t\t\t\t\t\t\t\t<div class=\"elementor-field-group elementor-column elementor-field-type-submit elementor-col-100 e-form__buttons\">\n\t\t\t\t\t<button class=\"elementor-button elementor-size-sm\" type=\"submit\">\n\t\t\t\t\t\t<span class=\"elementor-button-content-wrapper\">\n\t\t\t\t\t\t\t\t\t\t\t\t\t\t\t\t\t\t\t\t\t\t<span class=\"elementor-button-text\">Invia<\/span>\n\t\t\t\t\t\t\t\t\t\t\t\t\t<\/span>\n\t\t\t\t\t<\/button>\n\t\t\t\t<\/div>\n\t\t\t<\/div>\n\t\t<\/form>\n\t\t\t\t\t\t<\/div>\n\t\t\t\t\t<\/div>\n\t\t<\/div>\n\t\t\t\t<div class=\"elementor-column elementor-col-50 elementor-top-column elementor-element elementor-element-8c969cc\" data-id=\"8c969cc\" data-element_type=\"column\">\n\t\t\t<div class=\"elementor-widget-wrap elementor-element-populated\">\n\t\t\t\t\t\t<div class=\"elementor-element elementor-element-34200c2 elementor-widget elementor-widget-image\" data-id=\"34200c2\" data-element_type=\"widget\" data-widget_type=\"image.default\">\n\t\t\t\t\t\t\t\t\t\t\t\t\t\t\t<img fetchpriority=\"high\" decoding=\"async\" width=\"800\" height=\"503\" src=\"https:\/\/cdn.ignitech.ma\/wp-content\/uploads\/2023\/05\/Contact-us.jpg\" class=\"attachment-large size-large wp-image-26579\" alt=\"\" srcset=\"https:\/\/cdn.ignitech.ma\/wp-content\/uploads\/2023\/05\/Contact-us.jpg 846w, https:\/\/cdn.ignitech.ma\/wp-content\/uploads\/2023\/05\/Contact-us-300x189.jpg 300w, https:\/\/cdn.ignitech.ma\/wp-content\/uploads\/2023\/05\/Contact-us-768x483.jpg 768w, https:\/\/cdn.ignitech.ma\/wp-content\/uploads\/2023\/05\/Contact-us-600x377.jpg 600w\" sizes=\"(max-width: 800px) 100vw, 800px\" title=\"\">\t\t\t\t\t\t\t\t\t\t\t\t\t\t\t<\/div>\n\t\t\t\t\t<\/div>\n\t\t<\/div>\n\t\t\t\t\t<\/div>\n\t\t<\/section>\n\t\t\t\t<section data-particle_enable=\"false\" data-particle-mobile-disabled=\"false\" class=\"elementor-section elementor-top-section elementor-element elementor-element-2ee1666 elementor-section-boxed elementor-section-height-default elementor-section-height-default\" data-id=\"2ee1666\" data-element_type=\"section\">\n\t\t\t\t\t\t<div class=\"elementor-container elementor-column-gap-default\">\n\t\t\t\t\t<div class=\"elementor-column elementor-col-100 elementor-top-column elementor-element elementor-element-10ed643\" data-id=\"10ed643\" data-element_type=\"column\">\n\t\t\t<div class=\"elementor-widget-wrap elementor-element-populated\">\n\t\t\t\t\t\t<div class=\"elementor-element elementor-element-38e3ffc elementor-widget__width-initial elementor-widget elementor-widget-text-editor\" data-id=\"38e3ffc\" data-element_type=\"widget\" data-widget_type=\"text-editor.default\">\n\t\t\t\t\t\t\t\t\t<p>In IGNITECH DSMMA, forniamo servizi completi di marketing digitale e <a href=\"https:\/\/www.ignitech.ma\/it\/social-media-marketing\/\">social media<\/a> per aiutare le aziende a prosperare nel mondo online. Il nostro team di esperti \u00e8 dedicato a fornire risultati eccezionali e aiutare i nostri clienti a raggiungere i loro obiettivi di marketing.<\/p>\n<p>Comprendiamo l&#8217;importanza di rispettare le Condizioni d&#8217;uso e la <a href=\"https:\/\/www.ignitech.ma\/it\/informativa-sulla-privacy\/\">privacy<\/a> dei nostri clienti e dei loro clienti. Aderiamo a rigorosi standard etici e garantiamo che tutti i dati e le informazioni condivisi con noi siano gestiti con la massima cura e riservatezza. Diamo priorit\u00e0 alla privacy e alla sicurezza dei dati per creare fiducia e mantenere relazioni durature con i nostri clienti.<\/p>\n<p>Il rispetto delle Condizioni d&#8217;uso \u00e8 un aspetto fondamentale delle nostre operazioni. Ci assicuriamo che tutte le nostre strategie di marketing digitale, i contenuti e le campagne aderiscano ai termini e alle condizioni stabiliti dalle varie piattaforme e canali. Rimanendo conformi a queste linee guida, manteniamo una reputazione positiva, sosteniamo l&#8217;integrit\u00e0 dei marchi dei nostri clienti e garantiamo un&#8217;esperienza utente senza soluzione di continuit\u00e0 per il loro pubblico.<\/p>\n<p>La privacy \u00e8 una preoccupazione fondamentale nel mondo digitale di oggi e prendiamo sul serio la protezione dei dati. Il nostro team segue rigorosi protocolli di privacy per salvaguardare tutte le informazioni sensibili condivise con noi. Siamo pienamente impegnati a rispettare le leggi e i regolamenti applicabili in materia di protezione dei dati, garantendo che i dati personali siano raccolti, elaborati e archiviati in modo sicuro. Rispettare i diritti alla privacy non \u00e8 solo un obbligo etico per noi, ma anche un modo per costruire la fiducia con i nostri clienti e i loro clienti.<\/p>\n<p>Siamo orgogliosi di offrire un centro di <a href=\"https:\/\/support.ignitech.ma\/\" target=\"_blank\" rel=\"noopener\">assistenza clienti<\/a> dedicato per rispondere a qualsiasi richiesta o preoccupazione che i nostri clienti possano avere. Il nostro team di supporto reattivo e competente \u00e8 sempre pronto ad assistere e fornire soluzioni tempestive.<\/p>\n<p>La soddisfazione del cliente \u00e8 la nostra massima priorit\u00e0 e stabiliamo contratti chiari per delineare la portata dei servizi, le responsabilit\u00e0 e le aspettative. Questi contratti aiutano a creare una solida base per la collaborazione e garantiscono la trasparenza durante tutto l&#8217;impegno.<\/p>\n<p>Per facilitare una comunicazione e una collaborazione efficienti, forniamo ai nostri clienti l&#8217;accesso a un <a href=\"https:\/\/manager.ignitech.ma\/\" target=\"_blank\" rel=\"noopener\">portale clienti e manager<\/a>. Questo portale funge da hub centralizzato in cui i clienti possono accedere comodamente agli aggiornamenti del progetto, ai report e ad altre informazioni pertinenti.<\/p>\n<p>I contratti con i clienti sono una componente essenziale della nostra collaborazione. Comprendiamo l&#8217;importanza di aspettative chiare e comprensione reciproca tra la nostra agenzia e i nostri clienti. I nostri contratti con i clienti delineano l&#8217;ambito dei servizi, i risultati finali, le tempistiche e qualsiasi termine o condizione specifica per garantire trasparenza e responsabilit\u00e0. Questi contratti proteggono gli interessi di entrambe le parti e forniscono una solida base per una partnership di successo.<\/p>\n<p>Per facilitare una comunicazione e una collaborazione efficaci, offriamo ai nostri clienti l&#8217;accesso a un portale sicuro per clienti e manager. Questo portale funge da piattaforma centralizzata in cui i clienti possono comunicare comodamente con i loro account manager dedicati, accedere ai documenti relativi al progetto, rivedere i rapporti sullo stato di avanzamento e fornire feedback. Crediamo nella promozione della trasparenza, dell&#8217;efficienza e della collaborazione senza soluzione di continuit\u00e0 attraverso canali di comunicazione semplificati.<\/p>\n<p>In caso di controversie o disaccordi, disponiamo di un processo strutturato di <a href=\"https:\/\/www.ignitech.ma\/it\/refund_returns\/\">risoluzione delle controversie<\/a> . Il nostro obiettivo \u00e8 quello di affrontare e risolvere i problemi in modo equo e tempestivo, preservando le relazioni positive che abbiamo con i nostri clienti. Apprezziamo la comunicazione aperta, l&#8217;ascolto attivo e la ricerca di soluzioni reciprocamente vantaggiose per garantire la soddisfazione di tutte le parti coinvolte.<\/p>\n<p>Il rispetto delle leggi e dei regolamenti pubblicitari \u00e8 un principio fondamentale della nostra agenzia. Rimaniamo informati e aggiornati sul panorama in continua evoluzione delle normative pubblicitarie per garantire che le nostre campagne di marketing siano pienamente conformi alle leggi e alle linee guida applicabili. Aderendo alle normative pubblicitarie, mitighiamo i rischi, proteggiamo la reputazione dei nostri clienti e assicuriamo che i loro sforzi di marketing producano risultati sostenibili e a lungo termine.<\/p>\n<p>In qualit\u00e0 di agenzia responsabile di Digital e Social Media Marketing, ci impegniamo a rispettare le leggi e i regolamenti pubblicitari. Rimaniamo aggiornati con le linee guida del settore e le migliori pratiche per garantire che le nostre campagne di marketing siano etiche, trasparenti e conformi.<\/p>\n<p>Si prega di notare che le informazioni fornite in questa pagina sono solo a scopo informativo e potrebbero non essere accurate o aggiornate al momento della lettura. Si consiglia di consultare un avvocato tributarista, un avvocato commerciale, un avvocato d&#8217;affari o un avvocato internazionale per verificare l&#8217;attuale validit\u00e0 delle informazioni.<\/p>\n<p>Contattaci oggi per discutere le tue esigenze di marketing digitale e scoprire come IGNITECH DSMMA pu\u00f2 aiutarti a raggiungere il successo online.<\/p>\n\t\t\t\t\t\t\t\t<\/div>\n\t\t\t\t<div class=\"elementor-element elementor-element-6b6c4f2 elementor-widget elementor-widget-spacer\" data-id=\"6b6c4f2\" data-element_type=\"widget\" data-widget_type=\"spacer.default\">\n\t\t\t\t\t\t\t<div class=\"elementor-spacer\">\n\t\t\t<div class=\"elementor-spacer-inner\"><\/div>\n\t\t<\/div>\n\t\t\t\t\t\t<\/div>\n\t\t\t\t\t<\/div>\n\t\t<\/div>\n\t\t\t\t\t<\/div>\n\t\t<\/section>\n\t\t\t\t<\/div>\n\t\t","protected":false},"excerpt":{"rendered":"<p>Contattaci oggi! Prova il potere dell&#8217;assistenza personalizzata Ignitech \u00e8 un&#8217;agenzia di Social Media Marketing. Forniamo strategie di social media e marketing digitale per aziende di tutto il mondo. Quindi, contattaci oggi per scoprire come possiamo aiutarti. Venite a trovarci: 13, RUE AHMED EL MAJJATI RES. LES ALPES 1er ETAGE N\u00b0 8 QUARTIER MAARIF CASABLANCA\/ANFA Inviaci [&hellip;]<\/p>\n","protected":false},"author":1,"featured_media":0,"parent":0,"menu_order":0,"comment_status":"closed","ping_status":"closed","template":"","meta":{"_monsterinsights_skip_tracking":false,"_monsterinsights_sitenote_active":false,"_monsterinsights_sitenote_note":"","_monsterinsights_sitenote_category":0,"footnotes":""},"class_list":["post-25310","page","type-page","status-publish","hentry"],"_links":{"self":[{"href":"https:\/\/www.ignitech.ma\/it\/wp-json\/wp\/v2\/pages\/25310","targetHints":{"allow":["GET"]}}],"collection":[{"href":"https:\/\/www.ignitech.ma\/it\/wp-json\/wp\/v2\/pages"}],"about":[{"href":"https:\/\/www.ignitech.ma\/it\/wp-json\/wp\/v2\/types\/page"}],"author":[{"embeddable":true,"href":"https:\/\/www.ignitech.ma\/it\/wp-json\/wp\/v2\/users\/1"}],"replies":[{"embeddable":true,"href":"https:\/\/www.ignitech.ma\/it\/wp-json\/wp\/v2\/comments?post=25310"}],"version-history":[{"count":0,"href":"https:\/\/www.ignitech.ma\/it\/wp-json\/wp\/v2\/pages\/25310\/revisions"}],"wp:attachment":[{"href":"https:\/\/www.ignitech.ma\/it\/wp-json\/wp\/v2\/media?parent=25310"}],"curies":[{"name":"wp","href":"https:\/\/api.w.org\/{rel}","templated":true}]}}