{"id":25330,"date":"2019-04-24T16:31:04","date_gmt":"2019-04-24T14:31:04","guid":{"rendered":"https:\/\/www.ignitech.ma\/gdpr\/"},"modified":"2023-10-05T11:59:25","modified_gmt":"2023-10-05T09:59:25","slug":"gdpr","status":"publish","type":"page","link":"https:\/\/www.ignitech.ma\/it\/gdpr\/","title":{"rendered":"Regolamento generale sulla protezione dei dati (GDPR"},"content":{"rendered":"\t\t<div data-elementor-type=\"wp-page\" data-elementor-id=\"25330\" class=\"elementor elementor-25330 elementor-1566\" data-elementor-post-type=\"page\">\n\t\t\t\t\t\t<section data-particle_enable=\"false\" data-particle-mobile-disabled=\"false\" class=\"elementor-section elementor-top-section elementor-element elementor-element-16ed8e4 elementor-section-boxed elementor-section-height-default elementor-section-height-default\" data-id=\"16ed8e4\" data-element_type=\"section\">\n\t\t\t\t\t\t<div class=\"elementor-container elementor-column-gap-default\">\n\t\t\t\t\t<div class=\"elementor-column elementor-col-100 elementor-top-column elementor-element elementor-element-94c71c7\" data-id=\"94c71c7\" data-element_type=\"column\">\n\t\t\t<div class=\"elementor-widget-wrap elementor-element-populated\">\n\t\t\t\t\t\t<div class=\"elementor-element elementor-element-92118bc elementor-widget elementor-widget-spacer\" data-id=\"92118bc\" data-element_type=\"widget\" data-widget_type=\"spacer.default\">\n\t\t\t\t\t\t\t<div class=\"elementor-spacer\">\n\t\t\t<div class=\"elementor-spacer-inner\"><\/div>\n\t\t<\/div>\n\t\t\t\t\t\t<\/div>\n\t\t\t\t<div class=\"elementor-element elementor-element-24cdd6d elementor-widget elementor-widget-spacer\" data-id=\"24cdd6d\" data-element_type=\"widget\" data-widget_type=\"spacer.default\">\n\t\t\t\t\t\t\t<div class=\"elementor-spacer\">\n\t\t\t<div class=\"elementor-spacer-inner\"><\/div>\n\t\t<\/div>\n\t\t\t\t\t\t<\/div>\n\t\t\t\t\t<\/div>\n\t\t<\/div>\n\t\t\t\t\t<\/div>\n\t\t<\/section>\n\t\t\t\t<section data-particle_enable=\"false\" data-particle-mobile-disabled=\"false\" class=\"elementor-section elementor-top-section elementor-element elementor-element-3769c50a elementor-section-boxed elementor-section-height-default elementor-section-height-default\" data-id=\"3769c50a\" data-element_type=\"section\">\n\t\t\t\t\t\t<div class=\"elementor-container elementor-column-gap-default\">\n\t\t\t\t\t<div class=\"elementor-column elementor-col-100 elementor-top-column elementor-element elementor-element-6958cc49\" data-id=\"6958cc49\" data-element_type=\"column\">\n\t\t\t<div class=\"elementor-widget-wrap elementor-element-populated\">\n\t\t\t\t\t\t<div class=\"elementor-element elementor-element-6e46f441 elementor-widget elementor-widget-text-editor\" data-id=\"6e46f441\" data-element_type=\"widget\" data-widget_type=\"text-editor.default\">\n\t\t\t\t\t\t\t\t\t<p>Il regolamento generale sulla protezione dei dati dell&#8217;UE \u00e8 entrato in vigore il 25 maggio 2018. Per una questione di trasparenza, troverete di seguito la roadmap seguita da IGNITECH per conformarsi.<\/p>\n<h2><strong>Registro delle operazioni di trattamento<\/strong><\/h2>\n<p><span style=\"color: var( --e-global-color-text );\">IGNITECH<\/span><span style=\"color: var( --e-global-color-text );\"> <\/span>ha riunito leader e stakeholder per verificare tutti i dati personali trattati per la sua attivit\u00e0.<\/p>\n<p>Il risultato del lavoro \u00e8 una mappatura dei dati personali, con ogni dato personale, le seguenti informazioni:<\/p>\n<ul>\n<li>Chi? Chi \u00e8 il Titolare e il Responsabile del trattamento?<\/li>\n<li>Dove? Dove vengono archiviati i dati?<\/li>\n<li>Perch\u00e9? Qual \u00e8 lo scopo del processo?<\/li>\n<li>Quale base giuridica? Qual \u00e8 la base giuridica del trattamento?<\/li>\n<li>Quando? Quando vengono archiviati i dati?<\/li>\n<\/ul>\n<p>A seguito di questa riunione, le seguenti conclusioni sono state condotte per dominio come riportato di seguito:<\/p>\n<h3><strong>Regolamento E-Privacy del GDPR<\/strong><\/h3>\n<p>IGNITECH attender\u00e0 la versione definitiva del regolamento ePrivacy (soprattutto per tutto ci\u00f2 che riguarda i dati di navigazione web).<\/p>\n<h3><strong>Raccolta e utilizzo delle informazioni secondo GDPR<\/strong><\/h3>\n<p>Raccogliamo diversi tipi di informazioni per vari scopi per fornire e migliorare il nostro Servizio.<\/p>\n<h3><strong>Tipi di dati raccolti<\/strong><\/h3>\n<p>Dati personali <span style=\"font-size: 16px;\">Durante l&#8217;utilizzo del nostro Servizio, potremmo chiederti di fornirci alcune <\/span><span style=\"font-size: 16px;\">informazioni di identificazione personale che possono essere utilizzate per contattarti o identificarti <\/span> <span style=\"font-size: 16px;\">(&#8220;Dati personali&#8221;). Le informazioni di identificazione personale possono includere,<\/span><\/p>\n<p>ma non \u00e8 limitato a:<\/p>\n<ul>\n<li>Indirizzo email<\/li>\n<li>Nome e cognome<\/li>\n<li>Numero di telefono<\/li>\n<li>Indirizzo, Stato, Provincia, CAP, Citt\u00e0<\/li>\n<li>Cookie e Dati di utilizzo<\/li>\n<\/ul>\n<p>Dati di utilizzo  <\/p>\n<p><span style=\"font-size: 16px;\">Potremmo anche raccogliere informazioni su come accedere e utilizzare il Servizio  <\/span><span style=\"font-size: 16px;\">(&#8220;Dati di utilizzo&#8221;). Questi dati di utilizzo possono includere informazioni quali il tuo  <\/span><span style=\"font-size: 16px;\">l&#8217;indirizzo del protocollo Internet del computer (ad es. indirizzo IP), il tipo <\/span> di browser, la versione del browser, le pagine del <span style=\"font-size: 16px;\">nostro Servizio visitate, l&#8217;ora e la data della visita<\/span>, <span style=\"font-size: 16px;\">il tempo trascorso su tali pagine, identificatori univoci del dispositivo e altri dati diagnostici<\/span><span style=\"font-size: 16px;\">.<\/span><\/p>\n<p>Dati di tracciamento e cookie<\/p>\n<p>Utilizziamo cookie e tecnologie di tracciamento simili per tracciare l&#8217;attivit\u00e0 sul nostro Servizio e conservare determinate informazioni.<\/p>\n<p>I cookie sono file con una piccola quantit\u00e0 di dati che possono includere un identificatore univoco anonimo. I cookie vengono inviati al tuo browser da un sito web e memorizzati<br \/>sul tuo dispositivo. Le tecnologie di tracciamento utilizzate sono anche beacon, tag e script per raccogliere e tenere traccia delle informazioni e per migliorare e analizzare il nostro Servizio.<\/p>\n<p>\u00c8 possibile indicare al browser di rifiutare tutti i cookie o di indicare quando viene inviato un cookie. Tuttavia, se non accetti i cookie, potresti non essere<br \/>in grado di utilizzare alcune parti del nostro Servizio. Puoi saperne di pi\u00f9 su come gestire i cookie nella <a href=\"https:\/\/privacypolicies.com\/blog\/how-to-delete-cookies\/\" target=\"_blank\" rel=\"noopener\">Guida ai cookie del browser<\/a>.<\/p>\n<p>Esempi di cookie che utilizziamo:<\/p>\n<ul>\n<li><strong>Cookie di sessione.<\/strong>  Utilizziamo i cookie di sessione per gestire il nostro servizio.<\/li>\n<li><strong>Cookie di preferenza.<\/strong>  Utilizziamo i cookie di preferenza per ricordare le tue preferenze e varie impostazioni.<\/li>\n<li><strong>Cookie di sicurezza.<\/strong>  Utilizziamo i cookie di sicurezza per motivi di sicurezza.<\/li>\n<\/ul>\n<p><strong> <\/strong><\/p>\n<h3><strong>Utilizzo dei dati nel rispetto del GDPR<\/strong><\/h3>\n<p><span style=\"color: var( --e-global-color-text );\">IGNITECH<\/span><span style=\"color: var( --e-global-color-text );\"> <\/span>utilizza i dati raccolti per vari scopi:<\/p>\n<ul>\n<li>Per fornire e mantenere il Servizio<\/li>\n<li>Per informarti delle modifiche al nostro Servizio<\/li>\n<li>Per consentirti di partecipare alle funzionalit\u00e0 interattive del nostro Servizio quando scegli di farlo<\/li>\n<li>Per fornire assistenza e supporto ai clienti<\/li>\n<li>Per fornire analisi o informazioni preziose in modo da poter migliorare il Servizio<\/li>\n<li>Per monitorare l&#8217;utilizzo del Servizio<\/li>\n<li>Per rilevare, prevenire e risolvere problemi tecnici<\/li>\n<\/ul>\n<p><strong> <\/strong><\/p>\n<h3><strong>Trasferimento dei dati<\/strong><\/h3>\n<p>Le tue informazioni, inclusi i Dati personali, possono essere trasferite e mantenute su computer situati al di fuori del tuo stato, provincia, paese o<br \/>altre giurisdizioni governative in cui le leggi sulla protezione dei dati possono differire da quelle della giurisdizione dell&#8217;utente.<\/p>\n<p>Se ti trovi al di fuori del Marocco e scegli di fornirci informazioni, tieni presente che trasferiamo i dati, inclusi i Dati personali, in Marocco e<br \/>elaboralo l\u00ec.  <\/p>\n<p>Il tuo consenso <span style=\"font-size: 16px;\">alla presente Informativa sulla privacy seguito dall&#8217;invio di tali <\/span><span style=\"font-size: 16px;\">informazioni rappresenta il tuo consenso a tale trasferimento.<\/span><\/p>\n<p><span style=\"color: var( --e-global-color-text );\">IGNITECH<\/span><span style=\"color: var( --e-global-color-text );\"> <\/span>adotter\u00e0 tutte le misure ragionevolmente necessarie per garantire che i tuoi dati siano trattati in modo sicuro e in conformit\u00e0 con la presente Informativa sulla privacy e nessun trasferimento<br \/>dei tuoi Dati Personali sar\u00e0 effettuato a un&#8217;organizzazione o a un paese a meno che non vi siano controlli adeguati in atto, inclusa la sicurezza dei tuoi dati e<br \/>Altre informazioni personali.<\/p>\n<h3><strong>Divulgazione dei dati<\/strong><\/h3>\n<h3><strong>Requisiti legali<\/strong><\/h3>\n<p><span style=\"color: var( --e-global-color-text );\">IGNITECH<\/span><span style=\"color: var( --e-global-color-text );\"> <\/span>pu\u00f2 divulgare i vostri Dati Personali in buona fede, ritenendo che tale azione sia necessaria per:<\/p>\n<ul>\n<li>Per adempiere a un obbligo legale<\/li>\n<li>Proteggere e difendere i diritti o la propriet\u00e0 di IGNITECH  <\/li>\n<li>Per prevenire o indagare su possibili illeciti in relazione al Servizio<\/li>\n<li>Per proteggere la sicurezza personale degli utenti del Servizio o del pubblico<\/li>\n<li>Per proteggersi dalla responsabilit\u00e0 legale<\/li>\n<\/ul>\n<p><strong> <\/strong><\/p>\n<h3><strong>Sicurezza dei dati<\/strong><\/h3>\n<p>La sicurezza dei tuoi dati \u00e8 importante per noi e ci impegniamo a rispettare il GDPR. Tuttavia, \u00e8 essenziale ricordare che nessun metodo di trasmissione su Internet o archiviazione elettronica \u00e8 sicuro al 100%. Sebbene ci sforziamo diligentemente di utilizzare mezzi commercialmente accettabili per proteggere i tuoi dati personali in conformit\u00e0 con le normative GDPR, non possiamo garantirne l&#8217;assoluta sicurezza.<\/p>\n<h3><strong>Fornitori<\/strong><\/h3>\n<p>Potremmo coinvolgere societ\u00e0 e individui di terze parti, noti come Fornitori di servizi, per supportare e migliorare il nostro Servizio. Questi fornitori di servizi ci assistono nella fornitura del Servizio, nell&#8217;esecuzione di attivit\u00e0 relative al servizio e nell&#8217;analisi dell&#8217;utilizzo del nostro Servizio. Ti assicuriamo che queste terze parti hanno accesso ai tuoi dati personali esclusivamente allo scopo di svolgere questi compiti per nostro conto e sono obbligati a mantenere la riservatezza e a non divulgarli o utilizzarli per altri scopi, in conformit\u00e0 con le normative GDPR.<\/p>\n<h3><strong>Analitica<\/strong><\/h3>\n<p>Possiamo utilizzare fornitori di servizi di terze parti per monitorare e analizzare l&#8217;utilizzo del nostro servizio.<\/p>\n<ul>\n<li><strong>Google Analytics<\/strong><\/li>\n<\/ul>\n<p>Google Analytics \u00e8 un servizio di analisi web. Leggi l&#8217;informativa sulla privacy per Clicky qui: <a href=\"https:\/\/www.google.com\/analytics\/terms\/us.html\" target=\"_blank\" rel=\"noopener\">https:\/\/www.google.com\/analytics\/terms\/us.html<\/a><\/p>\n<h3><strong>Sensibilizzazione e formazione<\/strong><\/h3>\n<p>IGNITECH sta attivamente sviluppando corsi di formazione attraverso il suo strumento interno dedicato per migliorare la conoscenza e la consapevolezza del suo team in merito al GDPR. Questi corsi di formazione saranno continuamente ampliati nel tempo e potranno anche essere resi disponibili sul nostro canale YouTube per uso pubblico. Diamo priorit\u00e0 al mantenimento della conformit\u00e0 GDPR durante lo sviluppo e la diffusione di queste risorse educative.<\/p>\n<p>Inoltre, abbiamo esaminato alcune procedure interne per assicurarci che tutti i dati personali siano trattati con la riservatezza richiesta.<\/p>\n<p>Infine, abbiamo rivisto i nostri regolamenti interni.<\/p>\n<h3><strong>Relazioni con i partner<\/strong><\/h3>\n<p><span style=\"color: var( --e-global-color-text );\">IGNITECH<\/span><span style=\"color: var( --e-global-color-text );\"> <\/span>ha aggiornato i suoi Termini e Condizioni degli Editori e degli Inserzionisti alla luce del GDPR.<\/p>\n<p><span style=\"color: var( --e-global-color-text );\">IGNITECH<\/span><span style=\"color: var( --e-global-color-text );\"> <\/span>ha progettato un Addendum sulla protezione dei dati (DPA) per i nostri inserzionisti, in particolare, per attirare la loro attenzione sul loro ruolo di Titolare del trattamento.<\/p>\n<p><span style=\"color: var( --e-global-color-text );\">IGNITECH<\/span><span style=\"color: var( --e-global-color-text );\"> <\/span>ha inoltre messo a disposizione del pubblico per i propri partner i seguenti documenti: Registro delle operazioni di trattamento, Inventario dei cookie, Politica di sicurezza,<br \/>Informativa sulla privacy, Termini e condizioni di email marketing, ecc.<\/p>\n<p>IGNITECH ha nominato un DPO, puoi contattarlo <a href=\"mailto:GDPR@Ignitech.com\">all&#8217;indirizzo: GDPR@Ignitech.com<\/a><\/p>\n<h3><strong>Collegamenti ad altri siti<\/strong><\/h3>\n<p>Il nostro Servizio pu\u00f2 contenere collegamenti ad altri siti che non gestiamo. Se fai clic su un link di terze parti, verrai indirizzato a tale link di terze parti.<br \/>sito. Ti consigliamo vivamente di rivedere l&#8217;Informativa sulla privacy di ogni sito che visiti.<\/p>\n<p>Non abbiamo alcun controllo e non ci assumiamo alcuna responsabilit\u00e0 per il contenuto, le politiche sulla privacy o le pratiche di siti o servizi di terze parti.<\/p>\n<h3><strong>Documentazione GDPR  <\/strong><\/h3>\n<ul>\n<li>Politica di sicurezza: &gt;&gt; <a href=\"https:\/\/www.ignitech.ma\/wp-content\/uploads\/storage\/IGNITECH-Security-Policy-GDPR.pdf\" target=\"_blank\" rel=\"noreferrer noopener\" aria-label=\"Download it here (s\u2019ouvre dans un nouvel onglet)\">scaricala qui<\/a><\/li>\n<li>Inventario dei cookie IGNITECH: &gt;&gt; <a href=\"https:\/\/www.ignitech.ma\/wp-content\/uploads\/storage\/IGNITECH-Cookie-Inventory.pdf\">scaricalo qui<\/a><\/li>\n<\/ul>\n<p><strong> <\/strong><\/p>\n<h3><strong>Contattaci<\/strong><\/h3>\n<p>In caso di domande sulla presente Informativa sulla privacy, si prega di <a href=\"https:\/\/www.ignitech.ma\/it\/contattateci\/\">contattarci<\/a>.<\/p>\n\t\t\t\t\t\t\t\t<\/div>\n\t\t\t\t<div class=\"elementor-element elementor-element-360ad67 elementor-widget elementor-widget-image\" data-id=\"360ad67\" data-element_type=\"widget\" data-widget_type=\"image.default\">\n\t\t\t\t\t\t\t\t\t\t\t\t\t\t\t<img fetchpriority=\"high\" decoding=\"async\" width=\"768\" height=\"512\" src=\"https:\/\/cdn.ignitech.ma\/wp-content\/uploads\/2023\/05\/GDPR-IGNITECH-DSMMA-1-768x512.jpg\" class=\"attachment-medium_large size-medium_large wp-image-25338\" alt=\"\" srcset=\"https:\/\/cdn.ignitech.ma\/wp-content\/uploads\/2023\/05\/GDPR-IGNITECH-DSMMA-1-768x512.jpg 768w, https:\/\/cdn.ignitech.ma\/wp-content\/uploads\/2023\/05\/GDPR-IGNITECH-DSMMA-1-300x200.jpg 300w, https:\/\/cdn.ignitech.ma\/wp-content\/uploads\/2023\/05\/GDPR-IGNITECH-DSMMA-1-1024x683.jpg 1024w, https:\/\/cdn.ignitech.ma\/wp-content\/uploads\/2023\/05\/GDPR-IGNITECH-DSMMA-1-1536x1024.jpg 1536w, https:\/\/cdn.ignitech.ma\/wp-content\/uploads\/2023\/05\/GDPR-IGNITECH-DSMMA-1-2048x1365.jpg 2048w, https:\/\/cdn.ignitech.ma\/wp-content\/uploads\/2023\/05\/GDPR-IGNITECH-DSMMA-1-600x400.jpg 600w\" sizes=\"(max-width: 768px) 100vw, 768px\" title=\"\">\t\t\t\t\t\t\t\t\t\t\t\t\t\t\t<\/div>\n\t\t\t\t<div class=\"elementor-element elementor-element-8e37f32 elementor-widget elementor-widget-spacer\" data-id=\"8e37f32\" data-element_type=\"widget\" data-widget_type=\"spacer.default\">\n\t\t\t\t\t\t\t<div class=\"elementor-spacer\">\n\t\t\t<div class=\"elementor-spacer-inner\"><\/div>\n\t\t<\/div>\n\t\t\t\t\t\t<\/div>\n\t\t\t\t\t<\/div>\n\t\t<\/div>\n\t\t\t\t\t<\/div>\n\t\t<\/section>\n\t\t\t\t<\/div>\n\t\t","protected":false},"excerpt":{"rendered":"<p>Il regolamento generale sulla protezione dei dati dell&#8217;UE \u00e8 entrato in vigore il 25 maggio 2018. Per una questione di trasparenza, troverete di seguito la roadmap seguita da IGNITECH per conformarsi. Registro delle operazioni di trattamento IGNITECH ha riunito leader e stakeholder per verificare tutti i dati personali trattati per la sua attivit\u00e0. Il risultato [&hellip;]<\/p>\n","protected":false},"author":1,"featured_media":0,"parent":0,"menu_order":0,"comment_status":"closed","ping_status":"closed","template":"","meta":{"_monsterinsights_skip_tracking":false,"_monsterinsights_sitenote_active":false,"_monsterinsights_sitenote_note":"","_monsterinsights_sitenote_category":0,"footnotes":""},"class_list":["post-25330","page","type-page","status-publish","hentry"],"_links":{"self":[{"href":"https:\/\/www.ignitech.ma\/it\/wp-json\/wp\/v2\/pages\/25330","targetHints":{"allow":["GET"]}}],"collection":[{"href":"https:\/\/www.ignitech.ma\/it\/wp-json\/wp\/v2\/pages"}],"about":[{"href":"https:\/\/www.ignitech.ma\/it\/wp-json\/wp\/v2\/types\/page"}],"author":[{"embeddable":true,"href":"https:\/\/www.ignitech.ma\/it\/wp-json\/wp\/v2\/users\/1"}],"replies":[{"embeddable":true,"href":"https:\/\/www.ignitech.ma\/it\/wp-json\/wp\/v2\/comments?post=25330"}],"version-history":[{"count":0,"href":"https:\/\/www.ignitech.ma\/it\/wp-json\/wp\/v2\/pages\/25330\/revisions"}],"wp:attachment":[{"href":"https:\/\/www.ignitech.ma\/it\/wp-json\/wp\/v2\/media?parent=25330"}],"curies":[{"name":"wp","href":"https:\/\/api.w.org\/{rel}","templated":true}]}}