{"id":26879,"date":"2019-06-27T01:27:38","date_gmt":"2019-06-26T23:27:38","guid":{"rendered":"https:\/\/www.ignitech.ma\/careers-at-ignitech\/"},"modified":"2023-10-05T22:59:12","modified_gmt":"2023-10-05T20:59:12","slug":"carreiras-na-ignitech","status":"publish","type":"page","link":"https:\/\/www.ignitech.ma\/pt-pt\/carreiras-na-ignitech\/","title":{"rendered":"Carreiras na Ignitech"},"content":{"rendered":"\t\t<div data-elementor-type=\"wp-page\" data-elementor-id=\"26879\" class=\"elementor elementor-26879 elementor-2257\" data-elementor-post-type=\"page\">\n\t\t\t\t\t\t<section data-particle_enable=\"false\" data-particle-mobile-disabled=\"false\" class=\"elementor-section elementor-top-section elementor-element elementor-element-6b63f1b elementor-section-boxed elementor-section-height-default elementor-section-height-default\" data-id=\"6b63f1b\" data-element_type=\"section\">\n\t\t\t\t\t\t<div class=\"elementor-container elementor-column-gap-default\">\n\t\t\t\t\t<div class=\"elementor-column elementor-col-100 elementor-top-column elementor-element elementor-element-8e4b986\" data-id=\"8e4b986\" data-element_type=\"column\">\n\t\t\t<div class=\"elementor-widget-wrap elementor-element-populated\">\n\t\t\t\t\t\t<div class=\"elementor-element elementor-element-98a5f01 elementor-widget elementor-widget-spacer\" data-id=\"98a5f01\" data-element_type=\"widget\" data-widget_type=\"spacer.default\">\n\t\t\t\t\t\t\t<div class=\"elementor-spacer\">\n\t\t\t<div class=\"elementor-spacer-inner\"><\/div>\n\t\t<\/div>\n\t\t\t\t\t\t<\/div>\n\t\t\t\t<div class=\"elementor-element elementor-element-d133f7e elementor-widget elementor-widget-spacer\" data-id=\"d133f7e\" data-element_type=\"widget\" data-widget_type=\"spacer.default\">\n\t\t\t\t\t\t\t<div class=\"elementor-spacer\">\n\t\t\t<div class=\"elementor-spacer-inner\"><\/div>\n\t\t<\/div>\n\t\t\t\t\t\t<\/div>\n\t\t\t\t<div class=\"elementor-element elementor-element-ec1f770 elementor-widget elementor-widget-text-editor\" data-id=\"ec1f770\" data-element_type=\"widget\" data-widget_type=\"text-editor.default\">\n\t\t\t\t\t\t\t\t\t<div class=\"wpb_text_column wpb_content_element \">\n<div class=\"wpb_wrapper\">\n<p>Junte-se \u00e0 nossa miss\u00e3o na IGNITECH para criar os principais servi\u00e7os de marketing digital e fazer parte de uma equipa que ajuda empresas em todo o mundo a libertar todo o seu potencial. Oferecemos oportunidades empolgantes de crescimento pessoal e desenvolvimento profissional, permitindo que voc\u00ea expanda seus conhecimentos e habilidades enquanto causa um impacto real. Descubra as possibilidades e embarque numa carreira gratificante na IGNITECH<\/p>\n<\/div>\n<\/div>\n\t\t\t\t\t\t\t\t<\/div>\n\t\t\t\t\t<\/div>\n\t\t<\/div>\n\t\t\t\t\t<\/div>\n\t\t<\/section>\n\t\t\t\t<section data-particle_enable=\"false\" data-particle-mobile-disabled=\"false\" class=\"elementor-section elementor-top-section elementor-element elementor-element-b11612a elementor-section-boxed elementor-section-height-default elementor-section-height-default\" data-id=\"b11612a\" data-element_type=\"section\">\n\t\t\t\t\t\t<div class=\"elementor-container elementor-column-gap-default\">\n\t\t\t\t\t<div class=\"elementor-column elementor-col-50 elementor-top-column elementor-element elementor-element-5b8010c\" data-id=\"5b8010c\" data-element_type=\"column\">\n\t\t\t<div class=\"elementor-widget-wrap elementor-element-populated\">\n\t\t\t\t\t\t<div class=\"elementor-element elementor-element-42bd5cb elementor-widget elementor-widget-heading\" data-id=\"42bd5cb\" data-element_type=\"widget\" data-widget_type=\"heading.default\">\n\t\t\t\t\t<h2 class=\"elementor-heading-title elementor-size-large\">Marketing nas Redes Sociais<\/h2>\t\t\t\t<\/div>\n\t\t\t\t<div class=\"elementor-element elementor-element-b598e28 elementor-widget elementor-widget-text-editor\" data-id=\"b598e28\" data-element_type=\"widget\" data-widget_type=\"text-editor.default\">\n\t\t\t\t\t\t\t\t\t<ul>\n<li>Gestor de Comunidade J\u00fanior<\/li>\n<\/ul>\n\t\t\t\t\t\t\t\t<\/div>\n\t\t\t\t<div class=\"elementor-element elementor-element-1e0d213 elementor-widget elementor-widget-heading\" data-id=\"1e0d213\" data-element_type=\"widget\" data-widget_type=\"heading.default\">\n\t\t\t\t\t<h2 class=\"elementor-heading-title elementor-size-large\">Internet Marketing  <\/h2>\t\t\t\t<\/div>\n\t\t\t\t<div class=\"elementor-element elementor-element-8a6576f elementor-widget elementor-widget-text-editor\" data-id=\"8a6576f\" data-element_type=\"widget\" data-widget_type=\"text-editor.default\">\n\t\t\t\t\t\t\t\t\t<ul>\n<li>Especialista em Marketing Digital J\u00fanior<\/li>\n<li>Est\u00e1gio de Gerente de Contas de Marketing Digital<\/li>\n<\/ul>\n\t\t\t\t\t\t\t\t<\/div>\n\t\t\t\t\t<\/div>\n\t\t<\/div>\n\t\t\t\t<div class=\"elementor-column elementor-col-50 elementor-top-column elementor-element elementor-element-dc8db66\" data-id=\"dc8db66\" data-element_type=\"column\">\n\t\t\t<div class=\"elementor-widget-wrap elementor-element-populated\">\n\t\t\t\t\t\t<div class=\"elementor-element elementor-element-44a760a elementor-widget elementor-widget-heading\" data-id=\"44a760a\" data-element_type=\"widget\" data-widget_type=\"heading.default\">\n\t\t\t\t\t<h2 class=\"elementor-heading-title elementor-size-large\">Compradores de m\u00eddia<\/h2>\t\t\t\t<\/div>\n\t\t\t\t<div class=\"elementor-element elementor-element-f21e9b8 elementor-widget elementor-widget-text-editor\" data-id=\"f21e9b8\" data-element_type=\"widget\" data-widget_type=\"text-editor.default\">\n\t\t\t\t\t\t\t\t\t<ul>\n<li>Compradores de m\u00eddia do Google Ads<\/li>\n<li>An\u00fancios do Facebook Compradores de m\u00eddia<\/li>\n<\/ul>\n\t\t\t\t\t\t\t\t<\/div>\n\t\t\t\t<div class=\"elementor-element elementor-element-45f5a69 elementor-widget elementor-widget-heading\" data-id=\"45f5a69\" data-element_type=\"widget\" data-widget_type=\"heading.default\">\n\t\t\t\t\t<h2 class=\"elementor-heading-title elementor-size-large\">Marketing de Conte\u00fados<\/h2>\t\t\t\t<\/div>\n\t\t\t\t<div class=\"elementor-element elementor-element-044d6cf elementor-widget elementor-widget-text-editor\" data-id=\"044d6cf\" data-element_type=\"widget\" data-widget_type=\"text-editor.default\">\n\t\t\t\t\t\t\t\t\t<ul style=\"overflow-wrap: break-word; font-family: 'Nunito Sans'; font-weight: 400; font-style: normal; font-size: 16px;\">\n<li style=\"font-size: 16px; margin-bottom: 0px;\">Redator e Editor Remoto (Contrato de Freelancing)<\/li>\n<\/ul>\n\t\t\t\t\t\t\t\t<\/div>\n\t\t\t\t\t<\/div>\n\t\t<\/div>\n\t\t\t\t\t<\/div>\n\t\t<\/section>\n\t\t\t\t<section data-particle_enable=\"false\" data-particle-mobile-disabled=\"false\" class=\"elementor-section elementor-top-section elementor-element elementor-element-0346a3b elementor-section-boxed elementor-section-height-default elementor-section-height-default\" data-id=\"0346a3b\" data-element_type=\"section\">\n\t\t\t\t\t\t<div class=\"elementor-container elementor-column-gap-default\">\n\t\t\t\t\t<div class=\"elementor-column elementor-col-100 elementor-top-column elementor-element elementor-element-913d15f\" data-id=\"913d15f\" data-element_type=\"column\">\n\t\t\t<div class=\"elementor-widget-wrap elementor-element-populated\">\n\t\t\t\t\t\t<div class=\"elementor-element elementor-element-b7c63c4 elementor-widget elementor-widget-text-editor\" data-id=\"b7c63c4\" data-element_type=\"widget\" data-widget_type=\"text-editor.default\">\n\t\t\t\t\t\t\t\t\t<div class=\"wpb_text_column wpb_content_element \">\n<div class=\"wpb_wrapper\">\n<p><span>Envie-nos o seu curr\u00edculo para <\/span><span>Careers@ignitech.ma<\/span><\/p>\n<\/div>\n<\/div>\n\t\t\t\t\t\t\t\t<\/div>\n\t\t\t\t<div class=\"elementor-element elementor-element-3aaa6af elementor-widget elementor-widget-text-editor\" data-id=\"3aaa6af\" data-element_type=\"widget\" data-widget_type=\"text-editor.default\">\n\t\t\t\t\t\t\t\t\t<p>As carreiras na IGNITECH oferecem perspetivas entusiasmantes para indiv\u00edduos talentosos como voc\u00ea. Se \u00e9 apaixonado por marketing digital e procura uma oportunidade de carreira gratificante, convidamo-lo a juntar-se \u00e0 nossa equipa. Como Gerente de M\u00eddia Social, Comprador de M\u00eddia, Editor de V\u00eddeo, Designer ou Marketing de Conte\u00fado, voc\u00ea ter\u00e1 a chance de mostrar suas habilidades e contribuir para o nosso din\u00e2mico ambiente de trabalho. Na IGNITECH, valorizamos a criatividade, a inova\u00e7\u00e3o e a colabora\u00e7\u00e3o, fornecendo uma plataforma para que voc\u00ea se destaque e cres\u00e7a. D\u00ea o pr\u00f3ximo passo na sua jornada profissional e explore as possibilidades ilimitadas com Carreiras na IGNITECH.<\/p>\n<p>Como Gerente de M\u00eddia Social, voc\u00ea ser\u00e1 respons\u00e1vel por desenvolver e executar estrat\u00e9gias de m\u00eddia social, gerenciar contas de m\u00eddia social e analisar o desempenho da campanha. Voc\u00ea ter\u00e1 a oportunidade de trabalhar com uma variedade de clientes e ind\u00fastrias, criando conte\u00fado envolvente e impulsionando campanhas de m\u00eddia social impactantes.<\/p>\n<p>Se voc\u00ea tem um olho atento para design e criatividade, nossa fun\u00e7\u00e3o de designer pode ser a escolha perfeita para voc\u00ea. Voc\u00ea colaborar\u00e1 com nossa equipe para criar gr\u00e1ficos visualmente impressionantes, designs de sites e materiais de marketing que se alinham com a marca e os objetivos de nossos clientes.<\/p>\n<p>Como um comprador de m\u00eddia, voc\u00ea desempenhar\u00e1 um papel crucial no planejamento e execu\u00e7\u00e3o de campanhas publicit\u00e1rias eficazes em v\u00e1rias plataformas digitais. Voc\u00ea ter\u00e1 a oportunidade de aproveitar suas habilidades anal\u00edticas para otimizar o desempenho da campanha, alcan\u00e7ar p\u00fablicos-alvo e impulsionar convers\u00f5es.<\/p>\n<p>Para aqueles com talento para contar hist\u00f3rias e criar conte\u00fado, nossa posi\u00e7\u00e3o de Marketing de Conte\u00fado oferece a chance de criar narrativas atraentes, desenvolver postagens e artigos de blog envolventes e impulsionar o tr\u00e1fego org\u00e2nico por meio de estrat\u00e9gias de marketing de conte\u00fado.<\/p>\n<p>Na IGNITECH, valorizamos a criatividade, a inova\u00e7\u00e3o e o esp\u00edrito colaborativo. Promovemos uma cultura empresarial solid\u00e1ria e inclusiva que incentiva o crescimento e desenvolvimento profissional. Se voc\u00ea est\u00e1 pronto para levar sua carreira em marketing digital para o pr\u00f3ximo n\u00edvel, envie seu curr\u00edculo ou curr\u00edculo atrav\u00e9s da nossa p\u00e1gina de carreiras ou conecte-se conosco no <a href=\"https:\/\/www.linkedin.com\/company\/ignitech-ma\/\" target=\"_blank\" rel=\"noopener\">LinkedIn<\/a>.<\/p>\n<p>Junte-se \u00e0 nossa equipa na IGNITECH e embarque numa jornada gratificante com Carreiras na IGNITECH e fa\u00e7a parte da nossa miss\u00e3o de oferecer solu\u00e7\u00f5es de marketing digital excecionais aos nossos clientes. Estamos ansiosos para ouvir de voc\u00ea e explorar as emocionantes oportunidades de carreira que esperam por voc\u00ea na IGNITECH.<\/p>\n<p>Leia mais sobre as carreiras gratificantes na IGNITECH e os servi\u00e7os excecionais que prestamos aos nossos valiosos clientes aqui:&nbsp;<\/p>\n<ul>\n<li><a href=\"https:\/\/www.ignitech.ma\/pt-pt\/social-media-marketing\/\">Marketing Digital e Redes Sociais<\/a>;<\/li>\n<li><a href=\"https:\/\/www.ignitech.ma\/pt-pt\/search-engine-optimisation\/\">Otimiza\u00e7\u00e3o para motores de busca<\/a>;<\/li>\n<li><a href=\"https:\/\/www.ignitech.ma\/pt-pt\/web-design-and-development\/\">Design e Desenvolvimento de Websites<\/a>;<\/li>\n<li><a href=\"https:\/\/www.ignitech.ma\/pt-pt\/marketing-automacao\/\">Automa\u00e7\u00e3o de Marketing<\/a>;<\/li>\n<\/ul>\t\t\t\t\t\t\t\t<\/div>\n\t\t\t\t<div class=\"elementor-element elementor-element-bd31dd8 elementor-widget elementor-widget-image\" data-id=\"bd31dd8\" data-element_type=\"widget\" data-widget_type=\"image.default\">\n\t\t\t\t\t\t\t\t\t\t\t\t\t\t\t<img fetchpriority=\"high\" decoding=\"async\" width=\"768\" height=\"426\" src=\"https:\/\/cdn.ignitech.ma\/wp-content\/uploads\/2023\/05\/Jobs-at-ignitech-768x426.jpg\" class=\"attachment-medium_large size-medium_large wp-image-26880\" alt=\"\" srcset=\"https:\/\/cdn.ignitech.ma\/wp-content\/uploads\/2023\/05\/Jobs-at-ignitech-768x426.jpg 768w, https:\/\/cdn.ignitech.ma\/wp-content\/uploads\/2023\/05\/Jobs-at-ignitech-300x166.jpg 300w, https:\/\/cdn.ignitech.ma\/wp-content\/uploads\/2023\/05\/Jobs-at-ignitech-600x333.jpg 600w, https:\/\/cdn.ignitech.ma\/wp-content\/uploads\/2023\/05\/Jobs-at-ignitech.jpg 920w\" sizes=\"(max-width: 768px) 100vw, 768px\" title=\"\">\t\t\t\t\t\t\t\t\t\t\t\t\t\t\t<\/div>\n\t\t\t\t<div class=\"elementor-element elementor-element-afc0c5b elementor-widget elementor-widget-heading\" data-id=\"afc0c5b\" data-element_type=\"widget\" data-widget_type=\"heading.default\">\n\t\t\t\t\t<h2 class=\"elementor-heading-title elementor-size-large\">Carreiras na IGNITECH - Porque deves trabalhar connosco?<\/h2>\t\t\t\t<\/div>\n\t\t\t\t<div class=\"elementor-element elementor-element-27532d6 elementor-widget elementor-widget-text-editor\" data-id=\"27532d6\" data-element_type=\"widget\" data-widget_type=\"text-editor.default\">\n\t\t\t\t\t\t\t\t\t<div class=\"group w-full text-gray-800 dark:text-gray-100 border-b border-black\/10 dark:border-gray-900\/50 bg-gray-50 dark:bg-[#444654]\">\n<div class=\"flex p-4 gap-4 text-base md:gap-6 md:max-w-2xl lg:max-w-xl xl:max-w-3xl md:py-6 lg:px-0 m-auto\">\n<div class=\"relative flex w-[calc(100%-50px)] flex-col gap-1 md:gap-3 lg:w-[calc(100%-115px)]\">\n<div class=\"flex flex-grow flex-col gap-3\">\n<div class=\"min-h-[20px] flex flex-col items-start gap-4 whitespace-pre-wrap break-words\">\n<div class=\"markdown prose w-full break-words dark:prose-invert light\">\n<p>Existem v\u00e1rias raz\u00f5es imperiosas pelas quais indiv\u00edduos talentosos devem escolher trabalhar connosco na IGNITECH. Aqui est\u00e3o alguns pontos-chave que nos tornam um lugar atraente e gratificante para construir sua carreira:<\/p>\n<ol>\n<li>\n<p>Ambiente Inovador e Din\u00e2mico: Na IGNITECH, promovemos um ambiente de trabalho inovador e din\u00e2mico que incentiva a criatividade, a colabora\u00e7\u00e3o e o pensamento inovador. Estamos na vanguarda da ind\u00fastria de marketing digital, constantemente ultrapassando fronteiras e adotando novas tecnologias e estrat\u00e9gias.<\/p>\n<\/li>\n<li>\n<p>Clientela empolgante e diversificada: Trabalhar conosco significa ter a oportunidade de trabalhar com uma gama diversificada de clientes em <a href=\"https:\/\/www.ignitech.ma\/pt-pt\/industrias\/\">v\u00e1rios setores<\/a>. As carreiras na IGNITECH d\u00e3o visibilidade e permitem-lhe ganhar experi\u00eancia valiosa e expandir o seu conhecimento em diferentes setores, tornando cada dia de trabalho emocionante e desafiante.<\/p>\n<\/li>\n<li>\n<p>Crescimento e Desenvolvimento Profissional: Priorizamos o crescimento e desenvolvimento dos membros da nossa equipa. Proporcionamos acesso a oportunidades de aprendizagem e forma\u00e7\u00e3o cont\u00ednuas, tanto internamente como atrav\u00e9s de recursos externos. Voc\u00ea ter\u00e1 a chance de aprimorar suas habilidades, manter-se atualizado com as tend\u00eancias do setor e avan\u00e7ar sua carreira dentro da empresa.<\/p>\n<\/li>\n<li>\n<p>Colabora\u00e7\u00e3o e Trabalho em Equipa: Acreditamos no poder da colabora\u00e7\u00e3o e do trabalho em equipa. Voc\u00ea far\u00e1 parte de uma equipe solid\u00e1ria e talentosa que valoriza a comunica\u00e7\u00e3o aberta, o respeito m\u00fatuo e o sucesso compartilhado. Trabalhando juntos, aproveitamos os pontos fortes uns dos outros para oferecer resultados excecionais para nossos clientes.<\/p>\n<\/li>\n<li>\n<p>Trabalho de impacto: Na IGNITECH, o seu trabalho ter\u00e1 um impacto direto nos neg\u00f3cios dos nossos clientes. As carreiras na IGNITECH d\u00e3o-lhe a oportunidade de contribuir para o seu sucesso, implementando estrat\u00e9gias de marketing digital eficazes, impulsionando o crescimento e alcan\u00e7ando resultados mensur\u00e1veis. As suas contribui\u00e7\u00f5es ser\u00e3o reconhecidas e valorizadas.<\/p>\n<\/li>\n<li>\n<p>Cultura da Empresa: Orgulhamo-nos da nossa cultura empresarial positiva e inclusiva. Celebramos a diversidade, promovemos um equil\u00edbrio saud\u00e1vel entre vida pessoal e profissional e priorizamos o bem-estar dos funcion\u00e1rios. Organizamos atividades de teambuilding, eventos sociais e proporcionamos um ambiente de trabalho favor\u00e1vel e amig\u00e1vel onde a voz de todos \u00e9 ouvida.<\/p>\n<\/li>\n<li>\n<p>Remunera\u00e7\u00e3o e benef\u00edcios competitivos: Oferecemos pacotes de remunera\u00e7\u00e3o competitivos e benef\u00edcios atraentes para garantir que os membros da nossa equipe se sintam valorizados e recompensados por seu trabalho \u00e1rduo. Sua dedica\u00e7\u00e3o e contribui\u00e7\u00f5es ser\u00e3o reconhecidas atrav\u00e9s de uma remunera\u00e7\u00e3o justa e oportunidades de crescimento.<\/p>\n<\/li>\n<\/ol>\n<p>Juntar-se \u00e0 IGNITECH significa fazer parte de uma equipa talentosa e apaixonada que se dedica a fornecer solu\u00e7\u00f5es de marketing digital excecionais. Se procura carreiras desafiantes na IGNITECH e ainda assim oportunidades de carreira gratificantes, convidamo-lo a juntar-se a n\u00f3s e a ter um impacto significativo no mundo do marketing digital.<\/p>\n<\/div>\n<\/div>\n<\/div>\n<\/div>\n<\/div>\n<\/div>\n\t\t\t\t\t\t\t\t<\/div>\n\t\t\t\t\t<\/div>\n\t\t<\/div>\n\t\t\t\t\t<\/div>\n\t\t<\/section>\n\t\t\t\t<\/div>\n\t\t","protected":false},"excerpt":{"rendered":"<p>Junte-se \u00e0 nossa miss\u00e3o na IGNITECH para criar os principais servi\u00e7os de marketing digital e fazer parte de uma equipa que ajuda empresas em todo o mundo a libertar todo o seu potencial. Oferecemos oportunidades empolgantes de crescimento pessoal e desenvolvimento profissional, permitindo que voc\u00ea expanda seus conhecimentos e habilidades enquanto causa um impacto real. [&hellip;]<\/p>\n","protected":false},"author":1,"featured_media":0,"parent":0,"menu_order":0,"comment_status":"closed","ping_status":"closed","template":"","meta":{"_monsterinsights_skip_tracking":false,"_monsterinsights_sitenote_active":false,"_monsterinsights_sitenote_note":"","_monsterinsights_sitenote_category":0,"footnotes":""},"class_list":["post-26879","page","type-page","status-publish","hentry"],"_links":{"self":[{"href":"https:\/\/www.ignitech.ma\/pt-pt\/wp-json\/wp\/v2\/pages\/26879","targetHints":{"allow":["GET"]}}],"collection":[{"href":"https:\/\/www.ignitech.ma\/pt-pt\/wp-json\/wp\/v2\/pages"}],"about":[{"href":"https:\/\/www.ignitech.ma\/pt-pt\/wp-json\/wp\/v2\/types\/page"}],"author":[{"embeddable":true,"href":"https:\/\/www.ignitech.ma\/pt-pt\/wp-json\/wp\/v2\/users\/1"}],"replies":[{"embeddable":true,"href":"https:\/\/www.ignitech.ma\/pt-pt\/wp-json\/wp\/v2\/comments?post=26879"}],"version-history":[{"count":0,"href":"https:\/\/www.ignitech.ma\/pt-pt\/wp-json\/wp\/v2\/pages\/26879\/revisions"}],"wp:attachment":[{"href":"https:\/\/www.ignitech.ma\/pt-pt\/wp-json\/wp\/v2\/media?parent=26879"}],"curies":[{"name":"wp","href":"https:\/\/api.w.org\/{rel}","templated":true}]}}