{"id":26895,"date":"2018-11-20T13:27:59","date_gmt":"2018-11-20T12:27:59","guid":{"rendered":"https:\/\/www.ignitech.ma\/contact-us\/"},"modified":"2023-10-05T22:57:31","modified_gmt":"2023-10-05T20:57:31","slug":"entre-em-contato-conosco","status":"publish","type":"page","link":"https:\/\/www.ignitech.ma\/pt-pt\/entre-em-contato-conosco\/","title":{"rendered":"Contacte-nos"},"content":{"rendered":"\t\t<div data-elementor-type=\"wp-page\" data-elementor-id=\"26895\" class=\"elementor elementor-26895 elementor-450\" data-elementor-post-type=\"page\">\n\t\t\t\t\t\t<section data-particle_enable=\"false\" data-particle-mobile-disabled=\"false\" class=\"elementor-section elementor-top-section elementor-element elementor-element-b32042f elementor-section-boxed elementor-section-height-default elementor-section-height-default\" data-id=\"b32042f\" data-element_type=\"section\">\n\t\t\t\t\t\t<div class=\"elementor-container elementor-column-gap-default\">\n\t\t\t\t\t<div class=\"elementor-column elementor-col-100 elementor-top-column elementor-element elementor-element-da33026\" data-id=\"da33026\" data-element_type=\"column\">\n\t\t\t<div class=\"elementor-widget-wrap elementor-element-populated\">\n\t\t\t\t\t\t<div class=\"elementor-element elementor-element-b9d254c elementor-widget elementor-widget-spacer\" data-id=\"b9d254c\" data-element_type=\"widget\" data-widget_type=\"spacer.default\">\n\t\t\t\t\t\t\t<div class=\"elementor-spacer\">\n\t\t\t<div class=\"elementor-spacer-inner\"><\/div>\n\t\t<\/div>\n\t\t\t\t\t\t<\/div>\n\t\t\t\t\t<\/div>\n\t\t<\/div>\n\t\t\t\t\t<\/div>\n\t\t<\/section>\n\t\t\t\t<section data-particle_enable=\"false\" data-particle-mobile-disabled=\"false\" class=\"elementor-section elementor-top-section elementor-element elementor-element-64f1ff5 elementor-section-boxed elementor-section-height-default elementor-section-height-default\" data-id=\"64f1ff5\" data-element_type=\"section\">\n\t\t\t\t\t\t<div class=\"elementor-container elementor-column-gap-default\">\n\t\t\t\t\t<div class=\"elementor-column elementor-col-100 elementor-top-column elementor-element elementor-element-d0cd9d4\" data-id=\"d0cd9d4\" data-element_type=\"column\">\n\t\t\t<div class=\"elementor-widget-wrap elementor-element-populated\">\n\t\t\t\t\t\t<div class=\"elementor-element elementor-element-91708ed elementor-widget elementor-widget-heading\" data-id=\"91708ed\" data-element_type=\"widget\" data-widget_type=\"heading.default\">\n\t\t\t\t\t<h1 class=\"elementor-heading-title elementor-size-default\">Contacte-nos hoje mesmo!<\/h1>\t\t\t\t<\/div>\n\t\t\t\t<div class=\"elementor-element elementor-element-e5993ee elementor-widget elementor-widget-heading\" data-id=\"e5993ee\" data-element_type=\"widget\" data-widget_type=\"heading.default\">\n\t\t\t\t\t<h2 class=\"elementor-heading-title elementor-size-large\">Experimente o poder da assist\u00eancia personalizada<\/h2>\t\t\t\t<\/div>\n\t\t\t\t\t<\/div>\n\t\t<\/div>\n\t\t\t\t\t<\/div>\n\t\t<\/section>\n\t\t\t\t<section data-particle_enable=\"false\" data-particle-mobile-disabled=\"false\" class=\"elementor-section elementor-top-section elementor-element elementor-element-ab69fa7 elementor-section-boxed elementor-section-height-default elementor-section-height-default\" data-id=\"ab69fa7\" data-element_type=\"section\">\n\t\t\t\t\t\t<div class=\"elementor-container elementor-column-gap-default\">\n\t\t\t\t\t<div class=\"elementor-column elementor-col-50 elementor-top-column elementor-element elementor-element-4433ba8\" data-id=\"4433ba8\" data-element_type=\"column\">\n\t\t\t<div class=\"elementor-widget-wrap elementor-element-populated\">\n\t\t\t\t\t\t<div class=\"elementor-element elementor-element-ffd46c5 elementor-widget elementor-widget-text-editor\" data-id=\"ffd46c5\" data-element_type=\"widget\" data-widget_type=\"text-editor.default\">\n\t\t\t\t\t\t\t\t\t<p>A Ignitech \u00e9 uma Ag\u00eancia de Marketing de Redes Sociais. Fornecemos estrat\u00e9gias de Social Media e marketing digital para empresas em todo o mundo.<\/p>\n<p>Por isso, contacte-nos hoje mesmo para saber como podemos ajud\u00e1-lo.<\/p>\n\t\t\t\t\t\t\t\t<\/div>\n\t\t\t\t<div class=\"elementor-element elementor-element-174be13 elementor-view-framed elementor-shape-square elementor-position-inline-start elementor-mobile-position-block-start elementor-widget elementor-widget-icon-box\" data-id=\"174be13\" data-element_type=\"widget\" data-widget_type=\"icon-box.default\">\n\t\t\t\t\t\t\t<div class=\"elementor-icon-box-wrapper\">\n\n\t\t\t\t\t\t<div class=\"elementor-icon-box-icon\">\n\t\t\t\t<span  class=\"elementor-icon\">\n\t\t\t\t<svg aria-hidden=\"true\" class=\"e-font-icon-svg e-fas-location-arrow\" viewBox=\"0 0 512 512\" xmlns=\"http:\/\/www.w3.org\/2000\/svg\"><path d=\"M444.52 3.52L28.74 195.42c-47.97 22.39-31.98 92.75 19.19 92.75h175.91v175.91c0 51.17 70.36 67.17 92.75 19.19l191.9-415.78c15.99-38.39-25.59-79.97-63.97-63.97z\"><\/path><\/svg>\t\t\t\t<\/span>\n\t\t\t<\/div>\n\t\t\t\n\t\t\t\t\t\t<div class=\"elementor-icon-box-content\">\n\n\t\t\t\t\t\t\t\t\t<h3 class=\"elementor-icon-box-title\">\n\t\t\t\t\t\t<span  >\n\t\t\t\t\t\t\tVisite-nos:\t\t\t\t\t\t<\/span>\n\t\t\t\t\t<\/h3>\n\t\t\t\t\n\t\t\t\t\t\t\t\t\t<p class=\"elementor-icon-box-description\">\n\t\t\t\t\t\t13, RUE AHMED EL MAJJATI RES. LES ALPES 1er ETAGE N\u00b0 8 QUARTIER MAARIF CASABLANCA\/ANFA\t\t\t\t\t<\/p>\n\t\t\t\t\n\t\t\t<\/div>\n\t\t\t\n\t\t<\/div>\n\t\t\t\t\t\t<\/div>\n\t\t\t\t<div class=\"elementor-element elementor-element-6945d36 elementor-view-framed elementor-shape-square elementor-position-inline-start elementor-mobile-position-block-start elementor-widget elementor-widget-icon-box\" data-id=\"6945d36\" data-element_type=\"widget\" data-widget_type=\"icon-box.default\">\n\t\t\t\t\t\t\t<div class=\"elementor-icon-box-wrapper\">\n\n\t\t\t\t\t\t<div class=\"elementor-icon-box-icon\">\n\t\t\t\t<span  class=\"elementor-icon\">\n\t\t\t\t<svg aria-hidden=\"true\" class=\"e-font-icon-svg e-fas-at\" viewBox=\"0 0 512 512\" xmlns=\"http:\/\/www.w3.org\/2000\/svg\"><path d=\"M256 8C118.941 8 8 118.919 8 256c0 137.059 110.919 248 248 248 48.154 0 95.342-14.14 135.408-40.223 12.005-7.815 14.625-24.288 5.552-35.372l-10.177-12.433c-7.671-9.371-21.179-11.667-31.373-5.129C325.92 429.757 291.314 440 256 440c-101.458 0-184-82.542-184-184S154.542 72 256 72c100.139 0 184 57.619 184 160 0 38.786-21.093 79.742-58.17 83.693-17.349-.454-16.91-12.857-13.476-30.024l23.433-121.11C394.653 149.75 383.308 136 368.225 136h-44.981a13.518 13.518 0 0 0-13.432 11.993l-.01.092c-14.697-17.901-40.448-21.775-59.971-21.775-74.58 0-137.831 62.234-137.831 151.46 0 65.303 36.785 105.87 96 105.87 26.984 0 57.369-15.637 74.991-38.333 9.522 34.104 40.613 34.103 70.71 34.103C462.609 379.41 504 307.798 504 232 504 95.653 394.023 8 256 8zm-21.68 304.43c-22.249 0-36.07-15.623-36.07-40.771 0-44.993 30.779-72.729 58.63-72.729 22.292 0 35.601 15.241 35.601 40.77 0 45.061-33.875 72.73-58.161 72.73z\"><\/path><\/svg>\t\t\t\t<\/span>\n\t\t\t<\/div>\n\t\t\t\n\t\t\t\t\t\t<div class=\"elementor-icon-box-content\">\n\n\t\t\t\t\t\t\t\t\t<h3 class=\"elementor-icon-box-title\">\n\t\t\t\t\t\t<span  >\n\t\t\t\t\t\t\tEnvie-nos um e-mail:\t\t\t\t\t\t<\/span>\n\t\t\t\t\t<\/h3>\n\t\t\t\t\n\t\t\t\t\t\t\t\t\t<p class=\"elementor-icon-box-description\">\n\t\t\t\t\t\tsupport@ignitech.ma\t\t\t\t\t<\/p>\n\t\t\t\t\n\t\t\t<\/div>\n\t\t\t\n\t\t<\/div>\n\t\t\t\t\t\t<\/div>\n\t\t\t\t<div class=\"elementor-element elementor-element-aca0cfd elementor-widget elementor-widget-heading\" data-id=\"aca0cfd\" data-element_type=\"widget\" data-widget_type=\"heading.default\">\n\t\t\t\t\t<h2 class=\"elementor-heading-title elementor-size-xl\">Contacte-nos<\/h2>\t\t\t\t<\/div>\n\t\t\t\t<div class=\"elementor-element elementor-element-184acee elementor-button-align-stretch elementor-widget elementor-widget-form\" data-id=\"184acee\" data-element_type=\"widget\" data-settings=\"{&quot;step_next_label&quot;:&quot;Seguinte&quot;,&quot;step_previous_label&quot;:&quot;Anterior&quot;,&quot;button_width&quot;:&quot;100&quot;,&quot;step_type&quot;:&quot;number_text&quot;,&quot;step_icon_shape&quot;:&quot;circle&quot;}\" data-widget_type=\"form.default\">\n\t\t\t\t\t\t\t<form class=\"elementor-form\" method=\"post\" id=\"ContactUsFormIGNITECH\" name=\"Formul\u00e1rio Contacte-nos\">\n\t\t\t<input type=\"hidden\" name=\"post_id\" value=\"26895\"\/>\n\t\t\t<input type=\"hidden\" name=\"form_id\" value=\"184acee\"\/>\n\t\t\t<input type=\"hidden\" name=\"referer_title\" value=\"\" \/>\n\n\t\t\t\n\t\t\t<div class=\"elementor-form-fields-wrapper elementor-labels-above\">\n\t\t\t\t\t\t\t\t<div class=\"elementor-field-type-text elementor-field-group elementor-column elementor-field-group-name elementor-col-100\">\n\t\t\t\t\t\t\t\t\t\t\t\t<label for=\"form-field-name\" class=\"elementor-field-label\">\n\t\t\t\t\t\t\t\tNome Completo\t\t\t\t\t\t\t<\/label>\n\t\t\t\t\t\t\t\t\t\t\t\t\t\t<input size=\"1\" type=\"text\" name=\"form_fields[name]\" id=\"form-field-name\" class=\"elementor-field elementor-size-md  elementor-field-textual\" placeholder=\"Nome Completo\">\n\t\t\t\t\t\t\t\t\t\t\t<\/div>\n\t\t\t\t\t\t\t\t<div class=\"elementor-field-type-email elementor-field-group elementor-column elementor-field-group-email elementor-col-100 elementor-field-required elementor-mark-required\">\n\t\t\t\t\t\t\t\t\t\t\t\t<label for=\"form-field-email\" class=\"elementor-field-label\">\n\t\t\t\t\t\t\t\tEmail\t\t\t\t\t\t\t<\/label>\n\t\t\t\t\t\t\t\t\t\t\t\t\t\t<input size=\"1\" type=\"email\" name=\"form_fields[email]\" id=\"form-field-email\" class=\"elementor-field elementor-size-md  elementor-field-textual\" placeholder=\"Email\" required=\"required\">\n\t\t\t\t\t\t\t\t\t\t\t<\/div>\n\t\t\t\t\t\t\t\t<div class=\"elementor-field-type-textarea elementor-field-group elementor-column elementor-field-group-message elementor-col-100\">\n\t\t\t\t\t\t\t\t\t\t\t\t<label for=\"form-field-message\" class=\"elementor-field-label\">\n\t\t\t\t\t\t\t\tMensagem\t\t\t\t\t\t\t<\/label>\n\t\t\t\t\t\t<textarea class=\"elementor-field-textual elementor-field  elementor-size-md\" name=\"form_fields[message]\" id=\"form-field-message\" rows=\"4\" placeholder=\"Mensagem\"><\/textarea>\t\t\t\t<\/div>\n\t\t\t\t\t\t\t\t<div class=\"elementor-field-group elementor-column elementor-field-type-submit elementor-col-100 e-form__buttons\">\n\t\t\t\t\t<button class=\"elementor-button elementor-size-sm\" type=\"submit\">\n\t\t\t\t\t\t<span class=\"elementor-button-content-wrapper\">\n\t\t\t\t\t\t\t\t\t\t\t\t\t\t\t\t\t\t\t\t\t\t<span class=\"elementor-button-text\">Enviar<\/span>\n\t\t\t\t\t\t\t\t\t\t\t\t\t<\/span>\n\t\t\t\t\t<\/button>\n\t\t\t\t<\/div>\n\t\t\t<\/div>\n\t\t<\/form>\n\t\t\t\t\t\t<\/div>\n\t\t\t\t\t<\/div>\n\t\t<\/div>\n\t\t\t\t<div class=\"elementor-column elementor-col-50 elementor-top-column elementor-element elementor-element-8c969cc\" data-id=\"8c969cc\" data-element_type=\"column\">\n\t\t\t<div class=\"elementor-widget-wrap elementor-element-populated\">\n\t\t\t\t\t\t<div class=\"elementor-element elementor-element-34200c2 elementor-widget elementor-widget-image\" data-id=\"34200c2\" data-element_type=\"widget\" data-widget_type=\"image.default\">\n\t\t\t\t\t\t\t\t\t\t\t\t\t\t\t<img fetchpriority=\"high\" decoding=\"async\" width=\"800\" height=\"503\" src=\"https:\/\/cdn.ignitech.ma\/wp-content\/uploads\/2023\/05\/Contact-us.jpg\" class=\"attachment-large size-large wp-image-27550\" alt=\"\" srcset=\"https:\/\/cdn.ignitech.ma\/wp-content\/uploads\/2023\/05\/Contact-us.jpg 846w, https:\/\/cdn.ignitech.ma\/wp-content\/uploads\/2023\/05\/Contact-us-300x189.jpg 300w, https:\/\/cdn.ignitech.ma\/wp-content\/uploads\/2023\/05\/Contact-us-768x483.jpg 768w, https:\/\/cdn.ignitech.ma\/wp-content\/uploads\/2023\/05\/Contact-us-600x377.jpg 600w\" sizes=\"(max-width: 800px) 100vw, 800px\" title=\"\">\t\t\t\t\t\t\t\t\t\t\t\t\t\t\t<\/div>\n\t\t\t\t\t<\/div>\n\t\t<\/div>\n\t\t\t\t\t<\/div>\n\t\t<\/section>\n\t\t\t\t<section data-particle_enable=\"false\" data-particle-mobile-disabled=\"false\" class=\"elementor-section elementor-top-section elementor-element elementor-element-2ee1666 elementor-section-boxed elementor-section-height-default elementor-section-height-default\" data-id=\"2ee1666\" data-element_type=\"section\">\n\t\t\t\t\t\t<div class=\"elementor-container elementor-column-gap-default\">\n\t\t\t\t\t<div class=\"elementor-column elementor-col-100 elementor-top-column elementor-element elementor-element-10ed643\" data-id=\"10ed643\" data-element_type=\"column\">\n\t\t\t<div class=\"elementor-widget-wrap elementor-element-populated\">\n\t\t\t\t\t\t<div class=\"elementor-element elementor-element-38e3ffc elementor-widget__width-initial elementor-widget elementor-widget-text-editor\" data-id=\"38e3ffc\" data-element_type=\"widget\" data-widget_type=\"text-editor.default\">\n\t\t\t\t\t\t\t\t\t<p>Na IGNITECH DSMMA, fornecemos servi\u00e7os abrangentes de Marketing Digital e <a href=\"https:\/\/www.ignitech.ma\/pt-pt\/social-media-marketing\/\">de M\u00eddia Social<\/a> para ajudar as empresas a prosperar no mundo online. A nossa equipa de especialistas dedica-se a fornecer resultados excecionais e a ajudar os nossos clientes a atingir os seus objetivos de marketing.<\/p>\n<p>Compreendemos a import\u00e2ncia de respeitar os Termos de Utiliza\u00e7\u00e3o e <a href=\"https:\/\/www.ignitech.ma\/pt-pt\/privacy-policy\/\">Privacidade<\/a> dos nossos clientes e dos seus clientes. Aderimos a rigorosos padr\u00f5es \u00e9ticos e garantimos que todos os dados e informa\u00e7\u00f5es partilhados connosco s\u00e3o tratados com o m\u00e1ximo cuidado e confidencialidade. Priorizamos a privacidade e a seguran\u00e7a dos dados para construir confian\u00e7a e manter relacionamentos duradouros com nossos clientes.<\/p>\n<p>Respeitar os Termos de Utiliza\u00e7\u00e3o \u00e9 um aspeto fundamental das nossas opera\u00e7\u00f5es. Garantimos que todas as nossas estrat\u00e9gias, conte\u00fados e campanhas de marketing digital cumprem os termos e condi\u00e7\u00f5es estabelecidos por v\u00e1rias plataformas e canais. Ao permanecer em conformidade com essas diretrizes, mantemos uma reputa\u00e7\u00e3o positiva, defendemos a integridade das marcas de nossos clientes e garantimos uma experi\u00eancia de usu\u00e1rio perfeita para seus p\u00fablicos.<\/p>\n<p>A privacidade \u00e9 uma preocupa\u00e7\u00e3o cr\u00edtica no mundo digital de hoje, e levamos a prote\u00e7\u00e3o de dados a s\u00e9rio. Nossa equipe segue rigorosos protocolos de privacidade para proteger qualquer informa\u00e7\u00e3o sens\u00edvel compartilhada conosco. Estamos totalmente empenhados em cumprir as leis e regulamentos de prote\u00e7\u00e3o de dados aplic\u00e1veis, garantindo que os dados pessoais s\u00e3o recolhidos, processados e armazenados de forma segura. Respeitar os direitos de privacidade n\u00e3o \u00e9 apenas uma obriga\u00e7\u00e3o \u00e9tica para n\u00f3s, mas tamb\u00e9m uma forma de construir confian\u00e7a com nossos clientes e seus clientes.<\/p>\n<p>Temos orgulho em oferecer um <a href=\"https:\/\/support.ignitech.ma\/\" target=\"_blank\" rel=\"noopener\">Centro de Apoio ao Cliente<\/a> dedicado para responder a quaisquer quest\u00f5es ou preocupa\u00e7\u00f5es que os nossos clientes possam ter. Nossa equipe de suporte \u00e1gil e experiente est\u00e1 sempre pronta para ajudar e fornecer solu\u00e7\u00f5es oportunas.<\/p>\n<p>A satisfa\u00e7\u00e3o do cliente \u00e9 a nossa principal prioridade, e estabelecemos contratos claros com os clientes para delinear o \u00e2mbito dos servi\u00e7os, responsabilidades e expectativas. Esses contratos ajudam a criar uma base s\u00f3lida para a colabora\u00e7\u00e3o e garantem a transpar\u00eancia durante todo o contrato.<\/p>\n<p>Para facilitar uma comunica\u00e7\u00e3o e colabora\u00e7\u00e3o eficientes, disponibilizamos aos nossos clientes o acesso a um <a href=\"https:\/\/manager.ignitech.ma\/\" target=\"_blank\" rel=\"noopener\">Portal de Clientes e Gestores<\/a>. Este portal serve como um hub centralizado onde os clientes podem acessar convenientemente atualiza\u00e7\u00f5es do projeto, relat\u00f3rios e outras informa\u00e7\u00f5es relevantes.<\/p>\n<p>Os contratos com os clientes s\u00e3o uma componente essencial da nossa colabora\u00e7\u00e3o. Compreendemos a import\u00e2ncia de expectativas claras e compreens\u00e3o m\u00fatua entre a nossa ag\u00eancia e os nossos clientes. Nossos contratos com clientes descrevem o escopo de servi\u00e7os, entregas, cronogramas e quaisquer termos ou condi\u00e7\u00f5es espec\u00edficos para garantir transpar\u00eancia e presta\u00e7\u00e3o de contas. Estes contratos protegem os interesses de ambas as partes e fornecem uma base s\u00f3lida para uma parceria de sucesso.<\/p>\n<p>Para facilitar uma comunica\u00e7\u00e3o e colabora\u00e7\u00e3o eficazes, oferecemos aos nossos clientes acesso a um Portal de Clientes e Gestores seguro. Este portal serve como uma plataforma centralizada onde os clientes podem se comunicar convenientemente com seus gerentes de conta dedicados, acessar documentos relacionados ao projeto, revisar relat\u00f3rios de progresso e fornecer feedback. Acreditamos na promo\u00e7\u00e3o da transpar\u00eancia, efici\u00eancia e colabora\u00e7\u00e3o cont\u00ednua atrav\u00e9s de canais de comunica\u00e7\u00e3o simplificados.<\/p>\n<p>Em caso de disputas ou desacordos, temos um processo estruturado de <a href=\"https:\/\/www.ignitech.ma\/pt-pt\/refund_returns\/\">Resolu\u00e7\u00e3o de Disputas<\/a> em vigor. O nosso objetivo \u00e9 abordar e resolver quest\u00f5es de forma justa e atempada, preservando as rela\u00e7\u00f5es positivas que temos com os nossos clientes. Valorizamos a comunica\u00e7\u00e3o aberta, a escuta ativa e a busca de solu\u00e7\u00f5es mutuamente ben\u00e9ficas para garantir a satisfa\u00e7\u00e3o de todas as partes envolvidas.<\/p>\n<p>A conformidade com as leis e regulamentos de publicidade \u00e9 um princ\u00edpio fundamental da nossa ag\u00eancia. Mantemo-nos informados e atualizados sobre o cen\u00e1rio em constante evolu\u00e7\u00e3o dos regulamentos de publicidade para garantir que as nossas campanhas de marketing est\u00e3o em total conformidade com as leis e diretrizes aplic\u00e1veis. Ao aderir aos regulamentos de publicidade, mitigamos riscos, protegemos a reputa\u00e7\u00e3o de nossos clientes e garantimos que seus esfor\u00e7os de marketing produzam resultados sustent\u00e1veis e de longo prazo.<\/p>\n<p>Como uma Ag\u00eancia de Marketing Digital e de M\u00eddia Social respons\u00e1vel, estamos comprometidos em cumprir as leis e regulamentos de publicidade. Mantemo-nos atualizados com as diretrizes e pr\u00e1ticas recomendadas do setor para garantir que nossas campanhas de marketing sejam \u00e9ticas, transparentes e em conformidade.<\/p>\n<p>Por favor, note que as informa\u00e7\u00f5es fornecidas nesta p\u00e1gina s\u00e3o apenas para fins informativos e podem n\u00e3o ser precisas ou atualizadas no momento da leitura. \u00c9 aconselh\u00e1vel consultar um advogado tributarista, comercial, empresarial ou internacional para verificar a validade atual das informa\u00e7\u00f5es.<\/p>\n<p>Contacte-nos hoje para discutir as suas necessidades de marketing digital e descobrir como a IGNITECH DSMMA pode ajud\u00e1-lo a alcan\u00e7ar o sucesso online.<\/p>\n\t\t\t\t\t\t\t\t<\/div>\n\t\t\t\t<div class=\"elementor-element elementor-element-6b6c4f2 elementor-widget elementor-widget-spacer\" data-id=\"6b6c4f2\" data-element_type=\"widget\" data-widget_type=\"spacer.default\">\n\t\t\t\t\t\t\t<div class=\"elementor-spacer\">\n\t\t\t<div class=\"elementor-spacer-inner\"><\/div>\n\t\t<\/div>\n\t\t\t\t\t\t<\/div>\n\t\t\t\t\t<\/div>\n\t\t<\/div>\n\t\t\t\t\t<\/div>\n\t\t<\/section>\n\t\t\t\t<\/div>\n\t\t","protected":false},"excerpt":{"rendered":"<p>Contacte-nos hoje mesmo! Experimente o poder da assist\u00eancia personalizada A Ignitech \u00e9 uma Ag\u00eancia de Marketing de Redes Sociais. Fornecemos estrat\u00e9gias de Social Media e marketing digital para empresas em todo o mundo. Por isso, contacte-nos hoje mesmo para saber como podemos ajud\u00e1-lo. Visite-nos: 13, RUE AHMED EL MAJJATI RES. LES ALPES 1er ETAGE N\u00b0 [&hellip;]<\/p>\n","protected":false},"author":1,"featured_media":0,"parent":0,"menu_order":0,"comment_status":"closed","ping_status":"closed","template":"","meta":{"_monsterinsights_skip_tracking":false,"_monsterinsights_sitenote_active":false,"_monsterinsights_sitenote_note":"","_monsterinsights_sitenote_category":0,"footnotes":""},"class_list":["post-26895","page","type-page","status-publish","hentry"],"_links":{"self":[{"href":"https:\/\/www.ignitech.ma\/pt-pt\/wp-json\/wp\/v2\/pages\/26895","targetHints":{"allow":["GET"]}}],"collection":[{"href":"https:\/\/www.ignitech.ma\/pt-pt\/wp-json\/wp\/v2\/pages"}],"about":[{"href":"https:\/\/www.ignitech.ma\/pt-pt\/wp-json\/wp\/v2\/types\/page"}],"author":[{"embeddable":true,"href":"https:\/\/www.ignitech.ma\/pt-pt\/wp-json\/wp\/v2\/users\/1"}],"replies":[{"embeddable":true,"href":"https:\/\/www.ignitech.ma\/pt-pt\/wp-json\/wp\/v2\/comments?post=26895"}],"version-history":[{"count":0,"href":"https:\/\/www.ignitech.ma\/pt-pt\/wp-json\/wp\/v2\/pages\/26895\/revisions"}],"wp:attachment":[{"href":"https:\/\/www.ignitech.ma\/pt-pt\/wp-json\/wp\/v2\/media?parent=26895"}],"curies":[{"name":"wp","href":"https:\/\/api.w.org\/{rel}","templated":true}]}}