{"id":27013,"date":"2019-04-24T16:31:04","date_gmt":"2019-04-24T14:31:04","guid":{"rendered":"https:\/\/www.ignitech.ma\/gdpr\/"},"modified":"2023-10-05T22:57:52","modified_gmt":"2023-10-05T20:57:52","slug":"rgpd","status":"publish","type":"page","link":"https:\/\/www.ignitech.ma\/pt-pt\/rgpd\/","title":{"rendered":"RGPD"},"content":{"rendered":"\t\t<div data-elementor-type=\"wp-page\" data-elementor-id=\"27013\" class=\"elementor elementor-27013 elementor-1566\" data-elementor-post-type=\"page\">\n\t\t\t\t\t\t<section data-particle_enable=\"false\" data-particle-mobile-disabled=\"false\" class=\"elementor-section elementor-top-section elementor-element elementor-element-16ed8e4 elementor-section-boxed elementor-section-height-default elementor-section-height-default\" data-id=\"16ed8e4\" data-element_type=\"section\">\n\t\t\t\t\t\t<div class=\"elementor-container elementor-column-gap-default\">\n\t\t\t\t\t<div class=\"elementor-column elementor-col-100 elementor-top-column elementor-element elementor-element-94c71c7\" data-id=\"94c71c7\" data-element_type=\"column\">\n\t\t\t<div class=\"elementor-widget-wrap elementor-element-populated\">\n\t\t\t\t\t\t<div class=\"elementor-element elementor-element-92118bc elementor-widget elementor-widget-spacer\" data-id=\"92118bc\" data-element_type=\"widget\" data-widget_type=\"spacer.default\">\n\t\t\t\t\t\t\t<div class=\"elementor-spacer\">\n\t\t\t<div class=\"elementor-spacer-inner\"><\/div>\n\t\t<\/div>\n\t\t\t\t\t\t<\/div>\n\t\t\t\t<div class=\"elementor-element elementor-element-24cdd6d elementor-widget elementor-widget-spacer\" data-id=\"24cdd6d\" data-element_type=\"widget\" data-widget_type=\"spacer.default\">\n\t\t\t\t\t\t\t<div class=\"elementor-spacer\">\n\t\t\t<div class=\"elementor-spacer-inner\"><\/div>\n\t\t<\/div>\n\t\t\t\t\t\t<\/div>\n\t\t\t\t\t<\/div>\n\t\t<\/div>\n\t\t\t\t\t<\/div>\n\t\t<\/section>\n\t\t\t\t<section data-particle_enable=\"false\" data-particle-mobile-disabled=\"false\" class=\"elementor-section elementor-top-section elementor-element elementor-element-3769c50a elementor-section-boxed elementor-section-height-default elementor-section-height-default\" data-id=\"3769c50a\" data-element_type=\"section\">\n\t\t\t\t\t\t<div class=\"elementor-container elementor-column-gap-default\">\n\t\t\t\t\t<div class=\"elementor-column elementor-col-100 elementor-top-column elementor-element elementor-element-6958cc49\" data-id=\"6958cc49\" data-element_type=\"column\">\n\t\t\t<div class=\"elementor-widget-wrap elementor-element-populated\">\n\t\t\t\t\t\t<div class=\"elementor-element elementor-element-6e46f441 elementor-widget elementor-widget-text-editor\" data-id=\"6e46f441\" data-element_type=\"widget\" data-widget_type=\"text-editor.default\">\n\t\t\t\t\t\t\t\t\t<p>O Regulamento Geral sobre a Prote\u00e7\u00e3o de Dados da UE entrou em vigor em 25 de maio de 2018. Por uma quest\u00e3o de transpar\u00eancia, encontrar\u00e1 abaixo o roteiro que a IGNITECH seguiu para cumprir.<\/p>\n<h2><strong>Registo das opera\u00e7\u00f5es de tratamento<\/strong><\/h2>\n<p><span style=\"color: var( --e-global-color-text );\">A IGNITECH<\/span><span style=\"color: var( --e-global-color-text );\"> <\/span>reuniu l\u00edderes e stakeholders para auditar todos os dados pessoais tratados para a sua atividade.<\/p>\n<p>O resultado do trabalho \u00e9 um mapeamento de dados pessoais, com cada dado pessoal, das seguintes informa\u00e7\u00f5es:<\/p>\n<ul>\n<li>Quem? Quem \u00e9 o Controlador de Dados e o Processador de Dados?<\/li>\n<li>Onde? Onde s\u00e3o armazenados os dados?<\/li>\n<li>Porqu\u00ea? Qual \u00e9 o objetivo do processo?<\/li>\n<li>Qual a base jur\u00eddica? Qual \u00e9 a base jur\u00eddica para o tratamento?<\/li>\n<li>Quando? Quando os dados s\u00e3o armazenados?<\/li>\n<\/ul>\n<p>Na sequ\u00eancia desta reuni\u00e3o, foram conduzidas as seguintes conclus\u00f5es por dom\u00ednio, como se segue abaixo:<\/p>\n<h3><strong>Regulamento de Privacidade Eletr\u00f3nica do RGPD<\/strong><\/h3>\n<p>A IGNITECH aguardar\u00e1 a vers\u00e3o final do regulamento relativo \u00e0 privacidade e \u00e0s comunica\u00e7\u00f5es eletr\u00f3nicas (especialmente para todos os que dizem respeito a dados de navega\u00e7\u00e3o na web).<\/p>\n<h3><strong>Recolha e utiliza\u00e7\u00e3o de informa\u00e7\u00f5es de acordo com o RGPD<\/strong><\/h3>\n<p>Recolhemos v\u00e1rios tipos diferentes de informa\u00e7\u00f5es para v\u00e1rios fins para fornecer e melhorar o nosso Servi\u00e7o.<\/p>\n<h3><strong>Tipos de dados recolhidos<\/strong><\/h3>\n<p>Dados Pessoais <span style=\"font-size: 16px;\">Ao utilizar o nosso Servi\u00e7o, podemos pedir-lhe que nos forne\u00e7a determinadas <\/span><span style=\"font-size: 16px;\">informa\u00e7\u00f5es pessoais identific\u00e1veis que podem ser utilizadas para o contactar ou identificar <\/span> <span style=\"font-size: 16px;\">(&#8220;Dados Pessoais&#8221;). Informa\u00e7\u00f5es pessoalmente identific\u00e1veis podem incluir,<\/span><\/p>\n<p>mas n\u00e3o est\u00e1 limitado a:<\/p>\n<ul>\n<li>Endere\u00e7o de e-mail<\/li>\n<li>Nome pr\u00f3prio e apelido<\/li>\n<li>N\u00famero de telefone<\/li>\n<li>Endere\u00e7o, Estado, Prov\u00edncia, CEP, Cidade<\/li>\n<li>Cookies e Dados de Utiliza\u00e7\u00e3o<\/li>\n<\/ul>\n<p>Dados de Utiliza\u00e7\u00e3o  <\/p>\n<p><span style=\"font-size: 16px;\">Tamb\u00e9m podemos coletar informa\u00e7\u00f5es sobre como o Servi\u00e7o \u00e9 acessado e usado  <\/span><span style=\"font-size: 16px;\">(&#8220;Dados de Utiliza\u00e7\u00e3o&#8221;). Estes Dados de Utiliza\u00e7\u00e3o podem incluir informa\u00e7\u00f5es como o seu  <\/span><span style=\"font-size: 16px;\">Endere\u00e7o de Protocolo de Internet do computador (por exemplo, endere\u00e7o IP), tipo de <\/span> navegador, vers\u00e3o do navegador, <span style=\"font-size: 16px;\">as p\u00e1ginas do nosso Servi\u00e7o que voc\u00ea visita, a hora e data da sua visita<\/span>, <span style=\"font-size: 16px;\">o tempo gasto nessas p\u00e1ginas, identificadores exclusivos de dispositivo e outros dados de diagn\u00f3stico<\/span><span style=\"font-size: 16px;\">.<\/span><\/p>\n<p>Rastreamento de dados de cookies<\/p>\n<p>Usamos cookies e tecnologias de rastreamento semelhantes para rastrear a atividade em nosso Servi\u00e7o e manter certas informa\u00e7\u00f5es.<\/p>\n<p>Os cookies s\u00e3o ficheiros com uma pequena quantidade de dados que podem incluir um identificador \u00fanico an\u00f3nimo. Os cookies s\u00e3o enviados para o seu navegador a partir de um site e armazenados<br \/>no seu dispositivo. As tecnologias de rastreamento tamb\u00e9m usadas s\u00e3o beacons, tags e scripts para coletar e rastrear informa\u00e7\u00f5es e para melhorar e analisar nosso Servi\u00e7o.<\/p>\n<p>Pode instruir o seu navegador para recusar todos os cookies ou para indicar quando um cookie est\u00e1 a ser enviado. No entanto, se n\u00e3o aceitar cookies, poder\u00e1 n\u00e3o estar<br \/>capaz de usar algumas partes do nosso Servi\u00e7o. Pode saber mais sobre como gerir cookies no <a href=\"https:\/\/privacypolicies.com\/blog\/how-to-delete-cookies\/\" target=\"_blank\" rel=\"noopener\">Guia de Cookies do Navegador<\/a>.<\/p>\n<p>Exemplos de Cookies que utilizamos:<\/p>\n<ul>\n<li><strong>Cookies de sess\u00e3o.<\/strong>  Utilizamos Cookies de sess\u00e3o para operar o nosso Servi\u00e7o.<\/li>\n<li><strong>Cookies de prefer\u00eancia.<\/strong>  Usamos cookies de prefer\u00eancia para lembrar suas prefer\u00eancias e v\u00e1rias configura\u00e7\u00f5es.<\/li>\n<li><strong>Cookies de seguran\u00e7a.<\/strong>  Utilizamos Cookies de Seguran\u00e7a para fins de seguran\u00e7a.<\/li>\n<\/ul>\n<p><strong> <\/strong><\/p>\n<h3><strong>Utiliza\u00e7\u00e3o de dados em conformidade com o RGPD<\/strong><\/h3>\n<p><span style=\"color: var( --e-global-color-text );\">A IGNITECH<\/span><span style=\"color: var( --e-global-color-text );\"> <\/span>utiliza os dados recolhidos para diversas finalidades:<\/p>\n<ul>\n<li>Para fornecer e manter o Servi\u00e7o<\/li>\n<li>Para notific\u00e1-lo sobre altera\u00e7\u00f5es ao nosso Servi\u00e7o<\/li>\n<li>Para permitir que voc\u00ea participe de recursos interativos do nosso Servi\u00e7o quando optar por faz\u00ea-lo<\/li>\n<li>Para fornecer atendimento e suporte ao cliente<\/li>\n<li>Para fornecer an\u00e1lises ou informa\u00e7\u00f5es valiosas para que possamos melhorar o Servi\u00e7o<\/li>\n<li>Para monitorizar a utiliza\u00e7\u00e3o do Servi\u00e7o<\/li>\n<li>Para detetar, prevenir e resolver problemas t\u00e9cnicos<\/li>\n<\/ul>\n<p><strong> <\/strong><\/p>\n<h3><strong>Transfer\u00eancia de dados<\/strong><\/h3>\n<p>As suas informa\u00e7\u00f5es, incluindo Dados Pessoais, podem ser transferidas e mantidas em computadores localizados fora do seu estado, prov\u00edncia, pa\u00eds ou<br \/>outra jurisdi\u00e7\u00e3o governamental onde as leis de prote\u00e7\u00e3o de dados podem diferir das da sua jurisdi\u00e7\u00e3o.<\/p>\n<p>Se estiver localizado fora de Marrocos e optar por nos fornecer informa\u00e7\u00f5es, tenha em aten\u00e7\u00e3o que transferimos os dados, incluindo Dados Pessoais, para Marrocos e<br \/>process\u00e1-lo l\u00e1.  <\/p>\n<p><span style=\"font-size: 16px;\">O seu consentimento a esta Pol\u00edtica de Privacidade seguido do envio de tais <\/span><span style=\"font-size: 16px;\">informa\u00e7\u00f5es representa a sua concord\u00e2ncia com essa transfer\u00eancia.<\/span><\/p>\n<p><span style=\"color: var( --e-global-color-text );\">IGNITECH<\/span><span style=\"color: var( --e-global-color-text );\"> <\/span>tomar\u00e1 todas as medidas razoavelmente necess\u00e1rias para garantir que os seus dados sejam tratados de forma segura e de acordo com esta Pol\u00edtica de Privacidade e sem transfer\u00eancia<br \/>dos seus Dados Pessoais ter\u00e1 lugar numa organiza\u00e7\u00e3o ou num pa\u00eds, a menos que existam controlos adequados em vigor, incluindo a seguran\u00e7a dos seus dados e<br \/>outras informa\u00e7\u00f5es pessoais.<\/p>\n<h3><strong>Divulga\u00e7\u00e3o de Dados<\/strong><\/h3>\n<h3><strong>Requisitos legais<\/strong><\/h3>\n<p><span style=\"color: var( --e-global-color-text );\">A IGNITECH<\/span><span style=\"color: var( --e-global-color-text );\"> <\/span>poder\u00e1 divulgar os seus Dados Pessoais na convic\u00e7\u00e3o de boa-f\u00e9 de que tal a\u00e7\u00e3o \u00e9 necess\u00e1ria para:<\/p>\n<ul>\n<li>Para cumprir uma obriga\u00e7\u00e3o legal<\/li>\n<li>Para proteger e defender os direitos ou propriedade da IGNITECH  <\/li>\n<li>Para prevenir ou investigar poss\u00edveis irregularidades relacionadas com o Servi\u00e7o<\/li>\n<li>Para proteger a seguran\u00e7a pessoal dos utilizadores do Servi\u00e7o ou do p\u00fablico<\/li>\n<li>Para proteger contra responsabilidade legal<\/li>\n<\/ul>\n<p><strong> <\/strong><\/p>\n<h3><strong>Seguran\u00e7a de Dados<\/strong><\/h3>\n<p>A seguran\u00e7a dos seus dados \u00e9 importante para n\u00f3s e estamos comprometidos com a conformidade com o RGPD. No entanto, \u00e9 essencial lembrar que nenhum m\u00e9todo de transmiss\u00e3o pela Internet ou armazenamento eletr\u00f4nico \u00e9 100% seguro. Embora nos esforcemos diligentemente para utilizar meios comercialmente aceit\u00e1veis para proteger os seus Dados Pessoais de acordo com os regulamentos do RGPD, n\u00e3o podemos garantir a sua seguran\u00e7a absoluta.<\/p>\n<h3><strong>Prestadores de Servi\u00e7os<\/strong><\/h3>\n<p>Podemos contratar empresas e indiv\u00edduos terceirizados, conhecidos como Provedores de Servi\u00e7os, para dar suporte e aprimorar nosso Servi\u00e7o. Estes Prestadores de Servi\u00e7os ajudam-nos a prestar o Servi\u00e7o, a realizar tarefas relacionadas com o servi\u00e7o e a analisar a utiliza\u00e7\u00e3o do nosso Servi\u00e7o. Tenha a certeza de que estes terceiros t\u00eam acesso aos seus Dados Pessoais apenas com a finalidade de cumprir estas tarefas em nosso nome, e s\u00e3o obrigados a manter a confidencialidade e a n\u00e3o divulg\u00e1-los ou utiliz\u00e1-los para qualquer outra finalidade, em conformidade com os regulamentos do RGPD.<\/p>\n<h3><strong>An\u00e1lise<\/strong><\/h3>\n<p>Podemos usar Prestadores de Servi\u00e7os terceirizados para monitorar e analisar o uso do nosso Servi\u00e7o.<\/p>\n<ul>\n<li><strong>Google Analytics<\/strong><\/li>\n<\/ul>\n<p>O Google Analytics \u00e9 um servi\u00e7o de an\u00e1lise da web. Leia a Pol\u00edtica de Privacidade da Clicky aqui: <a href=\"https:\/\/www.google.com\/analytics\/terms\/us.html\" target=\"_blank\" rel=\"noopener\">https:\/\/www.google.com\/analytics\/terms\/us.html<\/a><\/p>\n<h3><strong>Sensibiliza\u00e7\u00e3o e forma\u00e7\u00e3o<\/strong><\/h3>\n<p>A IGNITECH est\u00e1 a desenvolver ativamente cursos de forma\u00e7\u00e3o atrav\u00e9s da sua ferramenta interna dedicada para aumentar o conhecimento e a consciencializa\u00e7\u00e3o da sua equipa relativamente ao RGPD. Estes cursos de forma\u00e7\u00e3o ser\u00e3o continuamente expandidos ao longo do tempo e tamb\u00e9m poder\u00e3o ser disponibilizados no nosso canal do YouTube para uso p\u00fablico. Priorizamos a manuten\u00e7\u00e3o da conformidade com o GDPR durante o desenvolvimento e divulga\u00e7\u00e3o desses recursos educacionais.<\/p>\n<p>Al\u00e9m disso, revisamos alguns procedimentos internos para garantir que todos os dados pessoais sejam processados com a confidencialidade necess\u00e1ria.<\/p>\n<p>Por \u00faltimo, procedemos \u00e0 revis\u00e3o do nosso regulamento interno.<\/p>\n<h3><strong>Rela\u00e7\u00f5es com os parceiros<\/strong><\/h3>\n<p><span style=\"color: var( --e-global-color-text );\">A IGNITECH<\/span><span style=\"color: var( --e-global-color-text );\"> <\/span>atualizou os Termos e Condi\u00e7\u00f5es dos seus Editores e Anunciantes \u00e0 luz do RGPD.<\/p>\n<p><span style=\"color: var( --e-global-color-text );\">A IGNITECH<\/span><span style=\"color: var( --e-global-color-text );\"> <\/span>concebeu uma Adenda de Prote\u00e7\u00e3o de Dados (DPA) para os nossos anunciantes, em particular, para chamar a sua aten\u00e7\u00e3o para o seu papel de Controlador de Dados.<\/p>\n<p><span style=\"color: var( --e-global-color-text );\">IGNITECH<\/span><span style=\"color: var( --e-global-color-text );\"> <\/span>tamb\u00e9m disponibilizou publicamente aos seus parceiros os seguintes documentos: Registo das opera\u00e7\u00f5es de processamento, Invent\u00e1rio de Cookies, Pol\u00edtica de Seguran\u00e7a,<br \/>Pol\u00edtica de Privacidade, Termos de Email Marketing &amp; Condi\u00e7\u00f5es, etc.<\/p>\n<p>A IGNITECH nomeou um DPO, pode contact\u00e1-lo em: <a href=\"mailto:GDPR@Ignitech.com\">GDPR@Ignitech.com<\/a><\/p>\n<h3><strong>Links para outros sites<\/strong><\/h3>\n<p>Nosso Servi\u00e7o pode conter links para outros sites que n\u00e3o operamos. Se clicar numa liga\u00e7\u00e3o de terceiros, ser\u00e1 direcionado para<br \/>do s\u00edtio. Aconselhamo-lo vivamente a rever a Pol\u00edtica de Privacidade de cada site que visita.<\/p>\n<p>N\u00e3o temos controlo nem assumimos qualquer responsabilidade pelo conte\u00fado, pol\u00edticas de privacidade ou pr\u00e1ticas de quaisquer sites ou servi\u00e7os de terceiros.<\/p>\n<h3><strong>Documenta\u00e7\u00e3o do RGPD  <\/strong><\/h3>\n<ul>\n<li>Pol\u00edtica de Seguran\u00e7a: &gt;&gt; <a href=\"https:\/\/www.ignitech.ma\/wp-content\/uploads\/storage\/IGNITECH-Security-Policy-GDPR.pdf\" target=\"_blank\" rel=\"noreferrer noopener\" aria-label=\"Download it here (s\u2019ouvre dans un nouvel onglet)\">Fa\u00e7a o download aqui<\/a><\/li>\n<li>Invent\u00e1rio de cookies IGNITECH: &gt;&gt; <a href=\"https:\/\/www.ignitech.ma\/wp-content\/uploads\/storage\/IGNITECH-Cookie-Inventory.pdf\">Fa\u00e7a o download aqui<\/a><\/li>\n<\/ul>\n<p><strong> <\/strong><\/p>\n<h3><strong>Contacte-nos<\/strong><\/h3>\n<p>Se voc\u00ea tiver alguma d\u00favida sobre esta Pol\u00edtica de Privacidade, <a href=\"https:\/\/www.ignitech.ma\/contact-us\/contact-us\/\">entre em contato conosco<\/a>.<\/p>\n\t\t\t\t\t\t\t\t<\/div>\n\t\t\t\t<div class=\"elementor-element elementor-element-360ad67 elementor-widget elementor-widget-image\" data-id=\"360ad67\" data-element_type=\"widget\" data-widget_type=\"image.default\">\n\t\t\t\t\t\t\t\t\t\t\t\t\t\t\t<img fetchpriority=\"high\" decoding=\"async\" width=\"768\" height=\"512\" src=\"https:\/\/cdn.ignitech.ma\/wp-content\/uploads\/2023\/05\/GDPR-IGNITECH-DSMMA-1-768x512.jpg\" class=\"attachment-medium_large size-medium_large wp-image-27014\" alt=\"\" srcset=\"https:\/\/cdn.ignitech.ma\/wp-content\/uploads\/2023\/05\/GDPR-IGNITECH-DSMMA-1-768x512.jpg 768w, https:\/\/cdn.ignitech.ma\/wp-content\/uploads\/2023\/05\/GDPR-IGNITECH-DSMMA-1-300x200.jpg 300w, https:\/\/cdn.ignitech.ma\/wp-content\/uploads\/2023\/05\/GDPR-IGNITECH-DSMMA-1-1024x683.jpg 1024w, https:\/\/cdn.ignitech.ma\/wp-content\/uploads\/2023\/05\/GDPR-IGNITECH-DSMMA-1-1536x1024.jpg 1536w, https:\/\/cdn.ignitech.ma\/wp-content\/uploads\/2023\/05\/GDPR-IGNITECH-DSMMA-1-2048x1365.jpg 2048w, https:\/\/cdn.ignitech.ma\/wp-content\/uploads\/2023\/05\/GDPR-IGNITECH-DSMMA-1-600x400.jpg 600w\" sizes=\"(max-width: 768px) 100vw, 768px\" title=\"\">\t\t\t\t\t\t\t\t\t\t\t\t\t\t\t<\/div>\n\t\t\t\t<div class=\"elementor-element elementor-element-8e37f32 elementor-widget elementor-widget-spacer\" data-id=\"8e37f32\" data-element_type=\"widget\" data-widget_type=\"spacer.default\">\n\t\t\t\t\t\t\t<div class=\"elementor-spacer\">\n\t\t\t<div class=\"elementor-spacer-inner\"><\/div>\n\t\t<\/div>\n\t\t\t\t\t\t<\/div>\n\t\t\t\t\t<\/div>\n\t\t<\/div>\n\t\t\t\t\t<\/div>\n\t\t<\/section>\n\t\t\t\t<\/div>\n\t\t","protected":false},"excerpt":{"rendered":"<p>O Regulamento Geral sobre a Prote\u00e7\u00e3o de Dados da UE entrou em vigor em 25 de maio de 2018. Por uma quest\u00e3o de transpar\u00eancia, encontrar\u00e1 abaixo o roteiro que a IGNITECH seguiu para cumprir. Registo das opera\u00e7\u00f5es de tratamento A IGNITECH reuniu l\u00edderes e stakeholders para auditar todos os dados pessoais tratados para a sua [&hellip;]<\/p>\n","protected":false},"author":1,"featured_media":0,"parent":0,"menu_order":0,"comment_status":"closed","ping_status":"closed","template":"","meta":{"_monsterinsights_skip_tracking":false,"_monsterinsights_sitenote_active":false,"_monsterinsights_sitenote_note":"","_monsterinsights_sitenote_category":0,"footnotes":""},"class_list":["post-27013","page","type-page","status-publish","hentry"],"_links":{"self":[{"href":"https:\/\/www.ignitech.ma\/pt-pt\/wp-json\/wp\/v2\/pages\/27013","targetHints":{"allow":["GET"]}}],"collection":[{"href":"https:\/\/www.ignitech.ma\/pt-pt\/wp-json\/wp\/v2\/pages"}],"about":[{"href":"https:\/\/www.ignitech.ma\/pt-pt\/wp-json\/wp\/v2\/types\/page"}],"author":[{"embeddable":true,"href":"https:\/\/www.ignitech.ma\/pt-pt\/wp-json\/wp\/v2\/users\/1"}],"replies":[{"embeddable":true,"href":"https:\/\/www.ignitech.ma\/pt-pt\/wp-json\/wp\/v2\/comments?post=27013"}],"version-history":[{"count":0,"href":"https:\/\/www.ignitech.ma\/pt-pt\/wp-json\/wp\/v2\/pages\/27013\/revisions"}],"wp:attachment":[{"href":"https:\/\/www.ignitech.ma\/pt-pt\/wp-json\/wp\/v2\/media?parent=27013"}],"curies":[{"name":"wp","href":"https:\/\/api.w.org\/{rel}","templated":true}]}}