{"id":27019,"date":"2019-04-22T13:35:02","date_gmt":"2019-04-22T11:35:02","guid":{"rendered":"https:\/\/www.ignitech.ma\/privacy-policy\/"},"modified":"2023-10-05T22:57:59","modified_gmt":"2023-10-05T20:57:59","slug":"politica-de-privacidade","status":"publish","type":"page","link":"https:\/\/www.ignitech.ma\/pt-pt\/politica-de-privacidade\/","title":{"rendered":"Pol\u00edtica de privacidade"},"content":{"rendered":"<p>\u00daltima Atualiza\u00e7\u00e3o: 22 de abril de 2019<\/p>\n<p>A Ignitech (&#8220;n\u00f3s&#8221;, &#8220;n\u00f3s&#8221; ou &#8220;nosso&#8221;) opera o site https:\/\/www.ignitech.ma (o &#8220;Servi\u00e7o&#8221;).<\/p>\n<p>Esta p\u00e1gina informa-o sobre as nossas pol\u00edticas relativas \u00e0 recolha, utiliza\u00e7\u00e3o e divulga\u00e7\u00e3o de Informa\u00e7\u00f5es Pessoais quando utiliza o nosso Servi\u00e7o.<\/p>\n<p>N\u00e3o usaremos ou compartilharemos suas informa\u00e7\u00f5es com ningu\u00e9m, exceto conforme descrito nesta Pol\u00edtica de Privacidade.<\/p>\n<p>Utilizamos os seus Dados Pessoais para fornecer e melhorar o Servi\u00e7o. Ao usar o Servi\u00e7o, voc\u00ea concorda com a coleta e uso de informa\u00e7\u00f5es de acordo com esta pol\u00edtica. A menos que definido de outra forma nesta Pol\u00edtica de Privacidade, os termos usados nesta Pol\u00edtica de Privacidade t\u00eam os mesmos significados que em nossos Termos e Condi\u00e7\u00f5es, acess\u00edveis em https:\/\/www.ignitech.ma.<\/p>\n<h2><strong>Pol\u00edtica de Privacidade &#8211; Recolha e Utiliza\u00e7\u00e3o de Informa\u00e7\u00e3o<\/strong><\/h2>\n<p>Ao utilizar o nosso Servi\u00e7o, podemos pedir-lhe que nos forne\u00e7a determinadas informa\u00e7\u00f5es pessoais identific\u00e1veis que podem ser utilizadas para o contactar ou identificar. Informa\u00e7\u00f5es de identifica\u00e7\u00e3o pessoal podem incluir, mas n\u00e3o est\u00e3o limitadas a, seu endere\u00e7o de e-mail, nome, n\u00famero de telefone e outras informa\u00e7\u00f5es (&#8220;Informa\u00e7\u00f5es Pessoais&#8221;).<\/p>\n<p>Recolhemos estas informa\u00e7\u00f5es com a finalidade de fornecer o Servi\u00e7o, identificar e comunicar consigo, responder aos seus pedidos\/perguntas, servir as suas ordens de compra e melhorar os nossos servi\u00e7os.<\/p>\n<h2><strong>Pol\u00edtica de Privacidade &#8211; Dados de Registo<\/strong><\/h2>\n<p>Tamb\u00e9m podemos recolher informa\u00e7\u00f5es que o seu navegador envia sempre que visita o nosso Servi\u00e7o (&#8220;Dados de Registo&#8221;). Estes Dados de Registo podem incluir informa\u00e7\u00f5es como o endere\u00e7o de Protocolo de Internet (&#8220;IP&#8221;) do seu computador, tipo de navegador, vers\u00e3o do navegador, as p\u00e1ginas do nosso Servi\u00e7o que visita, a hora e data da sua visita, o tempo gasto nessas p\u00e1ginas e outras estat\u00edsticas.<\/p>\n<p>Al\u00e9m disso, podemos usar servi\u00e7os de terceiros, como o Google Analytics, que coletam, monitoram e analisam esse tipo de informa\u00e7\u00e3o para aumentar a funcionalidade do nosso Servi\u00e7o. Esses provedores de servi\u00e7os terceirizados t\u00eam suas pr\u00f3prias pol\u00edticas de privacidade que abordam como eles usam essas informa\u00e7\u00f5es.<\/p>\n<h2><strong>Pol\u00edtica de Privacidade &#8211; Cookies<\/strong><\/h2>\n<p>Os cookies s\u00e3o ficheiros com uma pequena quantidade de dados, que podem incluir um identificador \u00fanico an\u00f3nimo. Os cookies s\u00e3o enviados para o seu navegador a partir de um site e transferidos para o seu dispositivo. Usamos cookies para coletar informa\u00e7\u00f5es a fim de melhorar nossos servi\u00e7os para voc\u00ea.<\/p>\n<p>Pode instruir o seu navegador para recusar todos os cookies ou para indicar quando um cookie est\u00e1 a ser enviado. O recurso Ajuda na maioria dos navegadores fornece informa\u00e7\u00f5es sobre como aceitar cookies, desativar cookies ou notific\u00e1-lo ao receber um novo cookie.<\/p>\n<p>Se n\u00e3o aceitar cookies, poder\u00e1 n\u00e3o conseguir utilizar algumas funcionalidades do nosso Servi\u00e7o e recomendamos que as deixe ativadas.<\/p>\n<h2><strong>Pol\u00edtica de Privacidade &#8211; Prestadores de Servi\u00e7os<\/strong><\/h2>\n<p>Podemos empregar empresas e indiv\u00edduos terceirizados para facilitar nosso Servi\u00e7o, fornecer o Servi\u00e7o em nosso nome, executar servi\u00e7os relacionados ao Servi\u00e7o e\/ou nos ajudar a analisar como nosso Servi\u00e7o \u00e9 usado, como <a href=\"https:\/\/analytics.google.com\/\" target=\"_blank\" rel=\"noopener\">o Google Analytics<\/a> e o <a href=\"https:\/\/developers.facebook.com\/docs\/meta-pixel\/\" target=\"_blank\" rel=\"noopener\">Pixel do Facebook<\/a>.<\/p>\n<p>Esses terceiros t\u00eam acesso \u00e0s suas Informa\u00e7\u00f5es Pessoais apenas para executar tarefas espec\u00edficas em nosso nome e s\u00e3o obrigados a n\u00e3o divulgar ou usar suas informa\u00e7\u00f5es para qualquer outra finalidade.<\/p>\n<h2><strong>Pol\u00edtica de Privacidade &#8211; Comunica\u00e7\u00f5es<\/strong><\/h2>\n<p>Podemos usar suas Informa\u00e7\u00f5es Pessoais para contat\u00e1-lo com boletins informativos e outras informa\u00e7\u00f5es que possam ser de seu interesse. Voc\u00ea pode optar por n\u00e3o receber qualquer uma ou todas essas comunica\u00e7\u00f5es de n\u00f3s seguindo o link de cancelamento de inscri\u00e7\u00e3o ou as instru\u00e7\u00f5es fornecidas em qualquer e-mail que enviarmos.<\/p>\n<h2><strong>Pol\u00edtica de Privacidade &#8211; Conformidade com as Leis<\/strong><\/h2>\n<p>Divulgaremos suas Informa\u00e7\u00f5es Pessoais quando exigido por lei ou intima\u00e7\u00e3o ou se acreditarmos que tal a\u00e7\u00e3o \u00e9 necess\u00e1ria para cumprir a lei e as solicita\u00e7\u00f5es razo\u00e1veis da aplica\u00e7\u00e3o da lei ou para proteger a seguran\u00e7a ou integridade do nosso Servi\u00e7o.<\/p>\n<h2><strong>Pol\u00edtica de Privacidade &#8211; Seguran\u00e7a<\/strong><\/h2>\n<p>A seguran\u00e7a de suas Informa\u00e7\u00f5es Pessoais \u00e9 importante para n\u00f3s, e nos esfor\u00e7amos para implementar e manter procedimentos e pr\u00e1ticas de seguran\u00e7a razo\u00e1veis e comercialmente aceit\u00e1veis adequados \u00e0 natureza das informa\u00e7\u00f5es que armazenamos, a fim de proteg\u00ea-las de acesso, destrui\u00e7\u00e3o, uso, modifica\u00e7\u00e3o ou divulga\u00e7\u00e3o n\u00e3o autorizados.<\/p>\n<p>No entanto, esteja ciente de que nenhum m\u00e9todo de transmiss\u00e3o pela Internet, ou m\u00e9todo de armazenamento eletr\u00f4nico \u00e9 100% seguro e n\u00e3o podemos garantir a seguran\u00e7a absoluta das Informa\u00e7\u00f5es Pessoais que coletamos de voc\u00ea.<\/p>\n<h2><strong>Pol\u00edtica de Privacidade &#8211; Links para outros sites<\/strong><\/h2>\n<p>Nosso Servi\u00e7o pode conter links para outros sites que n\u00e3o s\u00e3o operados por n\u00f3s. Se clicar num link de terceiros, ser\u00e1 direcionado para o site desse terceiro. Aconselhamo-lo vivamente a rever a Pol\u00edtica de Privacidade de cada site que visita.<\/p>\n<p>N\u00e3o temos controlo nem assumimos qualquer responsabilidade pelo conte\u00fado, pol\u00edticas de privacidade ou pr\u00e1ticas de quaisquer sites ou servi\u00e7os de terceiros.<\/p>\n<h2><strong>Altera\u00e7\u00f5es a esta Pol\u00edtica de Privacidade<\/strong><\/h2>\n<p>Esta Pol\u00edtica de Privacidade entra em vigor a partir da data acima e permanecer\u00e1 em vigor, exceto no que diz respeito a quaisquer altera\u00e7\u00f5es em suas disposi\u00e7\u00f5es no futuro, que entrar\u00e3o em vigor imediatamente ap\u00f3s serem publicadas nesta p\u00e1gina.<\/p>\n<p>Reservamo-nos o direito de atualizar ou alterar a nossa Pol\u00edtica de Privacidade a qualquer momento e deve verificar esta Pol\u00edtica de Privacidade periodicamente. O seu uso continuado do Servi\u00e7o depois de publicarmos quaisquer modifica\u00e7\u00f5es \u00e0 Pol\u00edtica de Privacidade nesta p\u00e1gina constituir\u00e1 o seu reconhecimento das modifica\u00e7\u00f5es e o seu consentimento para cumprir e estar vinculado \u00e0 Pol\u00edtica de Privacidade modificada.<\/p>\n<p>Se fizermos quaisquer altera\u00e7\u00f5es materiais a esta Pol\u00edtica de Privacidade, iremos notific\u00e1-lo atrav\u00e9s do endere\u00e7o de e-mail que nos forneceu ou colocando um aviso proeminente no nosso site.<\/p>\n<h2><strong>Contacte-nos<\/strong><\/h2>\n<p>Se voc\u00ea tiver alguma d\u00favida sobre esta Pol\u00edtica de Privacidade, visite nosso <a href=\"https:\/\/www.ignitech.ma\/pt-pt\/perguntas-frequentes\/\">FAQ<\/a> ou <strong><br \/>\n  <a href=\"https:\/\/www.ignitech.ma\/pt-pt\/contact-us\/contact-us\/\">entre em contato conosco<\/a><br \/>\n<\/strong><a href=\"https:\/\/www.ignitech.ma\/pt-pt\/contact-us\/contact-us\/\">.<\/a><\/p>\n<p>\t\t\t\t\t\t\t\t\t\t\t\t\t\t\t<img loading=\"lazy\" decoding=\"async\" width=\"300\" height=\"291\" src=\"https:\/\/www.ignitech.ma\/wp-content\/uploads\/2023\/05\/Privacy-policy-IGNITECH-DSMMA-300x291.png\" alt=\"Privacy Policy - IGNITECH DSMMA\" loading=\"lazy\" srcset=\"https:\/\/www.ignitech.ma\/wp-content\/uploads\/2023\/05\/Privacy-policy-IGNITECH-DSMMA-300x291.png 300w, https:\/\/www.ignitech.ma\/wp-content\/uploads\/2023\/05\/Privacy-policy-IGNITECH-DSMMA-768x746.png 768w, https:\/\/www.ignitech.ma\/wp-content\/uploads\/2023\/05\/Privacy-policy-IGNITECH-DSMMA-600x583.png 600w, https:\/\/www.ignitech.ma\/wp-content\/uploads\/2023\/05\/Privacy-policy-IGNITECH-DSMMA.png 806w\" sizes=\"auto, (max-width: 300px) 100vw, 300px\" title=\"\"><\/p>\n","protected":false},"excerpt":{"rendered":"<p>\u00daltima Atualiza\u00e7\u00e3o: 22 de abril de 2019 A Ignitech (&#8220;n\u00f3s&#8221;, &#8220;n\u00f3s&#8221; ou &#8220;nosso&#8221;) opera o site https:\/\/www.ignitech.ma (o &#8220;Servi\u00e7o&#8221;). Esta p\u00e1gina informa-o sobre as nossas pol\u00edticas relativas \u00e0 recolha, utiliza\u00e7\u00e3o e divulga\u00e7\u00e3o de Informa\u00e7\u00f5es Pessoais quando utiliza o nosso Servi\u00e7o. N\u00e3o usaremos ou compartilharemos suas informa\u00e7\u00f5es com ningu\u00e9m, exceto conforme descrito nesta Pol\u00edtica de Privacidade. [&hellip;]<\/p>\n","protected":false},"author":1,"featured_media":0,"parent":0,"menu_order":0,"comment_status":"closed","ping_status":"closed","template":"","meta":{"_monsterinsights_skip_tracking":false,"_monsterinsights_sitenote_active":false,"_monsterinsights_sitenote_note":"","_monsterinsights_sitenote_category":0,"footnotes":""},"class_list":["post-27019","page","type-page","status-publish","hentry"],"_links":{"self":[{"href":"https:\/\/www.ignitech.ma\/pt-pt\/wp-json\/wp\/v2\/pages\/27019","targetHints":{"allow":["GET"]}}],"collection":[{"href":"https:\/\/www.ignitech.ma\/pt-pt\/wp-json\/wp\/v2\/pages"}],"about":[{"href":"https:\/\/www.ignitech.ma\/pt-pt\/wp-json\/wp\/v2\/types\/page"}],"author":[{"embeddable":true,"href":"https:\/\/www.ignitech.ma\/pt-pt\/wp-json\/wp\/v2\/users\/1"}],"replies":[{"embeddable":true,"href":"https:\/\/www.ignitech.ma\/pt-pt\/wp-json\/wp\/v2\/comments?post=27019"}],"version-history":[{"count":0,"href":"https:\/\/www.ignitech.ma\/pt-pt\/wp-json\/wp\/v2\/pages\/27019\/revisions"}],"wp:attachment":[{"href":"https:\/\/www.ignitech.ma\/pt-pt\/wp-json\/wp\/v2\/media?parent=27019"}],"curies":[{"name":"wp","href":"https:\/\/api.w.org\/{rel}","templated":true}]}}