{"id":27088,"date":"2019-04-22T14:05:33","date_gmt":"2019-04-22T12:05:33","guid":{"rendered":"https:\/\/www.ignitech.ma\/terms-of-use-conditions\/"},"modified":"2023-10-05T22:59:23","modified_gmt":"2023-10-05T20:59:23","slug":"termos-de-condicoes-de-utilizacao","status":"publish","type":"page","link":"https:\/\/www.ignitech.ma\/pt-pt\/termos-de-condicoes-de-utilizacao\/","title":{"rendered":"Termos de Utiliza\u00e7\u00e3o"},"content":{"rendered":"\t\t<div data-elementor-type=\"wp-page\" data-elementor-id=\"27088\" class=\"elementor elementor-27088 elementor-1530\" data-elementor-post-type=\"page\">\n\t\t\t\t\t\t<section data-particle_enable=\"false\" data-particle-mobile-disabled=\"false\" class=\"elementor-section elementor-top-section elementor-element elementor-element-28dd6d8c elementor-section-boxed elementor-section-height-default elementor-section-height-default\" data-id=\"28dd6d8c\" data-element_type=\"section\">\n\t\t\t\t\t\t<div class=\"elementor-container elementor-column-gap-default\">\n\t\t\t\t\t<div class=\"elementor-column elementor-col-100 elementor-top-column elementor-element elementor-element-3599643d\" data-id=\"3599643d\" data-element_type=\"column\">\n\t\t\t<div class=\"elementor-widget-wrap elementor-element-populated\">\n\t\t\t\t\t\t<div class=\"elementor-element elementor-element-de418c2 elementor-widget elementor-widget-spacer\" data-id=\"de418c2\" data-element_type=\"widget\" data-widget_type=\"spacer.default\">\n\t\t\t\t\t\t\t<div class=\"elementor-spacer\">\n\t\t\t<div class=\"elementor-spacer-inner\"><\/div>\n\t\t<\/div>\n\t\t\t\t\t\t<\/div>\n\t\t\t\t<div class=\"elementor-element elementor-element-f36e6e6 elementor-widget elementor-widget-spacer\" data-id=\"f36e6e6\" data-element_type=\"widget\" data-widget_type=\"spacer.default\">\n\t\t\t\t\t\t\t<div class=\"elementor-spacer\">\n\t\t\t<div class=\"elementor-spacer-inner\"><\/div>\n\t\t<\/div>\n\t\t\t\t\t\t<\/div>\n\t\t\t\t<div class=\"elementor-element elementor-element-1ae7c39d elementor-widget elementor-widget-text-editor\" data-id=\"1ae7c39d\" data-element_type=\"widget\" data-widget_type=\"text-editor.default\">\n\t\t\t\t\t\t\t\t\t<p>Estes termos e condi\u00e7\u00f5es descrevem as regras e regulamentos para a utiliza\u00e7\u00e3o do Website da ignitech.<br \/>IGNITECH est\u00e1 localizado em: 13, RUE AHMED EL MAJJATI RES. LES ALPES 1\u00e9r ETAGE N\u00b08 QUARTIER MAARIF Casablanca 20370 &#8211; Casablanca , Marrocos.<\/p>\n<p>Ao aceder ao site da IGNITECH, considera-se que aceitou estes termos e condi\u00e7\u00f5es na \u00edntegra. Se voc\u00ea n\u00e3o concorda com todos os termos e condi\u00e7\u00f5es declarados nesta p\u00e1gina, por favor, abstenha-se de usar nosso site.<\/p>\n<p>A terminologia a seguir se aplica a estes Termos de Uso e Condi\u00e7\u00f5es, Declara\u00e7\u00e3o de Privacidade, Aviso de Isen\u00e7\u00e3o de Responsabilidade e quaisquer Acordos: &#8220;Cliente&#8221;, &#8220;Voc\u00ea&#8221; e &#8220;Seu&#8221; referem-se a voc\u00ea, o indiv\u00edduo que acessa este site e aceita os termos e condi\u00e7\u00f5es. &#8220;A Empresa&#8221;, &#8220;N\u00f3s mesmos&#8221;, &#8220;N\u00f3s&#8221;, &#8220;Nosso&#8221; e &#8220;N\u00f3s&#8221; referem-se \u00e0 nossa Empresa. &#8220;Parte&#8221;, &#8220;Partes&#8221; ou &#8220;N\u00f3s&#8221; referem-se tanto ao Cliente como a n\u00f3s mesmos, ou ao Cliente ou a n\u00f3s mesmos.<\/p>\n<p>Todos os termos referem-se \u00e0 oferta, aceita\u00e7\u00e3o e considera\u00e7\u00e3o do pagamento necess\u00e1rio para realizar o processo de presta\u00e7\u00e3o de assist\u00eancia ao Cliente da forma mais adequada, seja atrav\u00e9s de reuni\u00f5es formais ou qualquer outro meio, com o prop\u00f3sito expresso de atender \u00e0s necessidades do Cliente em rela\u00e7\u00e3o aos nossos servi\u00e7os e produtos, de acordo com as leis vigentes.<\/p>\n<p>Empregamos o uso de cookies. Ao utilizar o website da IGNITECH, reconhece e consente a utiliza\u00e7\u00e3o de cookies de acordo com os Termos de Utiliza\u00e7\u00e3o e Pol\u00edtica de Privacidade da IGNITECH. A maioria dos sites interativos modernos utiliza cookies para recuperar detalhes do usu\u00e1rio para cada visita. Os cookies s\u00e3o utilizados em \u00e1reas espec\u00edficas do nosso site para permitir a funcionalidade e melhorar a experi\u00eancia do utilizador. Alguns dos nossos afiliados e parceiros publicit\u00e1rios tamb\u00e9m podem utilizar cookies.<\/p>\n<p>Salvo indica\u00e7\u00e3o em contr\u00e1rio, a IGNITECH e\/ou os seus licenciantes det\u00eam os direitos de propriedade intelectual de todo o material da IGNITECH. Todos os direitos de propriedade intelectual s\u00e3o reservados. Voc\u00ea pode visualizar e\/ou imprimir p\u00e1ginas do nosso site (<a href=\"https:\/\/www.ignitech.ma\/\" target=\"_new\">https:\/\/www.ignitech.ma<\/a>) para uso pessoal, sujeito \u00e0s restri\u00e7\u00f5es estabelecidas nestes termos e condi\u00e7\u00f5es. Voc\u00ea n\u00e3o deve republicar, vender, alugar, sublicenciar, reproduzir, duplicar ou copiar material do nosso site. A redistribui\u00e7\u00e3o de conte\u00fado da IGNITECH \u00e9 proibida, a menos que o conte\u00fado espec\u00edfico se destine \u00e0 redistribui\u00e7\u00e3o.<\/p>\n<h3><strong>Diretrizes e Termos de Uso para Coment\u00e1rios do Usu\u00e1rio<\/strong><\/h3>\n<p>O presente Acordo tem in\u00edcio na data do presente Acordo.<\/p>\n<p><span style=\"color: var( --e-global-color-text );\">Algumas partes deste s\u00edtio Web oferecem aos utilizadores a oportunidade de publicar e trocar opini\u00f5es, informa\u00e7\u00f5es, material e <\/span>dados (\u00abComent\u00e1rios\u00bb) em \u00e1reas do s\u00edtio Web. A IGNITECH n\u00e3o seleciona, edita, publica<br \/>ou rever os Coment\u00e1rios antes da sua apari\u00e7\u00e3o no website e os Coment\u00e1rios n\u00e3o refletem os pontos de vista ou opini\u00f5es da IGNITECH, dos seus agentes ou afiliados. Os coment\u00e1rios refletem a vis\u00e3o e a opini\u00e3o da pessoa que publica tal vis\u00e3o ou opini\u00e3o. Na medida do permitido pela legisla\u00e7\u00e3o aplic\u00e1vel, a IGNITECH n\u00e3o ser\u00e1 respons\u00e1vel pelos Coment\u00e1rios ou por qualquer perda, custo, responsabilidade, danos ou despesas causados e\/ou sofridos como resultado de qualquer utiliza\u00e7\u00e3o e\/ou publica\u00e7\u00e3o e\/ou aparecimento dos Coment\u00e1rios neste website.<\/p>\n<p>A IGNITECH reserva-se o direito de monitorizar todos os Coment\u00e1rios e remover quaisquer Coment\u00e1rios que considere, a seu crit\u00e9rio absoluto, inadequados, ofensivos ou que violem estes Termos e Condi\u00e7\u00f5es.<br \/>Voc\u00ea garante e declara que:<br \/>Voc\u00ea tem o direito de publicar os Coment\u00e1rios em nosso site e tem todas as licen\u00e7as e consentimentos necess\u00e1rios para faz\u00ea-lo;<br \/>Os Coment\u00e1rios n\u00e3o infringem qualquer direito de propriedade intelectual, incluindo, sem limita\u00e7\u00e3o, direitos de autor, patentes ou marcas registadas, ou outros direitos de propriedade de terceiros;<\/p>\n<p>Os Coment\u00e1rios n\u00e3o cont\u00eam qualquer material ou material difamat\u00f3rio, calunioso, ofensivo, indecente ou de outra forma ilegal que seja uma invas\u00e3o de privacidade<br \/>Os Coment\u00e1rios n\u00e3o ser\u00e3o usados para solicitar ou promover neg\u00f3cios ou costumes ou apresentar atividades comerciais ou atividades ilegais.<\/p>\n<p>Ao enviar seus coment\u00e1rios, voc\u00ea concede \u00e0 IGNITECH uma licen\u00e7a n\u00e3o exclusiva e isenta de royalties para usar, reproduzir, editar e autorizar outros a usar, reproduzir e editar seus coment\u00e1rios em todas e quaisquer formas, formatos ou m\u00eddias, conforme estabelecido em nossos Termos de Uso.<\/p>\n<h3><strong>Termos de Utiliza\u00e7\u00e3o para Hiperliga\u00e7\u00e3o ao Nosso Conte\u00fado<\/strong><\/h3>\n<p>As seguintes organiza\u00e7\u00f5es podem criar links para o nosso site sem aprova\u00e7\u00e3o pr\u00e9via por escrito:<\/p>\n<p>Ag\u00eancias governamentais;<br \/>Motores de busca;<br \/>Organiza\u00e7\u00f5es noticiosas;<br \/>Os distribuidores de diret\u00f3rios on-line quando nos listam no diret\u00f3rio podem vincular ao nosso site no mesmo<br \/>a forma como hiperligam para os Web sites de outras empresas listadas; e ainda<br \/>Empresas credenciadas em todo o sistema, exceto solicitando organiza\u00e7\u00f5es sem fins lucrativos, shoppings de caridade,<br \/>e grupos de angaria\u00e7\u00e3o de fundos de caridade que n\u00e3o podem hiperligar para o nosso Web site.<\/p>\n<p>Essas organiza\u00e7\u00f5es podem criar links para nossa p\u00e1gina inicial, publica\u00e7\u00f5es ou outras informa\u00e7\u00f5es do site, desde que o link: a) N\u00e3o induzam de modo algum em erro; (b) n\u00e3o implique falsamente patroc\u00ednio, endosso ou aprova\u00e7\u00e3o da parte vinculante e seus produtos ou servi\u00e7os; e ainda (c) se enquadre no contexto da liga\u00e7\u00e3o<br \/>site do partido.<\/p>\n<p>Podemos considerar e aprovar, a nosso exclusivo crit\u00e9rio, outras solicita\u00e7\u00f5es de link dos seguintes tipos de organiza\u00e7\u00f5es:<\/p>\n<p>fontes de informa\u00e7\u00e3o de consumidores e\/ou empresas comummente conhecidas, tais como C\u00e2maras de Com\u00e9rcio como a <a href=\"https:\/\/www.uschamber.com\/\" target=\"_blank\" rel=\"noopener\">USchamber, a<\/a> American<br \/>Associa\u00e7\u00e3o Autom\u00f3vel, AARP e Uni\u00e3o dos Consumidores <a href=\"https:\/\/www.aarp.org\" target=\"_blank\" rel=\"noopener\">Aarp.org<\/a>;<\/p>\n<p>dot.com sites comunit\u00e1rios;<br \/>associa\u00e7\u00f5es ou outros grupos que representem institui\u00e7\u00f5es de benefic\u00eancia, incluindo locais de doa\u00e7\u00e3o de caridade,<br \/>distribuidores de listas em linha;<br \/>portais da Internet;<br \/>empresas de contabilidade, advocacia e consultoria cujos principais clientes s\u00e3o empresas; e ainda<br \/>institui\u00e7\u00f5es de ensino e associa\u00e7\u00f5es comerciais.<\/p>\n<p>Valorizamos a oportunidade de receber pedidos de links de organiza\u00e7\u00f5es que se alinham com a natureza do nosso site. A nossa decis\u00e3o de rever e aprovar tais pedidos baseia-se no nosso crit\u00e9rio e de acordo com os nossos Termos de Utiliza\u00e7\u00e3o. Nossa principal considera\u00e7\u00e3o \u00e9 se o link ser\u00e1 ben\u00e9fico para nossos usu\u00e1rios e site.<\/p>\n<p>Ao avaliar a adequa\u00e7\u00e3o de um link solicitado, levamos em conta v\u00e1rios fatores. Em primeiro lugar, garantimos que o link n\u00e3o refletir\u00e1 desfavoravelmente em n\u00f3s ou em nossos neg\u00f3cios credenciados. Por exemplo, n\u00e3o permitimos links de organiza\u00e7\u00f5es que representam tipos de neg\u00f3cios inerentemente suspeitos, como oportunidades de trabalho em casa. Em segundo lugar, verificamos o hist\u00f3rico da organiza\u00e7\u00e3o conosco e verificamos se ela n\u00e3o tem um hist\u00f3rico insatisfat\u00f3rio.<\/p>\n<p>Al\u00e9m disso, avaliamos o benef\u00edcio geral para n\u00f3s da visibilidade associada ao hiperlink. Consideramos se as vantagens de incluir o link superam quaisquer desvantagens potenciais ou aus\u00eancia de benef\u00edcios. Por \u00faltimo, avaliamos o contexto da liga\u00e7\u00e3o. Se o link estiver na forma de informa\u00e7\u00f5es gerais de recursos ou se estiver alinhado com o conte\u00fado editorial de um boletim informativo ou produto similar que promova a miss\u00e3o da organiza\u00e7\u00e3o, \u00e9 mais prov\u00e1vel que seja considerado para aprova\u00e7\u00e3o.<\/p>\n<p>Tenha em aten\u00e7\u00e3o que a nossa decis\u00e3o de aprovar ou recusar pedidos de liga\u00e7\u00e3o \u00e9 tomada caso a caso, tendo em conta estes crit\u00e9rios e o nosso compromisso em fornecer uma experi\u00eancia valiosa e fi\u00e1vel aos nossos utilizadores.<\/p>\n<p>Essas organiza\u00e7\u00f5es podem criar links para nossa p\u00e1gina inicial, publica\u00e7\u00f5es ou outras informa\u00e7\u00f5es do site, desde que o link: a) N\u00e3o induzam de modo algum em erro; (b) n\u00e3o implique falsamente patroc\u00ednio, endosso ou aprova\u00e7\u00e3o da parte vinculante e seus produtos ou servi\u00e7os; e ainda (c) se enquadre no contexto do s\u00edtio da parte que estabelece a liga\u00e7\u00e3o.<\/p>\n<p>Se voc\u00ea estiver entre as organiza\u00e7\u00f5es listadas no par\u00e1grafo 2 acima e estiver interessado em vincular ao nosso site, voc\u00ea deve nos notificar enviando um e-mail para support@ignitech.ma.<\/p>\n<p>Por favor, inclua seu nome, o nome da sua organiza\u00e7\u00e3o, informa\u00e7\u00f5es de contato (como um n\u00famero de telefone e\/ou endere\u00e7o de e-mail), bem como o URL do seu site, uma lista de quaisquer URLs a partir dos quais voc\u00ea pretende vincular ao nosso site e uma lista do(s) URL(s) em nosso site para o qual voc\u00ea gostaria de vincular. Aguarde 2-3 semanas para uma resposta.<\/p>\n<p>As organiza\u00e7\u00f5es aprovadas podem criar hiperliga\u00e7\u00f5es para o nosso Web site da seguinte forma:<\/p>\n<p>Pelo uso da nossa raz\u00e3o social; quer<br \/>Pelo uso do localizador uniforme de recursos (endere\u00e7o da Web) que est\u00e1 sendo vinculado; quer<br \/>Pelo uso de qualquer outra descri\u00e7\u00e3o do nosso site ou material que esteja sendo vinculado que faz sentido dentro do<br \/>contexto e formato do conte\u00fado no site da parte vinculante.<\/p>\n<p>N\u00e3o ser\u00e1 permitida a utiliza\u00e7\u00e3o do log\u00f3tipo ou de outras obras de arte da IGNITECH para liga\u00e7\u00e3o sem uma licen\u00e7a de marca registada<br \/>acordo.<\/p>\n<h3>Iframes: Termos de Uso e Diretrizes<\/h3>\n<p>Sem aprova\u00e7\u00e3o pr\u00e9via e permiss\u00e3o expressa por escrito, voc\u00ea est\u00e1 proibido de criar frames em torno de nossas p\u00e1ginas da web ou usar quaisquer outras t\u00e9cnicas que alterem a apresenta\u00e7\u00e3o visual ou apar\u00eancia do nosso site de qualquer forma, de acordo com nossos Termos de Uso.<\/p>\n<h3>Reserva de Direitos: Termos de Utiliza\u00e7\u00e3o e Pol\u00edticas<\/h3>\n<p>Reservamo-nos o direito, a qualquer momento e a nosso exclusivo crit\u00e9rio, de solicitar a remo\u00e7\u00e3o de todos os links ou qualquer link espec\u00edfico para o nosso site, conforme descrito em nossos Termos de Uso. Voc\u00ea concorda em remover imediatamente todos os links para o nosso site ap\u00f3s receber tal solicita\u00e7\u00e3o. Al\u00e9m disso, reservamo-nos o direito de modificar estes termos e condi\u00e7\u00f5es, bem como a nossa pol\u00edtica de liga\u00e7\u00f5es, a qualquer momento. Ao continuar a ligar para o nosso site, voc\u00ea reconhece e concorda em ficar vinculado por estes termos e condi\u00e7\u00f5es de vincula\u00e7\u00e3o, conforme declarado em nossos Termos de Uso.<\/p>\n<h3><strong>Remo\u00e7\u00e3o de links do nosso site<\/strong><\/h3>\n<p>Se voc\u00ea encontrar qualquer link em nosso site ou qualquer site vinculado censur\u00e1vel por qualquer motivo, voc\u00ea pode entrar em contato conosco sobre este assunto. Reconhecemos que, de acordo com nossos Termos de Uso, analisaremos as solicita\u00e7\u00f5es de remo\u00e7\u00e3o de links; no entanto, n\u00e3o temos qualquer obriga\u00e7\u00e3o de o fazer ou de lhe dar uma resposta direta. Embora nos esforcemos para garantir a exatid\u00e3o e integridade das informa\u00e7\u00f5es contidas neste site, n\u00e3o garantimos sua integridade ou exatid\u00e3o de acordo com nossos Termos de Uso. Embora nos esforcemos para garantir que as informa\u00e7\u00f5es contidas neste site estejam corretas, n\u00e3o garantimos sua integridade ou precis\u00e3o; Tamb\u00e9m n\u00e3o nos comprometemos a garantir que o site permane\u00e7a dispon\u00edvel ou que o material no site seja mantido atualizado.<\/p>\n<h3>Responsabilidade de Conte\u00fado: Termos de Uso e Responsabilidades<\/h3>\n<p>N\u00e3o teremos qualquer responsabilidade por qualquer conte\u00fado que apare\u00e7a no seu site. Concorda em indemnizar-nos e defender-nos contra todas as reclama\u00e7\u00f5es decorrentes ou baseadas no seu Website. Nenhum link pode aparecer em qualquer p\u00e1gina do seu site ou em qualquer contexto que contenha conte\u00fado ou materiais que possam ser interpretados como difamat\u00f3rios, obscenos ou criminosos, ou que infrinja, viole ou defenda a viola\u00e7\u00e3o ou outra viola\u00e7\u00e3o de quaisquer direitos de terceiros.<\/p>\n<h3><strong>Declara\u00e7\u00e3o de exonera\u00e7\u00e3o de responsabilidade<\/strong><\/h3>\n<p>Na extens\u00e3o m\u00e1xima permitida pela lei aplic\u00e1vel, exclu\u00edmos todas as representa\u00e7\u00f5es, garantias e condi\u00e7\u00f5es relacionadas ao nosso site e ao uso deste site, conforme descrito em nossos Termos de Uso. Isso inclui, mas n\u00e3o est\u00e1 limitado a, quaisquer garantias impl\u00edcitas por lei em rela\u00e7\u00e3o \u00e0 qualidade satisfat\u00f3ria, adequa\u00e7\u00e3o a uma finalidade espec\u00edfica e o uso de cuidado e habilidade razo\u00e1veis. Nada nesta declara\u00e7\u00e3o de exonera\u00e7\u00e3o de responsabilidade afetar\u00e1 quaisquer direitos ou obriga\u00e7\u00f5es estabelecidos nos nossos Termos de Utiliza\u00e7\u00e3o.<\/p>\n<p>limitar ou excluir a nossa ou a sua responsabilidade por morte ou danos pessoais resultantes de neglig\u00eancia;<br \/>limitar ou excluir a nossa ou a sua responsabilidade por fraude ou deturpa\u00e7\u00e3o fraudulenta;<br \/>limitar qualquer uma das nossas ou das suas responsabilidades de qualquer forma que n\u00e3o seja permitida pela lei aplic\u00e1vel; quer<br \/>excluir qualquer uma das nossas responsabilidades ou das suas responsabilidades que n\u00e3o possam ser exclu\u00eddas ao abrigo da lei aplic\u00e1vel.<\/p>\n<p>As limita\u00e7\u00f5es e exclus\u00f5es de responsabilidade estabelecidas nesta Sec\u00e7\u00e3o e noutras partes desta declara\u00e7\u00e3o de exonera\u00e7\u00e3o de responsabilidade: (a)<br \/>est\u00e3o sujeitos ao par\u00e1grafo anterior e (b) regem todas as responsabilidades decorrentes da declara\u00e7\u00e3o de exonera\u00e7\u00e3o de responsabilidade ou<br \/>em rela\u00e7\u00e3o ao objeto desta ren\u00fancia, incluindo responsabilidades decorrentes de contrato, ato il\u00edcito (incluindo neglig\u00eancia) e viola\u00e7\u00e3o de dever estatut\u00e1rio.<\/p>\n<p>Na medida em que o site e as informa\u00e7\u00f5es e servi\u00e7os no site s\u00e3o fornecidos gratuitamente,<br \/>N\u00e3o seremos respons\u00e1veis por qualquer perda ou dano de qualquer natureza.<\/p>\n<h3><strong>Informa\u00e7\u00e3o de Contacto<\/strong><\/h3>\n<p>Se voc\u00ea tiver alguma d\u00favida sobre qualquer um dos nossos termos, <a href=\"https:\/\/www.ignitech.ma\/pt-pt\/entre-em-contato-conosco\/contact-us\/\">entre em contato conosco<\/a>.<\/p>\n\t\t\t\t\t\t\t\t<\/div>\n\t\t\t\t<div class=\"elementor-element elementor-element-35e6e8d elementor-widget elementor-widget-image\" data-id=\"35e6e8d\" data-element_type=\"widget\" data-widget_type=\"image.default\">\n\t\t\t\t\t\t\t\t\t\t\t\t\t\t\t<img fetchpriority=\"high\" decoding=\"async\" width=\"300\" height=\"300\" src=\"https:\/\/cdn.ignitech.ma\/wp-content\/uploads\/2023\/05\/Terms-of-use-IGNITECH-DSMMA-300x300.jpg\" class=\"attachment-medium size-medium wp-image-27109\" alt=\"\" srcset=\"https:\/\/cdn.ignitech.ma\/wp-content\/uploads\/2023\/05\/Terms-of-use-IGNITECH-DSMMA-300x300.jpg 300w, https:\/\/cdn.ignitech.ma\/wp-content\/uploads\/2023\/05\/Terms-of-use-IGNITECH-DSMMA-1024x1024.jpg 1024w, https:\/\/cdn.ignitech.ma\/wp-content\/uploads\/2023\/05\/Terms-of-use-IGNITECH-DSMMA-150x150.jpg 150w, https:\/\/cdn.ignitech.ma\/wp-content\/uploads\/2023\/05\/Terms-of-use-IGNITECH-DSMMA-768x768.jpg 768w, https:\/\/cdn.ignitech.ma\/wp-content\/uploads\/2023\/05\/Terms-of-use-IGNITECH-DSMMA-1536x1536.jpg 1536w, https:\/\/cdn.ignitech.ma\/wp-content\/uploads\/2023\/05\/Terms-of-use-IGNITECH-DSMMA-600x600.jpg 600w, https:\/\/cdn.ignitech.ma\/wp-content\/uploads\/2023\/05\/Terms-of-use-IGNITECH-DSMMA-100x100.jpg 100w, https:\/\/cdn.ignitech.ma\/wp-content\/uploads\/2023\/05\/Terms-of-use-IGNITECH-DSMMA.jpg 2000w\" sizes=\"(max-width: 300px) 100vw, 300px\" title=\"\">\t\t\t\t\t\t\t\t\t\t\t\t\t\t\t<\/div>\n\t\t\t\t<div class=\"elementor-element elementor-element-96cd72f elementor-widget elementor-widget-spacer\" data-id=\"96cd72f\" data-element_type=\"widget\" data-widget_type=\"spacer.default\">\n\t\t\t\t\t\t\t<div class=\"elementor-spacer\">\n\t\t\t<div class=\"elementor-spacer-inner\"><\/div>\n\t\t<\/div>\n\t\t\t\t\t\t<\/div>\n\t\t\t\t\t<\/div>\n\t\t<\/div>\n\t\t\t\t\t<\/div>\n\t\t<\/section>\n\t\t\t\t<\/div>\n\t\t","protected":false},"excerpt":{"rendered":"<p>Estes termos e condi\u00e7\u00f5es descrevem as regras e regulamentos para a utiliza\u00e7\u00e3o do Website da ignitech.IGNITECH est\u00e1 localizado em: 13, RUE AHMED EL MAJJATI RES. LES ALPES 1\u00e9r ETAGE N\u00b08 QUARTIER MAARIF Casablanca 20370 &#8211; Casablanca , Marrocos. Ao aceder ao site da IGNITECH, considera-se que aceitou estes termos e condi\u00e7\u00f5es na \u00edntegra. Se voc\u00ea [&hellip;]<\/p>\n","protected":false},"author":1,"featured_media":0,"parent":0,"menu_order":0,"comment_status":"closed","ping_status":"closed","template":"","meta":{"_monsterinsights_skip_tracking":false,"_monsterinsights_sitenote_active":false,"_monsterinsights_sitenote_note":"","_monsterinsights_sitenote_category":0,"footnotes":""},"class_list":["post-27088","page","type-page","status-publish","hentry"],"_links":{"self":[{"href":"https:\/\/www.ignitech.ma\/pt-pt\/wp-json\/wp\/v2\/pages\/27088","targetHints":{"allow":["GET"]}}],"collection":[{"href":"https:\/\/www.ignitech.ma\/pt-pt\/wp-json\/wp\/v2\/pages"}],"about":[{"href":"https:\/\/www.ignitech.ma\/pt-pt\/wp-json\/wp\/v2\/types\/page"}],"author":[{"embeddable":true,"href":"https:\/\/www.ignitech.ma\/pt-pt\/wp-json\/wp\/v2\/users\/1"}],"replies":[{"embeddable":true,"href":"https:\/\/www.ignitech.ma\/pt-pt\/wp-json\/wp\/v2\/comments?post=27088"}],"version-history":[{"count":0,"href":"https:\/\/www.ignitech.ma\/pt-pt\/wp-json\/wp\/v2\/pages\/27088\/revisions"}],"wp:attachment":[{"href":"https:\/\/www.ignitech.ma\/pt-pt\/wp-json\/wp\/v2\/media?parent=27088"}],"curies":[{"name":"wp","href":"https:\/\/api.w.org\/{rel}","templated":true}]}}